{"id":24415,"date":"2020-11-29T19:57:26","date_gmt":"2020-11-29T19:57:26","guid":{"rendered":"https:\/\/exotic-whip.com\/ecommerce-robust-landing-2\/"},"modified":"2025-08-29T18:42:18","modified_gmt":"2025-08-29T18:42:18","slug":"ecommerce-robust-landing-2","status":"publish","type":"page","link":"https:\/\/exoticwhip.com\/de\/","title":{"rendered":"Home"},"content":{"rendered":"","protected":false},"excerpt":{"rendered":"","protected":false},"author":2343,"featured_media":30353,"parent":0,"menu_order":0,"comment_status":"closed","ping_status":"closed","template":"tpl-flex-content.php","meta":{"_acf_changed":false,"footnotes":""},"class_list":["post-24415","page","type-page","status-publish","has-post-thumbnail","hentry"],"acf":[],"yoast_head":"<!-- This site is optimized with the Yoast SEO plugin v27.2 - https:\/\/yoast.com\/product\/yoast-seo-wordpress\/ -->\n<title>Exotic Whip Sahnekartuschen &amp; N2O-Kartuschen zu Gro\u00dfhandelspreisen<\/title>\n<meta name=\"description\" content=\"Exotic Whip ist das meistverkaufte europ\u00e4ische N2O auf dem Markt | Verschiedene Gr\u00f6\u00dfen und Geschmacksrichtungen verf\u00fcgbar | Immer vorr\u00e4tig, weltweiter Versand\" \/>\n<meta name=\"robots\" content=\"index, follow, max-snippet:-1, max-image-preview:large, max-video-preview:-1\" \/>\n<link rel=\"canonical\" href=\"https:\/\/exoticwhip.com\/de\/\" \/>\n<meta property=\"og:locale\" content=\"de_DE\" \/>\n<meta property=\"og:type\" content=\"article\" \/>\n<meta property=\"og:title\" content=\"Exotic Whip Sahnekartuschen &amp; N2O-Kartuschen zu Gro\u00dfhandelspreisen\" \/>\n<meta property=\"og:description\" content=\"Exotic Whip ist das meistverkaufte europ\u00e4ische N2O auf dem Markt | Verschiedene Gr\u00f6\u00dfen und Geschmacksrichtungen verf\u00fcgbar | Immer vorr\u00e4tig, weltweiter Versand\" \/>\n<meta property=\"og:url\" content=\"https:\/\/exoticwhip.com\/de\/\" \/>\n<meta property=\"og:site_name\" content=\"Exotic Whip\" \/>\n<meta property=\"article:publisher\" content=\"https:\/\/www.facebook.com\/people\/ExoticWhip\/100067750994767\/\" \/>\n<meta property=\"article:modified_time\" content=\"2025-08-29T18:42:18+00:00\" \/>\n<meta property=\"og:image\" content=\"https:\/\/exoticwhip.com\/wp-content\/uploads\/DSC01456-1024x682.jpg\" \/>\n\t<meta property=\"og:image:width\" content=\"1024\" \/>\n\t<meta property=\"og:image:height\" content=\"682\" \/>\n\t<meta property=\"og:image:type\" content=\"image\/jpeg\" \/>\n<meta name=\"twitter:card\" content=\"summary_large_image\" \/>\n<meta name=\"twitter:site\" content=\"@exoticwhipcream\" \/>\n<meta name=\"twitter:label1\" content=\"Gesch\u00e4tzte Lesezeit\" \/>\n\t<meta name=\"twitter:data1\" content=\"7 Minuten\" \/>\n<script type=\"application\/ld+json\" class=\"yoast-schema-graph\">{\"@context\":\"https:\/\/schema.org\",\"@graph\":[{\"@type\":\"WebPage\",\"@id\":\"https:\/\/exoticwhip.com\/de\/\",\"url\":\"https:\/\/exoticwhip.com\/de\/\",\"name\":\"Exotic Whip Sahnekartuschen & N2O-Kartuschen zu Gro\u00dfhandelspreisen\",\"isPartOf\":{\"@id\":\"https:\/\/exotic-whip.com\/#website\"},\"primaryImageOfPage\":{\"@id\":\"https:\/\/exoticwhip.com\/de\/#primaryimage\"},\"image\":{\"@id\":\"https:\/\/exoticwhip.com\/de\/#primaryimage\"},\"thumbnailUrl\":\"https:\/\/exoticwhip.com\/wp-content\/uploads\/DSC01456.jpg\",\"datePublished\":\"2020-11-29T19:57:26+00:00\",\"dateModified\":\"2025-08-29T18:42:18+00:00\",\"description\":\"Exotic Whip ist das meistverkaufte europ\u00e4ische N2O auf dem Markt | Verschiedene Gr\u00f6\u00dfen und Geschmacksrichtungen verf\u00fcgbar | Immer vorr\u00e4tig, weltweiter Versand\",\"breadcrumb\":{\"@id\":\"https:\/\/exoticwhip.com\/de\/#breadcrumb\"},\"inLanguage\":\"de-DE\",\"potentialAction\":[{\"@type\":\"ReadAction\",\"target\":[\"https:\/\/exoticwhip.com\/de\/\"]}]},{\"@type\":\"ImageObject\",\"inLanguage\":\"de-DE\",\"@id\":\"https:\/\/exoticwhip.com\/de\/#primaryimage\",\"url\":\"https:\/\/exoticwhip.com\/wp-content\/uploads\/DSC01456.jpg\",\"contentUrl\":\"https:\/\/exoticwhip.com\/wp-content\/uploads\/DSC01456.jpg\",\"width\":7941,\"height\":5292},{\"@type\":\"BreadcrumbList\",\"@id\":\"https:\/\/exoticwhip.com\/de\/#breadcrumb\",\"itemListElement\":[{\"@type\":\"ListItem\",\"position\":1,\"name\":\"Home\",\"item\":\"https:\/\/exoticwhip.com\/de\/\"},{\"@type\":\"ListItem\",\"position\":2,\"name\":\"Home\"}]},{\"@type\":\"WebSite\",\"@id\":\"https:\/\/exotic-whip.com\/#website\",\"url\":\"https:\/\/exotic-whip.com\/\",\"name\":\"Exotic Whip\",\"description\":\"640g N2O Cylinders\",\"publisher\":{\"@id\":\"https:\/\/exotic-whip.com\/#organization\"},\"alternateName\":\"ExoticWhip\",\"potentialAction\":[{\"@type\":\"SearchAction\",\"target\":{\"@type\":\"EntryPoint\",\"urlTemplate\":\"https:\/\/exotic-whip.com\/?s={search_term_string}\"},\"query-input\":{\"@type\":\"PropertyValueSpecification\",\"valueRequired\":true,\"valueName\":\"search_term_string\"}}],\"inLanguage\":\"de-DE\"},{\"@type\":\"Organization\",\"@id\":\"https:\/\/exotic-whip.com\/#organization\",\"name\":\"Exotic Whip\",\"alternateName\":\"ExoticWhip\",\"url\":\"https:\/\/exotic-whip.com\/\",\"logo\":{\"@type\":\"ImageObject\",\"inLanguage\":\"de-DE\",\"@id\":\"https:\/\/exotic-whip.com\/#\/schema\/logo\/image\/\",\"url\":\"https:\/\/exoticwhip.com\/wp-content\/uploads\/2021\/07\/exoticwhip-logo.png\",\"contentUrl\":\"https:\/\/exoticwhip.com\/wp-content\/uploads\/2021\/07\/exoticwhip-logo.png\",\"width\":245,\"height\":79,\"caption\":\"Exotic Whip\"},\"image\":{\"@id\":\"https:\/\/exotic-whip.com\/#\/schema\/logo\/image\/\"},\"sameAs\":[\"https:\/\/www.facebook.com\/people\/ExoticWhip\/100067750994767\/\",\"https:\/\/x.com\/exoticwhipcream\",\"https:\/\/www.instagram.com\/exoticwhipofficial\/\",\"https:\/\/www.tiktok.com\/@exoticwhipofficial\",\"https:\/\/www.youtube.com\/channel\/UCsYXBNnMrjeLyK9GsJC9UpQ\"]}]}<\/script>\n<!-- \/ Yoast SEO plugin. -->","yoast_head_json":{"title":"Exotic Whip Sahnekartuschen & N2O-Kartuschen zu Gro\u00dfhandelspreisen","description":"Exotic Whip ist das meistverkaufte europ\u00e4ische N2O auf dem Markt | Verschiedene Gr\u00f6\u00dfen und Geschmacksrichtungen verf\u00fcgbar | Immer vorr\u00e4tig, weltweiter Versand","robots":{"index":"index","follow":"follow","max-snippet":"max-snippet:-1","max-image-preview":"max-image-preview:large","max-video-preview":"max-video-preview:-1"},"canonical":"https:\/\/exoticwhip.com\/de\/","og_locale":"de_DE","og_type":"article","og_title":"Exotic Whip Sahnekartuschen & N2O-Kartuschen zu Gro\u00dfhandelspreisen","og_description":"Exotic Whip ist das meistverkaufte europ\u00e4ische N2O auf dem Markt | Verschiedene Gr\u00f6\u00dfen und Geschmacksrichtungen verf\u00fcgbar | Immer vorr\u00e4tig, weltweiter Versand","og_url":"https:\/\/exoticwhip.com\/de\/","og_site_name":"Exotic Whip","article_publisher":"https:\/\/www.facebook.com\/people\/ExoticWhip\/100067750994767\/","article_modified_time":"2025-08-29T18:42:18+00:00","og_image":[{"width":1024,"height":682,"url":"https:\/\/exoticwhip.com\/wp-content\/uploads\/DSC01456-1024x682.jpg","type":"image\/jpeg"}],"twitter_card":"summary_large_image","twitter_site":"@exoticwhipcream","twitter_misc":{"Gesch\u00e4tzte Lesezeit":"7 Minuten"},"schema":{"@context":"https:\/\/schema.org","@graph":[{"@type":"WebPage","@id":"https:\/\/exoticwhip.com\/de\/","url":"https:\/\/exoticwhip.com\/de\/","name":"Exotic Whip Sahnekartuschen & N2O-Kartuschen zu Gro\u00dfhandelspreisen","isPartOf":{"@id":"https:\/\/exotic-whip.com\/#website"},"primaryImageOfPage":{"@id":"https:\/\/exoticwhip.com\/de\/#primaryimage"},"image":{"@id":"https:\/\/exoticwhip.com\/de\/#primaryimage"},"thumbnailUrl":"https:\/\/exoticwhip.com\/wp-content\/uploads\/DSC01456.jpg","datePublished":"2020-11-29T19:57:26+00:00","dateModified":"2025-08-29T18:42:18+00:00","description":"Exotic Whip ist das meistverkaufte europ\u00e4ische N2O auf dem Markt | Verschiedene Gr\u00f6\u00dfen und Geschmacksrichtungen verf\u00fcgbar | Immer vorr\u00e4tig, weltweiter Versand","breadcrumb":{"@id":"https:\/\/exoticwhip.com\/de\/#breadcrumb"},"inLanguage":"de-DE","potentialAction":[{"@type":"ReadAction","target":["https:\/\/exoticwhip.com\/de\/"]}]},{"@type":"ImageObject","inLanguage":"de-DE","@id":"https:\/\/exoticwhip.com\/de\/#primaryimage","url":"https:\/\/exoticwhip.com\/wp-content\/uploads\/DSC01456.jpg","contentUrl":"https:\/\/exoticwhip.com\/wp-content\/uploads\/DSC01456.jpg","width":7941,"height":5292},{"@type":"BreadcrumbList","@id":"https:\/\/exoticwhip.com\/de\/#breadcrumb","itemListElement":[{"@type":"ListItem","position":1,"name":"Home","item":"https:\/\/exoticwhip.com\/de\/"},{"@type":"ListItem","position":2,"name":"Home"}]},{"@type":"WebSite","@id":"https:\/\/exotic-whip.com\/#website","url":"https:\/\/exotic-whip.com\/","name":"Exotic Whip","description":"640g N2O Cylinders","publisher":{"@id":"https:\/\/exotic-whip.com\/#organization"},"alternateName":"ExoticWhip","potentialAction":[{"@type":"SearchAction","target":{"@type":"EntryPoint","urlTemplate":"https:\/\/exotic-whip.com\/?s={search_term_string}"},"query-input":{"@type":"PropertyValueSpecification","valueRequired":true,"valueName":"search_term_string"}}],"inLanguage":"de-DE"},{"@type":"Organization","@id":"https:\/\/exotic-whip.com\/#organization","name":"Exotic Whip","alternateName":"ExoticWhip","url":"https:\/\/exotic-whip.com\/","logo":{"@type":"ImageObject","inLanguage":"de-DE","@id":"https:\/\/exotic-whip.com\/#\/schema\/logo\/image\/","url":"https:\/\/exoticwhip.com\/wp-content\/uploads\/2021\/07\/exoticwhip-logo.png","contentUrl":"https:\/\/exoticwhip.com\/wp-content\/uploads\/2021\/07\/exoticwhip-logo.png","width":245,"height":79,"caption":"Exotic Whip"},"image":{"@id":"https:\/\/exotic-whip.com\/#\/schema\/logo\/image\/"},"sameAs":["https:\/\/www.facebook.com\/people\/ExoticWhip\/100067750994767\/","https:\/\/x.com\/exoticwhipcream","https:\/\/www.instagram.com\/exoticwhipofficial\/","https:\/\/www.tiktok.com\/@exoticwhipofficial","https:\/\/www.youtube.com\/channel\/UCsYXBNnMrjeLyK9GsJC9UpQ"]}]}},"_links":{"self":[{"href":"https:\/\/exoticwhip.com\/de\/wp-json\/wp\/v2\/pages\/24415","targetHints":{"allow":["GET"]}}],"collection":[{"href":"https:\/\/exoticwhip.com\/de\/wp-json\/wp\/v2\/pages"}],"about":[{"href":"https:\/\/exoticwhip.com\/de\/wp-json\/wp\/v2\/types\/page"}],"author":[{"embeddable":true,"href":"https:\/\/exoticwhip.com\/de\/wp-json\/wp\/v2\/users\/2343"}],"replies":[{"embeddable":true,"href":"https:\/\/exoticwhip.com\/de\/wp-json\/wp\/v2\/comments?post=24415"}],"version-history":[{"count":15,"href":"https:\/\/exoticwhip.com\/de\/wp-json\/wp\/v2\/pages\/24415\/revisions"}],"predecessor-version":[{"id":36514,"href":"https:\/\/exoticwhip.com\/de\/wp-json\/wp\/v2\/pages\/24415\/revisions\/36514"}],"wp:featuredmedia":[{"embeddable":true,"href":"https:\/\/exoticwhip.com\/de\/wp-json\/wp\/v2\/media\/30353"}],"wp:attachment":[{"href":"https:\/\/exoticwhip.com\/de\/wp-json\/wp\/v2\/media?parent=24415"}],"curies":[{"name":"wp","href":"https:\/\/api.w.org\/{rel}","templated":true}]}}