{"id":2452,"date":"2021-09-24T08:42:03","date_gmt":"2021-09-24T08:42:03","guid":{"rendered":"https:\/\/exotic-whip.com\/?page_id=2452"},"modified":"2025-08-29T19:05:54","modified_gmt":"2025-08-29T19:05:54","slug":"sahnekapseln-oeffner","status":"publish","type":"page","link":"https:\/\/exoticwhip.com\/de\/sahnekapseln-oeffner\/","title":{"rendered":"Sahnekapseln \u00f6ffner"},"content":{"rendered":"<p class=\"p1\">Darf es etwas Exotisches sein? Mit den Sahnespender Kapseln Passionsfrucht, Ananas und Wassermelone kommt die S\u00fcdsee sind Hause. Die leckeren Sahne Kapseln geben jedem Cocktail, s\u00fc\u00dfen So\u00dfen sowie dem Schokoladenmousse die besondere Note. Es gibt viele Sahnespender Gas, welche mit Sahnekapseln Real, Sahnekapseln Aldi sowie Sahnekapseln DM gef\u00fcllt werden k\u00f6nnen. Jedoch ist unsere Sahnespender Kapsel mit der exotischen Geschmacksrichtung frei von einem chemischen Nachgeschmack.<\/p>\n<p class=\"p1\">Das nat\u00fcrliche Aroma macht aus einem Vanillemousse ein Dessert der Extraklasse. Der <a href=\"https:\/\/exoticwhip.com\/de\/produkt\/exotic-whip-creamer\/\">Patronen Sahnespender<\/a> l\u00e4sst sich zusammen mit den Sahnekapseln \u00f6ffnen. Sie Sahnekapseln Kaufland, Sahnekapseln Real, Sahnekapseln DM und Sahnekapseln Aldi besitzen den gleichen Sahnekapseln Inhalt. Dazu geh\u00f6ren ebenso die Hendi Sahnekapseln. Wenn es etwas besonderes sein soll, was den Gourmetgaumen verw\u00f6hnt, dann spricht die <a href=\"https:\/\/exoticwhip.com\/de\/product-categorie\/cylinders-de\/\">Sahnespender kapsel<\/a> mit dem exotischen Anspruch f\u00fcr sich.<span class=\"Apple-converted-space\">\u00a0<\/span><\/p>\n<p style=\"text-align: center;\"><a class=\"button button--primary hero__button\" style=\"color: #ffffff;\" href=\"https:\/\/exoticwhip.com\/de\/vertriebspartner\/\">Werden Sie Vertriebspartner<\/a><\/p>\n<h2 class=\"p1\"><b>Wie soll mann Sahnekapseln \u00f6ffnen<span class=\"Apple-converted-space\">\u00a0<\/span><\/b><\/h2>\n<p class=\"p1\">Die Sahnekapseln \u00f6ffnen ist m\u00f6glich, jedoch ist das Sahnekapseln einatmen nicht erlaubt. Das Sahnekapseln einatmen ist f\u00fcr die Atemwege nicht gesund. Von daher beim Sahnekapseln \u00f6ffnen aufpassen. Die Sahnespender Kapseln sind fest verschlossen wie auch die Hendi Sahnekapseln, Sahnekapseln Aldi, Sahnekapseln DM, Sahnekapseln Real sowie die Sahnekapseln Kaufland. Das N2o Kapseln \u00f6ffnen sollte nur fachkundig get\u00e4tigt werden. Die Sahnespender Gas sollten nur nach Anleitung betrieben werden.<\/p>\n<p class=\"p1\">Dann gelingt jede Sahnehaube im Handumdrehen. Die Patronen <a href=\"https:\/\/exoticwhip.com\/de\/produkt\/sahne-siphon\/\">Sahnespender<\/a> sind kinderleicht zu bedienen. Dabei ist stets auf den Druck zu achten. Jede Sahnehaube und jede Verfeinerung eines Desserts wird mit einem unterschiedlichen Druck erzeugt. Die Sahne Gaskapseln sind die Grundlage f\u00fcr eine tolle Sahnehaube. Die N2o Sahnekapseln sind eine wahre Wunderwaffe. Mit ihnen wird im Handumdrehen und dem richtigen Druck ein fantastisches exotisches Dessert erzeugt. In Verbindung mit weiteren Fl\u00fcssigkeiten und dem Sahnekapseln Inhalt gelingt jede Mousse und jedes Sahneh\u00e4ubchen.<\/p>\n<h2 class=\"p1\"><b>Sahnekapseln \u00f6ffnen m\u00f6glichkeite.<\/b><\/h2>\n<p class=\"p1\">Die N2o Kapseln \u00f6ffnen sollte nur fachkundig geschehen. Sie N2o Sahnekapseln werden mit dem Patronen Sahnespender zusammen aktiv eingesetzt. So kann mit den Sahne Gaskapseln jede private Party zu einer coolen Cocktailparty werden. Ob im privaten oder professionellen K\u00fcchenbereich, ohne den Patronensahnespender geht nichts mehr. Die Sahnespender Kapsel ist aus keiner K\u00fcche mehr wegzudenken. Profis lieben sie und Hobbyk\u00f6che ebenso.<\/p>\n<p class=\"p1\">M\u00fchsam die Sahne aufschlagen geh\u00f6rt zu l\u00e4ngst vergangenen Tagen. Gerade im Hochsommer ist oftmals der Transport vom Supermarkt nach Hause kritisch. Die Sahne wird sauer. Dies kann mit den exotischen Sahnespender Kapseln nicht geschehen. Das Sahnespender Gas kann mit den Sahne Gaskapseln verwendet werden. Dabei nicht vergessen: Die Sahnekapseln einatmen die ungesund! Hiervon ist Abstand zu nehmen. Egal, ob es sich dabei um die Sahnekapseln Kaufland oder Hendi Sahnekapseln handelt.<span class=\"Apple-converted-space\">\u00a0<\/span><\/p>\n<p class=\"p1\">Die feste Konsistenz der Sahne \u00fcberzeugt jeden Barkeeper oder Hobbykoch zu Hause. Der Sahnekapseln Inhalt ist selbstverst\u00e4ndlich ein Geheimnis. Die Rezeptur ist etwas ganz besonderes. Noch nie gab es solche Geschmacksrichtungen. Mit den Passionsfr\u00fcchten, Wassermelone und Ananas wird dem Topping die Krone aufgesetzt. Ein S\u00fcdseecocktail erf\u00e4hrt erst durch die geschmackvolle Sahnehaube eine besonders intensive Geschmacksnote.<\/p>\n<p class=\"p1\">Die N2o Sahnekapseln erfreuen sich wachsender Beliebtheit. Es lohnt sich einen Vorrat im Hause zu haben. Denn nicht nur f\u00fcr den Cocktail oder das Dessert sind die Kapseln geeignet. Ebenso lassen sich Fruchtso\u00dfen verfeinern. Die N2O Kapseln \u00f6ffnen sollte jedoch immer vermieden werden. Bei Problemen lieber den Support anschreiben oder anrufen. Ebenso stehen wir als Team f\u00fcr Fragen jederzeit zur Verf\u00fcgung. Die n\u00e4chste Party steht ganz sicher ins Haus und die G\u00e4ste werden staunen, wenn sie sehen, was die Sahnekapseln alles k\u00f6nnen. Der Nachahmeffekt ist sozusagen bei den G\u00e4sten garantiert. Die n\u00e4chste Party und der n\u00e4chste Cocktail folgen sicherlich.<span class=\"Apple-converted-space\">\u00a0<\/span><\/p>\n<p style=\"text-align: center;\"><a class=\"button button--primary hero__button\" style=\"color: #ffffff;\" href=\"https:\/\/exoticwhip.com\/de\/vertriebspartner\/\">Werden Sie Vertriebspartner<\/a><\/p>\n","protected":false},"excerpt":{"rendered":"<p>Darf es etwas Exotisches sein? Mit den Sahnespender Kapseln Passionsfrucht, Ananas und Wassermelone kommt die S\u00fcdsee sind Hause. Die leckeren Sahne Kapseln geben jedem Cocktail, s\u00fc\u00dfen So\u00dfen sowie dem Schokoladenmousse die besondere Note. Es gibt viele Sahnespender Gas, welche mit Sahnekapseln Real, Sahnekapseln Aldi sowie Sahnekapseln DM gef\u00fcllt werden k\u00f6nnen. Jedoch ist unsere Sahnespender Kapsel [&hellip;]<\/p>\n","protected":false},"author":2343,"featured_media":24855,"parent":0,"menu_order":0,"comment_status":"closed","ping_status":"closed","template":"","meta":{"_acf_changed":false,"footnotes":""},"class_list":["post-2452","page","type-page","status-publish","has-post-thumbnail","hentry"],"acf":[],"yoast_head":"<!-- This site is optimized with the Yoast SEO plugin v27.2 - https:\/\/yoast.com\/product\/yoast-seo-wordpress\/ -->\n<title>Sahnekapseln \u00f6ffner - Distickstoffmonoxid - Exotic Whip<\/title>\n<meta name=\"description\" content=\"Sahnekapseln zu Gro\u00dfhandelspreisen versandkostenfrei in Deutschland. 670 gramm Distickstoffmonoxid Sahnekapseln.\" \/>\n<meta name=\"robots\" content=\"index, follow, max-snippet:-1, max-image-preview:large, max-video-preview:-1\" \/>\n<link rel=\"canonical\" href=\"https:\/\/exoticwhip.com\/de\/sahnekapseln-oeffner\/\" \/>\n<meta property=\"og:locale\" content=\"de_DE\" \/>\n<meta property=\"og:type\" content=\"article\" \/>\n<meta property=\"og:title\" content=\"Sahnekapseln \u00f6ffner - Distickstoffmonoxid - Exotic Whip\" \/>\n<meta property=\"og:description\" content=\"Sahnekapseln zu Gro\u00dfhandelspreisen versandkostenfrei in Deutschland. 670 gramm Distickstoffmonoxid Sahnekapseln.\" \/>\n<meta property=\"og:url\" content=\"https:\/\/exoticwhip.com\/de\/sahnekapseln-oeffner\/\" \/>\n<meta property=\"og:site_name\" content=\"Exotic Whip\" \/>\n<meta property=\"article:publisher\" content=\"https:\/\/www.facebook.com\/people\/ExoticWhip\/100067750994767\/\" \/>\n<meta property=\"article:modified_time\" content=\"2025-08-29T19:05:54+00:00\" \/>\n<meta property=\"og:image\" content=\"https:\/\/exoticwhip.com\/wp-content\/uploads\/All-Products.jpg\" \/>\n\t<meta property=\"og:image:width\" content=\"1200\" \/>\n\t<meta property=\"og:image:height\" content=\"623\" \/>\n\t<meta property=\"og:image:type\" content=\"image\/jpeg\" \/>\n<meta name=\"twitter:card\" content=\"summary_large_image\" \/>\n<meta name=\"twitter:site\" content=\"@exoticwhipcream\" \/>\n<meta name=\"twitter:label1\" content=\"Gesch\u00e4tzte Lesezeit\" \/>\n\t<meta name=\"twitter:data1\" content=\"3 Minuten\" \/>\n<script type=\"application\/ld+json\" class=\"yoast-schema-graph\">{\"@context\":\"https:\/\/schema.org\",\"@graph\":[{\"@type\":[\"Article\",\"BlogPosting\"],\"@id\":\"https:\/\/exoticwhip.com\/de\/sahnekapseln-oeffner\/#article\",\"isPartOf\":{\"@id\":\"https:\/\/exoticwhip.com\/de\/sahnekapseln-oeffner\/\"},\"author\":{\"name\":\"Olivia Frost\",\"@id\":\"https:\/\/exotic-whip.com\/#\/schema\/person\/9d3cd5aa4f5c260fb0cb7110c78a2d4a\"},\"headline\":\"Sahnekapseln \u00f6ffner\",\"datePublished\":\"2021-09-24T08:42:03+00:00\",\"dateModified\":\"2025-08-29T19:05:54+00:00\",\"mainEntityOfPage\":{\"@id\":\"https:\/\/exoticwhip.com\/de\/sahnekapseln-oeffner\/\"},\"wordCount\":616,\"publisher\":{\"@id\":\"https:\/\/exotic-whip.com\/#organization\"},\"image\":{\"@id\":\"https:\/\/exoticwhip.com\/de\/sahnekapseln-oeffner\/#primaryimage\"},\"thumbnailUrl\":\"https:\/\/exoticwhip.com\/wp-content\/uploads\/All-Products.jpg\",\"inLanguage\":\"de-DE\"},{\"@type\":\"WebPage\",\"@id\":\"https:\/\/exoticwhip.com\/de\/sahnekapseln-oeffner\/\",\"url\":\"https:\/\/exoticwhip.com\/de\/sahnekapseln-oeffner\/\",\"name\":\"Sahnekapseln \u00f6ffner - Distickstoffmonoxid - Exotic Whip\",\"isPartOf\":{\"@id\":\"https:\/\/exotic-whip.com\/#website\"},\"primaryImageOfPage\":{\"@id\":\"https:\/\/exoticwhip.com\/de\/sahnekapseln-oeffner\/#primaryimage\"},\"image\":{\"@id\":\"https:\/\/exoticwhip.com\/de\/sahnekapseln-oeffner\/#primaryimage\"},\"thumbnailUrl\":\"https:\/\/exoticwhip.com\/wp-content\/uploads\/All-Products.jpg\",\"datePublished\":\"2021-09-24T08:42:03+00:00\",\"dateModified\":\"2025-08-29T19:05:54+00:00\",\"description\":\"Sahnekapseln zu Gro\u00dfhandelspreisen versandkostenfrei in Deutschland. 670 gramm Distickstoffmonoxid Sahnekapseln.\",\"breadcrumb\":{\"@id\":\"https:\/\/exoticwhip.com\/de\/sahnekapseln-oeffner\/#breadcrumb\"},\"inLanguage\":\"de-DE\",\"potentialAction\":[{\"@type\":\"ReadAction\",\"target\":[\"https:\/\/exoticwhip.com\/de\/sahnekapseln-oeffner\/\"]}]},{\"@type\":\"ImageObject\",\"inLanguage\":\"de-DE\",\"@id\":\"https:\/\/exoticwhip.com\/de\/sahnekapseln-oeffner\/#primaryimage\",\"url\":\"https:\/\/exoticwhip.com\/wp-content\/uploads\/All-Products.jpg\",\"contentUrl\":\"https:\/\/exoticwhip.com\/wp-content\/uploads\/All-Products.jpg\",\"width\":1200,\"height\":623,\"caption\":\"All Products\"},{\"@type\":\"BreadcrumbList\",\"@id\":\"https:\/\/exoticwhip.com\/de\/sahnekapseln-oeffner\/#breadcrumb\",\"itemListElement\":[{\"@type\":\"ListItem\",\"position\":1,\"name\":\"Home\",\"item\":\"https:\/\/exoticwhip.com\/de\/\"},{\"@type\":\"ListItem\",\"position\":2,\"name\":\"Sahnekapseln \u00f6ffner\"}]},{\"@type\":\"WebSite\",\"@id\":\"https:\/\/exotic-whip.com\/#website\",\"url\":\"https:\/\/exotic-whip.com\/\",\"name\":\"Exotic Whip\",\"description\":\"640g N2O Cylinders\",\"publisher\":{\"@id\":\"https:\/\/exotic-whip.com\/#organization\"},\"alternateName\":\"ExoticWhip\",\"potentialAction\":[{\"@type\":\"SearchAction\",\"target\":{\"@type\":\"EntryPoint\",\"urlTemplate\":\"https:\/\/exotic-whip.com\/?s={search_term_string}\"},\"query-input\":{\"@type\":\"PropertyValueSpecification\",\"valueRequired\":true,\"valueName\":\"search_term_string\"}}],\"inLanguage\":\"de-DE\"},{\"@type\":\"Organization\",\"@id\":\"https:\/\/exotic-whip.com\/#organization\",\"name\":\"Exotic Whip\",\"alternateName\":\"ExoticWhip\",\"url\":\"https:\/\/exotic-whip.com\/\",\"logo\":{\"@type\":\"ImageObject\",\"inLanguage\":\"de-DE\",\"@id\":\"https:\/\/exotic-whip.com\/#\/schema\/logo\/image\/\",\"url\":\"https:\/\/exoticwhip.com\/wp-content\/uploads\/2021\/07\/exoticwhip-logo.png\",\"contentUrl\":\"https:\/\/exoticwhip.com\/wp-content\/uploads\/2021\/07\/exoticwhip-logo.png\",\"width\":245,\"height\":79,\"caption\":\"Exotic Whip\"},\"image\":{\"@id\":\"https:\/\/exotic-whip.com\/#\/schema\/logo\/image\/\"},\"sameAs\":[\"https:\/\/www.facebook.com\/people\/ExoticWhip\/100067750994767\/\",\"https:\/\/x.com\/exoticwhipcream\",\"https:\/\/www.instagram.com\/exoticwhipofficial\/\",\"https:\/\/www.tiktok.com\/@exoticwhipofficial\",\"https:\/\/www.youtube.com\/channel\/UCsYXBNnMrjeLyK9GsJC9UpQ\"]},{\"@type\":\"Person\",\"@id\":\"https:\/\/exotic-whip.com\/#\/schema\/person\/9d3cd5aa4f5c260fb0cb7110c78a2d4a\",\"name\":\"Olivia Frost\",\"description\":\"Olivia Frost is a seasoned pastry chef and culinary expert, specializing in the art of creating delightful desserts. With a passion for innovation and a keen understanding of kitchen tools, she shares her expertise on whip cream chargers and nitrous oxide cylinders through her engaging blog.\",\"sameAs\":[\"https:\/\/exoticwhip.com\/olivia-frost\/\",\"https:\/\/www.instagram.com\/oliviafrost1990\/\",\"https:\/\/www.linkedin.com\/in\/chef-olivia-frost\/\",\"https:\/\/x.com\/OliviaFrost1990\"],\"url\":\"https:\/\/exoticwhip.com\/de\/author\/expertmixologist\/\"}]}<\/script>\n<!-- \/ Yoast SEO plugin. -->","yoast_head_json":{"title":"Sahnekapseln \u00f6ffner - Distickstoffmonoxid - Exotic Whip","description":"Sahnekapseln zu Gro\u00dfhandelspreisen versandkostenfrei in Deutschland. 670 gramm Distickstoffmonoxid Sahnekapseln.","robots":{"index":"index","follow":"follow","max-snippet":"max-snippet:-1","max-image-preview":"max-image-preview:large","max-video-preview":"max-video-preview:-1"},"canonical":"https:\/\/exoticwhip.com\/de\/sahnekapseln-oeffner\/","og_locale":"de_DE","og_type":"article","og_title":"Sahnekapseln \u00f6ffner - Distickstoffmonoxid - Exotic Whip","og_description":"Sahnekapseln zu Gro\u00dfhandelspreisen versandkostenfrei in Deutschland. 670 gramm Distickstoffmonoxid Sahnekapseln.","og_url":"https:\/\/exoticwhip.com\/de\/sahnekapseln-oeffner\/","og_site_name":"Exotic Whip","article_publisher":"https:\/\/www.facebook.com\/people\/ExoticWhip\/100067750994767\/","article_modified_time":"2025-08-29T19:05:54+00:00","og_image":[{"width":1200,"height":623,"url":"https:\/\/exoticwhip.com\/wp-content\/uploads\/All-Products.jpg","type":"image\/jpeg"}],"twitter_card":"summary_large_image","twitter_site":"@exoticwhipcream","twitter_misc":{"Gesch\u00e4tzte Lesezeit":"3 Minuten"},"schema":{"@context":"https:\/\/schema.org","@graph":[{"@type":["Article","BlogPosting"],"@id":"https:\/\/exoticwhip.com\/de\/sahnekapseln-oeffner\/#article","isPartOf":{"@id":"https:\/\/exoticwhip.com\/de\/sahnekapseln-oeffner\/"},"author":{"name":"Olivia Frost","@id":"https:\/\/exotic-whip.com\/#\/schema\/person\/9d3cd5aa4f5c260fb0cb7110c78a2d4a"},"headline":"Sahnekapseln \u00f6ffner","datePublished":"2021-09-24T08:42:03+00:00","dateModified":"2025-08-29T19:05:54+00:00","mainEntityOfPage":{"@id":"https:\/\/exoticwhip.com\/de\/sahnekapseln-oeffner\/"},"wordCount":616,"publisher":{"@id":"https:\/\/exotic-whip.com\/#organization"},"image":{"@id":"https:\/\/exoticwhip.com\/de\/sahnekapseln-oeffner\/#primaryimage"},"thumbnailUrl":"https:\/\/exoticwhip.com\/wp-content\/uploads\/All-Products.jpg","inLanguage":"de-DE"},{"@type":"WebPage","@id":"https:\/\/exoticwhip.com\/de\/sahnekapseln-oeffner\/","url":"https:\/\/exoticwhip.com\/de\/sahnekapseln-oeffner\/","name":"Sahnekapseln \u00f6ffner - Distickstoffmonoxid - Exotic Whip","isPartOf":{"@id":"https:\/\/exotic-whip.com\/#website"},"primaryImageOfPage":{"@id":"https:\/\/exoticwhip.com\/de\/sahnekapseln-oeffner\/#primaryimage"},"image":{"@id":"https:\/\/exoticwhip.com\/de\/sahnekapseln-oeffner\/#primaryimage"},"thumbnailUrl":"https:\/\/exoticwhip.com\/wp-content\/uploads\/All-Products.jpg","datePublished":"2021-09-24T08:42:03+00:00","dateModified":"2025-08-29T19:05:54+00:00","description":"Sahnekapseln zu Gro\u00dfhandelspreisen versandkostenfrei in Deutschland. 670 gramm Distickstoffmonoxid Sahnekapseln.","breadcrumb":{"@id":"https:\/\/exoticwhip.com\/de\/sahnekapseln-oeffner\/#breadcrumb"},"inLanguage":"de-DE","potentialAction":[{"@type":"ReadAction","target":["https:\/\/exoticwhip.com\/de\/sahnekapseln-oeffner\/"]}]},{"@type":"ImageObject","inLanguage":"de-DE","@id":"https:\/\/exoticwhip.com\/de\/sahnekapseln-oeffner\/#primaryimage","url":"https:\/\/exoticwhip.com\/wp-content\/uploads\/All-Products.jpg","contentUrl":"https:\/\/exoticwhip.com\/wp-content\/uploads\/All-Products.jpg","width":1200,"height":623,"caption":"All Products"},{"@type":"BreadcrumbList","@id":"https:\/\/exoticwhip.com\/de\/sahnekapseln-oeffner\/#breadcrumb","itemListElement":[{"@type":"ListItem","position":1,"name":"Home","item":"https:\/\/exoticwhip.com\/de\/"},{"@type":"ListItem","position":2,"name":"Sahnekapseln \u00f6ffner"}]},{"@type":"WebSite","@id":"https:\/\/exotic-whip.com\/#website","url":"https:\/\/exotic-whip.com\/","name":"Exotic Whip","description":"640g N2O Cylinders","publisher":{"@id":"https:\/\/exotic-whip.com\/#organization"},"alternateName":"ExoticWhip","potentialAction":[{"@type":"SearchAction","target":{"@type":"EntryPoint","urlTemplate":"https:\/\/exotic-whip.com\/?s={search_term_string}"},"query-input":{"@type":"PropertyValueSpecification","valueRequired":true,"valueName":"search_term_string"}}],"inLanguage":"de-DE"},{"@type":"Organization","@id":"https:\/\/exotic-whip.com\/#organization","name":"Exotic Whip","alternateName":"ExoticWhip","url":"https:\/\/exotic-whip.com\/","logo":{"@type":"ImageObject","inLanguage":"de-DE","@id":"https:\/\/exotic-whip.com\/#\/schema\/logo\/image\/","url":"https:\/\/exoticwhip.com\/wp-content\/uploads\/2021\/07\/exoticwhip-logo.png","contentUrl":"https:\/\/exoticwhip.com\/wp-content\/uploads\/2021\/07\/exoticwhip-logo.png","width":245,"height":79,"caption":"Exotic Whip"},"image":{"@id":"https:\/\/exotic-whip.com\/#\/schema\/logo\/image\/"},"sameAs":["https:\/\/www.facebook.com\/people\/ExoticWhip\/100067750994767\/","https:\/\/x.com\/exoticwhipcream","https:\/\/www.instagram.com\/exoticwhipofficial\/","https:\/\/www.tiktok.com\/@exoticwhipofficial","https:\/\/www.youtube.com\/channel\/UCsYXBNnMrjeLyK9GsJC9UpQ"]},{"@type":"Person","@id":"https:\/\/exotic-whip.com\/#\/schema\/person\/9d3cd5aa4f5c260fb0cb7110c78a2d4a","name":"Olivia Frost","description":"Olivia Frost is a seasoned pastry chef and culinary expert, specializing in the art of creating delightful desserts. With a passion for innovation and a keen understanding of kitchen tools, she shares her expertise on whip cream chargers and nitrous oxide cylinders through her engaging blog.","sameAs":["https:\/\/exoticwhip.com\/olivia-frost\/","https:\/\/www.instagram.com\/oliviafrost1990\/","https:\/\/www.linkedin.com\/in\/chef-olivia-frost\/","https:\/\/x.com\/OliviaFrost1990"],"url":"https:\/\/exoticwhip.com\/de\/author\/expertmixologist\/"}]}},"_links":{"self":[{"href":"https:\/\/exoticwhip.com\/de\/wp-json\/wp\/v2\/pages\/2452","targetHints":{"allow":["GET"]}}],"collection":[{"href":"https:\/\/exoticwhip.com\/de\/wp-json\/wp\/v2\/pages"}],"about":[{"href":"https:\/\/exoticwhip.com\/de\/wp-json\/wp\/v2\/types\/page"}],"author":[{"embeddable":true,"href":"https:\/\/exoticwhip.com\/de\/wp-json\/wp\/v2\/users\/2343"}],"replies":[{"embeddable":true,"href":"https:\/\/exoticwhip.com\/de\/wp-json\/wp\/v2\/comments?post=2452"}],"version-history":[{"count":15,"href":"https:\/\/exoticwhip.com\/de\/wp-json\/wp\/v2\/pages\/2452\/revisions"}],"predecessor-version":[{"id":36535,"href":"https:\/\/exoticwhip.com\/de\/wp-json\/wp\/v2\/pages\/2452\/revisions\/36535"}],"wp:featuredmedia":[{"embeddable":true,"href":"https:\/\/exoticwhip.com\/de\/wp-json\/wp\/v2\/media\/24855"}],"wp:attachment":[{"href":"https:\/\/exoticwhip.com\/de\/wp-json\/wp\/v2\/media?parent=2452"}],"curies":[{"name":"wp","href":"https:\/\/api.w.org\/{rel}","templated":true}]}}