{"id":2491,"date":"2021-09-24T09:25:06","date_gmt":"2021-09-24T09:25:06","guid":{"rendered":"https:\/\/exotic-whip.com\/?page_id=2491"},"modified":"2025-08-30T02:33:33","modified_gmt":"2025-08-30T02:33:33","slug":"sahnebereiter","status":"publish","type":"page","link":"https:\/\/exoticwhip.com\/de\/sahnebereiter\/","title":{"rendered":"Sahnebereiter"},"content":{"rendered":"<p class=\"p1\"><a href=\"https:\/\/exoticwhip.com\/de\/produkt\/670g-sahnekapseln-original\/\">Sahnespr\u00fcher<\/a> sind die perfekten Helfer in K\u00fcche und Haushalt. Fl\u00fcssige Sahne ist in Windeseile perfekt aufbereitet und steif und kann zur Weiterverarbeitung eingesetzt werden. Ob zur Verzierung aufwendiger Torten oder als perfekte Beilage auf feinen Kuchen und vielen weiteren S\u00fcssspeisen. Die Sahnespr\u00fcher sind hierbei in mehreren Ausf\u00fchrungen erh\u00e4ltlich. So erfreut sich sowohl die Sahne Spr\u00fchflasche mit Hebel, aber auch die Sahne Spr\u00fchflasche mit Druckkn\u00f6pfen gr\u00f6\u00dfter Beliebtheit. Je nach Anwendungsgebiet hat hierbei jede Sahnespr\u00fchflasche so ihre ganz eigenen Vorteile.<\/p>\n<p style=\"text-align: center;\"><a class=\"button button--primary hero__button\" style=\"color: #ffffff;\" href=\"https:\/\/exoticwhip.com\/de\/vertriebspartner\/\">Werden Sie Vertriebspartner<\/a><\/p>\n<h2>Sahnebereiter Test<\/h2>\n<p class=\"p1\">Im Spr\u00fchsahne Test wurden einige Ger\u00e4te getestet und bewertet. Die ideale <a href=\"https:\/\/exoticwhip.com\/de\/produkt\/sahne-siphon\/\">Sahnespr\u00fchflasche<\/a> besteht aus Edelstahl und hat ein F\u00fcllvolumen von 500 ml. Neben Sahne sollte die Zubereitung anderer kalten und hei\u00dfen Speisen, Espumas, Cremes, Sch\u00e4umen und leckeren Mousse Variationen kein Problem sein. Im Lieferumfang sollten auch mehrere Aufs\u00e4tze und eine Reinigungsb\u00fcrste enthalten sein. F\u00fcr die Funktion der Sahne Flasche sind zudem Gaspatronen notwendig.<\/p>\n<p class=\"p1\">Die Verwendung eines Sahnespenders ist grunds\u00e4tzlich nicht schwer und folgt stets nach dem gleichen Prinzip. Die frische Sahne wird in die Sahne Flasche eingef\u00fcllt und mit dem Deckel verschlossen. Danach wird die Gaspatrone \u00fcber den Ger\u00e4tekopf aktiviert. Ein leiser Zischlaut gibt gr\u00fcnes Licht und erlaubt es die Gaskartusche wieder abzunehmen. Nun ist Dein Sahne schlagen Ger\u00e4t einsetzbar. Die frisch geschlagene Sahne flie\u00dft fluffig leicht aus dem Spender und kann individuell eingesetzt werden. Bei der Zubereitung leckerer Speisen sind der eigenen Kreativit\u00e4t keine Grenzen gesetzt. Im Internet finden sich eine Vielzahl unterschiedlicher Sahnespr\u00fcher Rezepte, die der ganzen Familie Freude bereiten.<\/p>\n<h2 class=\"p1\">Sahnebereiter &#8211; Espuma?<\/h2>\n<p class=\"p1\">Espumas sind eine fluffige Geschmacksexplosion. Der perfekte Espumas Siphon zaubert in Windeseile leckere Sch\u00e4umchen und H\u00e4ubchen aus Kr\u00e4utern, Meerrettich oder Curry. Aber auch s\u00fc\u00dfe Varianten sind ein Kinderspiel mit dem geeigneten Espuma Ger\u00e4t. S\u00fc\u00dfe Tr\u00e4ume aus Ananas, Kokos oder auch Himbeere verzaubern jeden Gast, den man zu Tisch l\u00e4dt. Was ist Espuma \u00fcberhaupt? Das Wort stammt aus dem Spanischen und bedeutet nichts anderes als Schaum. Und genau dieser, mit seiner unvergleichlichen Konsistenz, ist mit einem Espuma Ger\u00e4t in wenigen Minuten zubereitet. Verwenden Sie Ihren Espumas Sphion einmal zur Herstellung leichter Ziegenk\u00e4se Kreationen. Die Sahnespr\u00fcher Rezepte liefern eine Vielzahl unterschiedlicher Ideen zur Verwendung des Espumas Siphon.<span class=\"Apple-converted-space\">\u00a0<\/span><\/p>\n<p class=\"p1\">Der <a href=\"https:\/\/exoticwhip.com\/de\/produkt\/2000g-sahnekapseln-original\/\">Isi Gourmet Whip<\/a> erm\u00f6glicht fluffiges Aromatisieren Ihrer Speisen. Was fr\u00fcher als extrem aufw\u00e4ndig galt und h\u00e4ufig viel Zeit in Anspruch nahm, wird mit dem Gourmet Whip in wenigen Minuten erledigt. Das Verfahren stammt aus den USA und wurde erstmals von dem ber\u00fchmten Mixologen D. Arnold angewandt. Eine besondere Technik presst Fl\u00fcssigkeit in die Poren des Geschmacksstoffes. Das Aroma geht somit in die Whipbasis \u00fcber. Der Isi Gourmet Whip ist ein richtiger Allrounder. Hier wird die Zubereitung k\u00e4lter und warmer Sch\u00e4ume ein Kinderspiele. Regelm\u00e4\u00dfig punktet der Isi Gourmet Whip im <a href=\"https:\/\/exoticwhip.com\/de\/produkt\/sahne-siphon\/\">Spr\u00fchsahne<\/a> Test mit Topbewertungen. F\u00fcllen, Dekorieren und Marinieren s\u00e4mtlicher Speisen ist schnell ausgef\u00fchrt. Der Gourmet Whip ist zudem NSF-zertifiziert und auch im Bereich der Profik\u00fcche einsetzbar.<\/p>\n<p class=\"p1\">Ein einfaches, aber b\u00e4renstarkes Sahne schlagen Ger\u00e4t ist der Easy Whip. Er ist handlich und flexibel einsetzbar. Die Sahne bleibt bis zu 10 Tagen im K\u00fchlschrank frisch. Der Easy Whip liefert fluffigen Genu\u00df mit nur einem Knopfdruck.Dieser Sahnesifon punktet mit kinderleichter Bedienung und einfacher Reinigung. Der Easy Whip plus ist ein freistehender Sahnesifon, der zur Selbstbedienung geeignet ist. Somit ist der Easy Whip plus der perfekte Begleiter auf jedem Buffet oder einer Selbstbedienungstafel.<span class=\"Apple-converted-space\">\u00a0<\/span><\/p>\n<p class=\"p1\">Frische Sahne auf Knopfdruck und viele leckere Kreationen s\u00e4mtliche Geschmacksrichtungen bleiben lange frisch und lecker.<\/p>\n<p style=\"text-align: center;\"><a class=\"button button--primary hero__button\" style=\"color: #ffffff;\" href=\"https:\/\/exoticwhip.com\/de\/vertriebspartner\/\">Werden Sie Vertriebspartner<\/a><\/p>\n","protected":false},"excerpt":{"rendered":"<p>Sahnespr\u00fcher sind die perfekten Helfer in K\u00fcche und Haushalt. Fl\u00fcssige Sahne ist in Windeseile perfekt aufbereitet und steif und kann zur Weiterverarbeitung eingesetzt werden. Ob zur Verzierung aufwendiger Torten oder als perfekte Beilage auf feinen Kuchen und vielen weiteren S\u00fcssspeisen. Die Sahnespr\u00fcher sind hierbei in mehreren Ausf\u00fchrungen erh\u00e4ltlich. So erfreut sich sowohl die Sahne Spr\u00fchflasche [&hellip;]<\/p>\n","protected":false},"author":2343,"featured_media":0,"parent":0,"menu_order":0,"comment_status":"closed","ping_status":"closed","template":"","meta":{"_acf_changed":false,"footnotes":""},"class_list":["post-2491","page","type-page","status-publish","hentry"],"acf":[],"yoast_head":"<!-- This site is optimized with the Yoast SEO plugin v27.2 - https:\/\/yoast.com\/product\/yoast-seo-wordpress\/ -->\n<title>Sahnebereiter mit Distickstoffmonoxid aus Sahnekapseln<\/title>\n<meta name=\"description\" content=\"Sahnebereiter sind die perfekten Helfer in K\u00fcche und Haushalt. Fl\u00fcssige Sahne ist in Windeseile perfekt aufbereitet und steif und kann zur Weiterverarbeitung eingesetzt werden.\" \/>\n<meta name=\"robots\" content=\"index, follow, max-snippet:-1, max-image-preview:large, max-video-preview:-1\" \/>\n<link rel=\"canonical\" href=\"https:\/\/exoticwhip.com\/de\/sahnebereiter\/\" \/>\n<meta property=\"og:locale\" content=\"de_DE\" \/>\n<meta property=\"og:type\" content=\"article\" \/>\n<meta property=\"og:title\" content=\"Sahnebereiter mit Distickstoffmonoxid aus Sahnekapseln\" \/>\n<meta property=\"og:description\" content=\"Sahnebereiter sind die perfekten Helfer in K\u00fcche und Haushalt. Fl\u00fcssige Sahne ist in Windeseile perfekt aufbereitet und steif und kann zur Weiterverarbeitung eingesetzt werden.\" \/>\n<meta property=\"og:url\" content=\"https:\/\/exoticwhip.com\/de\/sahnebereiter\/\" \/>\n<meta property=\"og:site_name\" content=\"Exotic Whip\" \/>\n<meta property=\"article:publisher\" content=\"https:\/\/www.facebook.com\/people\/ExoticWhip\/100067750994767\/\" \/>\n<meta property=\"article:modified_time\" content=\"2025-08-30T02:33:33+00:00\" \/>\n<meta property=\"og:image\" content=\"https:\/\/exoticwhip.com\/wp-content\/uploads\/What-to-Know-About-Exotic-Whip-1.jpg\" \/>\n\t<meta property=\"og:image:width\" content=\"1200\" \/>\n\t<meta property=\"og:image:height\" content=\"630\" \/>\n\t<meta property=\"og:image:type\" content=\"image\/jpeg\" \/>\n<meta name=\"twitter:card\" content=\"summary_large_image\" \/>\n<meta name=\"twitter:site\" content=\"@exoticwhipcream\" \/>\n<meta name=\"twitter:label1\" content=\"Gesch\u00e4tzte Lesezeit\" \/>\n\t<meta name=\"twitter:data1\" content=\"3 Minuten\" \/>\n<script type=\"application\/ld+json\" class=\"yoast-schema-graph\">{\"@context\":\"https:\/\/schema.org\",\"@graph\":[{\"@type\":[\"Article\",\"BlogPosting\"],\"@id\":\"https:\/\/exoticwhip.com\/de\/sahnebereiter\/#article\",\"isPartOf\":{\"@id\":\"https:\/\/exoticwhip.com\/de\/sahnebereiter\/\"},\"author\":{\"name\":\"Olivia Frost\",\"@id\":\"https:\/\/exotic-whip.com\/#\/schema\/person\/9d3cd5aa4f5c260fb0cb7110c78a2d4a\"},\"headline\":\"Sahnebereiter\",\"datePublished\":\"2021-09-24T09:25:06+00:00\",\"dateModified\":\"2025-08-30T02:33:33+00:00\",\"mainEntityOfPage\":{\"@id\":\"https:\/\/exoticwhip.com\/de\/sahnebereiter\/\"},\"wordCount\":618,\"publisher\":{\"@id\":\"https:\/\/exotic-whip.com\/#organization\"},\"inLanguage\":\"de-DE\"},{\"@type\":\"WebPage\",\"@id\":\"https:\/\/exoticwhip.com\/de\/sahnebereiter\/\",\"url\":\"https:\/\/exoticwhip.com\/de\/sahnebereiter\/\",\"name\":\"Sahnebereiter mit Distickstoffmonoxid aus Sahnekapseln\",\"isPartOf\":{\"@id\":\"https:\/\/exotic-whip.com\/#website\"},\"datePublished\":\"2021-09-24T09:25:06+00:00\",\"dateModified\":\"2025-08-30T02:33:33+00:00\",\"description\":\"Sahnebereiter sind die perfekten Helfer in K\u00fcche und Haushalt. Fl\u00fcssige Sahne ist in Windeseile perfekt aufbereitet und steif und kann zur Weiterverarbeitung eingesetzt werden.\",\"breadcrumb\":{\"@id\":\"https:\/\/exoticwhip.com\/de\/sahnebereiter\/#breadcrumb\"},\"inLanguage\":\"de-DE\",\"potentialAction\":[{\"@type\":\"ReadAction\",\"target\":[\"https:\/\/exoticwhip.com\/de\/sahnebereiter\/\"]}]},{\"@type\":\"BreadcrumbList\",\"@id\":\"https:\/\/exoticwhip.com\/de\/sahnebereiter\/#breadcrumb\",\"itemListElement\":[{\"@type\":\"ListItem\",\"position\":1,\"name\":\"Home\",\"item\":\"https:\/\/exoticwhip.com\/de\/\"},{\"@type\":\"ListItem\",\"position\":2,\"name\":\"Sahnebereiter\"}]},{\"@type\":\"WebSite\",\"@id\":\"https:\/\/exotic-whip.com\/#website\",\"url\":\"https:\/\/exotic-whip.com\/\",\"name\":\"Exotic Whip\",\"description\":\"640g N2O Cylinders\",\"publisher\":{\"@id\":\"https:\/\/exotic-whip.com\/#organization\"},\"alternateName\":\"ExoticWhip\",\"potentialAction\":[{\"@type\":\"SearchAction\",\"target\":{\"@type\":\"EntryPoint\",\"urlTemplate\":\"https:\/\/exotic-whip.com\/?s={search_term_string}\"},\"query-input\":{\"@type\":\"PropertyValueSpecification\",\"valueRequired\":true,\"valueName\":\"search_term_string\"}}],\"inLanguage\":\"de-DE\"},{\"@type\":\"Organization\",\"@id\":\"https:\/\/exotic-whip.com\/#organization\",\"name\":\"Exotic Whip\",\"alternateName\":\"ExoticWhip\",\"url\":\"https:\/\/exotic-whip.com\/\",\"logo\":{\"@type\":\"ImageObject\",\"inLanguage\":\"de-DE\",\"@id\":\"https:\/\/exotic-whip.com\/#\/schema\/logo\/image\/\",\"url\":\"https:\/\/exoticwhip.com\/wp-content\/uploads\/2021\/07\/exoticwhip-logo.png\",\"contentUrl\":\"https:\/\/exoticwhip.com\/wp-content\/uploads\/2021\/07\/exoticwhip-logo.png\",\"width\":245,\"height\":79,\"caption\":\"Exotic Whip\"},\"image\":{\"@id\":\"https:\/\/exotic-whip.com\/#\/schema\/logo\/image\/\"},\"sameAs\":[\"https:\/\/www.facebook.com\/people\/ExoticWhip\/100067750994767\/\",\"https:\/\/x.com\/exoticwhipcream\",\"https:\/\/www.instagram.com\/exoticwhipofficial\/\",\"https:\/\/www.tiktok.com\/@exoticwhipofficial\",\"https:\/\/www.youtube.com\/channel\/UCsYXBNnMrjeLyK9GsJC9UpQ\"]},{\"@type\":\"Person\",\"@id\":\"https:\/\/exotic-whip.com\/#\/schema\/person\/9d3cd5aa4f5c260fb0cb7110c78a2d4a\",\"name\":\"Olivia Frost\",\"description\":\"Olivia Frost is a seasoned pastry chef and culinary expert, specializing in the art of creating delightful desserts. With a passion for innovation and a keen understanding of kitchen tools, she shares her expertise on whip cream chargers and nitrous oxide cylinders through her engaging blog.\",\"sameAs\":[\"https:\/\/exoticwhip.com\/olivia-frost\/\",\"https:\/\/www.instagram.com\/oliviafrost1990\/\",\"https:\/\/www.linkedin.com\/in\/chef-olivia-frost\/\",\"https:\/\/x.com\/OliviaFrost1990\"],\"url\":\"https:\/\/exoticwhip.com\/de\/author\/expertmixologist\/\"}]}<\/script>\n<!-- \/ Yoast SEO plugin. -->","yoast_head_json":{"title":"Sahnebereiter mit Distickstoffmonoxid aus Sahnekapseln","description":"Sahnebereiter sind die perfekten Helfer in K\u00fcche und Haushalt. Fl\u00fcssige Sahne ist in Windeseile perfekt aufbereitet und steif und kann zur Weiterverarbeitung eingesetzt werden.","robots":{"index":"index","follow":"follow","max-snippet":"max-snippet:-1","max-image-preview":"max-image-preview:large","max-video-preview":"max-video-preview:-1"},"canonical":"https:\/\/exoticwhip.com\/de\/sahnebereiter\/","og_locale":"de_DE","og_type":"article","og_title":"Sahnebereiter mit Distickstoffmonoxid aus Sahnekapseln","og_description":"Sahnebereiter sind die perfekten Helfer in K\u00fcche und Haushalt. Fl\u00fcssige Sahne ist in Windeseile perfekt aufbereitet und steif und kann zur Weiterverarbeitung eingesetzt werden.","og_url":"https:\/\/exoticwhip.com\/de\/sahnebereiter\/","og_site_name":"Exotic Whip","article_publisher":"https:\/\/www.facebook.com\/people\/ExoticWhip\/100067750994767\/","article_modified_time":"2025-08-30T02:33:33+00:00","og_image":[{"width":1200,"height":630,"url":"https:\/\/exoticwhip.com\/wp-content\/uploads\/What-to-Know-About-Exotic-Whip-1.jpg","type":"image\/jpeg"}],"twitter_card":"summary_large_image","twitter_site":"@exoticwhipcream","twitter_misc":{"Gesch\u00e4tzte Lesezeit":"3 Minuten"},"schema":{"@context":"https:\/\/schema.org","@graph":[{"@type":["Article","BlogPosting"],"@id":"https:\/\/exoticwhip.com\/de\/sahnebereiter\/#article","isPartOf":{"@id":"https:\/\/exoticwhip.com\/de\/sahnebereiter\/"},"author":{"name":"Olivia Frost","@id":"https:\/\/exotic-whip.com\/#\/schema\/person\/9d3cd5aa4f5c260fb0cb7110c78a2d4a"},"headline":"Sahnebereiter","datePublished":"2021-09-24T09:25:06+00:00","dateModified":"2025-08-30T02:33:33+00:00","mainEntityOfPage":{"@id":"https:\/\/exoticwhip.com\/de\/sahnebereiter\/"},"wordCount":618,"publisher":{"@id":"https:\/\/exotic-whip.com\/#organization"},"inLanguage":"de-DE"},{"@type":"WebPage","@id":"https:\/\/exoticwhip.com\/de\/sahnebereiter\/","url":"https:\/\/exoticwhip.com\/de\/sahnebereiter\/","name":"Sahnebereiter mit Distickstoffmonoxid aus Sahnekapseln","isPartOf":{"@id":"https:\/\/exotic-whip.com\/#website"},"datePublished":"2021-09-24T09:25:06+00:00","dateModified":"2025-08-30T02:33:33+00:00","description":"Sahnebereiter sind die perfekten Helfer in K\u00fcche und Haushalt. Fl\u00fcssige Sahne ist in Windeseile perfekt aufbereitet und steif und kann zur Weiterverarbeitung eingesetzt werden.","breadcrumb":{"@id":"https:\/\/exoticwhip.com\/de\/sahnebereiter\/#breadcrumb"},"inLanguage":"de-DE","potentialAction":[{"@type":"ReadAction","target":["https:\/\/exoticwhip.com\/de\/sahnebereiter\/"]}]},{"@type":"BreadcrumbList","@id":"https:\/\/exoticwhip.com\/de\/sahnebereiter\/#breadcrumb","itemListElement":[{"@type":"ListItem","position":1,"name":"Home","item":"https:\/\/exoticwhip.com\/de\/"},{"@type":"ListItem","position":2,"name":"Sahnebereiter"}]},{"@type":"WebSite","@id":"https:\/\/exotic-whip.com\/#website","url":"https:\/\/exotic-whip.com\/","name":"Exotic Whip","description":"640g N2O Cylinders","publisher":{"@id":"https:\/\/exotic-whip.com\/#organization"},"alternateName":"ExoticWhip","potentialAction":[{"@type":"SearchAction","target":{"@type":"EntryPoint","urlTemplate":"https:\/\/exotic-whip.com\/?s={search_term_string}"},"query-input":{"@type":"PropertyValueSpecification","valueRequired":true,"valueName":"search_term_string"}}],"inLanguage":"de-DE"},{"@type":"Organization","@id":"https:\/\/exotic-whip.com\/#organization","name":"Exotic Whip","alternateName":"ExoticWhip","url":"https:\/\/exotic-whip.com\/","logo":{"@type":"ImageObject","inLanguage":"de-DE","@id":"https:\/\/exotic-whip.com\/#\/schema\/logo\/image\/","url":"https:\/\/exoticwhip.com\/wp-content\/uploads\/2021\/07\/exoticwhip-logo.png","contentUrl":"https:\/\/exoticwhip.com\/wp-content\/uploads\/2021\/07\/exoticwhip-logo.png","width":245,"height":79,"caption":"Exotic Whip"},"image":{"@id":"https:\/\/exotic-whip.com\/#\/schema\/logo\/image\/"},"sameAs":["https:\/\/www.facebook.com\/people\/ExoticWhip\/100067750994767\/","https:\/\/x.com\/exoticwhipcream","https:\/\/www.instagram.com\/exoticwhipofficial\/","https:\/\/www.tiktok.com\/@exoticwhipofficial","https:\/\/www.youtube.com\/channel\/UCsYXBNnMrjeLyK9GsJC9UpQ"]},{"@type":"Person","@id":"https:\/\/exotic-whip.com\/#\/schema\/person\/9d3cd5aa4f5c260fb0cb7110c78a2d4a","name":"Olivia Frost","description":"Olivia Frost is a seasoned pastry chef and culinary expert, specializing in the art of creating delightful desserts. With a passion for innovation and a keen understanding of kitchen tools, she shares her expertise on whip cream chargers and nitrous oxide cylinders through her engaging blog.","sameAs":["https:\/\/exoticwhip.com\/olivia-frost\/","https:\/\/www.instagram.com\/oliviafrost1990\/","https:\/\/www.linkedin.com\/in\/chef-olivia-frost\/","https:\/\/x.com\/OliviaFrost1990"],"url":"https:\/\/exoticwhip.com\/de\/author\/expertmixologist\/"}]}},"_links":{"self":[{"href":"https:\/\/exoticwhip.com\/de\/wp-json\/wp\/v2\/pages\/2491","targetHints":{"allow":["GET"]}}],"collection":[{"href":"https:\/\/exoticwhip.com\/de\/wp-json\/wp\/v2\/pages"}],"about":[{"href":"https:\/\/exoticwhip.com\/de\/wp-json\/wp\/v2\/types\/page"}],"author":[{"embeddable":true,"href":"https:\/\/exoticwhip.com\/de\/wp-json\/wp\/v2\/users\/2343"}],"replies":[{"embeddable":true,"href":"https:\/\/exoticwhip.com\/de\/wp-json\/wp\/v2\/comments?post=2491"}],"version-history":[{"count":14,"href":"https:\/\/exoticwhip.com\/de\/wp-json\/wp\/v2\/pages\/2491\/revisions"}],"predecessor-version":[{"id":36584,"href":"https:\/\/exoticwhip.com\/de\/wp-json\/wp\/v2\/pages\/2491\/revisions\/36584"}],"wp:attachment":[{"href":"https:\/\/exoticwhip.com\/de\/wp-json\/wp\/v2\/media?parent=2491"}],"curies":[{"name":"wp","href":"https:\/\/api.w.org\/{rel}","templated":true}]}}