{"id":2200,"date":"2021-08-27T12:12:14","date_gmt":"2021-08-27T12:12:14","guid":{"rendered":"https:\/\/exotic-whip.com\/product\/cream-siphon\/"},"modified":"2025-08-29T19:03:58","modified_gmt":"2025-08-29T19:03:58","slug":"sahne-siphon","status":"publish","type":"product","link":"https:\/\/exoticwhip.com\/de\/produkt\/sahne-siphon\/","title":{"rendered":"Exotic Whip Sahnesiphon"},"excerpt":{"rendered":"<p>Der Exotic Whip Sahnesiphon wurde entworfen, um das Endprodukt zu liefern: Schlagsahne, Espumas und Sch\u00e4ume f\u00fcr Ihre kulinarischen oder Bar-Kreationen. Wir bieten eine komplette Anleitung zum Gebrauch dieses praktischen Sahnespenders.<\/p>\n<p>Kompatibel mit dem Exotic Whip Creamer und dem Exotic Whip Druckregler sowie den meisten Industriestandards.<\/p>\n<p>Nur f\u00fcr kalte Mischungen geeignet.<\/p>\n","protected":false},"featured_media":34748,"template":"","meta":{"_acf_changed":false},"product_brand":[],"product_cat":[271,70],"product_tag":[],"class_list":{"0":"post-2200","1":"product","2":"type-product","3":"status-publish","4":"has-post-thumbnail","6":"product_cat-alle","7":"product_cat-accessories-de","9":"first","10":"outofstock","11":"taxable","12":"shipping-taxable","13":"purchasable","14":"product-type-simple"},"acf":[],"yoast_head":"<!-- This site is optimized with the Yoast SEO plugin v27.2 - https:\/\/yoast.com\/product\/yoast-seo-wordpress\/ -->\n<title>Exotic Whip Sahnesiphon<\/title>\n<meta name=\"description\" content=\"Mit unserem Exotic Whip Sahnesiphon k\u00f6nnen Sie leckere Schlagsahne einfach und schnell auf Ihre Geb\u00e4cke und Kuchen spr\u00fchen.\" \/>\n<meta name=\"robots\" content=\"index, follow, max-snippet:-1, max-image-preview:large, max-video-preview:-1\" \/>\n<link rel=\"canonical\" href=\"https:\/\/exoticwhip.com\/de\/produkt\/sahne-siphon\/\" \/>\n<meta property=\"og:locale\" content=\"de_DE\" \/>\n<meta property=\"og:type\" content=\"article\" \/>\n<meta property=\"og:title\" content=\"Exotic Whip Sahnesiphon\" \/>\n<meta property=\"og:description\" content=\"Mit unserem Exotic Whip Sahnesiphon k\u00f6nnen Sie leckere Schlagsahne einfach und schnell auf Ihre Geb\u00e4cke und Kuchen spr\u00fchen.\" \/>\n<meta property=\"og:url\" content=\"https:\/\/exoticwhip.com\/de\/produkt\/sahne-siphon\/\" \/>\n<meta property=\"og:site_name\" content=\"Exotic Whip\" \/>\n<meta property=\"article:publisher\" content=\"https:\/\/www.facebook.com\/people\/ExoticWhip\/100067750994767\/\" \/>\n<meta property=\"article:modified_time\" content=\"2025-08-29T19:03:58+00:00\" \/>\n<meta property=\"og:image\" content=\"https:\/\/exoticwhip.com\/wp-content\/uploads\/EW-Siphon.png\" \/>\n\t<meta property=\"og:image:width\" content=\"1000\" \/>\n\t<meta property=\"og:image:height\" content=\"1000\" \/>\n\t<meta property=\"og:image:type\" content=\"image\/png\" \/>\n<meta name=\"twitter:card\" content=\"summary_large_image\" \/>\n<meta name=\"twitter:site\" content=\"@exoticwhipcream\" \/>\n<meta name=\"twitter:label1\" content=\"Gesch\u00e4tzte Lesezeit\" \/>\n\t<meta name=\"twitter:data1\" content=\"1 Minute\" \/>\n<script type=\"application\/ld+json\" class=\"yoast-schema-graph\">{\"@context\":\"https:\/\/schema.org\",\"@graph\":[{\"@type\":\"WebPage\",\"@id\":\"https:\/\/exoticwhip.com\/de\/produkt\/sahne-siphon\/\",\"url\":\"https:\/\/exoticwhip.com\/de\/produkt\/sahne-siphon\/\",\"name\":\"Exotic Whip Sahnesiphon\",\"isPartOf\":{\"@id\":\"https:\/\/exotic-whip.com\/#website\"},\"primaryImageOfPage\":{\"@id\":\"https:\/\/exoticwhip.com\/de\/produkt\/sahne-siphon\/#primaryimage\"},\"image\":{\"@id\":\"https:\/\/exoticwhip.com\/de\/produkt\/sahne-siphon\/#primaryimage\"},\"thumbnailUrl\":\"https:\/\/exoticwhip.com\/wp-content\/uploads\/EW-Siphon.png\",\"datePublished\":\"2021-08-27T12:12:14+00:00\",\"dateModified\":\"2025-08-29T19:03:58+00:00\",\"description\":\"Mit unserem Exotic Whip Sahnesiphon k\u00f6nnen Sie leckere Schlagsahne einfach und schnell auf Ihre Geb\u00e4cke und Kuchen spr\u00fchen.\",\"breadcrumb\":{\"@id\":\"https:\/\/exoticwhip.com\/de\/produkt\/sahne-siphon\/#breadcrumb\"},\"inLanguage\":\"de-DE\",\"potentialAction\":[{\"@type\":\"ReadAction\",\"target\":[\"https:\/\/exoticwhip.com\/de\/produkt\/sahne-siphon\/\"]}]},{\"@type\":\"ImageObject\",\"inLanguage\":\"de-DE\",\"@id\":\"https:\/\/exoticwhip.com\/de\/produkt\/sahne-siphon\/#primaryimage\",\"url\":\"https:\/\/exoticwhip.com\/wp-content\/uploads\/EW-Siphon.png\",\"contentUrl\":\"https:\/\/exoticwhip.com\/wp-content\/uploads\/EW-Siphon.png\",\"width\":1000,\"height\":1000},{\"@type\":\"BreadcrumbList\",\"@id\":\"https:\/\/exoticwhip.com\/de\/produkt\/sahne-siphon\/#breadcrumb\",\"itemListElement\":[{\"@type\":\"ListItem\",\"position\":1,\"name\":\"Home\",\"item\":\"https:\/\/exoticwhip.com\/de\/\"},{\"@type\":\"ListItem\",\"position\":2,\"name\":\"Exotic Whip Sahnesiphon\"}]},{\"@type\":\"WebSite\",\"@id\":\"https:\/\/exotic-whip.com\/#website\",\"url\":\"https:\/\/exotic-whip.com\/\",\"name\":\"Exotic Whip\",\"description\":\"640g N2O Cylinders\",\"publisher\":{\"@id\":\"https:\/\/exotic-whip.com\/#organization\"},\"alternateName\":\"ExoticWhip\",\"potentialAction\":[{\"@type\":\"SearchAction\",\"target\":{\"@type\":\"EntryPoint\",\"urlTemplate\":\"https:\/\/exotic-whip.com\/?s={search_term_string}\"},\"query-input\":{\"@type\":\"PropertyValueSpecification\",\"valueRequired\":true,\"valueName\":\"search_term_string\"}}],\"inLanguage\":\"de-DE\"},{\"@type\":\"Organization\",\"@id\":\"https:\/\/exotic-whip.com\/#organization\",\"name\":\"Exotic Whip\",\"alternateName\":\"ExoticWhip\",\"url\":\"https:\/\/exotic-whip.com\/\",\"logo\":{\"@type\":\"ImageObject\",\"inLanguage\":\"de-DE\",\"@id\":\"https:\/\/exotic-whip.com\/#\/schema\/logo\/image\/\",\"url\":\"https:\/\/exoticwhip.com\/wp-content\/uploads\/2021\/07\/exoticwhip-logo.png\",\"contentUrl\":\"https:\/\/exoticwhip.com\/wp-content\/uploads\/2021\/07\/exoticwhip-logo.png\",\"width\":245,\"height\":79,\"caption\":\"Exotic Whip\"},\"image\":{\"@id\":\"https:\/\/exotic-whip.com\/#\/schema\/logo\/image\/\"},\"sameAs\":[\"https:\/\/www.facebook.com\/people\/ExoticWhip\/100067750994767\/\",\"https:\/\/x.com\/exoticwhipcream\",\"https:\/\/www.instagram.com\/exoticwhipofficial\/\",\"https:\/\/www.tiktok.com\/@exoticwhipofficial\",\"https:\/\/www.youtube.com\/channel\/UCsYXBNnMrjeLyK9GsJC9UpQ\"]}]}<\/script>\n<!-- \/ Yoast SEO plugin. -->","yoast_head_json":{"title":"Exotic Whip Sahnesiphon","description":"Mit unserem Exotic Whip Sahnesiphon k\u00f6nnen Sie leckere Schlagsahne einfach und schnell auf Ihre Geb\u00e4cke und Kuchen spr\u00fchen.","robots":{"index":"index","follow":"follow","max-snippet":"max-snippet:-1","max-image-preview":"max-image-preview:large","max-video-preview":"max-video-preview:-1"},"canonical":"https:\/\/exoticwhip.com\/de\/produkt\/sahne-siphon\/","og_locale":"de_DE","og_type":"article","og_title":"Exotic Whip Sahnesiphon","og_description":"Mit unserem Exotic Whip Sahnesiphon k\u00f6nnen Sie leckere Schlagsahne einfach und schnell auf Ihre Geb\u00e4cke und Kuchen spr\u00fchen.","og_url":"https:\/\/exoticwhip.com\/de\/produkt\/sahne-siphon\/","og_site_name":"Exotic Whip","article_publisher":"https:\/\/www.facebook.com\/people\/ExoticWhip\/100067750994767\/","article_modified_time":"2025-08-29T19:03:58+00:00","og_image":[{"width":1000,"height":1000,"url":"https:\/\/exoticwhip.com\/wp-content\/uploads\/EW-Siphon.png","type":"image\/png"}],"twitter_card":"summary_large_image","twitter_site":"@exoticwhipcream","twitter_misc":{"Gesch\u00e4tzte Lesezeit":"1 Minute"},"schema":{"@context":"https:\/\/schema.org","@graph":[{"@type":"WebPage","@id":"https:\/\/exoticwhip.com\/de\/produkt\/sahne-siphon\/","url":"https:\/\/exoticwhip.com\/de\/produkt\/sahne-siphon\/","name":"Exotic Whip Sahnesiphon","isPartOf":{"@id":"https:\/\/exotic-whip.com\/#website"},"primaryImageOfPage":{"@id":"https:\/\/exoticwhip.com\/de\/produkt\/sahne-siphon\/#primaryimage"},"image":{"@id":"https:\/\/exoticwhip.com\/de\/produkt\/sahne-siphon\/#primaryimage"},"thumbnailUrl":"https:\/\/exoticwhip.com\/wp-content\/uploads\/EW-Siphon.png","datePublished":"2021-08-27T12:12:14+00:00","dateModified":"2025-08-29T19:03:58+00:00","description":"Mit unserem Exotic Whip Sahnesiphon k\u00f6nnen Sie leckere Schlagsahne einfach und schnell auf Ihre Geb\u00e4cke und Kuchen spr\u00fchen.","breadcrumb":{"@id":"https:\/\/exoticwhip.com\/de\/produkt\/sahne-siphon\/#breadcrumb"},"inLanguage":"de-DE","potentialAction":[{"@type":"ReadAction","target":["https:\/\/exoticwhip.com\/de\/produkt\/sahne-siphon\/"]}]},{"@type":"ImageObject","inLanguage":"de-DE","@id":"https:\/\/exoticwhip.com\/de\/produkt\/sahne-siphon\/#primaryimage","url":"https:\/\/exoticwhip.com\/wp-content\/uploads\/EW-Siphon.png","contentUrl":"https:\/\/exoticwhip.com\/wp-content\/uploads\/EW-Siphon.png","width":1000,"height":1000},{"@type":"BreadcrumbList","@id":"https:\/\/exoticwhip.com\/de\/produkt\/sahne-siphon\/#breadcrumb","itemListElement":[{"@type":"ListItem","position":1,"name":"Home","item":"https:\/\/exoticwhip.com\/de\/"},{"@type":"ListItem","position":2,"name":"Exotic Whip Sahnesiphon"}]},{"@type":"WebSite","@id":"https:\/\/exotic-whip.com\/#website","url":"https:\/\/exotic-whip.com\/","name":"Exotic Whip","description":"640g N2O Cylinders","publisher":{"@id":"https:\/\/exotic-whip.com\/#organization"},"alternateName":"ExoticWhip","potentialAction":[{"@type":"SearchAction","target":{"@type":"EntryPoint","urlTemplate":"https:\/\/exotic-whip.com\/?s={search_term_string}"},"query-input":{"@type":"PropertyValueSpecification","valueRequired":true,"valueName":"search_term_string"}}],"inLanguage":"de-DE"},{"@type":"Organization","@id":"https:\/\/exotic-whip.com\/#organization","name":"Exotic Whip","alternateName":"ExoticWhip","url":"https:\/\/exotic-whip.com\/","logo":{"@type":"ImageObject","inLanguage":"de-DE","@id":"https:\/\/exotic-whip.com\/#\/schema\/logo\/image\/","url":"https:\/\/exoticwhip.com\/wp-content\/uploads\/2021\/07\/exoticwhip-logo.png","contentUrl":"https:\/\/exoticwhip.com\/wp-content\/uploads\/2021\/07\/exoticwhip-logo.png","width":245,"height":79,"caption":"Exotic Whip"},"image":{"@id":"https:\/\/exotic-whip.com\/#\/schema\/logo\/image\/"},"sameAs":["https:\/\/www.facebook.com\/people\/ExoticWhip\/100067750994767\/","https:\/\/x.com\/exoticwhipcream","https:\/\/www.instagram.com\/exoticwhipofficial\/","https:\/\/www.tiktok.com\/@exoticwhipofficial","https:\/\/www.youtube.com\/channel\/UCsYXBNnMrjeLyK9GsJC9UpQ"]}]}},"_links":{"self":[{"href":"https:\/\/exoticwhip.com\/de\/wp-json\/wp\/v2\/product\/2200","targetHints":{"allow":["GET"]}}],"collection":[{"href":"https:\/\/exoticwhip.com\/de\/wp-json\/wp\/v2\/product"}],"about":[{"href":"https:\/\/exoticwhip.com\/de\/wp-json\/wp\/v2\/types\/product"}],"wp:featuredmedia":[{"embeddable":true,"href":"https:\/\/exoticwhip.com\/de\/wp-json\/wp\/v2\/media\/34748"}],"wp:attachment":[{"href":"https:\/\/exoticwhip.com\/de\/wp-json\/wp\/v2\/media?parent=2200"}],"wp:term":[{"taxonomy":"product_brand","embeddable":true,"href":"https:\/\/exoticwhip.com\/de\/wp-json\/wp\/v2\/product_brand?post=2200"},{"taxonomy":"product_cat","embeddable":true,"href":"https:\/\/exoticwhip.com\/de\/wp-json\/wp\/v2\/product_cat?post=2200"},{"taxonomy":"product_tag","embeddable":true,"href":"https:\/\/exoticwhip.com\/de\/wp-json\/wp\/v2\/product_tag?post=2200"}],"curies":[{"name":"wp","href":"https:\/\/api.w.org\/{rel}","templated":true}]}}