{"id":24635,"date":"2023-10-23T15:52:06","date_gmt":"2023-10-23T15:52:06","guid":{"rendered":"https:\/\/exotic-whip.com\/faq-2\/"},"modified":"2025-06-03T10:32:25","modified_gmt":"2025-06-03T10:32:25","slug":"faq","status":"publish","type":"page","link":"https:\/\/exoticwhip.com\/es\/faq\/","title":{"rendered":"Preguntas frecuentes"},"content":{"rendered":"","protected":false},"excerpt":{"rendered":"","protected":false},"author":2343,"featured_media":17310,"parent":0,"menu_order":0,"comment_status":"closed","ping_status":"closed","template":"tpl-flex-content.php","meta":{"_acf_changed":false,"footnotes":""},"class_list":["post-24635","page","type-page","status-publish","has-post-thumbnail","hentry"],"acf":[],"yoast_head":"<!-- This site is optimized with the Yoast SEO plugin v27.2 - https:\/\/yoast.com\/product\/yoast-seo-wordpress\/ -->\n<title>Preguntas frecuentes sobre c\u00e1psulas de crema nata - Exotic Whip<\/title>\n<meta name=\"description\" content=\"Lee todas las preguntas frecuentes sobre c\u00e1psulas de crema nata y tus pedidos realizados en la tienda en l\u00ednea de Exotic Whip.\" \/>\n<meta name=\"robots\" content=\"index, follow, max-snippet:-1, max-image-preview:large, max-video-preview:-1\" \/>\n<link rel=\"canonical\" href=\"https:\/\/exoticwhip.com\/es\/faq\/\" \/>\n<meta property=\"og:locale\" content=\"es_ES\" \/>\n<meta property=\"og:type\" content=\"article\" \/>\n<meta property=\"og:title\" content=\"Preguntas frecuentes sobre c\u00e1psulas de crema nata - Exotic Whip\" \/>\n<meta property=\"og:description\" content=\"Lee todas las preguntas frecuentes sobre c\u00e1psulas de crema nata y tus pedidos realizados en la tienda en l\u00ednea de Exotic Whip.\" \/>\n<meta property=\"og:url\" content=\"https:\/\/exoticwhip.com\/es\/faq\/\" \/>\n<meta property=\"og:site_name\" content=\"Exotic Whip\" \/>\n<meta property=\"article:publisher\" content=\"https:\/\/www.facebook.com\/people\/ExoticWhip\/100067750994767\/\" \/>\n<meta property=\"article:modified_time\" content=\"2025-06-03T10:32:25+00:00\" \/>\n<meta property=\"og:image\" content=\"https:\/\/exotic-whip.com\/wp-content\/uploads\/2022\/07\/DSC01274-1.jpg\" \/>\n\t<meta property=\"og:image:width\" content=\"1416\" \/>\n\t<meta property=\"og:image:height\" content=\"1331\" \/>\n\t<meta property=\"og:image:type\" content=\"image\/jpeg\" \/>\n<meta name=\"twitter:card\" content=\"summary_large_image\" \/>\n<meta name=\"twitter:site\" content=\"@exoticwhipcream\" \/>\n<meta name=\"twitter:label1\" content=\"Tiempo de lectura\" \/>\n\t<meta name=\"twitter:data1\" content=\"4 minutos\" \/>\n<script type=\"application\/ld+json\" class=\"yoast-schema-graph\">{\"@context\":\"https:\/\/schema.org\",\"@graph\":[{\"@type\":\"WebPage\",\"@id\":\"https:\/\/exoticwhip.com\/es\/faq\/\",\"url\":\"https:\/\/exoticwhip.com\/es\/faq\/\",\"name\":\"Preguntas frecuentes sobre c\u00e1psulas de crema nata - Exotic Whip\",\"isPartOf\":{\"@id\":\"https:\/\/exotic-whip.com\/#website\"},\"primaryImageOfPage\":{\"@id\":\"https:\/\/exoticwhip.com\/es\/faq\/#primaryimage\"},\"image\":{\"@id\":\"https:\/\/exoticwhip.com\/es\/faq\/#primaryimage\"},\"thumbnailUrl\":\"https:\/\/exoticwhip.com\/wp-content\/uploads\/2022\/07\/DSC01274-1.jpg\",\"datePublished\":\"2023-10-23T15:52:06+00:00\",\"dateModified\":\"2025-06-03T10:32:25+00:00\",\"description\":\"Lee todas las preguntas frecuentes sobre c\u00e1psulas de crema nata y tus pedidos realizados en la tienda en l\u00ednea de Exotic Whip.\",\"breadcrumb\":{\"@id\":\"https:\/\/exoticwhip.com\/es\/faq\/#breadcrumb\"},\"inLanguage\":\"es\",\"potentialAction\":[{\"@type\":\"ReadAction\",\"target\":[\"https:\/\/exoticwhip.com\/es\/faq\/\"]}]},{\"@type\":\"ImageObject\",\"inLanguage\":\"es\",\"@id\":\"https:\/\/exoticwhip.com\/es\/faq\/#primaryimage\",\"url\":\"https:\/\/exoticwhip.com\/wp-content\/uploads\/2022\/07\/DSC01274-1.jpg\",\"contentUrl\":\"https:\/\/exoticwhip.com\/wp-content\/uploads\/2022\/07\/DSC01274-1.jpg\",\"width\":1416,\"height\":1331},{\"@type\":\"BreadcrumbList\",\"@id\":\"https:\/\/exoticwhip.com\/es\/faq\/#breadcrumb\",\"itemListElement\":[{\"@type\":\"ListItem\",\"position\":1,\"name\":\"Home\",\"item\":\"https:\/\/exoticwhip.com\/es\/\"},{\"@type\":\"ListItem\",\"position\":2,\"name\":\"Preguntas frecuentes\"}]},{\"@type\":\"WebSite\",\"@id\":\"https:\/\/exotic-whip.com\/#website\",\"url\":\"https:\/\/exotic-whip.com\/\",\"name\":\"Exotic Whip\",\"description\":\"Cream Charger N2O Cylinders\",\"publisher\":{\"@id\":\"https:\/\/exotic-whip.com\/#organization\"},\"alternateName\":\"ExoticWhip\",\"potentialAction\":[{\"@type\":\"SearchAction\",\"target\":{\"@type\":\"EntryPoint\",\"urlTemplate\":\"https:\/\/exotic-whip.com\/?s={search_term_string}\"},\"query-input\":{\"@type\":\"PropertyValueSpecification\",\"valueRequired\":true,\"valueName\":\"search_term_string\"}}],\"inLanguage\":\"es\"},{\"@type\":\"Organization\",\"@id\":\"https:\/\/exotic-whip.com\/#organization\",\"name\":\"Exotic Whip\",\"alternateName\":\"ExoticWhip\",\"url\":\"https:\/\/exotic-whip.com\/\",\"logo\":{\"@type\":\"ImageObject\",\"inLanguage\":\"es\",\"@id\":\"https:\/\/exotic-whip.com\/#\/schema\/logo\/image\/\",\"url\":\"https:\/\/exoticwhip.com\/wp-content\/uploads\/2021\/07\/exoticwhip-logo.png\",\"contentUrl\":\"https:\/\/exoticwhip.com\/wp-content\/uploads\/2021\/07\/exoticwhip-logo.png\",\"width\":245,\"height\":79,\"caption\":\"Exotic Whip\"},\"image\":{\"@id\":\"https:\/\/exotic-whip.com\/#\/schema\/logo\/image\/\"},\"sameAs\":[\"https:\/\/www.facebook.com\/people\/ExoticWhip\/100067750994767\/\",\"https:\/\/x.com\/exoticwhipcream\",\"https:\/\/www.instagram.com\/exoticwhipofficial\/\",\"https:\/\/www.tiktok.com\/@exoticwhipofficial\",\"https:\/\/www.youtube.com\/channel\/UCsYXBNnMrjeLyK9GsJC9UpQ\"]}]}<\/script>\n<!-- \/ Yoast SEO plugin. -->","yoast_head_json":{"title":"Preguntas frecuentes sobre c\u00e1psulas de crema nata - Exotic Whip","description":"Lee todas las preguntas frecuentes sobre c\u00e1psulas de crema nata y tus pedidos realizados en la tienda en l\u00ednea de Exotic Whip.","robots":{"index":"index","follow":"follow","max-snippet":"max-snippet:-1","max-image-preview":"max-image-preview:large","max-video-preview":"max-video-preview:-1"},"canonical":"https:\/\/exoticwhip.com\/es\/faq\/","og_locale":"es_ES","og_type":"article","og_title":"Preguntas frecuentes sobre c\u00e1psulas de crema nata - Exotic Whip","og_description":"Lee todas las preguntas frecuentes sobre c\u00e1psulas de crema nata y tus pedidos realizados en la tienda en l\u00ednea de Exotic Whip.","og_url":"https:\/\/exoticwhip.com\/es\/faq\/","og_site_name":"Exotic Whip","article_publisher":"https:\/\/www.facebook.com\/people\/ExoticWhip\/100067750994767\/","article_modified_time":"2025-06-03T10:32:25+00:00","og_image":[{"width":1416,"height":1331,"url":"https:\/\/exotic-whip.com\/wp-content\/uploads\/2022\/07\/DSC01274-1.jpg","type":"image\/jpeg"}],"twitter_card":"summary_large_image","twitter_site":"@exoticwhipcream","twitter_misc":{"Tiempo de lectura":"4 minutos"},"schema":{"@context":"https:\/\/schema.org","@graph":[{"@type":"WebPage","@id":"https:\/\/exoticwhip.com\/es\/faq\/","url":"https:\/\/exoticwhip.com\/es\/faq\/","name":"Preguntas frecuentes sobre c\u00e1psulas de crema nata - Exotic Whip","isPartOf":{"@id":"https:\/\/exotic-whip.com\/#website"},"primaryImageOfPage":{"@id":"https:\/\/exoticwhip.com\/es\/faq\/#primaryimage"},"image":{"@id":"https:\/\/exoticwhip.com\/es\/faq\/#primaryimage"},"thumbnailUrl":"https:\/\/exoticwhip.com\/wp-content\/uploads\/2022\/07\/DSC01274-1.jpg","datePublished":"2023-10-23T15:52:06+00:00","dateModified":"2025-06-03T10:32:25+00:00","description":"Lee todas las preguntas frecuentes sobre c\u00e1psulas de crema nata y tus pedidos realizados en la tienda en l\u00ednea de Exotic Whip.","breadcrumb":{"@id":"https:\/\/exoticwhip.com\/es\/faq\/#breadcrumb"},"inLanguage":"es","potentialAction":[{"@type":"ReadAction","target":["https:\/\/exoticwhip.com\/es\/faq\/"]}]},{"@type":"ImageObject","inLanguage":"es","@id":"https:\/\/exoticwhip.com\/es\/faq\/#primaryimage","url":"https:\/\/exoticwhip.com\/wp-content\/uploads\/2022\/07\/DSC01274-1.jpg","contentUrl":"https:\/\/exoticwhip.com\/wp-content\/uploads\/2022\/07\/DSC01274-1.jpg","width":1416,"height":1331},{"@type":"BreadcrumbList","@id":"https:\/\/exoticwhip.com\/es\/faq\/#breadcrumb","itemListElement":[{"@type":"ListItem","position":1,"name":"Home","item":"https:\/\/exoticwhip.com\/es\/"},{"@type":"ListItem","position":2,"name":"Preguntas frecuentes"}]},{"@type":"WebSite","@id":"https:\/\/exotic-whip.com\/#website","url":"https:\/\/exotic-whip.com\/","name":"Exotic Whip","description":"Cream Charger N2O Cylinders","publisher":{"@id":"https:\/\/exotic-whip.com\/#organization"},"alternateName":"ExoticWhip","potentialAction":[{"@type":"SearchAction","target":{"@type":"EntryPoint","urlTemplate":"https:\/\/exotic-whip.com\/?s={search_term_string}"},"query-input":{"@type":"PropertyValueSpecification","valueRequired":true,"valueName":"search_term_string"}}],"inLanguage":"es"},{"@type":"Organization","@id":"https:\/\/exotic-whip.com\/#organization","name":"Exotic Whip","alternateName":"ExoticWhip","url":"https:\/\/exotic-whip.com\/","logo":{"@type":"ImageObject","inLanguage":"es","@id":"https:\/\/exotic-whip.com\/#\/schema\/logo\/image\/","url":"https:\/\/exoticwhip.com\/wp-content\/uploads\/2021\/07\/exoticwhip-logo.png","contentUrl":"https:\/\/exoticwhip.com\/wp-content\/uploads\/2021\/07\/exoticwhip-logo.png","width":245,"height":79,"caption":"Exotic Whip"},"image":{"@id":"https:\/\/exotic-whip.com\/#\/schema\/logo\/image\/"},"sameAs":["https:\/\/www.facebook.com\/people\/ExoticWhip\/100067750994767\/","https:\/\/x.com\/exoticwhipcream","https:\/\/www.instagram.com\/exoticwhipofficial\/","https:\/\/www.tiktok.com\/@exoticwhipofficial","https:\/\/www.youtube.com\/channel\/UCsYXBNnMrjeLyK9GsJC9UpQ"]}]}},"_links":{"self":[{"href":"https:\/\/exoticwhip.com\/es\/wp-json\/wp\/v2\/pages\/24635","targetHints":{"allow":["GET"]}}],"collection":[{"href":"https:\/\/exoticwhip.com\/es\/wp-json\/wp\/v2\/pages"}],"about":[{"href":"https:\/\/exoticwhip.com\/es\/wp-json\/wp\/v2\/types\/page"}],"author":[{"embeddable":true,"href":"https:\/\/exoticwhip.com\/es\/wp-json\/wp\/v2\/users\/2343"}],"replies":[{"embeddable":true,"href":"https:\/\/exoticwhip.com\/es\/wp-json\/wp\/v2\/comments?post=24635"}],"version-history":[{"count":4,"href":"https:\/\/exoticwhip.com\/es\/wp-json\/wp\/v2\/pages\/24635\/revisions"}],"predecessor-version":[{"id":34616,"href":"https:\/\/exoticwhip.com\/es\/wp-json\/wp\/v2\/pages\/24635\/revisions\/34616"}],"wp:featuredmedia":[{"embeddable":true,"href":"https:\/\/exoticwhip.com\/es\/wp-json\/wp\/v2\/media\/17310"}],"wp:attachment":[{"href":"https:\/\/exoticwhip.com\/es\/wp-json\/wp\/v2\/media?parent=24635"}],"curies":[{"name":"wp","href":"https:\/\/api.w.org\/{rel}","templated":true}]}}