{"id":29619,"date":"2024-05-13T19:31:11","date_gmt":"2024-05-13T19:31:11","guid":{"rendered":"https:\/\/exotic-whip.com\/distributeur-v2\/"},"modified":"2025-09-04T15:09:42","modified_gmt":"2025-09-04T15:09:42","slug":"distribuidor","status":"publish","type":"page","link":"https:\/\/exoticwhip.com\/es\/distribuidor\/","title":{"rendered":"Distribuidor"},"content":{"rendered":"","protected":false},"excerpt":{"rendered":"","protected":false},"author":2000,"featured_media":34767,"parent":0,"menu_order":0,"comment_status":"closed","ping_status":"closed","template":"tpl-flex-content.php","meta":{"_acf_changed":false,"footnotes":""},"class_list":["post-29619","page","type-page","status-publish","has-post-thumbnail","hentry"],"acf":[],"yoast_head":"<!-- This site is optimized with the Yoast SEO plugin v27.2 - https:\/\/yoast.com\/product\/yoast-seo-wordpress\/ -->\n<title>Distribuye el N2O ExoticWhip m\u00e1s vendido<\/title>\n<meta name=\"description\" content=\"Distribuye los productos de N2O m\u00e1s vendidos en el mercado con ExoticWhip y empieza a vivir tus sue\u00f1os comerciales\" \/>\n<meta name=\"robots\" content=\"index, follow, max-snippet:-1, max-image-preview:large, max-video-preview:-1\" \/>\n<link rel=\"canonical\" href=\"https:\/\/exoticwhip.com\/es\/distribuidor\/\" \/>\n<meta property=\"og:locale\" content=\"es_ES\" \/>\n<meta property=\"og:type\" content=\"article\" \/>\n<meta property=\"og:title\" content=\"Distribuye el N2O ExoticWhip m\u00e1s vendido\" \/>\n<meta property=\"og:description\" content=\"Distribuye los productos de N2O m\u00e1s vendidos en el mercado con ExoticWhip y empieza a vivir tus sue\u00f1os comerciales\" \/>\n<meta property=\"og:url\" content=\"https:\/\/exoticwhip.com\/es\/distribuidor\/\" \/>\n<meta property=\"og:site_name\" content=\"Exotic Whip\" \/>\n<meta property=\"article:publisher\" content=\"https:\/\/www.facebook.com\/people\/ExoticWhip\/100067750994767\/\" \/>\n<meta property=\"article:modified_time\" content=\"2025-09-04T15:09:42+00:00\" \/>\n<meta property=\"og:image\" content=\"https:\/\/exoticwhip.com\/wp-content\/uploads\/EW-Feautred-image-1024x963.png\" \/>\n\t<meta property=\"og:image:width\" content=\"1024\" \/>\n\t<meta property=\"og:image:height\" content=\"963\" \/>\n\t<meta property=\"og:image:type\" content=\"image\/png\" \/>\n<meta name=\"twitter:card\" content=\"summary_large_image\" \/>\n<meta name=\"twitter:site\" content=\"@exoticwhipcream\" \/>\n<meta name=\"twitter:label1\" content=\"Tiempo de lectura\" \/>\n\t<meta name=\"twitter:data1\" content=\"5 minutos\" \/>\n<script type=\"application\/ld+json\" class=\"yoast-schema-graph\">{\"@context\":\"https:\/\/schema.org\",\"@graph\":[{\"@type\":\"WebPage\",\"@id\":\"https:\/\/exoticwhip.com\/es\/distribuidor\/\",\"url\":\"https:\/\/exoticwhip.com\/es\/distribuidor\/\",\"name\":\"Distribuye el N2O ExoticWhip m\u00e1s vendido\",\"isPartOf\":{\"@id\":\"https:\/\/exotic-whip.com\/#website\"},\"primaryImageOfPage\":{\"@id\":\"https:\/\/exoticwhip.com\/es\/distribuidor\/#primaryimage\"},\"image\":{\"@id\":\"https:\/\/exoticwhip.com\/es\/distribuidor\/#primaryimage\"},\"thumbnailUrl\":\"https:\/\/exoticwhip.com\/wp-content\/uploads\/EW-Feautred-image.png\",\"datePublished\":\"2024-05-13T19:31:11+00:00\",\"dateModified\":\"2025-09-04T15:09:42+00:00\",\"description\":\"Distribuye los productos de N2O m\u00e1s vendidos en el mercado con ExoticWhip y empieza a vivir tus sue\u00f1os comerciales\",\"breadcrumb\":{\"@id\":\"https:\/\/exoticwhip.com\/es\/distribuidor\/#breadcrumb\"},\"inLanguage\":\"es\",\"potentialAction\":[{\"@type\":\"ReadAction\",\"target\":[\"https:\/\/exoticwhip.com\/es\/distribuidor\/\"]}]},{\"@type\":\"ImageObject\",\"inLanguage\":\"es\",\"@id\":\"https:\/\/exoticwhip.com\/es\/distribuidor\/#primaryimage\",\"url\":\"https:\/\/exoticwhip.com\/wp-content\/uploads\/EW-Feautred-image.png\",\"contentUrl\":\"https:\/\/exoticwhip.com\/wp-content\/uploads\/EW-Feautred-image.png\",\"width\":1416,\"height\":1331},{\"@type\":\"BreadcrumbList\",\"@id\":\"https:\/\/exoticwhip.com\/es\/distribuidor\/#breadcrumb\",\"itemListElement\":[{\"@type\":\"ListItem\",\"position\":1,\"name\":\"Home\",\"item\":\"https:\/\/exoticwhip.com\/es\/\"},{\"@type\":\"ListItem\",\"position\":2,\"name\":\"Distribuidor\"}]},{\"@type\":\"WebSite\",\"@id\":\"https:\/\/exotic-whip.com\/#website\",\"url\":\"https:\/\/exotic-whip.com\/\",\"name\":\"Exotic Whip\",\"description\":\"Cream Charger N2O Cylinders\",\"publisher\":{\"@id\":\"https:\/\/exotic-whip.com\/#organization\"},\"alternateName\":\"ExoticWhip\",\"potentialAction\":[{\"@type\":\"SearchAction\",\"target\":{\"@type\":\"EntryPoint\",\"urlTemplate\":\"https:\/\/exotic-whip.com\/?s={search_term_string}\"},\"query-input\":{\"@type\":\"PropertyValueSpecification\",\"valueRequired\":true,\"valueName\":\"search_term_string\"}}],\"inLanguage\":\"es\"},{\"@type\":\"Organization\",\"@id\":\"https:\/\/exotic-whip.com\/#organization\",\"name\":\"Exotic Whip\",\"alternateName\":\"ExoticWhip\",\"url\":\"https:\/\/exotic-whip.com\/\",\"logo\":{\"@type\":\"ImageObject\",\"inLanguage\":\"es\",\"@id\":\"https:\/\/exotic-whip.com\/#\/schema\/logo\/image\/\",\"url\":\"https:\/\/exoticwhip.com\/wp-content\/uploads\/2021\/07\/exoticwhip-logo.png\",\"contentUrl\":\"https:\/\/exoticwhip.com\/wp-content\/uploads\/2021\/07\/exoticwhip-logo.png\",\"width\":245,\"height\":79,\"caption\":\"Exotic Whip\"},\"image\":{\"@id\":\"https:\/\/exotic-whip.com\/#\/schema\/logo\/image\/\"},\"sameAs\":[\"https:\/\/www.facebook.com\/people\/ExoticWhip\/100067750994767\/\",\"https:\/\/x.com\/exoticwhipcream\",\"https:\/\/www.instagram.com\/exoticwhipofficial\/\",\"https:\/\/www.tiktok.com\/@exoticwhipofficial\",\"https:\/\/www.youtube.com\/channel\/UCsYXBNnMrjeLyK9GsJC9UpQ\"]}]}<\/script>\n<!-- \/ Yoast SEO plugin. -->","yoast_head_json":{"title":"Distribuye el N2O ExoticWhip m\u00e1s vendido","description":"Distribuye los productos de N2O m\u00e1s vendidos en el mercado con ExoticWhip y empieza a vivir tus sue\u00f1os comerciales","robots":{"index":"index","follow":"follow","max-snippet":"max-snippet:-1","max-image-preview":"max-image-preview:large","max-video-preview":"max-video-preview:-1"},"canonical":"https:\/\/exoticwhip.com\/es\/distribuidor\/","og_locale":"es_ES","og_type":"article","og_title":"Distribuye el N2O ExoticWhip m\u00e1s vendido","og_description":"Distribuye los productos de N2O m\u00e1s vendidos en el mercado con ExoticWhip y empieza a vivir tus sue\u00f1os comerciales","og_url":"https:\/\/exoticwhip.com\/es\/distribuidor\/","og_site_name":"Exotic Whip","article_publisher":"https:\/\/www.facebook.com\/people\/ExoticWhip\/100067750994767\/","article_modified_time":"2025-09-04T15:09:42+00:00","og_image":[{"width":1024,"height":963,"url":"https:\/\/exoticwhip.com\/wp-content\/uploads\/EW-Feautred-image-1024x963.png","type":"image\/png"}],"twitter_card":"summary_large_image","twitter_site":"@exoticwhipcream","twitter_misc":{"Tiempo de lectura":"5 minutos"},"schema":{"@context":"https:\/\/schema.org","@graph":[{"@type":"WebPage","@id":"https:\/\/exoticwhip.com\/es\/distribuidor\/","url":"https:\/\/exoticwhip.com\/es\/distribuidor\/","name":"Distribuye el N2O ExoticWhip m\u00e1s vendido","isPartOf":{"@id":"https:\/\/exotic-whip.com\/#website"},"primaryImageOfPage":{"@id":"https:\/\/exoticwhip.com\/es\/distribuidor\/#primaryimage"},"image":{"@id":"https:\/\/exoticwhip.com\/es\/distribuidor\/#primaryimage"},"thumbnailUrl":"https:\/\/exoticwhip.com\/wp-content\/uploads\/EW-Feautred-image.png","datePublished":"2024-05-13T19:31:11+00:00","dateModified":"2025-09-04T15:09:42+00:00","description":"Distribuye los productos de N2O m\u00e1s vendidos en el mercado con ExoticWhip y empieza a vivir tus sue\u00f1os comerciales","breadcrumb":{"@id":"https:\/\/exoticwhip.com\/es\/distribuidor\/#breadcrumb"},"inLanguage":"es","potentialAction":[{"@type":"ReadAction","target":["https:\/\/exoticwhip.com\/es\/distribuidor\/"]}]},{"@type":"ImageObject","inLanguage":"es","@id":"https:\/\/exoticwhip.com\/es\/distribuidor\/#primaryimage","url":"https:\/\/exoticwhip.com\/wp-content\/uploads\/EW-Feautred-image.png","contentUrl":"https:\/\/exoticwhip.com\/wp-content\/uploads\/EW-Feautred-image.png","width":1416,"height":1331},{"@type":"BreadcrumbList","@id":"https:\/\/exoticwhip.com\/es\/distribuidor\/#breadcrumb","itemListElement":[{"@type":"ListItem","position":1,"name":"Home","item":"https:\/\/exoticwhip.com\/es\/"},{"@type":"ListItem","position":2,"name":"Distribuidor"}]},{"@type":"WebSite","@id":"https:\/\/exotic-whip.com\/#website","url":"https:\/\/exotic-whip.com\/","name":"Exotic Whip","description":"Cream Charger N2O Cylinders","publisher":{"@id":"https:\/\/exotic-whip.com\/#organization"},"alternateName":"ExoticWhip","potentialAction":[{"@type":"SearchAction","target":{"@type":"EntryPoint","urlTemplate":"https:\/\/exotic-whip.com\/?s={search_term_string}"},"query-input":{"@type":"PropertyValueSpecification","valueRequired":true,"valueName":"search_term_string"}}],"inLanguage":"es"},{"@type":"Organization","@id":"https:\/\/exotic-whip.com\/#organization","name":"Exotic Whip","alternateName":"ExoticWhip","url":"https:\/\/exotic-whip.com\/","logo":{"@type":"ImageObject","inLanguage":"es","@id":"https:\/\/exotic-whip.com\/#\/schema\/logo\/image\/","url":"https:\/\/exoticwhip.com\/wp-content\/uploads\/2021\/07\/exoticwhip-logo.png","contentUrl":"https:\/\/exoticwhip.com\/wp-content\/uploads\/2021\/07\/exoticwhip-logo.png","width":245,"height":79,"caption":"Exotic Whip"},"image":{"@id":"https:\/\/exotic-whip.com\/#\/schema\/logo\/image\/"},"sameAs":["https:\/\/www.facebook.com\/people\/ExoticWhip\/100067750994767\/","https:\/\/x.com\/exoticwhipcream","https:\/\/www.instagram.com\/exoticwhipofficial\/","https:\/\/www.tiktok.com\/@exoticwhipofficial","https:\/\/www.youtube.com\/channel\/UCsYXBNnMrjeLyK9GsJC9UpQ"]}]}},"_links":{"self":[{"href":"https:\/\/exoticwhip.com\/es\/wp-json\/wp\/v2\/pages\/29619","targetHints":{"allow":["GET"]}}],"collection":[{"href":"https:\/\/exoticwhip.com\/es\/wp-json\/wp\/v2\/pages"}],"about":[{"href":"https:\/\/exoticwhip.com\/es\/wp-json\/wp\/v2\/types\/page"}],"author":[{"embeddable":true,"href":"https:\/\/exoticwhip.com\/es\/wp-json\/wp\/v2\/users\/2000"}],"replies":[{"embeddable":true,"href":"https:\/\/exoticwhip.com\/es\/wp-json\/wp\/v2\/comments?post=29619"}],"version-history":[{"count":7,"href":"https:\/\/exoticwhip.com\/es\/wp-json\/wp\/v2\/pages\/29619\/revisions"}],"predecessor-version":[{"id":36790,"href":"https:\/\/exoticwhip.com\/es\/wp-json\/wp\/v2\/pages\/29619\/revisions\/36790"}],"wp:featuredmedia":[{"embeddable":true,"href":"https:\/\/exoticwhip.com\/es\/wp-json\/wp\/v2\/media\/34767"}],"wp:attachment":[{"href":"https:\/\/exoticwhip.com\/es\/wp-json\/wp\/v2\/media?parent=29619"}],"curies":[{"name":"wp","href":"https:\/\/api.w.org\/{rel}","templated":true}]}}