{"id":4354,"date":"2022-02-17T14:25:31","date_gmt":"2022-02-17T14:25:31","guid":{"rendered":"https:\/\/exotic-whip.com\/?page_id=4354"},"modified":"2024-07-25T14:37:15","modified_gmt":"2024-07-25T14:37:15","slug":"bombonas-de-gas","status":"publish","type":"page","link":"https:\/\/exoticwhip.com\/es\/bombonas-de-gas\/","title":{"rendered":"Bombonas de gas"},"content":{"rendered":"<h2>Bombonas de oxido nitroso<\/h2>\n<p>Por supuesto, las <a href=\"https:\/\/exoticwhip.com\/es\/oxido-nitroso-informacion\/\">bombonas de gas<\/a> tambi\u00e9n se pueden pedir en la tienda online. Nuestra amplia gama es popular y se ha establecido con \u00e9xito en el mercado. Las bombonas de gas est\u00e1n equipadas con un pomo giratorio. Esto es f\u00e1cil de usar y siempre se cierra de forma segura. La perilla se abre con cuidado y el globo se puede llenar con gas. Todos los prot\u00f3xidos se proporcionan con un sello. Esto asegura que cada botella no est\u00e9 abierta y tenga la cantidad indicada.<\/p>\n<p><a href=\"https:\/\/exoticwhip.com\/es\/producto\/cream-siphon\/\">Con las bombonas de gas se pueden crear coberturas de crema<\/a> firmes y especialmente sabrosas. Adem\u00e1s, la espuma de crema evoca maravillosas variantes de mousse. Ya sea con sabor a vainilla o chocolate, superan cada actuaci\u00f3n y sorprenden a los invitados. Cada c\u00f3ctel se convierte en una experiencia especial. Sobre todo, el topping de <a href=\"https:\/\/exoticwhip.com\/es\/producto\/cream-siphon\/\">nata montada<\/a> siempre acierta. Con la presi\u00f3n adecuada y las recetas asociadas, la crema profesional funciona exactamente como se describe en las recetas. No se requieren pruebas previas, solo roc\u00ede.<\/p>\n<h2>Bombonas de gas preciosas<\/h2>\n<p>En la gasolinera hay una amplia gama con las <a href=\"https:\/\/exoticwhip.com\/es\/oxido-nitroso-informacion\/\">bombonas oxido nitroso<\/a> y un mont\u00f3n de cosas. Por supuesto, las bombonas de gas se pueden recargar en cualquier momento. Las bombonas de gas son robustas y se pueden rellenar una y otra vez. La tecnolog\u00eda de bloqueo cumple con las m\u00e1s altas exigencias. Nuestra tecnolog\u00eda es madura y nuestros clientes satisfechos hablan por s\u00ed mismos. No importa si compras las bombonas oxido nitroso solas o con las bombonas de gas, enviamos nada m\u00e1s recibir el pedido. Las entregas se realizan a muchos pa\u00edses en unos pocos d\u00edas. Sin largos tiempos de espera. Nuestro muy buen servicio se encarga del env\u00edo seguro inmediatamente despu\u00e9s de recibir el pedido.<\/p>\n","protected":false},"excerpt":{"rendered":"<p>Bombonas de oxido nitroso Por supuesto, las bombonas de gas tambi\u00e9n se pueden pedir en la tienda online. Nuestra amplia gama es popular y se ha establecido con \u00e9xito en el mercado. Las bombonas de gas est\u00e1n equipadas con un pomo giratorio. Esto es f\u00e1cil de usar y siempre se cierra de forma segura. La [&hellip;]<\/p>\n","protected":false},"author":2343,"featured_media":2317,"parent":0,"menu_order":0,"comment_status":"closed","ping_status":"closed","template":"","meta":{"_acf_changed":false,"footnotes":""},"class_list":["post-4354","page","type-page","status-publish","has-post-thumbnail","hentry"],"acf":[],"yoast_head":"<!-- This site is optimized with the Yoast SEO plugin v27.2 - https:\/\/yoast.com\/product\/yoast-seo-wordpress\/ -->\n<title>Bombonas de Gas - Exotic Whip<\/title>\n<meta name=\"description\" content=\"Descubre nuestras bombonas de gas para reposter\u00eda y cocina. Compra las mejores en Exotic Whip y mejora tus creaciones culinarias.\" \/>\n<meta name=\"robots\" content=\"index, follow, max-snippet:-1, max-image-preview:large, max-video-preview:-1\" \/>\n<link rel=\"canonical\" href=\"https:\/\/exoticwhip.com\/es\/bombonas-de-gas\/\" \/>\n<meta property=\"og:locale\" content=\"es_ES\" \/>\n<meta property=\"og:type\" content=\"article\" \/>\n<meta property=\"og:title\" content=\"Bombonas de Gas - Exotic Whip\" \/>\n<meta property=\"og:description\" content=\"Descubre nuestras bombonas de gas para reposter\u00eda y cocina. Compra las mejores en Exotic Whip y mejora tus creaciones culinarias.\" \/>\n<meta property=\"og:url\" content=\"https:\/\/exoticwhip.com\/es\/bombonas-de-gas\/\" \/>\n<meta property=\"og:site_name\" content=\"Exotic Whip\" \/>\n<meta property=\"article:publisher\" content=\"https:\/\/www.facebook.com\/people\/ExoticWhip\/100067750994767\/\" \/>\n<meta property=\"article:modified_time\" content=\"2024-07-25T14:37:15+00:00\" \/>\n<meta property=\"og:image\" content=\"https:\/\/exotic-whip.com\/wp-content\/uploads\/2021\/02\/ExoticWhip-LosseFles-Compressed.png\" \/>\n\t<meta property=\"og:image:width\" content=\"1000\" \/>\n\t<meta property=\"og:image:height\" content=\"1000\" \/>\n\t<meta property=\"og:image:type\" content=\"image\/png\" \/>\n<meta name=\"twitter:card\" content=\"summary_large_image\" \/>\n<meta name=\"twitter:site\" content=\"@exoticwhipcream\" \/>\n<meta name=\"twitter:label1\" content=\"Tiempo de lectura\" \/>\n\t<meta name=\"twitter:data1\" content=\"2 minutos\" \/>\n<script type=\"application\/ld+json\" class=\"yoast-schema-graph\">{\"@context\":\"https:\/\/schema.org\",\"@graph\":[{\"@type\":[\"Article\",\"BlogPosting\"],\"@id\":\"https:\/\/exoticwhip.com\/es\/bombonas-de-gas\/#article\",\"isPartOf\":{\"@id\":\"https:\/\/exoticwhip.com\/es\/bombonas-de-gas\/\"},\"author\":{\"name\":\"Olivia Frost\",\"@id\":\"https:\/\/exotic-whip.com\/#\/schema\/person\/9d3cd5aa4f5c260fb0cb7110c78a2d4a\"},\"headline\":\"Bombonas de gas\",\"datePublished\":\"2022-02-17T14:25:31+00:00\",\"dateModified\":\"2024-07-25T14:37:15+00:00\",\"mainEntityOfPage\":{\"@id\":\"https:\/\/exoticwhip.com\/es\/bombonas-de-gas\/\"},\"wordCount\":315,\"publisher\":{\"@id\":\"https:\/\/exotic-whip.com\/#organization\"},\"image\":{\"@id\":\"https:\/\/exoticwhip.com\/es\/bombonas-de-gas\/#primaryimage\"},\"thumbnailUrl\":\"https:\/\/exoticwhip.com\/wp-content\/uploads\/2021\/02\/ExoticWhip-LosseFles-Compressed.png\",\"inLanguage\":\"es\"},{\"@type\":\"WebPage\",\"@id\":\"https:\/\/exoticwhip.com\/es\/bombonas-de-gas\/\",\"url\":\"https:\/\/exoticwhip.com\/es\/bombonas-de-gas\/\",\"name\":\"Bombonas de Gas - Exotic Whip\",\"isPartOf\":{\"@id\":\"https:\/\/exotic-whip.com\/#website\"},\"primaryImageOfPage\":{\"@id\":\"https:\/\/exoticwhip.com\/es\/bombonas-de-gas\/#primaryimage\"},\"image\":{\"@id\":\"https:\/\/exoticwhip.com\/es\/bombonas-de-gas\/#primaryimage\"},\"thumbnailUrl\":\"https:\/\/exoticwhip.com\/wp-content\/uploads\/2021\/02\/ExoticWhip-LosseFles-Compressed.png\",\"datePublished\":\"2022-02-17T14:25:31+00:00\",\"dateModified\":\"2024-07-25T14:37:15+00:00\",\"description\":\"Descubre nuestras bombonas de gas para reposter\u00eda y cocina. Compra las mejores en Exotic Whip y mejora tus creaciones culinarias.\",\"breadcrumb\":{\"@id\":\"https:\/\/exoticwhip.com\/es\/bombonas-de-gas\/#breadcrumb\"},\"inLanguage\":\"es\",\"potentialAction\":[{\"@type\":\"ReadAction\",\"target\":[\"https:\/\/exoticwhip.com\/es\/bombonas-de-gas\/\"]}]},{\"@type\":\"ImageObject\",\"inLanguage\":\"es\",\"@id\":\"https:\/\/exoticwhip.com\/es\/bombonas-de-gas\/#primaryimage\",\"url\":\"https:\/\/exoticwhip.com\/wp-content\/uploads\/2021\/02\/ExoticWhip-LosseFles-Compressed.png\",\"contentUrl\":\"https:\/\/exoticwhip.com\/wp-content\/uploads\/2021\/02\/ExoticWhip-LosseFles-Compressed.png\",\"width\":1000,\"height\":1000,\"caption\":\"Exotic Whip Cream Charger With 640g Nitrous Oxide\"},{\"@type\":\"BreadcrumbList\",\"@id\":\"https:\/\/exoticwhip.com\/es\/bombonas-de-gas\/#breadcrumb\",\"itemListElement\":[{\"@type\":\"ListItem\",\"position\":1,\"name\":\"Home\",\"item\":\"https:\/\/exoticwhip.com\/es\/\"},{\"@type\":\"ListItem\",\"position\":2,\"name\":\"Bombonas de gas\"}]},{\"@type\":\"WebSite\",\"@id\":\"https:\/\/exotic-whip.com\/#website\",\"url\":\"https:\/\/exotic-whip.com\/\",\"name\":\"Exotic Whip\",\"description\":\"Cream Charger N2O Cylinders\",\"publisher\":{\"@id\":\"https:\/\/exotic-whip.com\/#organization\"},\"alternateName\":\"ExoticWhip\",\"potentialAction\":[{\"@type\":\"SearchAction\",\"target\":{\"@type\":\"EntryPoint\",\"urlTemplate\":\"https:\/\/exotic-whip.com\/?s={search_term_string}\"},\"query-input\":{\"@type\":\"PropertyValueSpecification\",\"valueRequired\":true,\"valueName\":\"search_term_string\"}}],\"inLanguage\":\"es\"},{\"@type\":\"Organization\",\"@id\":\"https:\/\/exotic-whip.com\/#organization\",\"name\":\"Exotic Whip\",\"alternateName\":\"ExoticWhip\",\"url\":\"https:\/\/exotic-whip.com\/\",\"logo\":{\"@type\":\"ImageObject\",\"inLanguage\":\"es\",\"@id\":\"https:\/\/exotic-whip.com\/#\/schema\/logo\/image\/\",\"url\":\"https:\/\/exoticwhip.com\/wp-content\/uploads\/2021\/07\/exoticwhip-logo.png\",\"contentUrl\":\"https:\/\/exoticwhip.com\/wp-content\/uploads\/2021\/07\/exoticwhip-logo.png\",\"width\":245,\"height\":79,\"caption\":\"Exotic Whip\"},\"image\":{\"@id\":\"https:\/\/exotic-whip.com\/#\/schema\/logo\/image\/\"},\"sameAs\":[\"https:\/\/www.facebook.com\/people\/ExoticWhip\/100067750994767\/\",\"https:\/\/x.com\/exoticwhipcream\",\"https:\/\/www.instagram.com\/exoticwhipofficial\/\",\"https:\/\/www.tiktok.com\/@exoticwhipofficial\",\"https:\/\/www.youtube.com\/channel\/UCsYXBNnMrjeLyK9GsJC9UpQ\"]},{\"@type\":\"Person\",\"@id\":\"https:\/\/exotic-whip.com\/#\/schema\/person\/9d3cd5aa4f5c260fb0cb7110c78a2d4a\",\"name\":\"Olivia Frost\",\"description\":\"Olivia Frost is a seasoned pastry chef and culinary expert, specializing in the art of creating delightful desserts. With a passion for innovation and a keen understanding of kitchen tools, she shares her expertise on whip cream chargers and nitrous oxide cylinders through her engaging blog.\",\"sameAs\":[\"https:\/\/exoticwhip.com\/olivia-frost\/\",\"https:\/\/www.instagram.com\/oliviafrost1990\/\",\"https:\/\/www.linkedin.com\/in\/chef-olivia-frost\/\",\"https:\/\/x.com\/OliviaFrost1990\"],\"url\":\"https:\/\/exoticwhip.com\/es\/author\/expertmixologist\/\"}]}<\/script>\n<!-- \/ Yoast SEO plugin. -->","yoast_head_json":{"title":"Bombonas de Gas - Exotic Whip","description":"Descubre nuestras bombonas de gas para reposter\u00eda y cocina. Compra las mejores en Exotic Whip y mejora tus creaciones culinarias.","robots":{"index":"index","follow":"follow","max-snippet":"max-snippet:-1","max-image-preview":"max-image-preview:large","max-video-preview":"max-video-preview:-1"},"canonical":"https:\/\/exoticwhip.com\/es\/bombonas-de-gas\/","og_locale":"es_ES","og_type":"article","og_title":"Bombonas de Gas - Exotic Whip","og_description":"Descubre nuestras bombonas de gas para reposter\u00eda y cocina. Compra las mejores en Exotic Whip y mejora tus creaciones culinarias.","og_url":"https:\/\/exoticwhip.com\/es\/bombonas-de-gas\/","og_site_name":"Exotic Whip","article_publisher":"https:\/\/www.facebook.com\/people\/ExoticWhip\/100067750994767\/","article_modified_time":"2024-07-25T14:37:15+00:00","og_image":[{"width":1000,"height":1000,"url":"https:\/\/exotic-whip.com\/wp-content\/uploads\/2021\/02\/ExoticWhip-LosseFles-Compressed.png","type":"image\/png"}],"twitter_card":"summary_large_image","twitter_site":"@exoticwhipcream","twitter_misc":{"Tiempo de lectura":"2 minutos"},"schema":{"@context":"https:\/\/schema.org","@graph":[{"@type":["Article","BlogPosting"],"@id":"https:\/\/exoticwhip.com\/es\/bombonas-de-gas\/#article","isPartOf":{"@id":"https:\/\/exoticwhip.com\/es\/bombonas-de-gas\/"},"author":{"name":"Olivia Frost","@id":"https:\/\/exotic-whip.com\/#\/schema\/person\/9d3cd5aa4f5c260fb0cb7110c78a2d4a"},"headline":"Bombonas de gas","datePublished":"2022-02-17T14:25:31+00:00","dateModified":"2024-07-25T14:37:15+00:00","mainEntityOfPage":{"@id":"https:\/\/exoticwhip.com\/es\/bombonas-de-gas\/"},"wordCount":315,"publisher":{"@id":"https:\/\/exotic-whip.com\/#organization"},"image":{"@id":"https:\/\/exoticwhip.com\/es\/bombonas-de-gas\/#primaryimage"},"thumbnailUrl":"https:\/\/exoticwhip.com\/wp-content\/uploads\/2021\/02\/ExoticWhip-LosseFles-Compressed.png","inLanguage":"es"},{"@type":"WebPage","@id":"https:\/\/exoticwhip.com\/es\/bombonas-de-gas\/","url":"https:\/\/exoticwhip.com\/es\/bombonas-de-gas\/","name":"Bombonas de Gas - Exotic Whip","isPartOf":{"@id":"https:\/\/exotic-whip.com\/#website"},"primaryImageOfPage":{"@id":"https:\/\/exoticwhip.com\/es\/bombonas-de-gas\/#primaryimage"},"image":{"@id":"https:\/\/exoticwhip.com\/es\/bombonas-de-gas\/#primaryimage"},"thumbnailUrl":"https:\/\/exoticwhip.com\/wp-content\/uploads\/2021\/02\/ExoticWhip-LosseFles-Compressed.png","datePublished":"2022-02-17T14:25:31+00:00","dateModified":"2024-07-25T14:37:15+00:00","description":"Descubre nuestras bombonas de gas para reposter\u00eda y cocina. Compra las mejores en Exotic Whip y mejora tus creaciones culinarias.","breadcrumb":{"@id":"https:\/\/exoticwhip.com\/es\/bombonas-de-gas\/#breadcrumb"},"inLanguage":"es","potentialAction":[{"@type":"ReadAction","target":["https:\/\/exoticwhip.com\/es\/bombonas-de-gas\/"]}]},{"@type":"ImageObject","inLanguage":"es","@id":"https:\/\/exoticwhip.com\/es\/bombonas-de-gas\/#primaryimage","url":"https:\/\/exoticwhip.com\/wp-content\/uploads\/2021\/02\/ExoticWhip-LosseFles-Compressed.png","contentUrl":"https:\/\/exoticwhip.com\/wp-content\/uploads\/2021\/02\/ExoticWhip-LosseFles-Compressed.png","width":1000,"height":1000,"caption":"Exotic Whip Cream Charger With 640g Nitrous Oxide"},{"@type":"BreadcrumbList","@id":"https:\/\/exoticwhip.com\/es\/bombonas-de-gas\/#breadcrumb","itemListElement":[{"@type":"ListItem","position":1,"name":"Home","item":"https:\/\/exoticwhip.com\/es\/"},{"@type":"ListItem","position":2,"name":"Bombonas de gas"}]},{"@type":"WebSite","@id":"https:\/\/exotic-whip.com\/#website","url":"https:\/\/exotic-whip.com\/","name":"Exotic Whip","description":"Cream Charger N2O Cylinders","publisher":{"@id":"https:\/\/exotic-whip.com\/#organization"},"alternateName":"ExoticWhip","potentialAction":[{"@type":"SearchAction","target":{"@type":"EntryPoint","urlTemplate":"https:\/\/exotic-whip.com\/?s={search_term_string}"},"query-input":{"@type":"PropertyValueSpecification","valueRequired":true,"valueName":"search_term_string"}}],"inLanguage":"es"},{"@type":"Organization","@id":"https:\/\/exotic-whip.com\/#organization","name":"Exotic Whip","alternateName":"ExoticWhip","url":"https:\/\/exotic-whip.com\/","logo":{"@type":"ImageObject","inLanguage":"es","@id":"https:\/\/exotic-whip.com\/#\/schema\/logo\/image\/","url":"https:\/\/exoticwhip.com\/wp-content\/uploads\/2021\/07\/exoticwhip-logo.png","contentUrl":"https:\/\/exoticwhip.com\/wp-content\/uploads\/2021\/07\/exoticwhip-logo.png","width":245,"height":79,"caption":"Exotic Whip"},"image":{"@id":"https:\/\/exotic-whip.com\/#\/schema\/logo\/image\/"},"sameAs":["https:\/\/www.facebook.com\/people\/ExoticWhip\/100067750994767\/","https:\/\/x.com\/exoticwhipcream","https:\/\/www.instagram.com\/exoticwhipofficial\/","https:\/\/www.tiktok.com\/@exoticwhipofficial","https:\/\/www.youtube.com\/channel\/UCsYXBNnMrjeLyK9GsJC9UpQ"]},{"@type":"Person","@id":"https:\/\/exotic-whip.com\/#\/schema\/person\/9d3cd5aa4f5c260fb0cb7110c78a2d4a","name":"Olivia Frost","description":"Olivia Frost is a seasoned pastry chef and culinary expert, specializing in the art of creating delightful desserts. With a passion for innovation and a keen understanding of kitchen tools, she shares her expertise on whip cream chargers and nitrous oxide cylinders through her engaging blog.","sameAs":["https:\/\/exoticwhip.com\/olivia-frost\/","https:\/\/www.instagram.com\/oliviafrost1990\/","https:\/\/www.linkedin.com\/in\/chef-olivia-frost\/","https:\/\/x.com\/OliviaFrost1990"],"url":"https:\/\/exoticwhip.com\/es\/author\/expertmixologist\/"}]}},"_links":{"self":[{"href":"https:\/\/exoticwhip.com\/es\/wp-json\/wp\/v2\/pages\/4354","targetHints":{"allow":["GET"]}}],"collection":[{"href":"https:\/\/exoticwhip.com\/es\/wp-json\/wp\/v2\/pages"}],"about":[{"href":"https:\/\/exoticwhip.com\/es\/wp-json\/wp\/v2\/types\/page"}],"author":[{"embeddable":true,"href":"https:\/\/exoticwhip.com\/es\/wp-json\/wp\/v2\/users\/2343"}],"replies":[{"embeddable":true,"href":"https:\/\/exoticwhip.com\/es\/wp-json\/wp\/v2\/comments?post=4354"}],"version-history":[{"count":9,"href":"https:\/\/exoticwhip.com\/es\/wp-json\/wp\/v2\/pages\/4354\/revisions"}],"predecessor-version":[{"id":29881,"href":"https:\/\/exoticwhip.com\/es\/wp-json\/wp\/v2\/pages\/4354\/revisions\/29881"}],"wp:featuredmedia":[{"embeddable":true,"href":"https:\/\/exoticwhip.com\/es\/wp-json\/wp\/v2\/media\/2317"}],"wp:attachment":[{"href":"https:\/\/exoticwhip.com\/es\/wp-json\/wp\/v2\/media?parent=4354"}],"curies":[{"name":"wp","href":"https:\/\/api.w.org\/{rel}","templated":true}]}}