{"id":4360,"date":"2022-02-17T14:27:40","date_gmt":"2022-02-17T14:27:40","guid":{"rendered":"https:\/\/exotic-whip.com\/?page_id=4360"},"modified":"2025-03-27T14:37:07","modified_gmt":"2025-03-27T14:37:07","slug":"oxido-nitroso-informacion","status":"publish","type":"page","link":"https:\/\/exoticwhip.com\/es\/oxido-nitroso-informacion\/","title":{"rendered":"\u00d3xido Nitroso informacion"},"content":{"rendered":"<h2>\u00d3xido nitroso: todo lo que necesita saber<\/h2>\n<p>Cualquiera que haya estado alguna vez en una celebraci\u00f3n m\u00e1s grande conoce la vista de innumerables globos flotantes, lo que inspira a los invitados j\u00f3venes y mayores por igual. Pero el oxido nitroso no se usa para llenar globos, porque la crema batida en el pastel de cumplea\u00f1os tambi\u00e9n se decor\u00f3 con la ayuda de un <strong><a href=\"https:\/\/exoticwhip.com\/es\/product-categorie\/cylinders-es\/\">cartucho de oxido nitroso<\/a><\/strong>. Con tanto alboroto por el gas divertido, es importante encontrar un proveedor seguro y confiable al comprar oxido nitroso. Es por eso que estamos echando un vistazo al<strong> <a href=\"https:\/\/exoticwhip.com\/es\/\">especialista en \u00f3xido nitroso<\/a><\/strong> (el t\u00e9rmino cient\u00edfico para comprar c\u00e1psulas).<\/p>\n<p style=\"text-align: center;\"><a class=\"button button--primary hero__button\" style=\"color: #ffffff;\" href=\"https:\/\/exoticwhip.com\/es\/distribuidor\/\">Convi\u00e9rtete en Distribuidor<\/a><\/p>\n<p>Desde el principio, el sitio llama la atenci\u00f3n con im\u00e1genes grandes y una interfaz clara, quien lea se dar\u00e1 cuenta de inmediato que los operadores valoran un procesamiento r\u00e1pido y sin complicaciones al comprar c\u00e1psulas. Por un lado, el paquete se env\u00eda de forma discreta, es decir, sin publicidad, y por otro lado, marcas de prestigio como Mosa, Hendy o Kayser siempre est\u00e1n en stock y, por lo tanto, listas para su env\u00edo casi de inmediato. Adem\u00e1s, se se\u00f1ala que todos los cartuchos de \u00f3xido nitroso, bombona oxido nitroso y otros <a href=\"https:\/\/exoticwhip.com\/es\/bombonas-de-gas\/\"><strong>recipientes de gas<\/strong><\/a> siempre han sido certificados y estrictamente probados. Sin embargo, los operadores de Sahne-Kassel.de tambi\u00e9n se preocupan por un precio justo que sea soportable para la competencia pero sobre todo para el cliente.<\/p>\n<p>Cualquiera que tenga un uso para el gas puede comprar oxido nitroso aqu\u00ed, ya que una amplia gama de productos debe satisfacer todas las necesidades posibles de los clientes. Por ejemplo, las c\u00e1psulas de crema que se utilizan en un dispositivo de pulverizaci\u00f3n se venden por la crema. Los globos se inflan con cartuchos especiales de comprar c\u00e1psulas e incluso inhalarlos no representa ning\u00fan riesgo para la salud ya que es seguro para los alimentos y absolutamente puro. Tambi\u00e9n se recomienda la decisi\u00f3n de comprar porque la tienda vende y, por lo tanto, los productos cumplen con las normas de seguridad alemanas y europeas.<\/p>\n<p>Si desea comprar gas de la risa tambi\u00e9n debe saber que el gas que se ofrece aqu\u00ed no tiene sabor y no se puede distinguir del aire ambiente, al menos a simple vista. Especialmente para su uso en eventos o fiestas de cumplea\u00f1os infantiles, es importante que este gas de la risa no sea inflamable y por tanto no suponga un peligro para los invitados. Los cartuchos y c\u00e1psulas se mantienen simples y r\u00e1pidamente listos para usar.<\/p>\n<p>Para garantizar que as\u00ed sea, se ofrecen varias opciones de env\u00edo y variaciones de pedido al comprar gas de la risa. Se puede resumir que esta tienda quiere ofrecer al cliente una experiencia de compra integral a la hora de \u00ab<a href=\"\/es\/product-categorie\/todos\/\"><strong>Comprar oxido nitroso<\/strong><\/a>\u00ab, y eso a buenos precios.<\/p>\n","protected":false},"excerpt":{"rendered":"<p>\u00d3xido nitroso: todo lo que necesita saber Cualquiera que haya estado alguna vez en una celebraci\u00f3n m\u00e1s grande conoce la vista de innumerables globos flotantes, lo que inspira a los invitados j\u00f3venes y mayores por igual. Pero el oxido nitroso no se usa para llenar globos, porque la crema batida en el pastel de cumplea\u00f1os [&hellip;]<\/p>\n","protected":false},"author":2343,"featured_media":3876,"parent":0,"menu_order":0,"comment_status":"closed","ping_status":"closed","template":"","meta":{"_acf_changed":false,"footnotes":""},"class_list":["post-4360","page","type-page","status-publish","has-post-thumbnail","hentry"],"acf":[],"yoast_head":"<!-- This site is optimized with the Yoast SEO plugin v27.2 - https:\/\/yoast.com\/product\/yoast-seo-wordpress\/ -->\n<title>\u00d3xido Nitroso informacion: todo lo que necesita saber - Exotic Whip<\/title>\n<meta name=\"description\" content=\"El \u00f3xido nitroso y toda la informaci\u00f3n que necesita para familiarizarse con el N2O. Lea sobre los fundamentos del N2O aqu\u00ed.\" \/>\n<meta name=\"robots\" content=\"index, follow, max-snippet:-1, max-image-preview:large, max-video-preview:-1\" \/>\n<link rel=\"canonical\" href=\"https:\/\/exoticwhip.com\/es\/oxido-nitroso-informacion\/\" \/>\n<meta property=\"og:locale\" content=\"es_ES\" \/>\n<meta property=\"og:type\" content=\"article\" \/>\n<meta property=\"og:title\" content=\"\u00d3xido Nitroso informacion: todo lo que necesita saber - Exotic Whip\" \/>\n<meta property=\"og:description\" content=\"El \u00f3xido nitroso y toda la informaci\u00f3n que necesita para familiarizarse con el N2O. Lea sobre los fundamentos del N2O aqu\u00ed.\" \/>\n<meta property=\"og:url\" content=\"https:\/\/exoticwhip.com\/es\/oxido-nitroso-informacion\/\" \/>\n<meta property=\"og:site_name\" content=\"Exotic Whip\" \/>\n<meta property=\"article:publisher\" content=\"https:\/\/www.facebook.com\/people\/ExoticWhip\/100067750994767\/\" \/>\n<meta property=\"article:modified_time\" content=\"2025-03-27T14:37:07+00:00\" \/>\n<meta property=\"og:image\" content=\"https:\/\/exotic-whip.com\/wp-content\/uploads\/2021\/08\/ExoticWhipPalletResized.jpg\" \/>\n\t<meta property=\"og:image:width\" content=\"1000\" \/>\n\t<meta property=\"og:image:height\" content=\"1000\" \/>\n\t<meta property=\"og:image:type\" content=\"image\/jpeg\" \/>\n<meta name=\"twitter:card\" content=\"summary_large_image\" \/>\n<meta name=\"twitter:site\" content=\"@exoticwhipcream\" \/>\n<meta name=\"twitter:label1\" content=\"Tiempo de lectura\" \/>\n\t<meta name=\"twitter:data1\" content=\"3 minutos\" \/>\n<script type=\"application\/ld+json\" class=\"yoast-schema-graph\">{\"@context\":\"https:\/\/schema.org\",\"@graph\":[{\"@type\":[\"Article\",\"BlogPosting\"],\"@id\":\"https:\/\/exoticwhip.com\/es\/oxido-nitroso-informacion\/#article\",\"isPartOf\":{\"@id\":\"https:\/\/exoticwhip.com\/es\/oxido-nitroso-informacion\/\"},\"author\":{\"name\":\"Olivia Frost\",\"@id\":\"https:\/\/exotic-whip.com\/#\/schema\/person\/9d3cd5aa4f5c260fb0cb7110c78a2d4a\"},\"headline\":\"\u00d3xido Nitroso informacion\",\"datePublished\":\"2022-02-17T14:27:40+00:00\",\"dateModified\":\"2025-03-27T14:37:07+00:00\",\"mainEntityOfPage\":{\"@id\":\"https:\/\/exoticwhip.com\/es\/oxido-nitroso-informacion\/\"},\"wordCount\":497,\"publisher\":{\"@id\":\"https:\/\/exotic-whip.com\/#organization\"},\"image\":{\"@id\":\"https:\/\/exoticwhip.com\/es\/oxido-nitroso-informacion\/#primaryimage\"},\"thumbnailUrl\":\"https:\/\/exoticwhip.com\/wp-content\/uploads\/2021\/08\/ExoticWhipPalletResized.jpg\",\"inLanguage\":\"es\"},{\"@type\":\"WebPage\",\"@id\":\"https:\/\/exoticwhip.com\/es\/oxido-nitroso-informacion\/\",\"url\":\"https:\/\/exoticwhip.com\/es\/oxido-nitroso-informacion\/\",\"name\":\"\u00d3xido Nitroso informacion: todo lo que necesita saber - Exotic Whip\",\"isPartOf\":{\"@id\":\"https:\/\/exotic-whip.com\/#website\"},\"primaryImageOfPage\":{\"@id\":\"https:\/\/exoticwhip.com\/es\/oxido-nitroso-informacion\/#primaryimage\"},\"image\":{\"@id\":\"https:\/\/exoticwhip.com\/es\/oxido-nitroso-informacion\/#primaryimage\"},\"thumbnailUrl\":\"https:\/\/exoticwhip.com\/wp-content\/uploads\/2021\/08\/ExoticWhipPalletResized.jpg\",\"datePublished\":\"2022-02-17T14:27:40+00:00\",\"dateModified\":\"2025-03-27T14:37:07+00:00\",\"description\":\"El \u00f3xido nitroso y toda la informaci\u00f3n que necesita para familiarizarse con el N2O. Lea sobre los fundamentos del N2O aqu\u00ed.\",\"breadcrumb\":{\"@id\":\"https:\/\/exoticwhip.com\/es\/oxido-nitroso-informacion\/#breadcrumb\"},\"inLanguage\":\"es\",\"potentialAction\":[{\"@type\":\"ReadAction\",\"target\":[\"https:\/\/exoticwhip.com\/es\/oxido-nitroso-informacion\/\"]}]},{\"@type\":\"ImageObject\",\"inLanguage\":\"es\",\"@id\":\"https:\/\/exoticwhip.com\/es\/oxido-nitroso-informacion\/#primaryimage\",\"url\":\"https:\/\/exoticwhip.com\/wp-content\/uploads\/2021\/08\/ExoticWhipPalletResized.jpg\",\"contentUrl\":\"https:\/\/exoticwhip.com\/wp-content\/uploads\/2021\/08\/ExoticWhipPalletResized.jpg\",\"width\":1000,\"height\":1000,\"caption\":\"Exotic Whip Cream Chargers in Wholesale Prices | Become a Distributor\"},{\"@type\":\"BreadcrumbList\",\"@id\":\"https:\/\/exoticwhip.com\/es\/oxido-nitroso-informacion\/#breadcrumb\",\"itemListElement\":[{\"@type\":\"ListItem\",\"position\":1,\"name\":\"Home\",\"item\":\"https:\/\/exoticwhip.com\/es\/\"},{\"@type\":\"ListItem\",\"position\":2,\"name\":\"\u00d3xido Nitroso informacion\"}]},{\"@type\":\"WebSite\",\"@id\":\"https:\/\/exotic-whip.com\/#website\",\"url\":\"https:\/\/exotic-whip.com\/\",\"name\":\"Exotic Whip\",\"description\":\"Cream Charger N2O Cylinders\",\"publisher\":{\"@id\":\"https:\/\/exotic-whip.com\/#organization\"},\"alternateName\":\"ExoticWhip\",\"potentialAction\":[{\"@type\":\"SearchAction\",\"target\":{\"@type\":\"EntryPoint\",\"urlTemplate\":\"https:\/\/exotic-whip.com\/?s={search_term_string}\"},\"query-input\":{\"@type\":\"PropertyValueSpecification\",\"valueRequired\":true,\"valueName\":\"search_term_string\"}}],\"inLanguage\":\"es\"},{\"@type\":\"Organization\",\"@id\":\"https:\/\/exotic-whip.com\/#organization\",\"name\":\"Exotic Whip\",\"alternateName\":\"ExoticWhip\",\"url\":\"https:\/\/exotic-whip.com\/\",\"logo\":{\"@type\":\"ImageObject\",\"inLanguage\":\"es\",\"@id\":\"https:\/\/exotic-whip.com\/#\/schema\/logo\/image\/\",\"url\":\"https:\/\/exoticwhip.com\/wp-content\/uploads\/2021\/07\/exoticwhip-logo.png\",\"contentUrl\":\"https:\/\/exoticwhip.com\/wp-content\/uploads\/2021\/07\/exoticwhip-logo.png\",\"width\":245,\"height\":79,\"caption\":\"Exotic Whip\"},\"image\":{\"@id\":\"https:\/\/exotic-whip.com\/#\/schema\/logo\/image\/\"},\"sameAs\":[\"https:\/\/www.facebook.com\/people\/ExoticWhip\/100067750994767\/\",\"https:\/\/x.com\/exoticwhipcream\",\"https:\/\/www.instagram.com\/exoticwhipofficial\/\",\"https:\/\/www.tiktok.com\/@exoticwhipofficial\",\"https:\/\/www.youtube.com\/channel\/UCsYXBNnMrjeLyK9GsJC9UpQ\"]},{\"@type\":\"Person\",\"@id\":\"https:\/\/exotic-whip.com\/#\/schema\/person\/9d3cd5aa4f5c260fb0cb7110c78a2d4a\",\"name\":\"Olivia Frost\",\"description\":\"Olivia Frost is a seasoned pastry chef and culinary expert, specializing in the art of creating delightful desserts. With a passion for innovation and a keen understanding of kitchen tools, she shares her expertise on whip cream chargers and nitrous oxide cylinders through her engaging blog.\",\"sameAs\":[\"https:\/\/exoticwhip.com\/olivia-frost\/\",\"https:\/\/www.instagram.com\/oliviafrost1990\/\",\"https:\/\/www.linkedin.com\/in\/chef-olivia-frost\/\",\"https:\/\/x.com\/OliviaFrost1990\"],\"url\":\"https:\/\/exoticwhip.com\/es\/author\/expertmixologist\/\"}]}<\/script>\n<!-- \/ Yoast SEO plugin. -->","yoast_head_json":{"title":"\u00d3xido Nitroso informacion: todo lo que necesita saber - Exotic Whip","description":"El \u00f3xido nitroso y toda la informaci\u00f3n que necesita para familiarizarse con el N2O. Lea sobre los fundamentos del N2O aqu\u00ed.","robots":{"index":"index","follow":"follow","max-snippet":"max-snippet:-1","max-image-preview":"max-image-preview:large","max-video-preview":"max-video-preview:-1"},"canonical":"https:\/\/exoticwhip.com\/es\/oxido-nitroso-informacion\/","og_locale":"es_ES","og_type":"article","og_title":"\u00d3xido Nitroso informacion: todo lo que necesita saber - Exotic Whip","og_description":"El \u00f3xido nitroso y toda la informaci\u00f3n que necesita para familiarizarse con el N2O. Lea sobre los fundamentos del N2O aqu\u00ed.","og_url":"https:\/\/exoticwhip.com\/es\/oxido-nitroso-informacion\/","og_site_name":"Exotic Whip","article_publisher":"https:\/\/www.facebook.com\/people\/ExoticWhip\/100067750994767\/","article_modified_time":"2025-03-27T14:37:07+00:00","og_image":[{"width":1000,"height":1000,"url":"https:\/\/exotic-whip.com\/wp-content\/uploads\/2021\/08\/ExoticWhipPalletResized.jpg","type":"image\/jpeg"}],"twitter_card":"summary_large_image","twitter_site":"@exoticwhipcream","twitter_misc":{"Tiempo de lectura":"3 minutos"},"schema":{"@context":"https:\/\/schema.org","@graph":[{"@type":["Article","BlogPosting"],"@id":"https:\/\/exoticwhip.com\/es\/oxido-nitroso-informacion\/#article","isPartOf":{"@id":"https:\/\/exoticwhip.com\/es\/oxido-nitroso-informacion\/"},"author":{"name":"Olivia Frost","@id":"https:\/\/exotic-whip.com\/#\/schema\/person\/9d3cd5aa4f5c260fb0cb7110c78a2d4a"},"headline":"\u00d3xido Nitroso informacion","datePublished":"2022-02-17T14:27:40+00:00","dateModified":"2025-03-27T14:37:07+00:00","mainEntityOfPage":{"@id":"https:\/\/exoticwhip.com\/es\/oxido-nitroso-informacion\/"},"wordCount":497,"publisher":{"@id":"https:\/\/exotic-whip.com\/#organization"},"image":{"@id":"https:\/\/exoticwhip.com\/es\/oxido-nitroso-informacion\/#primaryimage"},"thumbnailUrl":"https:\/\/exoticwhip.com\/wp-content\/uploads\/2021\/08\/ExoticWhipPalletResized.jpg","inLanguage":"es"},{"@type":"WebPage","@id":"https:\/\/exoticwhip.com\/es\/oxido-nitroso-informacion\/","url":"https:\/\/exoticwhip.com\/es\/oxido-nitroso-informacion\/","name":"\u00d3xido Nitroso informacion: todo lo que necesita saber - Exotic Whip","isPartOf":{"@id":"https:\/\/exotic-whip.com\/#website"},"primaryImageOfPage":{"@id":"https:\/\/exoticwhip.com\/es\/oxido-nitroso-informacion\/#primaryimage"},"image":{"@id":"https:\/\/exoticwhip.com\/es\/oxido-nitroso-informacion\/#primaryimage"},"thumbnailUrl":"https:\/\/exoticwhip.com\/wp-content\/uploads\/2021\/08\/ExoticWhipPalletResized.jpg","datePublished":"2022-02-17T14:27:40+00:00","dateModified":"2025-03-27T14:37:07+00:00","description":"El \u00f3xido nitroso y toda la informaci\u00f3n que necesita para familiarizarse con el N2O. Lea sobre los fundamentos del N2O aqu\u00ed.","breadcrumb":{"@id":"https:\/\/exoticwhip.com\/es\/oxido-nitroso-informacion\/#breadcrumb"},"inLanguage":"es","potentialAction":[{"@type":"ReadAction","target":["https:\/\/exoticwhip.com\/es\/oxido-nitroso-informacion\/"]}]},{"@type":"ImageObject","inLanguage":"es","@id":"https:\/\/exoticwhip.com\/es\/oxido-nitroso-informacion\/#primaryimage","url":"https:\/\/exoticwhip.com\/wp-content\/uploads\/2021\/08\/ExoticWhipPalletResized.jpg","contentUrl":"https:\/\/exoticwhip.com\/wp-content\/uploads\/2021\/08\/ExoticWhipPalletResized.jpg","width":1000,"height":1000,"caption":"Exotic Whip Cream Chargers in Wholesale Prices | Become a Distributor"},{"@type":"BreadcrumbList","@id":"https:\/\/exoticwhip.com\/es\/oxido-nitroso-informacion\/#breadcrumb","itemListElement":[{"@type":"ListItem","position":1,"name":"Home","item":"https:\/\/exoticwhip.com\/es\/"},{"@type":"ListItem","position":2,"name":"\u00d3xido Nitroso informacion"}]},{"@type":"WebSite","@id":"https:\/\/exotic-whip.com\/#website","url":"https:\/\/exotic-whip.com\/","name":"Exotic Whip","description":"Cream Charger N2O Cylinders","publisher":{"@id":"https:\/\/exotic-whip.com\/#organization"},"alternateName":"ExoticWhip","potentialAction":[{"@type":"SearchAction","target":{"@type":"EntryPoint","urlTemplate":"https:\/\/exotic-whip.com\/?s={search_term_string}"},"query-input":{"@type":"PropertyValueSpecification","valueRequired":true,"valueName":"search_term_string"}}],"inLanguage":"es"},{"@type":"Organization","@id":"https:\/\/exotic-whip.com\/#organization","name":"Exotic Whip","alternateName":"ExoticWhip","url":"https:\/\/exotic-whip.com\/","logo":{"@type":"ImageObject","inLanguage":"es","@id":"https:\/\/exotic-whip.com\/#\/schema\/logo\/image\/","url":"https:\/\/exoticwhip.com\/wp-content\/uploads\/2021\/07\/exoticwhip-logo.png","contentUrl":"https:\/\/exoticwhip.com\/wp-content\/uploads\/2021\/07\/exoticwhip-logo.png","width":245,"height":79,"caption":"Exotic Whip"},"image":{"@id":"https:\/\/exotic-whip.com\/#\/schema\/logo\/image\/"},"sameAs":["https:\/\/www.facebook.com\/people\/ExoticWhip\/100067750994767\/","https:\/\/x.com\/exoticwhipcream","https:\/\/www.instagram.com\/exoticwhipofficial\/","https:\/\/www.tiktok.com\/@exoticwhipofficial","https:\/\/www.youtube.com\/channel\/UCsYXBNnMrjeLyK9GsJC9UpQ"]},{"@type":"Person","@id":"https:\/\/exotic-whip.com\/#\/schema\/person\/9d3cd5aa4f5c260fb0cb7110c78a2d4a","name":"Olivia Frost","description":"Olivia Frost is a seasoned pastry chef and culinary expert, specializing in the art of creating delightful desserts. With a passion for innovation and a keen understanding of kitchen tools, she shares her expertise on whip cream chargers and nitrous oxide cylinders through her engaging blog.","sameAs":["https:\/\/exoticwhip.com\/olivia-frost\/","https:\/\/www.instagram.com\/oliviafrost1990\/","https:\/\/www.linkedin.com\/in\/chef-olivia-frost\/","https:\/\/x.com\/OliviaFrost1990"],"url":"https:\/\/exoticwhip.com\/es\/author\/expertmixologist\/"}]}},"_links":{"self":[{"href":"https:\/\/exoticwhip.com\/es\/wp-json\/wp\/v2\/pages\/4360","targetHints":{"allow":["GET"]}}],"collection":[{"href":"https:\/\/exoticwhip.com\/es\/wp-json\/wp\/v2\/pages"}],"about":[{"href":"https:\/\/exoticwhip.com\/es\/wp-json\/wp\/v2\/types\/page"}],"author":[{"embeddable":true,"href":"https:\/\/exoticwhip.com\/es\/wp-json\/wp\/v2\/users\/2343"}],"replies":[{"embeddable":true,"href":"https:\/\/exoticwhip.com\/es\/wp-json\/wp\/v2\/comments?post=4360"}],"version-history":[{"count":10,"href":"https:\/\/exoticwhip.com\/es\/wp-json\/wp\/v2\/pages\/4360\/revisions"}],"predecessor-version":[{"id":33544,"href":"https:\/\/exoticwhip.com\/es\/wp-json\/wp\/v2\/pages\/4360\/revisions\/33544"}],"wp:featuredmedia":[{"embeddable":true,"href":"https:\/\/exoticwhip.com\/es\/wp-json\/wp\/v2\/media\/3876"}],"wp:attachment":[{"href":"https:\/\/exoticwhip.com\/es\/wp-json\/wp\/v2\/media?parent=4360"}],"curies":[{"name":"wp","href":"https:\/\/api.w.org\/{rel}","templated":true}]}}