{"id":4362,"date":"2022-02-17T14:28:05","date_gmt":"2022-02-17T14:28:05","guid":{"rendered":"https:\/\/exotic-whip.com\/?page_id=4362"},"modified":"2025-09-20T05:56:18","modified_gmt":"2025-09-20T05:56:18","slug":"mercado-de-oxidos-de-nitrogeno-y-como-convertirse-en-distribuidor-de-n20","status":"publish","type":"page","link":"https:\/\/exoticwhip.com\/es\/mercado-de-oxidos-de-nitrogeno-y-como-convertirse-en-distribuidor-de-n20\/","title":{"rendered":"Mercado de \u00f3xido nitroso y c\u00f3mo convertirse en distribuidor de N20"},"content":{"rendered":"<h2>Estado del mercado de los \u00f3xido nitroso en 2026<\/h2>\n<p>El mercado de \u00f3xido nitroso est\u00e1 en constante expansi\u00f3n y cambio. La demanda de <strong><a href=\"https:\/\/exoticwhip.com\/es\/oxido-nitroso-informacion\/\">oxido nitroso<\/a><\/strong> en varias industrias est\u00e1 aumentando a pasos agigantados, por lo que el mercado sigue creciendo. Seg\u00fan Grand View Research, Inc., las ventas se estiman en $1470 millones en 2025 en comparaci\u00f3n con una capitalizaci\u00f3n de mercado de $805,1 millones en 2016. Esto ya es un gran aumento, pero el mercado tiene mucho espacio para crecer y oportunidades para que los consumidores se conviertan en distribuidores de oxido nitroso y gane un pedazo del pastel.<\/p>\n<p>El mercado ha crecido tanto debido a la creciente demanda de gas \u00f3xido nitroso en las industrias de alimentos, bebidas, automotriz, electr\u00f3nica y m\u00e9dica. Es un mercado altamente competitivo con muchas regulaciones. Por lo tanto, tambi\u00e9n es m\u00e1s dif\u00edcil que una nueva empresa ingrese al mercado. \u00bfEst\u00e1 considerando ingresar al mercado de \u00f3xidos de nitr\u00f3geno? Entonces est\u00e1s de suerte, porque hemos escrito algunos consejos sobre c\u00f3mo convertirte en distribuidor de oxido nitroso.<\/p>\n<h2>El aspecto de suministro del mercado de N20<\/h2>\n<p>Debido a que es dif\u00edcil encontrar un buen fabricante y tener los suministros en orden, algunas empresas se conforman con productos inferiores que se pueden comprar en el extranjero. Es dif\u00edcil para estas empresas mantenerse a flote, ya que deben cumplir con los est\u00e1ndares de f\u00e1brica y las certificaciones CE para controlar la calidad en \u00faltima instancia. Por lo tanto, es importante que encuentre un proveedor confiable donde pueda probar exhaustivamente el producto de antemano para que su negocio pueda continuar prosperando en el futuro.<\/p>\n<p>Tenga en cuenta que el gas no certificado a menudo se compra en China y no cumple con los requisitos legales que debe cumplir en Europa.<\/p>\n<p>El gas de oxido nitroso comercializado por <strong><a href=\"https:\/\/exoticwhip.com\/es\/\">ExoticWhip<\/a><\/strong> es un producto europeo y cumple con las distintas normativas legales tanto en Europa como en Am\u00e9rica.<\/p>\n<h2>La log\u00edstica en el mercado del mon\u00f3xido de nitr\u00f3geno<\/h2>\n<p>La compra de tanques de oxido n\u00edtrico m\u00e1s grandes en lugar de cartuchos de crema peque\u00f1os, sueltos y desechables ahorra mucho espacio para el transporte y el almacenamiento. Los cartuchos peque\u00f1os de oxido n\u00edtrico contienen alrededor de 8 a 16 gramos de di\u00f3xido de nitr\u00f3geno y un <strong><a href=\"https:\/\/exoticwhip.com\/es\/producto\/670g-cream-charger\/\">bombona oxido nitroso Exotic Whip contiene 670 gramos de N2O<\/a><\/strong>. Esto corresponde a 80 cartuchos. 500 cajas de 50 en un palet pueden contener alrededor de 25.000 cartuchos individuales. Debido al mayor volumen de pedidos, puede ahorrar f\u00e1cilmente en log\u00edstica, especialmente con cantidades tan grandes, se suma f\u00e1cilmente y puede ahorrarle miles de d\u00f3lares a largo plazo una vez que se convierta en un <strong><a href=\"https:\/\/exoticwhip.com\/es\/distribuidor\/\">distribuidor de \u00f3xido n\u00edtrico<\/a><\/strong>.<\/p>\n<p>Tambi\u00e9n tiene algunas ventajas desde el punto de vista del consumidor, aparte del ahorro de costos, usted como consumidor tambi\u00e9n puede ahorrar mucho tiempo al usar <strong><a href=\"https:\/\/exoticwhip.com\/es\/product-categorie\/cylinders-es\/\">bombona oxido nitroso<\/a> <\/strong>en lugar de cartuchos de crema individuales que deben reinsertarse cada vez despu\u00e9s de usar una sola carga.<\/p>\n<p>Gu\u00eda paso a paso de c\u00f3mo convertirse en distribuidor de \u00f3xido n\u00edtrico de la marca Exotic Whip.<\/p>\n<p>Si ha llegado hasta aqu\u00ed, obviamente est\u00e1 interesado en convertirse en distribuidor de N2O o siente curiosidad por las posibles oportunidades comerciales.<\/p>\n<p>Nuestros representantes de ventas pueden guiarlo a trav\u00e9s de todo el proceso de principio a fin y ayudarlo a hacer crecer su nuevo negocio de stikstofmonoxide. El primer paso es rellenar el formulario de venta de N2O, que puedes encontrar en nuestra web. Una vez que haya completado el formulario de distribuidor, nuestro representante de ventas se comunicar\u00e1 con usted y determinar\u00e1 c\u00f3mo proceder.<\/p>\n","protected":false},"excerpt":{"rendered":"<p>Estado del mercado de los \u00f3xido nitroso en 2026 El mercado de \u00f3xido nitroso est\u00e1 en constante expansi\u00f3n y cambio. La demanda de oxido nitroso en varias industrias est\u00e1 aumentando a pasos agigantados, por lo que el mercado sigue creciendo. Seg\u00fan Grand View Research, Inc., las ventas se estiman en $1470 millones en 2025 en [&hellip;]<\/p>\n","protected":false},"author":2343,"featured_media":29279,"parent":0,"menu_order":0,"comment_status":"closed","ping_status":"closed","template":"","meta":{"_acf_changed":false,"footnotes":""},"class_list":["post-4362","page","type-page","status-publish","has-post-thumbnail","hentry"],"acf":[],"yoast_head":"<!-- This site is optimized with the Yoast SEO plugin v27.2 - https:\/\/yoast.com\/product\/yoast-seo-wordpress\/ -->\n<title>Estado del mercado de los \u00f3xidos de nitr\u00f3geno en 2026<\/title>\n<meta name=\"description\" content=\"El mercado de N2O est\u00e1 creciendo. La demanda de N2O en diversas industrias est\u00e1 aumentando a pasos agigantados y el mercado est\u00e1 creciendo.\" \/>\n<meta name=\"robots\" content=\"index, follow, max-snippet:-1, max-image-preview:large, max-video-preview:-1\" \/>\n<link rel=\"canonical\" href=\"https:\/\/exoticwhip.com\/es\/mercado-de-oxidos-de-nitrogeno-y-como-convertirse-en-distribuidor-de-n20\/\" \/>\n<meta property=\"og:locale\" content=\"es_ES\" \/>\n<meta property=\"og:type\" content=\"article\" \/>\n<meta property=\"og:title\" content=\"Estado del mercado de los \u00f3xidos de nitr\u00f3geno en 2026\" \/>\n<meta property=\"og:description\" content=\"El mercado de N2O est\u00e1 creciendo. La demanda de N2O en diversas industrias est\u00e1 aumentando a pasos agigantados y el mercado est\u00e1 creciendo.\" \/>\n<meta property=\"og:url\" content=\"https:\/\/exoticwhip.com\/es\/mercado-de-oxidos-de-nitrogeno-y-como-convertirse-en-distribuidor-de-n20\/\" \/>\n<meta property=\"og:site_name\" content=\"Exotic Whip\" \/>\n<meta property=\"article:publisher\" content=\"https:\/\/www.facebook.com\/people\/ExoticWhip\/100067750994767\/\" \/>\n<meta property=\"article:modified_time\" content=\"2025-09-20T05:56:18+00:00\" \/>\n<meta property=\"og:image\" content=\"https:\/\/exoticwhip.com\/wp-content\/uploads\/Hero-Section.jpg\" \/>\n\t<meta property=\"og:image:width\" content=\"1280\" \/>\n\t<meta property=\"og:image:height\" content=\"767\" \/>\n\t<meta property=\"og:image:type\" content=\"image\/jpeg\" \/>\n<meta name=\"twitter:card\" content=\"summary_large_image\" \/>\n<meta name=\"twitter:site\" content=\"@exoticwhipcream\" \/>\n<meta name=\"twitter:label1\" content=\"Tiempo de lectura\" \/>\n\t<meta name=\"twitter:data1\" content=\"3 minutos\" \/>\n<script type=\"application\/ld+json\" class=\"yoast-schema-graph\">{\"@context\":\"https:\/\/schema.org\",\"@graph\":[{\"@type\":[\"Article\",\"BlogPosting\"],\"@id\":\"https:\/\/exoticwhip.com\/es\/mercado-de-oxidos-de-nitrogeno-y-como-convertirse-en-distribuidor-de-n20\/#article\",\"isPartOf\":{\"@id\":\"https:\/\/exoticwhip.com\/es\/mercado-de-oxidos-de-nitrogeno-y-como-convertirse-en-distribuidor-de-n20\/\"},\"author\":{\"name\":\"Olivia Frost\",\"@id\":\"https:\/\/exotic-whip.com\/#\/schema\/person\/9d3cd5aa4f5c260fb0cb7110c78a2d4a\"},\"headline\":\"Mercado de \u00f3xido nitroso y c\u00f3mo convertirse en distribuidor de N20\",\"datePublished\":\"2022-02-17T14:28:05+00:00\",\"dateModified\":\"2025-09-20T05:56:18+00:00\",\"mainEntityOfPage\":{\"@id\":\"https:\/\/exoticwhip.com\/es\/mercado-de-oxidos-de-nitrogeno-y-como-convertirse-en-distribuidor-de-n20\/\"},\"wordCount\":633,\"publisher\":{\"@id\":\"https:\/\/exotic-whip.com\/#organization\"},\"image\":{\"@id\":\"https:\/\/exoticwhip.com\/es\/mercado-de-oxidos-de-nitrogeno-y-como-convertirse-en-distribuidor-de-n20\/#primaryimage\"},\"thumbnailUrl\":\"https:\/\/exoticwhip.com\/wp-content\/uploads\/Hero-Section.jpg\",\"inLanguage\":\"es\"},{\"@type\":\"WebPage\",\"@id\":\"https:\/\/exoticwhip.com\/es\/mercado-de-oxidos-de-nitrogeno-y-como-convertirse-en-distribuidor-de-n20\/\",\"url\":\"https:\/\/exoticwhip.com\/es\/mercado-de-oxidos-de-nitrogeno-y-como-convertirse-en-distribuidor-de-n20\/\",\"name\":\"Estado del mercado de los \u00f3xidos de nitr\u00f3geno en 2026\",\"isPartOf\":{\"@id\":\"https:\/\/exotic-whip.com\/#website\"},\"primaryImageOfPage\":{\"@id\":\"https:\/\/exoticwhip.com\/es\/mercado-de-oxidos-de-nitrogeno-y-como-convertirse-en-distribuidor-de-n20\/#primaryimage\"},\"image\":{\"@id\":\"https:\/\/exoticwhip.com\/es\/mercado-de-oxidos-de-nitrogeno-y-como-convertirse-en-distribuidor-de-n20\/#primaryimage\"},\"thumbnailUrl\":\"https:\/\/exoticwhip.com\/wp-content\/uploads\/Hero-Section.jpg\",\"datePublished\":\"2022-02-17T14:28:05+00:00\",\"dateModified\":\"2025-09-20T05:56:18+00:00\",\"description\":\"El mercado de N2O est\u00e1 creciendo. La demanda de N2O en diversas industrias est\u00e1 aumentando a pasos agigantados y el mercado est\u00e1 creciendo.\",\"breadcrumb\":{\"@id\":\"https:\/\/exoticwhip.com\/es\/mercado-de-oxidos-de-nitrogeno-y-como-convertirse-en-distribuidor-de-n20\/#breadcrumb\"},\"inLanguage\":\"es\",\"potentialAction\":[{\"@type\":\"ReadAction\",\"target\":[\"https:\/\/exoticwhip.com\/es\/mercado-de-oxidos-de-nitrogeno-y-como-convertirse-en-distribuidor-de-n20\/\"]}]},{\"@type\":\"ImageObject\",\"inLanguage\":\"es\",\"@id\":\"https:\/\/exoticwhip.com\/es\/mercado-de-oxidos-de-nitrogeno-y-como-convertirse-en-distribuidor-de-n20\/#primaryimage\",\"url\":\"https:\/\/exoticwhip.com\/wp-content\/uploads\/Hero-Section.jpg\",\"contentUrl\":\"https:\/\/exoticwhip.com\/wp-content\/uploads\/Hero-Section.jpg\",\"width\":1280,\"height\":767},{\"@type\":\"BreadcrumbList\",\"@id\":\"https:\/\/exoticwhip.com\/es\/mercado-de-oxidos-de-nitrogeno-y-como-convertirse-en-distribuidor-de-n20\/#breadcrumb\",\"itemListElement\":[{\"@type\":\"ListItem\",\"position\":1,\"name\":\"Home\",\"item\":\"https:\/\/exoticwhip.com\/es\/\"},{\"@type\":\"ListItem\",\"position\":2,\"name\":\"Mercado de \u00f3xido nitroso y c\u00f3mo convertirse en distribuidor de N20\"}]},{\"@type\":\"WebSite\",\"@id\":\"https:\/\/exotic-whip.com\/#website\",\"url\":\"https:\/\/exotic-whip.com\/\",\"name\":\"Exotic Whip\",\"description\":\"Cream Charger N2O Cylinders\",\"publisher\":{\"@id\":\"https:\/\/exotic-whip.com\/#organization\"},\"alternateName\":\"ExoticWhip\",\"potentialAction\":[{\"@type\":\"SearchAction\",\"target\":{\"@type\":\"EntryPoint\",\"urlTemplate\":\"https:\/\/exotic-whip.com\/?s={search_term_string}\"},\"query-input\":{\"@type\":\"PropertyValueSpecification\",\"valueRequired\":true,\"valueName\":\"search_term_string\"}}],\"inLanguage\":\"es\"},{\"@type\":\"Organization\",\"@id\":\"https:\/\/exotic-whip.com\/#organization\",\"name\":\"Exotic Whip\",\"alternateName\":\"ExoticWhip\",\"url\":\"https:\/\/exotic-whip.com\/\",\"logo\":{\"@type\":\"ImageObject\",\"inLanguage\":\"es\",\"@id\":\"https:\/\/exotic-whip.com\/#\/schema\/logo\/image\/\",\"url\":\"https:\/\/exoticwhip.com\/wp-content\/uploads\/2021\/07\/exoticwhip-logo.png\",\"contentUrl\":\"https:\/\/exoticwhip.com\/wp-content\/uploads\/2021\/07\/exoticwhip-logo.png\",\"width\":245,\"height\":79,\"caption\":\"Exotic Whip\"},\"image\":{\"@id\":\"https:\/\/exotic-whip.com\/#\/schema\/logo\/image\/\"},\"sameAs\":[\"https:\/\/www.facebook.com\/people\/ExoticWhip\/100067750994767\/\",\"https:\/\/x.com\/exoticwhipcream\",\"https:\/\/www.instagram.com\/exoticwhipofficial\/\",\"https:\/\/www.tiktok.com\/@exoticwhipofficial\",\"https:\/\/www.youtube.com\/channel\/UCsYXBNnMrjeLyK9GsJC9UpQ\"]},{\"@type\":\"Person\",\"@id\":\"https:\/\/exotic-whip.com\/#\/schema\/person\/9d3cd5aa4f5c260fb0cb7110c78a2d4a\",\"name\":\"Olivia Frost\",\"description\":\"Olivia Frost is a seasoned pastry chef and culinary expert, specializing in the art of creating delightful desserts. With a passion for innovation and a keen understanding of kitchen tools, she shares her expertise on whip cream chargers and nitrous oxide cylinders through her engaging blog.\",\"sameAs\":[\"https:\/\/exoticwhip.com\/olivia-frost\/\",\"https:\/\/www.instagram.com\/oliviafrost1990\/\",\"https:\/\/www.linkedin.com\/in\/chef-olivia-frost\/\",\"https:\/\/x.com\/OliviaFrost1990\"],\"url\":\"https:\/\/exoticwhip.com\/es\/author\/expertmixologist\/\"}]}<\/script>\n<!-- \/ Yoast SEO plugin. -->","yoast_head_json":{"title":"Estado del mercado de los \u00f3xidos de nitr\u00f3geno en 2026","description":"El mercado de N2O est\u00e1 creciendo. La demanda de N2O en diversas industrias est\u00e1 aumentando a pasos agigantados y el mercado est\u00e1 creciendo.","robots":{"index":"index","follow":"follow","max-snippet":"max-snippet:-1","max-image-preview":"max-image-preview:large","max-video-preview":"max-video-preview:-1"},"canonical":"https:\/\/exoticwhip.com\/es\/mercado-de-oxidos-de-nitrogeno-y-como-convertirse-en-distribuidor-de-n20\/","og_locale":"es_ES","og_type":"article","og_title":"Estado del mercado de los \u00f3xidos de nitr\u00f3geno en 2026","og_description":"El mercado de N2O est\u00e1 creciendo. La demanda de N2O en diversas industrias est\u00e1 aumentando a pasos agigantados y el mercado est\u00e1 creciendo.","og_url":"https:\/\/exoticwhip.com\/es\/mercado-de-oxidos-de-nitrogeno-y-como-convertirse-en-distribuidor-de-n20\/","og_site_name":"Exotic Whip","article_publisher":"https:\/\/www.facebook.com\/people\/ExoticWhip\/100067750994767\/","article_modified_time":"2025-09-20T05:56:18+00:00","og_image":[{"width":1280,"height":767,"url":"https:\/\/exoticwhip.com\/wp-content\/uploads\/Hero-Section.jpg","type":"image\/jpeg"}],"twitter_card":"summary_large_image","twitter_site":"@exoticwhipcream","twitter_misc":{"Tiempo de lectura":"3 minutos"},"schema":{"@context":"https:\/\/schema.org","@graph":[{"@type":["Article","BlogPosting"],"@id":"https:\/\/exoticwhip.com\/es\/mercado-de-oxidos-de-nitrogeno-y-como-convertirse-en-distribuidor-de-n20\/#article","isPartOf":{"@id":"https:\/\/exoticwhip.com\/es\/mercado-de-oxidos-de-nitrogeno-y-como-convertirse-en-distribuidor-de-n20\/"},"author":{"name":"Olivia Frost","@id":"https:\/\/exotic-whip.com\/#\/schema\/person\/9d3cd5aa4f5c260fb0cb7110c78a2d4a"},"headline":"Mercado de \u00f3xido nitroso y c\u00f3mo convertirse en distribuidor de N20","datePublished":"2022-02-17T14:28:05+00:00","dateModified":"2025-09-20T05:56:18+00:00","mainEntityOfPage":{"@id":"https:\/\/exoticwhip.com\/es\/mercado-de-oxidos-de-nitrogeno-y-como-convertirse-en-distribuidor-de-n20\/"},"wordCount":633,"publisher":{"@id":"https:\/\/exotic-whip.com\/#organization"},"image":{"@id":"https:\/\/exoticwhip.com\/es\/mercado-de-oxidos-de-nitrogeno-y-como-convertirse-en-distribuidor-de-n20\/#primaryimage"},"thumbnailUrl":"https:\/\/exoticwhip.com\/wp-content\/uploads\/Hero-Section.jpg","inLanguage":"es"},{"@type":"WebPage","@id":"https:\/\/exoticwhip.com\/es\/mercado-de-oxidos-de-nitrogeno-y-como-convertirse-en-distribuidor-de-n20\/","url":"https:\/\/exoticwhip.com\/es\/mercado-de-oxidos-de-nitrogeno-y-como-convertirse-en-distribuidor-de-n20\/","name":"Estado del mercado de los \u00f3xidos de nitr\u00f3geno en 2026","isPartOf":{"@id":"https:\/\/exotic-whip.com\/#website"},"primaryImageOfPage":{"@id":"https:\/\/exoticwhip.com\/es\/mercado-de-oxidos-de-nitrogeno-y-como-convertirse-en-distribuidor-de-n20\/#primaryimage"},"image":{"@id":"https:\/\/exoticwhip.com\/es\/mercado-de-oxidos-de-nitrogeno-y-como-convertirse-en-distribuidor-de-n20\/#primaryimage"},"thumbnailUrl":"https:\/\/exoticwhip.com\/wp-content\/uploads\/Hero-Section.jpg","datePublished":"2022-02-17T14:28:05+00:00","dateModified":"2025-09-20T05:56:18+00:00","description":"El mercado de N2O est\u00e1 creciendo. La demanda de N2O en diversas industrias est\u00e1 aumentando a pasos agigantados y el mercado est\u00e1 creciendo.","breadcrumb":{"@id":"https:\/\/exoticwhip.com\/es\/mercado-de-oxidos-de-nitrogeno-y-como-convertirse-en-distribuidor-de-n20\/#breadcrumb"},"inLanguage":"es","potentialAction":[{"@type":"ReadAction","target":["https:\/\/exoticwhip.com\/es\/mercado-de-oxidos-de-nitrogeno-y-como-convertirse-en-distribuidor-de-n20\/"]}]},{"@type":"ImageObject","inLanguage":"es","@id":"https:\/\/exoticwhip.com\/es\/mercado-de-oxidos-de-nitrogeno-y-como-convertirse-en-distribuidor-de-n20\/#primaryimage","url":"https:\/\/exoticwhip.com\/wp-content\/uploads\/Hero-Section.jpg","contentUrl":"https:\/\/exoticwhip.com\/wp-content\/uploads\/Hero-Section.jpg","width":1280,"height":767},{"@type":"BreadcrumbList","@id":"https:\/\/exoticwhip.com\/es\/mercado-de-oxidos-de-nitrogeno-y-como-convertirse-en-distribuidor-de-n20\/#breadcrumb","itemListElement":[{"@type":"ListItem","position":1,"name":"Home","item":"https:\/\/exoticwhip.com\/es\/"},{"@type":"ListItem","position":2,"name":"Mercado de \u00f3xido nitroso y c\u00f3mo convertirse en distribuidor de N20"}]},{"@type":"WebSite","@id":"https:\/\/exotic-whip.com\/#website","url":"https:\/\/exotic-whip.com\/","name":"Exotic Whip","description":"Cream Charger N2O Cylinders","publisher":{"@id":"https:\/\/exotic-whip.com\/#organization"},"alternateName":"ExoticWhip","potentialAction":[{"@type":"SearchAction","target":{"@type":"EntryPoint","urlTemplate":"https:\/\/exotic-whip.com\/?s={search_term_string}"},"query-input":{"@type":"PropertyValueSpecification","valueRequired":true,"valueName":"search_term_string"}}],"inLanguage":"es"},{"@type":"Organization","@id":"https:\/\/exotic-whip.com\/#organization","name":"Exotic Whip","alternateName":"ExoticWhip","url":"https:\/\/exotic-whip.com\/","logo":{"@type":"ImageObject","inLanguage":"es","@id":"https:\/\/exotic-whip.com\/#\/schema\/logo\/image\/","url":"https:\/\/exoticwhip.com\/wp-content\/uploads\/2021\/07\/exoticwhip-logo.png","contentUrl":"https:\/\/exoticwhip.com\/wp-content\/uploads\/2021\/07\/exoticwhip-logo.png","width":245,"height":79,"caption":"Exotic Whip"},"image":{"@id":"https:\/\/exotic-whip.com\/#\/schema\/logo\/image\/"},"sameAs":["https:\/\/www.facebook.com\/people\/ExoticWhip\/100067750994767\/","https:\/\/x.com\/exoticwhipcream","https:\/\/www.instagram.com\/exoticwhipofficial\/","https:\/\/www.tiktok.com\/@exoticwhipofficial","https:\/\/www.youtube.com\/channel\/UCsYXBNnMrjeLyK9GsJC9UpQ"]},{"@type":"Person","@id":"https:\/\/exotic-whip.com\/#\/schema\/person\/9d3cd5aa4f5c260fb0cb7110c78a2d4a","name":"Olivia Frost","description":"Olivia Frost is a seasoned pastry chef and culinary expert, specializing in the art of creating delightful desserts. With a passion for innovation and a keen understanding of kitchen tools, she shares her expertise on whip cream chargers and nitrous oxide cylinders through her engaging blog.","sameAs":["https:\/\/exoticwhip.com\/olivia-frost\/","https:\/\/www.instagram.com\/oliviafrost1990\/","https:\/\/www.linkedin.com\/in\/chef-olivia-frost\/","https:\/\/x.com\/OliviaFrost1990"],"url":"https:\/\/exoticwhip.com\/es\/author\/expertmixologist\/"}]}},"_links":{"self":[{"href":"https:\/\/exoticwhip.com\/es\/wp-json\/wp\/v2\/pages\/4362","targetHints":{"allow":["GET"]}}],"collection":[{"href":"https:\/\/exoticwhip.com\/es\/wp-json\/wp\/v2\/pages"}],"about":[{"href":"https:\/\/exoticwhip.com\/es\/wp-json\/wp\/v2\/types\/page"}],"author":[{"embeddable":true,"href":"https:\/\/exoticwhip.com\/es\/wp-json\/wp\/v2\/users\/2343"}],"replies":[{"embeddable":true,"href":"https:\/\/exoticwhip.com\/es\/wp-json\/wp\/v2\/comments?post=4362"}],"version-history":[{"count":14,"href":"https:\/\/exoticwhip.com\/es\/wp-json\/wp\/v2\/pages\/4362\/revisions"}],"predecessor-version":[{"id":37051,"href":"https:\/\/exoticwhip.com\/es\/wp-json\/wp\/v2\/pages\/4362\/revisions\/37051"}],"wp:featuredmedia":[{"embeddable":true,"href":"https:\/\/exoticwhip.com\/es\/wp-json\/wp\/v2\/media\/29279"}],"wp:attachment":[{"href":"https:\/\/exoticwhip.com\/es\/wp-json\/wp\/v2\/media?parent=4362"}],"curies":[{"name":"wp","href":"https:\/\/api.w.org\/{rel}","templated":true}]}}