{"id":19250,"date":"2022-10-03T11:48:04","date_gmt":"2022-10-03T11:48:04","guid":{"rendered":"https:\/\/exotic-whip.com\/product\/2000-grams-n2o-cream-charger\/"},"modified":"2025-09-12T10:57:06","modified_gmt":"2025-09-12T10:57:06","slug":"2000g-cargador-de-crema-original","status":"publish","type":"product","link":"https:\/\/exoticwhip.com\/es\/producto\/2000g-cargador-de-crema-original\/","title":{"rendered":"Cargador de Nata ExoticWhip Original 2000 gramos"},"excerpt":{"rendered":"<p>Nuestro cargador de nata de m\u00e1xima capacidad contiene el mejor \u00f3xido nitroso de calidad europea. El dise\u00f1o sigue siendo vibrante y la canister, producida bajo estrictos protocolos de seguridad, viene con una conveniente correa.<\/p>\n<p><strong>El nuevo dise\u00f1o incluye un c\u00f3digo QR de verificaci\u00f3n. <a href=\"https:\/\/exoticwhip.com\/es\/verifica-tu-botella-de-exotic-whip\/\">Aprende c\u00f3mo verificar tu botella.<\/a><\/strong><\/p>\n<p><strong>*Cada pallet de 2kg contiene 162 cajas (1 cartucho por caja)<\/strong><\/p>\n","protected":false},"featured_media":31832,"template":"","meta":{"_acf_changed":false},"product_brand":[],"product_cat":[73,274],"product_tag":[472,473,474],"class_list":{"0":"post-19250","1":"product","2":"type-product","3":"status-publish","4":"has-post-thumbnail","6":"product_cat-cylinders-es","7":"product_cat-todos","8":"product_tag-cream-charger-es","9":"product_tag-exotic-es","10":"product_tag-whip-es","12":"first","13":"instock","14":"taxable","15":"shipping-taxable","16":"purchasable","17":"product-type-simple"},"acf":[],"yoast_head":"<!-- This site is optimized with the Yoast SEO plugin v27.2 - https:\/\/yoast.com\/product\/yoast-seo-wordpress\/ -->\n<title>Cargador de Crema Original Exotic Whip N2O - 2000g<\/title>\n<meta name=\"description\" content=\"Experimenta el cargador de crema m\u00e1s grande de Exotic Whip: \u00a12000 gramos de N2O de grado alimenticio premium para una nata montada excepcional!\" \/>\n<meta name=\"robots\" content=\"index, follow, max-snippet:-1, max-image-preview:large, max-video-preview:-1\" \/>\n<link rel=\"canonical\" href=\"https:\/\/exoticwhip.com\/es\/producto\/2000g-cargador-de-crema-original\/\" \/>\n<meta property=\"og:locale\" content=\"es_ES\" \/>\n<meta property=\"og:type\" content=\"article\" \/>\n<meta property=\"og:title\" content=\"Cargador de Crema Original Exotic Whip N2O - 2000g\" \/>\n<meta property=\"og:description\" content=\"Experimenta el cargador de crema m\u00e1s grande de Exotic Whip: \u00a12000 gramos de N2O de grado alimenticio premium para una nata montada excepcional!\" \/>\n<meta property=\"og:url\" content=\"https:\/\/exoticwhip.com\/es\/producto\/2000g-cargador-de-crema-original\/\" \/>\n<meta property=\"og:site_name\" content=\"Exotic Whip\" \/>\n<meta property=\"article:publisher\" content=\"https:\/\/www.facebook.com\/people\/ExoticWhip\/100067750994767\/\" \/>\n<meta property=\"article:modified_time\" content=\"2025-09-12T10:57:06+00:00\" \/>\n<meta property=\"og:image\" content=\"https:\/\/exoticwhip.com\/wp-content\/uploads\/2KG-REGULAR.png\" \/>\n\t<meta property=\"og:image:width\" content=\"750\" \/>\n\t<meta property=\"og:image:height\" content=\"750\" \/>\n\t<meta property=\"og:image:type\" content=\"image\/png\" \/>\n<meta name=\"twitter:card\" content=\"summary_large_image\" \/>\n<meta name=\"twitter:site\" content=\"@exoticwhipcream\" \/>\n<meta name=\"twitter:label1\" content=\"Tiempo de lectura\" \/>\n\t<meta name=\"twitter:data1\" content=\"1 minuto\" \/>\n<script type=\"application\/ld+json\" class=\"yoast-schema-graph\">{\"@context\":\"https:\/\/schema.org\",\"@graph\":[{\"@type\":\"WebPage\",\"@id\":\"https:\/\/exoticwhip.com\/es\/producto\/2000g-cargador-de-crema-original\/\",\"url\":\"https:\/\/exoticwhip.com\/es\/producto\/2000g-cargador-de-crema-original\/\",\"name\":\"Cargador de Crema Original Exotic Whip N2O - 2000g\",\"isPartOf\":{\"@id\":\"https:\/\/exotic-whip.com\/#website\"},\"primaryImageOfPage\":{\"@id\":\"https:\/\/exoticwhip.com\/es\/producto\/2000g-cargador-de-crema-original\/#primaryimage\"},\"image\":{\"@id\":\"https:\/\/exoticwhip.com\/es\/producto\/2000g-cargador-de-crema-original\/#primaryimage\"},\"thumbnailUrl\":\"https:\/\/exoticwhip.com\/wp-content\/uploads\/2KG-REGULAR.png\",\"datePublished\":\"2022-10-03T11:48:04+00:00\",\"dateModified\":\"2025-09-12T10:57:06+00:00\",\"description\":\"Experimenta el cargador de crema m\u00e1s grande de Exotic Whip: \u00a12000 gramos de N2O de grado alimenticio premium para una nata montada excepcional!\",\"breadcrumb\":{\"@id\":\"https:\/\/exoticwhip.com\/es\/producto\/2000g-cargador-de-crema-original\/#breadcrumb\"},\"inLanguage\":\"es\",\"potentialAction\":[{\"@type\":\"ReadAction\",\"target\":[\"https:\/\/exoticwhip.com\/es\/producto\/2000g-cargador-de-crema-original\/\"]}]},{\"@type\":\"ImageObject\",\"inLanguage\":\"es\",\"@id\":\"https:\/\/exoticwhip.com\/es\/producto\/2000g-cargador-de-crema-original\/#primaryimage\",\"url\":\"https:\/\/exoticwhip.com\/wp-content\/uploads\/2KG-REGULAR.png\",\"contentUrl\":\"https:\/\/exoticwhip.com\/wp-content\/uploads\/2KG-REGULAR.png\",\"width\":750,\"height\":750},{\"@type\":\"BreadcrumbList\",\"@id\":\"https:\/\/exoticwhip.com\/es\/producto\/2000g-cargador-de-crema-original\/#breadcrumb\",\"itemListElement\":[{\"@type\":\"ListItem\",\"position\":1,\"name\":\"Home\",\"item\":\"https:\/\/exoticwhip.com\/es\/\"},{\"@type\":\"ListItem\",\"position\":2,\"name\":\"Cargador de Nata ExoticWhip Original 2000 gramos\"}]},{\"@type\":\"WebSite\",\"@id\":\"https:\/\/exotic-whip.com\/#website\",\"url\":\"https:\/\/exotic-whip.com\/\",\"name\":\"Exotic Whip\",\"description\":\"Cream Charger N2O Cylinders\",\"publisher\":{\"@id\":\"https:\/\/exotic-whip.com\/#organization\"},\"alternateName\":\"ExoticWhip\",\"potentialAction\":[{\"@type\":\"SearchAction\",\"target\":{\"@type\":\"EntryPoint\",\"urlTemplate\":\"https:\/\/exotic-whip.com\/?s={search_term_string}\"},\"query-input\":{\"@type\":\"PropertyValueSpecification\",\"valueRequired\":true,\"valueName\":\"search_term_string\"}}],\"inLanguage\":\"es\"},{\"@type\":\"Organization\",\"@id\":\"https:\/\/exotic-whip.com\/#organization\",\"name\":\"Exotic Whip\",\"alternateName\":\"ExoticWhip\",\"url\":\"https:\/\/exotic-whip.com\/\",\"logo\":{\"@type\":\"ImageObject\",\"inLanguage\":\"es\",\"@id\":\"https:\/\/exotic-whip.com\/#\/schema\/logo\/image\/\",\"url\":\"https:\/\/exoticwhip.com\/wp-content\/uploads\/2021\/07\/exoticwhip-logo.png\",\"contentUrl\":\"https:\/\/exoticwhip.com\/wp-content\/uploads\/2021\/07\/exoticwhip-logo.png\",\"width\":245,\"height\":79,\"caption\":\"Exotic Whip\"},\"image\":{\"@id\":\"https:\/\/exotic-whip.com\/#\/schema\/logo\/image\/\"},\"sameAs\":[\"https:\/\/www.facebook.com\/people\/ExoticWhip\/100067750994767\/\",\"https:\/\/x.com\/exoticwhipcream\",\"https:\/\/www.instagram.com\/exoticwhipofficial\/\",\"https:\/\/www.tiktok.com\/@exoticwhipofficial\",\"https:\/\/www.youtube.com\/channel\/UCsYXBNnMrjeLyK9GsJC9UpQ\"]}]}<\/script>\n<!-- \/ Yoast SEO plugin. -->","yoast_head_json":{"title":"Cargador de Crema Original Exotic Whip N2O - 2000g","description":"Experimenta el cargador de crema m\u00e1s grande de Exotic Whip: \u00a12000 gramos de N2O de grado alimenticio premium para una nata montada excepcional!","robots":{"index":"index","follow":"follow","max-snippet":"max-snippet:-1","max-image-preview":"max-image-preview:large","max-video-preview":"max-video-preview:-1"},"canonical":"https:\/\/exoticwhip.com\/es\/producto\/2000g-cargador-de-crema-original\/","og_locale":"es_ES","og_type":"article","og_title":"Cargador de Crema Original Exotic Whip N2O - 2000g","og_description":"Experimenta el cargador de crema m\u00e1s grande de Exotic Whip: \u00a12000 gramos de N2O de grado alimenticio premium para una nata montada excepcional!","og_url":"https:\/\/exoticwhip.com\/es\/producto\/2000g-cargador-de-crema-original\/","og_site_name":"Exotic Whip","article_publisher":"https:\/\/www.facebook.com\/people\/ExoticWhip\/100067750994767\/","article_modified_time":"2025-09-12T10:57:06+00:00","og_image":[{"width":750,"height":750,"url":"https:\/\/exoticwhip.com\/wp-content\/uploads\/2KG-REGULAR.png","type":"image\/png"}],"twitter_card":"summary_large_image","twitter_site":"@exoticwhipcream","twitter_misc":{"Tiempo de lectura":"1 minuto"},"schema":{"@context":"https:\/\/schema.org","@graph":[{"@type":"WebPage","@id":"https:\/\/exoticwhip.com\/es\/producto\/2000g-cargador-de-crema-original\/","url":"https:\/\/exoticwhip.com\/es\/producto\/2000g-cargador-de-crema-original\/","name":"Cargador de Crema Original Exotic Whip N2O - 2000g","isPartOf":{"@id":"https:\/\/exotic-whip.com\/#website"},"primaryImageOfPage":{"@id":"https:\/\/exoticwhip.com\/es\/producto\/2000g-cargador-de-crema-original\/#primaryimage"},"image":{"@id":"https:\/\/exoticwhip.com\/es\/producto\/2000g-cargador-de-crema-original\/#primaryimage"},"thumbnailUrl":"https:\/\/exoticwhip.com\/wp-content\/uploads\/2KG-REGULAR.png","datePublished":"2022-10-03T11:48:04+00:00","dateModified":"2025-09-12T10:57:06+00:00","description":"Experimenta el cargador de crema m\u00e1s grande de Exotic Whip: \u00a12000 gramos de N2O de grado alimenticio premium para una nata montada excepcional!","breadcrumb":{"@id":"https:\/\/exoticwhip.com\/es\/producto\/2000g-cargador-de-crema-original\/#breadcrumb"},"inLanguage":"es","potentialAction":[{"@type":"ReadAction","target":["https:\/\/exoticwhip.com\/es\/producto\/2000g-cargador-de-crema-original\/"]}]},{"@type":"ImageObject","inLanguage":"es","@id":"https:\/\/exoticwhip.com\/es\/producto\/2000g-cargador-de-crema-original\/#primaryimage","url":"https:\/\/exoticwhip.com\/wp-content\/uploads\/2KG-REGULAR.png","contentUrl":"https:\/\/exoticwhip.com\/wp-content\/uploads\/2KG-REGULAR.png","width":750,"height":750},{"@type":"BreadcrumbList","@id":"https:\/\/exoticwhip.com\/es\/producto\/2000g-cargador-de-crema-original\/#breadcrumb","itemListElement":[{"@type":"ListItem","position":1,"name":"Home","item":"https:\/\/exoticwhip.com\/es\/"},{"@type":"ListItem","position":2,"name":"Cargador de Nata ExoticWhip Original 2000 gramos"}]},{"@type":"WebSite","@id":"https:\/\/exotic-whip.com\/#website","url":"https:\/\/exotic-whip.com\/","name":"Exotic Whip","description":"Cream Charger N2O Cylinders","publisher":{"@id":"https:\/\/exotic-whip.com\/#organization"},"alternateName":"ExoticWhip","potentialAction":[{"@type":"SearchAction","target":{"@type":"EntryPoint","urlTemplate":"https:\/\/exotic-whip.com\/?s={search_term_string}"},"query-input":{"@type":"PropertyValueSpecification","valueRequired":true,"valueName":"search_term_string"}}],"inLanguage":"es"},{"@type":"Organization","@id":"https:\/\/exotic-whip.com\/#organization","name":"Exotic Whip","alternateName":"ExoticWhip","url":"https:\/\/exotic-whip.com\/","logo":{"@type":"ImageObject","inLanguage":"es","@id":"https:\/\/exotic-whip.com\/#\/schema\/logo\/image\/","url":"https:\/\/exoticwhip.com\/wp-content\/uploads\/2021\/07\/exoticwhip-logo.png","contentUrl":"https:\/\/exoticwhip.com\/wp-content\/uploads\/2021\/07\/exoticwhip-logo.png","width":245,"height":79,"caption":"Exotic Whip"},"image":{"@id":"https:\/\/exotic-whip.com\/#\/schema\/logo\/image\/"},"sameAs":["https:\/\/www.facebook.com\/people\/ExoticWhip\/100067750994767\/","https:\/\/x.com\/exoticwhipcream","https:\/\/www.instagram.com\/exoticwhipofficial\/","https:\/\/www.tiktok.com\/@exoticwhipofficial","https:\/\/www.youtube.com\/channel\/UCsYXBNnMrjeLyK9GsJC9UpQ"]}]}},"_links":{"self":[{"href":"https:\/\/exoticwhip.com\/es\/wp-json\/wp\/v2\/product\/19250","targetHints":{"allow":["GET"]}}],"collection":[{"href":"https:\/\/exoticwhip.com\/es\/wp-json\/wp\/v2\/product"}],"about":[{"href":"https:\/\/exoticwhip.com\/es\/wp-json\/wp\/v2\/types\/product"}],"wp:featuredmedia":[{"embeddable":true,"href":"https:\/\/exoticwhip.com\/es\/wp-json\/wp\/v2\/media\/31832"}],"wp:attachment":[{"href":"https:\/\/exoticwhip.com\/es\/wp-json\/wp\/v2\/media?parent=19250"}],"wp:term":[{"taxonomy":"product_brand","embeddable":true,"href":"https:\/\/exoticwhip.com\/es\/wp-json\/wp\/v2\/product_brand?post=19250"},{"taxonomy":"product_cat","embeddable":true,"href":"https:\/\/exoticwhip.com\/es\/wp-json\/wp\/v2\/product_cat?post=19250"},{"taxonomy":"product_tag","embeddable":true,"href":"https:\/\/exoticwhip.com\/es\/wp-json\/wp\/v2\/product_tag?post=19250"}],"curies":[{"name":"wp","href":"https:\/\/api.w.org\/{rel}","templated":true}]}}