{"id":2298,"date":"2021-08-31T13:55:44","date_gmt":"2021-08-31T13:55:44","guid":{"rendered":"https:\/\/exotic-whip.com\/product\/pressure-regulator\/"},"modified":"2025-08-29T20:55:26","modified_gmt":"2025-08-29T20:55:26","slug":"pressure-regulator","status":"publish","type":"product","link":"https:\/\/exoticwhip.com\/es\/producto\/pressure-regulator\/","title":{"rendered":"Regulador de Presi\u00f3n Exotic Whip"},"excerpt":{"rendered":"<p>El regulador de presi\u00f3n Exotic Whip est\u00e1 dise\u00f1ado para medir la presi\u00f3n de tu cargador de crema de forma r\u00e1pida y f\u00e1cil, como se explica en nuestra gu\u00eda completa.<\/p>\n","protected":false},"featured_media":32967,"template":"","meta":{"_acf_changed":false},"product_brand":[],"product_cat":[72,274],"product_tag":[],"class_list":{"0":"post-2298","1":"product","2":"type-product","3":"status-publish","4":"has-post-thumbnail","6":"product_cat-accessories-es","7":"product_cat-todos","9":"first","10":"outofstock","11":"taxable","12":"shipping-taxable","13":"purchasable","14":"product-type-simple"},"acf":[],"yoast_head":"<!-- This site is optimized with the Yoast SEO plugin v27.2 - https:\/\/yoast.com\/product\/yoast-seo-wordpress\/ -->\n<title>Regulador de Presi\u00f3n Exotic Whip para Cargadores de Crema<\/title>\n<meta name=\"description\" content=\"Con nuestro regulador de presi\u00f3n Exotic Whip, podr\u00e1s regular f\u00e1cil y r\u00e1pidamente la presi\u00f3n de tu cargador de crema en segundos.\" \/>\n<meta name=\"robots\" content=\"index, follow, max-snippet:-1, max-image-preview:large, max-video-preview:-1\" \/>\n<link rel=\"canonical\" href=\"https:\/\/exoticwhip.com\/es\/producto\/pressure-regulator\/\" \/>\n<meta property=\"og:locale\" content=\"es_ES\" \/>\n<meta property=\"og:type\" content=\"article\" \/>\n<meta property=\"og:title\" content=\"Regulador de Presi\u00f3n Exotic Whip para Cargadores de Crema\" \/>\n<meta property=\"og:description\" content=\"Con nuestro regulador de presi\u00f3n Exotic Whip, podr\u00e1s regular f\u00e1cil y r\u00e1pidamente la presi\u00f3n de tu cargador de crema en segundos.\" \/>\n<meta property=\"og:url\" content=\"https:\/\/exoticwhip.com\/es\/producto\/pressure-regulator\/\" \/>\n<meta property=\"og:site_name\" content=\"Exotic Whip\" \/>\n<meta property=\"article:publisher\" content=\"https:\/\/www.facebook.com\/people\/ExoticWhip\/100067750994767\/\" \/>\n<meta property=\"article:modified_time\" content=\"2025-08-29T20:55:26+00:00\" \/>\n<meta property=\"og:image\" content=\"https:\/\/exoticwhip.com\/wp-content\/uploads\/Pressure-Regulator-transparent.png\" \/>\n\t<meta property=\"og:image:width\" content=\"1000\" \/>\n\t<meta property=\"og:image:height\" content=\"1000\" \/>\n\t<meta property=\"og:image:type\" content=\"image\/png\" \/>\n<meta name=\"twitter:card\" content=\"summary_large_image\" \/>\n<meta name=\"twitter:site\" content=\"@exoticwhipcream\" \/>\n<meta name=\"twitter:label1\" content=\"Tiempo de lectura\" \/>\n\t<meta name=\"twitter:data1\" content=\"1 minuto\" \/>\n<script type=\"application\/ld+json\" class=\"yoast-schema-graph\">{\"@context\":\"https:\/\/schema.org\",\"@graph\":[{\"@type\":\"WebPage\",\"@id\":\"https:\/\/exoticwhip.com\/es\/producto\/pressure-regulator\/\",\"url\":\"https:\/\/exoticwhip.com\/es\/producto\/pressure-regulator\/\",\"name\":\"Regulador de Presi\u00f3n Exotic Whip para Cargadores de Crema\",\"isPartOf\":{\"@id\":\"https:\/\/exotic-whip.com\/#website\"},\"primaryImageOfPage\":{\"@id\":\"https:\/\/exoticwhip.com\/es\/producto\/pressure-regulator\/#primaryimage\"},\"image\":{\"@id\":\"https:\/\/exoticwhip.com\/es\/producto\/pressure-regulator\/#primaryimage\"},\"thumbnailUrl\":\"https:\/\/exoticwhip.com\/wp-content\/uploads\/Pressure-Regulator-transparent.png\",\"datePublished\":\"2021-08-31T13:55:44+00:00\",\"dateModified\":\"2025-08-29T20:55:26+00:00\",\"description\":\"Con nuestro regulador de presi\u00f3n Exotic Whip, podr\u00e1s regular f\u00e1cil y r\u00e1pidamente la presi\u00f3n de tu cargador de crema en segundos.\",\"breadcrumb\":{\"@id\":\"https:\/\/exoticwhip.com\/es\/producto\/pressure-regulator\/#breadcrumb\"},\"inLanguage\":\"es\",\"potentialAction\":[{\"@type\":\"ReadAction\",\"target\":[\"https:\/\/exoticwhip.com\/es\/producto\/pressure-regulator\/\"]}]},{\"@type\":\"ImageObject\",\"inLanguage\":\"es\",\"@id\":\"https:\/\/exoticwhip.com\/es\/producto\/pressure-regulator\/#primaryimage\",\"url\":\"https:\/\/exoticwhip.com\/wp-content\/uploads\/Pressure-Regulator-transparent.png\",\"contentUrl\":\"https:\/\/exoticwhip.com\/wp-content\/uploads\/Pressure-Regulator-transparent.png\",\"width\":1000,\"height\":1000},{\"@type\":\"BreadcrumbList\",\"@id\":\"https:\/\/exoticwhip.com\/es\/producto\/pressure-regulator\/#breadcrumb\",\"itemListElement\":[{\"@type\":\"ListItem\",\"position\":1,\"name\":\"Home\",\"item\":\"https:\/\/exoticwhip.com\/es\/\"},{\"@type\":\"ListItem\",\"position\":2,\"name\":\"Regulador de Presi\u00f3n Exotic Whip\"}]},{\"@type\":\"WebSite\",\"@id\":\"https:\/\/exotic-whip.com\/#website\",\"url\":\"https:\/\/exotic-whip.com\/\",\"name\":\"Exotic Whip\",\"description\":\"Cream Charger N2O Cylinders\",\"publisher\":{\"@id\":\"https:\/\/exotic-whip.com\/#organization\"},\"alternateName\":\"ExoticWhip\",\"potentialAction\":[{\"@type\":\"SearchAction\",\"target\":{\"@type\":\"EntryPoint\",\"urlTemplate\":\"https:\/\/exotic-whip.com\/?s={search_term_string}\"},\"query-input\":{\"@type\":\"PropertyValueSpecification\",\"valueRequired\":true,\"valueName\":\"search_term_string\"}}],\"inLanguage\":\"es\"},{\"@type\":\"Organization\",\"@id\":\"https:\/\/exotic-whip.com\/#organization\",\"name\":\"Exotic Whip\",\"alternateName\":\"ExoticWhip\",\"url\":\"https:\/\/exotic-whip.com\/\",\"logo\":{\"@type\":\"ImageObject\",\"inLanguage\":\"es\",\"@id\":\"https:\/\/exotic-whip.com\/#\/schema\/logo\/image\/\",\"url\":\"https:\/\/exoticwhip.com\/wp-content\/uploads\/2021\/07\/exoticwhip-logo.png\",\"contentUrl\":\"https:\/\/exoticwhip.com\/wp-content\/uploads\/2021\/07\/exoticwhip-logo.png\",\"width\":245,\"height\":79,\"caption\":\"Exotic Whip\"},\"image\":{\"@id\":\"https:\/\/exotic-whip.com\/#\/schema\/logo\/image\/\"},\"sameAs\":[\"https:\/\/www.facebook.com\/people\/ExoticWhip\/100067750994767\/\",\"https:\/\/x.com\/exoticwhipcream\",\"https:\/\/www.instagram.com\/exoticwhipofficial\/\",\"https:\/\/www.tiktok.com\/@exoticwhipofficial\",\"https:\/\/www.youtube.com\/channel\/UCsYXBNnMrjeLyK9GsJC9UpQ\"]}]}<\/script>\n<!-- \/ Yoast SEO plugin. -->","yoast_head_json":{"title":"Regulador de Presi\u00f3n Exotic Whip para Cargadores de Crema","description":"Con nuestro regulador de presi\u00f3n Exotic Whip, podr\u00e1s regular f\u00e1cil y r\u00e1pidamente la presi\u00f3n de tu cargador de crema en segundos.","robots":{"index":"index","follow":"follow","max-snippet":"max-snippet:-1","max-image-preview":"max-image-preview:large","max-video-preview":"max-video-preview:-1"},"canonical":"https:\/\/exoticwhip.com\/es\/producto\/pressure-regulator\/","og_locale":"es_ES","og_type":"article","og_title":"Regulador de Presi\u00f3n Exotic Whip para Cargadores de Crema","og_description":"Con nuestro regulador de presi\u00f3n Exotic Whip, podr\u00e1s regular f\u00e1cil y r\u00e1pidamente la presi\u00f3n de tu cargador de crema en segundos.","og_url":"https:\/\/exoticwhip.com\/es\/producto\/pressure-regulator\/","og_site_name":"Exotic Whip","article_publisher":"https:\/\/www.facebook.com\/people\/ExoticWhip\/100067750994767\/","article_modified_time":"2025-08-29T20:55:26+00:00","og_image":[{"width":1000,"height":1000,"url":"https:\/\/exoticwhip.com\/wp-content\/uploads\/Pressure-Regulator-transparent.png","type":"image\/png"}],"twitter_card":"summary_large_image","twitter_site":"@exoticwhipcream","twitter_misc":{"Tiempo de lectura":"1 minuto"},"schema":{"@context":"https:\/\/schema.org","@graph":[{"@type":"WebPage","@id":"https:\/\/exoticwhip.com\/es\/producto\/pressure-regulator\/","url":"https:\/\/exoticwhip.com\/es\/producto\/pressure-regulator\/","name":"Regulador de Presi\u00f3n Exotic Whip para Cargadores de Crema","isPartOf":{"@id":"https:\/\/exotic-whip.com\/#website"},"primaryImageOfPage":{"@id":"https:\/\/exoticwhip.com\/es\/producto\/pressure-regulator\/#primaryimage"},"image":{"@id":"https:\/\/exoticwhip.com\/es\/producto\/pressure-regulator\/#primaryimage"},"thumbnailUrl":"https:\/\/exoticwhip.com\/wp-content\/uploads\/Pressure-Regulator-transparent.png","datePublished":"2021-08-31T13:55:44+00:00","dateModified":"2025-08-29T20:55:26+00:00","description":"Con nuestro regulador de presi\u00f3n Exotic Whip, podr\u00e1s regular f\u00e1cil y r\u00e1pidamente la presi\u00f3n de tu cargador de crema en segundos.","breadcrumb":{"@id":"https:\/\/exoticwhip.com\/es\/producto\/pressure-regulator\/#breadcrumb"},"inLanguage":"es","potentialAction":[{"@type":"ReadAction","target":["https:\/\/exoticwhip.com\/es\/producto\/pressure-regulator\/"]}]},{"@type":"ImageObject","inLanguage":"es","@id":"https:\/\/exoticwhip.com\/es\/producto\/pressure-regulator\/#primaryimage","url":"https:\/\/exoticwhip.com\/wp-content\/uploads\/Pressure-Regulator-transparent.png","contentUrl":"https:\/\/exoticwhip.com\/wp-content\/uploads\/Pressure-Regulator-transparent.png","width":1000,"height":1000},{"@type":"BreadcrumbList","@id":"https:\/\/exoticwhip.com\/es\/producto\/pressure-regulator\/#breadcrumb","itemListElement":[{"@type":"ListItem","position":1,"name":"Home","item":"https:\/\/exoticwhip.com\/es\/"},{"@type":"ListItem","position":2,"name":"Regulador de Presi\u00f3n Exotic Whip"}]},{"@type":"WebSite","@id":"https:\/\/exotic-whip.com\/#website","url":"https:\/\/exotic-whip.com\/","name":"Exotic Whip","description":"Cream Charger N2O Cylinders","publisher":{"@id":"https:\/\/exotic-whip.com\/#organization"},"alternateName":"ExoticWhip","potentialAction":[{"@type":"SearchAction","target":{"@type":"EntryPoint","urlTemplate":"https:\/\/exotic-whip.com\/?s={search_term_string}"},"query-input":{"@type":"PropertyValueSpecification","valueRequired":true,"valueName":"search_term_string"}}],"inLanguage":"es"},{"@type":"Organization","@id":"https:\/\/exotic-whip.com\/#organization","name":"Exotic Whip","alternateName":"ExoticWhip","url":"https:\/\/exotic-whip.com\/","logo":{"@type":"ImageObject","inLanguage":"es","@id":"https:\/\/exotic-whip.com\/#\/schema\/logo\/image\/","url":"https:\/\/exoticwhip.com\/wp-content\/uploads\/2021\/07\/exoticwhip-logo.png","contentUrl":"https:\/\/exoticwhip.com\/wp-content\/uploads\/2021\/07\/exoticwhip-logo.png","width":245,"height":79,"caption":"Exotic Whip"},"image":{"@id":"https:\/\/exotic-whip.com\/#\/schema\/logo\/image\/"},"sameAs":["https:\/\/www.facebook.com\/people\/ExoticWhip\/100067750994767\/","https:\/\/x.com\/exoticwhipcream","https:\/\/www.instagram.com\/exoticwhipofficial\/","https:\/\/www.tiktok.com\/@exoticwhipofficial","https:\/\/www.youtube.com\/channel\/UCsYXBNnMrjeLyK9GsJC9UpQ"]}]}},"_links":{"self":[{"href":"https:\/\/exoticwhip.com\/es\/wp-json\/wp\/v2\/product\/2298","targetHints":{"allow":["GET"]}}],"collection":[{"href":"https:\/\/exoticwhip.com\/es\/wp-json\/wp\/v2\/product"}],"about":[{"href":"https:\/\/exoticwhip.com\/es\/wp-json\/wp\/v2\/types\/product"}],"wp:featuredmedia":[{"embeddable":true,"href":"https:\/\/exoticwhip.com\/es\/wp-json\/wp\/v2\/media\/32967"}],"wp:attachment":[{"href":"https:\/\/exoticwhip.com\/es\/wp-json\/wp\/v2\/media?parent=2298"}],"wp:term":[{"taxonomy":"product_brand","embeddable":true,"href":"https:\/\/exoticwhip.com\/es\/wp-json\/wp\/v2\/product_brand?post=2298"},{"taxonomy":"product_cat","embeddable":true,"href":"https:\/\/exoticwhip.com\/es\/wp-json\/wp\/v2\/product_cat?post=2298"},{"taxonomy":"product_tag","embeddable":true,"href":"https:\/\/exoticwhip.com\/es\/wp-json\/wp\/v2\/product_tag?post=2298"}],"curies":[{"name":"wp","href":"https:\/\/api.w.org\/{rel}","templated":true}]}}