{"id":26718,"date":"2024-01-29T10:59:15","date_gmt":"2024-01-29T10:59:15","guid":{"rendered":"https:\/\/exotic-whip.com\/product\/exotic-whip-creamer\/"},"modified":"2025-02-12T16:40:46","modified_gmt":"2025-02-12T16:40:46","slug":"exotic-whip-creamer","status":"publish","type":"product","link":"https:\/\/exoticwhip.com\/es\/producto\/exotic-whip-creamer\/","title":{"rendered":"Cremor Exotic Whip"},"excerpt":{"rendered":"<p>El Cremor Exotic Whip es un dispensador de N2O innovador dise\u00f1ado para la creaci\u00f3n de nata montada, espumas fr\u00edas y salsas. Mira nuestra <a class=\"waffle-rich-text-link\" href=\"https:\/\/www.youtube.com\/watch?v=95d29TCNutw\">gu\u00eda en video<\/a> aqu\u00ed para ver lo f\u00e1cil que es de usar.<\/p>\n<p>El PRECIO DE VENTA RECOMENDADO es de 89,90 \u20ac.<\/p>\n<p>Compatible con los sifones de N2O Exotic Whip y los cilindros de N2O de 670g. Sifones y cilindros se venden por separado<\/p>\n","protected":false},"featured_media":28800,"template":"","meta":{"_acf_changed":false},"product_brand":[],"product_cat":[72,274],"product_tag":[],"class_list":{"0":"post-26718","1":"product","2":"type-product","3":"status-publish","4":"has-post-thumbnail","6":"product_cat-accessories-es","7":"product_cat-todos","9":"first","10":"instock","11":"taxable","12":"shipping-taxable","13":"product-type-simple"},"acf":[],"yoast_head":"<!-- This site is optimized with the Yoast SEO plugin v27.2 - https:\/\/yoast.com\/product\/yoast-seo-wordpress\/ -->\n<title>Creamer Exotic Whip<\/title>\n<meta name=\"description\" content=\"El Creamer Exotic Whip es un dispensador de N2O innovador dise\u00f1ado para crear nata montada, espumas fr\u00edas y salsas.\" \/>\n<meta name=\"robots\" content=\"index, follow, max-snippet:-1, max-image-preview:large, max-video-preview:-1\" \/>\n<link rel=\"canonical\" href=\"https:\/\/exoticwhip.com\/es\/producto\/exotic-whip-creamer\/\" \/>\n<meta property=\"og:locale\" content=\"es_ES\" \/>\n<meta property=\"og:type\" content=\"article\" \/>\n<meta property=\"og:title\" content=\"Creamer Exotic Whip\" \/>\n<meta property=\"og:description\" content=\"El Creamer Exotic Whip es un dispensador de N2O innovador dise\u00f1ado para crear nata montada, espumas fr\u00edas y salsas.\" \/>\n<meta property=\"og:url\" content=\"https:\/\/exoticwhip.com\/es\/producto\/exotic-whip-creamer\/\" \/>\n<meta property=\"og:site_name\" content=\"Exotic Whip\" \/>\n<meta property=\"article:publisher\" content=\"https:\/\/www.facebook.com\/people\/ExoticWhip\/100067750994767\/\" \/>\n<meta property=\"article:modified_time\" content=\"2025-02-12T16:40:46+00:00\" \/>\n<meta property=\"og:image\" content=\"https:\/\/exotic-whip.com\/wp-content\/uploads\/ExoticWhip-Creamer-709x1024.png\" \/>\n\t<meta property=\"og:image:width\" content=\"709\" \/>\n\t<meta property=\"og:image:height\" content=\"1024\" \/>\n\t<meta property=\"og:image:type\" content=\"image\/png\" \/>\n<meta name=\"twitter:card\" content=\"summary_large_image\" \/>\n<meta name=\"twitter:site\" content=\"@exoticwhipcream\" \/>\n<meta name=\"twitter:label1\" content=\"Tiempo de lectura\" \/>\n\t<meta name=\"twitter:data1\" content=\"1 minuto\" \/>\n<script type=\"application\/ld+json\" class=\"yoast-schema-graph\">{\"@context\":\"https:\/\/schema.org\",\"@graph\":[{\"@type\":\"WebPage\",\"@id\":\"https:\/\/exoticwhip.com\/es\/producto\/exotic-whip-creamer\/\",\"url\":\"https:\/\/exoticwhip.com\/es\/producto\/exotic-whip-creamer\/\",\"name\":\"Creamer Exotic Whip\",\"isPartOf\":{\"@id\":\"https:\/\/exotic-whip.com\/#website\"},\"primaryImageOfPage\":{\"@id\":\"https:\/\/exoticwhip.com\/es\/producto\/exotic-whip-creamer\/#primaryimage\"},\"image\":{\"@id\":\"https:\/\/exoticwhip.com\/es\/producto\/exotic-whip-creamer\/#primaryimage\"},\"thumbnailUrl\":\"https:\/\/exoticwhip.com\/wp-content\/uploads\/ExoticWhip-Creamer.png\",\"datePublished\":\"2024-01-29T10:59:15+00:00\",\"dateModified\":\"2025-02-12T16:40:46+00:00\",\"description\":\"El Creamer Exotic Whip es un dispensador de N2O innovador dise\u00f1ado para crear nata montada, espumas fr\u00edas y salsas.\",\"breadcrumb\":{\"@id\":\"https:\/\/exoticwhip.com\/es\/producto\/exotic-whip-creamer\/#breadcrumb\"},\"inLanguage\":\"es\",\"potentialAction\":[{\"@type\":\"ReadAction\",\"target\":[\"https:\/\/exoticwhip.com\/es\/producto\/exotic-whip-creamer\/\"]}]},{\"@type\":\"ImageObject\",\"inLanguage\":\"es\",\"@id\":\"https:\/\/exoticwhip.com\/es\/producto\/exotic-whip-creamer\/#primaryimage\",\"url\":\"https:\/\/exoticwhip.com\/wp-content\/uploads\/ExoticWhip-Creamer.png\",\"contentUrl\":\"https:\/\/exoticwhip.com\/wp-content\/uploads\/ExoticWhip-Creamer.png\",\"width\":2560,\"height\":3696},{\"@type\":\"BreadcrumbList\",\"@id\":\"https:\/\/exoticwhip.com\/es\/producto\/exotic-whip-creamer\/#breadcrumb\",\"itemListElement\":[{\"@type\":\"ListItem\",\"position\":1,\"name\":\"Home\",\"item\":\"https:\/\/exoticwhip.com\/es\/\"},{\"@type\":\"ListItem\",\"position\":2,\"name\":\"Cremor Exotic Whip\"}]},{\"@type\":\"WebSite\",\"@id\":\"https:\/\/exotic-whip.com\/#website\",\"url\":\"https:\/\/exotic-whip.com\/\",\"name\":\"Exotic Whip\",\"description\":\"Cream Charger N2O Cylinders\",\"publisher\":{\"@id\":\"https:\/\/exotic-whip.com\/#organization\"},\"alternateName\":\"ExoticWhip\",\"potentialAction\":[{\"@type\":\"SearchAction\",\"target\":{\"@type\":\"EntryPoint\",\"urlTemplate\":\"https:\/\/exotic-whip.com\/?s={search_term_string}\"},\"query-input\":{\"@type\":\"PropertyValueSpecification\",\"valueRequired\":true,\"valueName\":\"search_term_string\"}}],\"inLanguage\":\"es\"},{\"@type\":\"Organization\",\"@id\":\"https:\/\/exotic-whip.com\/#organization\",\"name\":\"Exotic Whip\",\"alternateName\":\"ExoticWhip\",\"url\":\"https:\/\/exotic-whip.com\/\",\"logo\":{\"@type\":\"ImageObject\",\"inLanguage\":\"es\",\"@id\":\"https:\/\/exotic-whip.com\/#\/schema\/logo\/image\/\",\"url\":\"https:\/\/exoticwhip.com\/wp-content\/uploads\/2021\/07\/exoticwhip-logo.png\",\"contentUrl\":\"https:\/\/exoticwhip.com\/wp-content\/uploads\/2021\/07\/exoticwhip-logo.png\",\"width\":245,\"height\":79,\"caption\":\"Exotic Whip\"},\"image\":{\"@id\":\"https:\/\/exotic-whip.com\/#\/schema\/logo\/image\/\"},\"sameAs\":[\"https:\/\/www.facebook.com\/people\/ExoticWhip\/100067750994767\/\",\"https:\/\/x.com\/exoticwhipcream\",\"https:\/\/www.instagram.com\/exoticwhipofficial\/\",\"https:\/\/www.tiktok.com\/@exoticwhipofficial\",\"https:\/\/www.youtube.com\/channel\/UCsYXBNnMrjeLyK9GsJC9UpQ\"]}]}<\/script>\n<!-- \/ Yoast SEO plugin. -->","yoast_head_json":{"title":"Creamer Exotic Whip","description":"El Creamer Exotic Whip es un dispensador de N2O innovador dise\u00f1ado para crear nata montada, espumas fr\u00edas y salsas.","robots":{"index":"index","follow":"follow","max-snippet":"max-snippet:-1","max-image-preview":"max-image-preview:large","max-video-preview":"max-video-preview:-1"},"canonical":"https:\/\/exoticwhip.com\/es\/producto\/exotic-whip-creamer\/","og_locale":"es_ES","og_type":"article","og_title":"Creamer Exotic Whip","og_description":"El Creamer Exotic Whip es un dispensador de N2O innovador dise\u00f1ado para crear nata montada, espumas fr\u00edas y salsas.","og_url":"https:\/\/exoticwhip.com\/es\/producto\/exotic-whip-creamer\/","og_site_name":"Exotic Whip","article_publisher":"https:\/\/www.facebook.com\/people\/ExoticWhip\/100067750994767\/","article_modified_time":"2025-02-12T16:40:46+00:00","og_image":[{"width":709,"height":1024,"url":"https:\/\/exotic-whip.com\/wp-content\/uploads\/ExoticWhip-Creamer-709x1024.png","type":"image\/png"}],"twitter_card":"summary_large_image","twitter_site":"@exoticwhipcream","twitter_misc":{"Tiempo de lectura":"1 minuto"},"schema":{"@context":"https:\/\/schema.org","@graph":[{"@type":"WebPage","@id":"https:\/\/exoticwhip.com\/es\/producto\/exotic-whip-creamer\/","url":"https:\/\/exoticwhip.com\/es\/producto\/exotic-whip-creamer\/","name":"Creamer Exotic Whip","isPartOf":{"@id":"https:\/\/exotic-whip.com\/#website"},"primaryImageOfPage":{"@id":"https:\/\/exoticwhip.com\/es\/producto\/exotic-whip-creamer\/#primaryimage"},"image":{"@id":"https:\/\/exoticwhip.com\/es\/producto\/exotic-whip-creamer\/#primaryimage"},"thumbnailUrl":"https:\/\/exoticwhip.com\/wp-content\/uploads\/ExoticWhip-Creamer.png","datePublished":"2024-01-29T10:59:15+00:00","dateModified":"2025-02-12T16:40:46+00:00","description":"El Creamer Exotic Whip es un dispensador de N2O innovador dise\u00f1ado para crear nata montada, espumas fr\u00edas y salsas.","breadcrumb":{"@id":"https:\/\/exoticwhip.com\/es\/producto\/exotic-whip-creamer\/#breadcrumb"},"inLanguage":"es","potentialAction":[{"@type":"ReadAction","target":["https:\/\/exoticwhip.com\/es\/producto\/exotic-whip-creamer\/"]}]},{"@type":"ImageObject","inLanguage":"es","@id":"https:\/\/exoticwhip.com\/es\/producto\/exotic-whip-creamer\/#primaryimage","url":"https:\/\/exoticwhip.com\/wp-content\/uploads\/ExoticWhip-Creamer.png","contentUrl":"https:\/\/exoticwhip.com\/wp-content\/uploads\/ExoticWhip-Creamer.png","width":2560,"height":3696},{"@type":"BreadcrumbList","@id":"https:\/\/exoticwhip.com\/es\/producto\/exotic-whip-creamer\/#breadcrumb","itemListElement":[{"@type":"ListItem","position":1,"name":"Home","item":"https:\/\/exoticwhip.com\/es\/"},{"@type":"ListItem","position":2,"name":"Cremor Exotic Whip"}]},{"@type":"WebSite","@id":"https:\/\/exotic-whip.com\/#website","url":"https:\/\/exotic-whip.com\/","name":"Exotic Whip","description":"Cream Charger N2O Cylinders","publisher":{"@id":"https:\/\/exotic-whip.com\/#organization"},"alternateName":"ExoticWhip","potentialAction":[{"@type":"SearchAction","target":{"@type":"EntryPoint","urlTemplate":"https:\/\/exotic-whip.com\/?s={search_term_string}"},"query-input":{"@type":"PropertyValueSpecification","valueRequired":true,"valueName":"search_term_string"}}],"inLanguage":"es"},{"@type":"Organization","@id":"https:\/\/exotic-whip.com\/#organization","name":"Exotic Whip","alternateName":"ExoticWhip","url":"https:\/\/exotic-whip.com\/","logo":{"@type":"ImageObject","inLanguage":"es","@id":"https:\/\/exotic-whip.com\/#\/schema\/logo\/image\/","url":"https:\/\/exoticwhip.com\/wp-content\/uploads\/2021\/07\/exoticwhip-logo.png","contentUrl":"https:\/\/exoticwhip.com\/wp-content\/uploads\/2021\/07\/exoticwhip-logo.png","width":245,"height":79,"caption":"Exotic Whip"},"image":{"@id":"https:\/\/exotic-whip.com\/#\/schema\/logo\/image\/"},"sameAs":["https:\/\/www.facebook.com\/people\/ExoticWhip\/100067750994767\/","https:\/\/x.com\/exoticwhipcream","https:\/\/www.instagram.com\/exoticwhipofficial\/","https:\/\/www.tiktok.com\/@exoticwhipofficial","https:\/\/www.youtube.com\/channel\/UCsYXBNnMrjeLyK9GsJC9UpQ"]}]}},"_links":{"self":[{"href":"https:\/\/exoticwhip.com\/es\/wp-json\/wp\/v2\/product\/26718","targetHints":{"allow":["GET"]}}],"collection":[{"href":"https:\/\/exoticwhip.com\/es\/wp-json\/wp\/v2\/product"}],"about":[{"href":"https:\/\/exoticwhip.com\/es\/wp-json\/wp\/v2\/types\/product"}],"wp:featuredmedia":[{"embeddable":true,"href":"https:\/\/exoticwhip.com\/es\/wp-json\/wp\/v2\/media\/28800"}],"wp:attachment":[{"href":"https:\/\/exoticwhip.com\/es\/wp-json\/wp\/v2\/media?parent=26718"}],"wp:term":[{"taxonomy":"product_brand","embeddable":true,"href":"https:\/\/exoticwhip.com\/es\/wp-json\/wp\/v2\/product_brand?post=26718"},{"taxonomy":"product_cat","embeddable":true,"href":"https:\/\/exoticwhip.com\/es\/wp-json\/wp\/v2\/product_cat?post=26718"},{"taxonomy":"product_tag","embeddable":true,"href":"https:\/\/exoticwhip.com\/es\/wp-json\/wp\/v2\/product_tag?post=26718"}],"curies":[{"name":"wp","href":"https:\/\/api.w.org\/{rel}","templated":true}]}}