{"id":24625,"date":"2023-10-23T15:52:06","date_gmt":"2023-10-23T15:52:06","guid":{"rendered":"https:\/\/exotic-whip.com\/faq\/"},"modified":"2026-01-22T08:36:49","modified_gmt":"2026-01-22T08:36:49","slug":"faq","status":"publish","type":"page","link":"https:\/\/exoticwhip.com\/fr\/faq\/","title":{"rendered":"Frequently Asked Questions On Cream Chargers"},"content":{"rendered":"","protected":false},"excerpt":{"rendered":"","protected":false},"author":2343,"featured_media":17306,"parent":0,"menu_order":0,"comment_status":"closed","ping_status":"closed","template":"tpl-flex-content.php","meta":{"_acf_changed":false,"footnotes":""},"class_list":["post-24625","page","type-page","status-publish","has-post-thumbnail","hentry"],"acf":[],"yoast_head":"<!-- This site is optimized with the Yoast SEO plugin v27.2 - https:\/\/yoast.com\/product\/yoast-seo-wordpress\/ -->\n<title>Questions fr\u00e9quemment pos\u00e9es sur les cartouches de cr\u00e8me - Exotic Whip<\/title>\n<meta name=\"description\" content=\"Lisez toutes les questions fr\u00e9quemment pos\u00e9es concernant les cartouches de cr\u00e8me fouett\u00e9e et vos commandes pass\u00e9es sur la boutique en ligne Exotic Whip.\" \/>\n<meta name=\"robots\" content=\"index, follow, max-snippet:-1, max-image-preview:large, max-video-preview:-1\" \/>\n<link rel=\"canonical\" href=\"https:\/\/exoticwhip.com\/fr\/faq\/\" \/>\n<meta property=\"og:locale\" content=\"fr_FR\" \/>\n<meta property=\"og:type\" content=\"article\" \/>\n<meta property=\"og:title\" content=\"Questions fr\u00e9quemment pos\u00e9es sur les cartouches de cr\u00e8me - Exotic Whip\" \/>\n<meta property=\"og:description\" content=\"Lisez toutes les questions fr\u00e9quemment pos\u00e9es concernant les cartouches de cr\u00e8me fouett\u00e9e et vos commandes pass\u00e9es sur la boutique en ligne Exotic Whip.\" \/>\n<meta property=\"og:url\" content=\"https:\/\/exoticwhip.com\/fr\/faq\/\" \/>\n<meta property=\"og:site_name\" content=\"Exotic Whip\" \/>\n<meta property=\"article:publisher\" content=\"https:\/\/www.facebook.com\/people\/ExoticWhip\/100067750994767\/\" \/>\n<meta property=\"article:modified_time\" content=\"2026-01-22T08:36:49+00:00\" \/>\n<meta property=\"og:image\" content=\"https:\/\/exoticwhip.com\/wp-content\/uploads\/2022\/07\/DSC01274-1.jpg\" \/>\n\t<meta property=\"og:image:width\" content=\"1416\" \/>\n\t<meta property=\"og:image:height\" content=\"1331\" \/>\n\t<meta property=\"og:image:type\" content=\"image\/jpeg\" \/>\n<meta name=\"twitter:card\" content=\"summary_large_image\" \/>\n<meta name=\"twitter:site\" content=\"@exoticwhipcream\" \/>\n<meta name=\"twitter:label1\" content=\"Dur\u00e9e de lecture estim\u00e9e\" \/>\n\t<meta name=\"twitter:data1\" content=\"3 minutes\" \/>\n<script type=\"application\/ld+json\" class=\"yoast-schema-graph\">{\"@context\":\"https:\/\/schema.org\",\"@graph\":[{\"@type\":\"WebPage\",\"@id\":\"https:\/\/exoticwhip.com\/fr\/faq\/\",\"url\":\"https:\/\/exoticwhip.com\/fr\/faq\/\",\"name\":\"Questions fr\u00e9quemment pos\u00e9es sur les cartouches de cr\u00e8me - Exotic Whip\",\"isPartOf\":{\"@id\":\"https:\/\/exotic-whip.com\/#website\"},\"primaryImageOfPage\":{\"@id\":\"https:\/\/exoticwhip.com\/fr\/faq\/#primaryimage\"},\"image\":{\"@id\":\"https:\/\/exoticwhip.com\/fr\/faq\/#primaryimage\"},\"thumbnailUrl\":\"https:\/\/exoticwhip.com\/wp-content\/uploads\/2022\/07\/DSC01274-1.jpg\",\"datePublished\":\"2023-10-23T15:52:06+00:00\",\"dateModified\":\"2026-01-22T08:36:49+00:00\",\"description\":\"Lisez toutes les questions fr\u00e9quemment pos\u00e9es concernant les cartouches de cr\u00e8me fouett\u00e9e et vos commandes pass\u00e9es sur la boutique en ligne Exotic Whip.\",\"breadcrumb\":{\"@id\":\"https:\/\/exoticwhip.com\/fr\/faq\/#breadcrumb\"},\"inLanguage\":\"fr-FR\",\"potentialAction\":[{\"@type\":\"ReadAction\",\"target\":[\"https:\/\/exoticwhip.com\/fr\/faq\/\"]}]},{\"@type\":\"ImageObject\",\"inLanguage\":\"fr-FR\",\"@id\":\"https:\/\/exoticwhip.com\/fr\/faq\/#primaryimage\",\"url\":\"https:\/\/exoticwhip.com\/wp-content\/uploads\/2022\/07\/DSC01274-1.jpg\",\"contentUrl\":\"https:\/\/exoticwhip.com\/wp-content\/uploads\/2022\/07\/DSC01274-1.jpg\",\"width\":1416,\"height\":1331},{\"@type\":\"BreadcrumbList\",\"@id\":\"https:\/\/exoticwhip.com\/fr\/faq\/#breadcrumb\",\"itemListElement\":[{\"@type\":\"ListItem\",\"position\":1,\"name\":\"Home\",\"item\":\"https:\/\/exoticwhip.com\/fr\/\"},{\"@type\":\"ListItem\",\"position\":2,\"name\":\"Frequently Asked Questions On Cream Chargers\"}]},{\"@type\":\"WebSite\",\"@id\":\"https:\/\/exotic-whip.com\/#website\",\"url\":\"https:\/\/exotic-whip.com\/\",\"name\":\"Exotic Whip\",\"description\":\"Cream Charger N2O Cylinders\",\"publisher\":{\"@id\":\"https:\/\/exotic-whip.com\/#organization\"},\"alternateName\":\"ExoticWhip\",\"potentialAction\":[{\"@type\":\"SearchAction\",\"target\":{\"@type\":\"EntryPoint\",\"urlTemplate\":\"https:\/\/exotic-whip.com\/?s={search_term_string}\"},\"query-input\":{\"@type\":\"PropertyValueSpecification\",\"valueRequired\":true,\"valueName\":\"search_term_string\"}}],\"inLanguage\":\"fr-FR\"},{\"@type\":\"Organization\",\"@id\":\"https:\/\/exotic-whip.com\/#organization\",\"name\":\"Exotic Whip\",\"alternateName\":\"ExoticWhip\",\"url\":\"https:\/\/exotic-whip.com\/\",\"logo\":{\"@type\":\"ImageObject\",\"inLanguage\":\"fr-FR\",\"@id\":\"https:\/\/exotic-whip.com\/#\/schema\/logo\/image\/\",\"url\":\"https:\/\/exoticwhip.com\/wp-content\/uploads\/2021\/07\/exoticwhip-logo.png\",\"contentUrl\":\"https:\/\/exoticwhip.com\/wp-content\/uploads\/2021\/07\/exoticwhip-logo.png\",\"width\":245,\"height\":79,\"caption\":\"Exotic Whip\"},\"image\":{\"@id\":\"https:\/\/exotic-whip.com\/#\/schema\/logo\/image\/\"},\"sameAs\":[\"https:\/\/www.facebook.com\/people\/ExoticWhip\/100067750994767\/\",\"https:\/\/x.com\/exoticwhipcream\",\"https:\/\/www.instagram.com\/exoticwhipofficial\/\",\"https:\/\/www.tiktok.com\/@exoticwhipofficial\",\"https:\/\/www.youtube.com\/channel\/UCsYXBNnMrjeLyK9GsJC9UpQ\"]}]}<\/script>\n<!-- \/ Yoast SEO plugin. -->","yoast_head_json":{"title":"Questions fr\u00e9quemment pos\u00e9es sur les cartouches de cr\u00e8me - Exotic Whip","description":"Lisez toutes les questions fr\u00e9quemment pos\u00e9es concernant les cartouches de cr\u00e8me fouett\u00e9e et vos commandes pass\u00e9es sur la boutique en ligne Exotic Whip.","robots":{"index":"index","follow":"follow","max-snippet":"max-snippet:-1","max-image-preview":"max-image-preview:large","max-video-preview":"max-video-preview:-1"},"canonical":"https:\/\/exoticwhip.com\/fr\/faq\/","og_locale":"fr_FR","og_type":"article","og_title":"Questions fr\u00e9quemment pos\u00e9es sur les cartouches de cr\u00e8me - Exotic Whip","og_description":"Lisez toutes les questions fr\u00e9quemment pos\u00e9es concernant les cartouches de cr\u00e8me fouett\u00e9e et vos commandes pass\u00e9es sur la boutique en ligne Exotic Whip.","og_url":"https:\/\/exoticwhip.com\/fr\/faq\/","og_site_name":"Exotic Whip","article_publisher":"https:\/\/www.facebook.com\/people\/ExoticWhip\/100067750994767\/","article_modified_time":"2026-01-22T08:36:49+00:00","og_image":[{"width":1416,"height":1331,"url":"https:\/\/exoticwhip.com\/wp-content\/uploads\/2022\/07\/DSC01274-1.jpg","type":"image\/jpeg"}],"twitter_card":"summary_large_image","twitter_site":"@exoticwhipcream","twitter_misc":{"Dur\u00e9e de lecture estim\u00e9e":"3 minutes"},"schema":{"@context":"https:\/\/schema.org","@graph":[{"@type":"WebPage","@id":"https:\/\/exoticwhip.com\/fr\/faq\/","url":"https:\/\/exoticwhip.com\/fr\/faq\/","name":"Questions fr\u00e9quemment pos\u00e9es sur les cartouches de cr\u00e8me - Exotic Whip","isPartOf":{"@id":"https:\/\/exotic-whip.com\/#website"},"primaryImageOfPage":{"@id":"https:\/\/exoticwhip.com\/fr\/faq\/#primaryimage"},"image":{"@id":"https:\/\/exoticwhip.com\/fr\/faq\/#primaryimage"},"thumbnailUrl":"https:\/\/exoticwhip.com\/wp-content\/uploads\/2022\/07\/DSC01274-1.jpg","datePublished":"2023-10-23T15:52:06+00:00","dateModified":"2026-01-22T08:36:49+00:00","description":"Lisez toutes les questions fr\u00e9quemment pos\u00e9es concernant les cartouches de cr\u00e8me fouett\u00e9e et vos commandes pass\u00e9es sur la boutique en ligne Exotic Whip.","breadcrumb":{"@id":"https:\/\/exoticwhip.com\/fr\/faq\/#breadcrumb"},"inLanguage":"fr-FR","potentialAction":[{"@type":"ReadAction","target":["https:\/\/exoticwhip.com\/fr\/faq\/"]}]},{"@type":"ImageObject","inLanguage":"fr-FR","@id":"https:\/\/exoticwhip.com\/fr\/faq\/#primaryimage","url":"https:\/\/exoticwhip.com\/wp-content\/uploads\/2022\/07\/DSC01274-1.jpg","contentUrl":"https:\/\/exoticwhip.com\/wp-content\/uploads\/2022\/07\/DSC01274-1.jpg","width":1416,"height":1331},{"@type":"BreadcrumbList","@id":"https:\/\/exoticwhip.com\/fr\/faq\/#breadcrumb","itemListElement":[{"@type":"ListItem","position":1,"name":"Home","item":"https:\/\/exoticwhip.com\/fr\/"},{"@type":"ListItem","position":2,"name":"Frequently Asked Questions On Cream Chargers"}]},{"@type":"WebSite","@id":"https:\/\/exotic-whip.com\/#website","url":"https:\/\/exotic-whip.com\/","name":"Exotic Whip","description":"Cream Charger N2O Cylinders","publisher":{"@id":"https:\/\/exotic-whip.com\/#organization"},"alternateName":"ExoticWhip","potentialAction":[{"@type":"SearchAction","target":{"@type":"EntryPoint","urlTemplate":"https:\/\/exotic-whip.com\/?s={search_term_string}"},"query-input":{"@type":"PropertyValueSpecification","valueRequired":true,"valueName":"search_term_string"}}],"inLanguage":"fr-FR"},{"@type":"Organization","@id":"https:\/\/exotic-whip.com\/#organization","name":"Exotic Whip","alternateName":"ExoticWhip","url":"https:\/\/exotic-whip.com\/","logo":{"@type":"ImageObject","inLanguage":"fr-FR","@id":"https:\/\/exotic-whip.com\/#\/schema\/logo\/image\/","url":"https:\/\/exoticwhip.com\/wp-content\/uploads\/2021\/07\/exoticwhip-logo.png","contentUrl":"https:\/\/exoticwhip.com\/wp-content\/uploads\/2021\/07\/exoticwhip-logo.png","width":245,"height":79,"caption":"Exotic Whip"},"image":{"@id":"https:\/\/exotic-whip.com\/#\/schema\/logo\/image\/"},"sameAs":["https:\/\/www.facebook.com\/people\/ExoticWhip\/100067750994767\/","https:\/\/x.com\/exoticwhipcream","https:\/\/www.instagram.com\/exoticwhipofficial\/","https:\/\/www.tiktok.com\/@exoticwhipofficial","https:\/\/www.youtube.com\/channel\/UCsYXBNnMrjeLyK9GsJC9UpQ"]}]}},"_links":{"self":[{"href":"https:\/\/exoticwhip.com\/fr\/wp-json\/wp\/v2\/pages\/24625","targetHints":{"allow":["GET"]}}],"collection":[{"href":"https:\/\/exoticwhip.com\/fr\/wp-json\/wp\/v2\/pages"}],"about":[{"href":"https:\/\/exoticwhip.com\/fr\/wp-json\/wp\/v2\/types\/page"}],"author":[{"embeddable":true,"href":"https:\/\/exoticwhip.com\/fr\/wp-json\/wp\/v2\/users\/2343"}],"replies":[{"embeddable":true,"href":"https:\/\/exoticwhip.com\/fr\/wp-json\/wp\/v2\/comments?post=24625"}],"version-history":[{"count":3,"href":"https:\/\/exoticwhip.com\/fr\/wp-json\/wp\/v2\/pages\/24625\/revisions"}],"predecessor-version":[{"id":38433,"href":"https:\/\/exoticwhip.com\/fr\/wp-json\/wp\/v2\/pages\/24625\/revisions\/38433"}],"wp:featuredmedia":[{"embeddable":true,"href":"https:\/\/exoticwhip.com\/fr\/wp-json\/wp\/v2\/media\/17306"}],"wp:attachment":[{"href":"https:\/\/exoticwhip.com\/fr\/wp-json\/wp\/v2\/media?parent=24625"}],"curies":[{"name":"wp","href":"https:\/\/api.w.org\/{rel}","templated":true}]}}