{"id":2668,"date":"2021-09-24T09:25:06","date_gmt":"2021-09-24T09:25:06","guid":{"rendered":"https:\/\/exotic-whip.com\/cream-dispenser\/"},"modified":"2025-08-30T06:29:40","modified_gmt":"2025-08-30T06:29:40","slug":"siphon-a-chantilly","status":"publish","type":"page","link":"https:\/\/exoticwhip.com\/fr\/siphon-a-chantilly\/","title":{"rendered":"Siphon \u00e0 chantilly"},"content":{"rendered":"<h2 class=\"woocommerce-loop-product__title\">Qu&rsquo;est-ce qu&rsquo;un Siphon \u00e0 chantilly<\/h2>\n<p class=\"p1\">Les <a href=\"https:\/\/exoticwhip.com\/fr\/produit\/cream-siphon\/\" target=\"_blank\" rel=\"noopener\">Siphon \u00e0 chantilly<\/a> sont les auxiliaires parfaits de la cuisine et du m\u00e9nage. En un rien de temps, la cr\u00e8me chantilly est parfaitement pr\u00e9par\u00e9e et bien ferme, et peut \u00eatre utilis\u00e9e pour la suite des op\u00e9rations. Que ce soit pour d\u00e9corer des g\u00e2teaux \u00e9labor\u00e9s ou comme garniture parfaite sur des g\u00e2teaux fins et de nombreux autres desserts. Les distributeurs de cr\u00e8me sont disponibles en plusieurs versions. Ainsi, le siphon \u00e0 cr\u00e8me avec levier, mais aussi le flacon siphon \u00e0 cr\u00e8me avec boutons poussoirs jouissent d&rsquo;une grande popularit\u00e9. En fonction du domaine d&rsquo;application, chaque bouteille \u00e0 Siphon \u00e0 chantilly pr\u00e9sente ses propres avantages.<\/p>\n<h2>Siphon \u00e0 chantilly test<\/h2>\n<p>Dans le test du siphon \u00e0 chantilly, certains appareils ont \u00e9t\u00e9 test\u00e9s et \u00e9valu\u00e9s. Le flacon pulv\u00e9risateur de cr\u00e8me id\u00e9al est en acier inoxydable et a un volume de remplissage de 500 ml. Outre la cr\u00e8me, la pr\u00e9paration d&rsquo;autres plats froids et chauds, d&rsquo;espumas, de cr\u00e8me chantilly, de mousses et de d\u00e9licieuses variantes de mousse ne devrait pas poser de probl\u00e8me. La livraison devrait \u00e9galement comprendre plusieurs accessoires et une brosse de nettoyage. Des cartouches de cr\u00e8me sont \u00e9galement n\u00e9cessaires pour que le siphon \u00e0 cr\u00e8me fonctionne.<\/p>\n<p>L&rsquo;utilisation d&rsquo;un siphon \u00e0 chantilly n&rsquo;est en principe pas difficile et suit toujours le m\u00eame principe. La cr\u00e8me chantilly fra\u00eeche est vers\u00e9e dans le distributeur de cr\u00e8me et ferm\u00e9e avec le couvercle. Ensuite, la cartouche de cr\u00e8me est activ\u00e9e par la t\u00eate de l&rsquo;appareil. Un l\u00e9ger sifflement donne le feu vert et permet de retirer la cartouche de protoxyde d&rsquo;azote. Votre appareil \u00e0 chantilly est maintenant pr\u00eat \u00e0 \u00eatre utilis\u00e9. La cr\u00e8me fra\u00eechement fouett\u00e9e s&rsquo;\u00e9coule facilement et duveteusement siphon \u00e0 chantilly et peut \u00eatre utilis\u00e9e individuellement. Il n&rsquo;y a pas de limites \u00e0 votre propre cr\u00e9ativit\u00e9 pour pr\u00e9parer des plats d\u00e9licieux. Sur Internet, vous trouverez une multitude de recettes de siphons \u00e0 cr\u00e8me diff\u00e9rentes qui feront la joie de toute la famille.<\/p>\n<h2 class=\"p1\"><b>Siphon \u00e0 chantilly &#8211; Espuma?<\/b><\/h2>\n<p>Les Espumas sont une explosion de saveurs. Le siphon \u00e0 chantilly Espumas parfait fait appara\u00eetre en un rien de temps de d\u00e9licieuses petites mousses et bonnets d&rsquo;herbes, de raifort ou de curry. Mais les variantes sucr\u00e9es sont \u00e9galement un jeu d&rsquo;enfant avec le bon appareil \u00e0 espuma. Les doux r\u00eaves d&rsquo;ananas, de noix de coco ou m\u00eame de framboise enchanteront tous les convives que vous inviterez \u00e0 table. Mais qu&rsquo;est-ce que l&rsquo;espuma ? Le mot vient de la langue espagnole et ne signifie rien d&rsquo;autre que de la mousse. Et c&rsquo;est exactement cela, avec sa consistance incomparable, qui se pr\u00e9pare avec un appareil Espuma en quelques minutes. Utilisez une fois votre distributeur de cr\u00e8me Espumas pour r\u00e9aliser des cr\u00e9ations l\u00e9g\u00e8res \u00e0 base de fromage de ch\u00e8vre. Les recettes du siphon \u00e0 chantilly fournissent une multitude d&rsquo;id\u00e9es diff\u00e9rentes pour utiliser le siphon Espumas.<\/p>\n<p>Le fouet Isi Gourmet permet d&rsquo;aromatiser vos aliments de mani\u00e8re moelleuse. Ce qui \u00e9tait autrefois consid\u00e9r\u00e9 comme extr\u00eamement laborieux et prenait souvent beaucoup de temps, se fait en quelques minutes avec le Gourmet Whip. Le proc\u00e9d\u00e9 est originaire des \u00c9tats-Unis et a \u00e9t\u00e9 utilis\u00e9 pour la premi\u00e8re fois par le c\u00e9l\u00e8bre mixologue D. Arnold. Une technique sp\u00e9ciale presse le liquide dans les pores de l&rsquo;ar\u00f4me. L&rsquo;ar\u00f4me passe ainsi dans la base du Whip. L&rsquo;Isi Gourmet Whip est un v\u00e9ritable outil polyvalent. Ici, la pr\u00e9paration de mousses froides et chaudes devient un jeu d&rsquo;enfant. R\u00e9guli\u00e8rement, l&rsquo;Isi Gourmet Whip obtient les meilleures notes dans les tests de cr\u00e8me chantilly. Remplir, d\u00e9corer et mariner tous les aliments est rapidement accompli. Le Gourmet Whip est \u00e9galement certifi\u00e9 NSF et peut \u00eatre utilis\u00e9 dans les cuisines professionnelles.<\/p>\n<p>Un siphon \u00e0 chantilly simple mais puissant est l&rsquo;Easy Whip. Il est pratique et flexible \u00e0 utiliser. La cr\u00e8me reste fra\u00eeche au r\u00e9frig\u00e9rateur jusqu&rsquo;\u00e0 10 jours. L&rsquo;Easy Whip permet d&rsquo;obtenir un plaisir moelleux en appuyant sur un bouton. Ce siphon \u00e0 cr\u00e8me se distingue par son fonctionnement infaillible et son nettoyage facile. L&rsquo;Easy Whip plus est un siphon \u00e0 cr\u00e8me sur pied qui convient au libre-service. L&rsquo;Easy Whip plus est donc le compagnon id\u00e9al de tout buffet ou table de self-service.<\/p>\n<p>De la <a href=\"https:\/\/exoticwhip.com\/fr\/blog-fr\/prepare-whipped-cream-in-5-minutes-with-n2o\/\" target=\"_blank\" rel=\"noopener\">cr\u00e8me fra\u00eeche<\/a> sur simple pression d&rsquo;un bouton et de nombreuses cr\u00e9ations d\u00e9licieuses : tous les parfums restent frais et d\u00e9licieux pendant longtemps.<\/p>\n<h2 style=\"text-align: center;\">Bonbonne<br \/>\nN2O 640G<\/h2>\n<p style=\"text-align: center;\"><strong>Le plus grand bonbonne N2O du march\u00e9.<\/strong><\/p>\n<p>\\<\/p>\n<h2 style=\"text-align: center;\">Exotic<br \/>\nsirops aromatises<\/h2>\n<p style=\"text-align: center;\"><strong>Ajoutez une touche d&rsquo;exotisme \u00e0 votre cr\u00e8me chantilly.<\/strong><\/p>\n","protected":false},"excerpt":{"rendered":"<p>Qu&rsquo;est-ce qu&rsquo;un Siphon \u00e0 chantilly Les Siphon \u00e0 chantilly sont les auxiliaires parfaits de la cuisine et du m\u00e9nage. En un rien de temps, la cr\u00e8me chantilly est parfaitement pr\u00e9par\u00e9e et bien ferme, et peut \u00eatre utilis\u00e9e pour la suite des op\u00e9rations. Que ce soit pour d\u00e9corer des g\u00e2teaux \u00e9labor\u00e9s ou comme garniture parfaite sur [&hellip;]<\/p>\n","protected":false},"author":2343,"featured_media":0,"parent":0,"menu_order":0,"comment_status":"closed","ping_status":"closed","template":"","meta":{"_acf_changed":false,"footnotes":""},"class_list":["post-2668","page","type-page","status-publish","hentry"],"acf":[],"yoast_head":"<!-- This site is optimized with the Yoast SEO plugin v27.2 - https:\/\/yoast.com\/product\/yoast-seo-wordpress\/ -->\n<title>Siphon \u00e0 chantilly Avec Protoxyde d&#039;Azote - Exotic Whip<\/title>\n<meta name=\"description\" content=\"Les siphons \u00e0 chantilly sont les parfaits auxiliaires de la cuisine. Information sur le siphon chantilly et le protoxyde d&#039;azote.\" \/>\n<meta name=\"robots\" content=\"index, follow, max-snippet:-1, max-image-preview:large, max-video-preview:-1\" \/>\n<link rel=\"canonical\" href=\"https:\/\/exoticwhip.com\/fr\/siphon-a-chantilly\/\" \/>\n<meta property=\"og:locale\" content=\"fr_FR\" \/>\n<meta property=\"og:type\" content=\"article\" \/>\n<meta property=\"og:title\" content=\"Siphon \u00e0 chantilly Avec Protoxyde d&#039;Azote - Exotic Whip\" \/>\n<meta property=\"og:description\" content=\"Les siphons \u00e0 chantilly sont les parfaits auxiliaires de la cuisine. Information sur le siphon chantilly et le protoxyde d&#039;azote.\" \/>\n<meta property=\"og:url\" content=\"https:\/\/exoticwhip.com\/fr\/siphon-a-chantilly\/\" \/>\n<meta property=\"og:site_name\" content=\"Exotic Whip\" \/>\n<meta property=\"article:publisher\" content=\"https:\/\/www.facebook.com\/people\/ExoticWhip\/100067750994767\/\" \/>\n<meta property=\"article:modified_time\" content=\"2025-08-30T06:29:40+00:00\" \/>\n<meta property=\"og:image\" content=\"https:\/\/exoticwhip.com\/wp-content\/uploads\/What-to-Know-About-Exotic-Whip-1.jpg\" \/>\n\t<meta property=\"og:image:width\" content=\"1200\" \/>\n\t<meta property=\"og:image:height\" content=\"630\" \/>\n\t<meta property=\"og:image:type\" content=\"image\/jpeg\" \/>\n<meta name=\"twitter:card\" content=\"summary_large_image\" \/>\n<meta name=\"twitter:site\" content=\"@exoticwhipcream\" \/>\n<meta name=\"twitter:label1\" content=\"Dur\u00e9e de lecture estim\u00e9e\" \/>\n\t<meta name=\"twitter:data1\" content=\"4 minutes\" \/>\n<script type=\"application\/ld+json\" class=\"yoast-schema-graph\">{\"@context\":\"https:\/\/schema.org\",\"@graph\":[{\"@type\":[\"Article\",\"BlogPosting\"],\"@id\":\"https:\/\/exoticwhip.com\/fr\/siphon-a-chantilly\/#article\",\"isPartOf\":{\"@id\":\"https:\/\/exoticwhip.com\/fr\/siphon-a-chantilly\/\"},\"author\":{\"name\":\"Olivia Frost\",\"@id\":\"https:\/\/exotic-whip.com\/#\/schema\/person\/9d3cd5aa4f5c260fb0cb7110c78a2d4a\"},\"headline\":\"Siphon \u00e0 chantilly\",\"datePublished\":\"2021-09-24T09:25:06+00:00\",\"dateModified\":\"2025-08-30T06:29:40+00:00\",\"mainEntityOfPage\":{\"@id\":\"https:\/\/exoticwhip.com\/fr\/siphon-a-chantilly\/\"},\"wordCount\":824,\"publisher\":{\"@id\":\"https:\/\/exotic-whip.com\/#organization\"},\"inLanguage\":\"fr-FR\"},{\"@type\":\"WebPage\",\"@id\":\"https:\/\/exoticwhip.com\/fr\/siphon-a-chantilly\/\",\"url\":\"https:\/\/exoticwhip.com\/fr\/siphon-a-chantilly\/\",\"name\":\"Siphon \u00e0 chantilly Avec Protoxyde d'Azote - Exotic Whip\",\"isPartOf\":{\"@id\":\"https:\/\/exotic-whip.com\/#website\"},\"datePublished\":\"2021-09-24T09:25:06+00:00\",\"dateModified\":\"2025-08-30T06:29:40+00:00\",\"description\":\"Les siphons \u00e0 chantilly sont les parfaits auxiliaires de la cuisine. Information sur le siphon chantilly et le protoxyde d'azote.\",\"breadcrumb\":{\"@id\":\"https:\/\/exoticwhip.com\/fr\/siphon-a-chantilly\/#breadcrumb\"},\"inLanguage\":\"fr-FR\",\"potentialAction\":[{\"@type\":\"ReadAction\",\"target\":[\"https:\/\/exoticwhip.com\/fr\/siphon-a-chantilly\/\"]}]},{\"@type\":\"BreadcrumbList\",\"@id\":\"https:\/\/exoticwhip.com\/fr\/siphon-a-chantilly\/#breadcrumb\",\"itemListElement\":[{\"@type\":\"ListItem\",\"position\":1,\"name\":\"Home\",\"item\":\"https:\/\/exoticwhip.com\/fr\/\"},{\"@type\":\"ListItem\",\"position\":2,\"name\":\"Siphon \u00e0 chantilly\"}]},{\"@type\":\"WebSite\",\"@id\":\"https:\/\/exotic-whip.com\/#website\",\"url\":\"https:\/\/exotic-whip.com\/\",\"name\":\"Exotic Whip\",\"description\":\"Cream Charger N2O Cylinders\",\"publisher\":{\"@id\":\"https:\/\/exotic-whip.com\/#organization\"},\"alternateName\":\"ExoticWhip\",\"potentialAction\":[{\"@type\":\"SearchAction\",\"target\":{\"@type\":\"EntryPoint\",\"urlTemplate\":\"https:\/\/exotic-whip.com\/?s={search_term_string}\"},\"query-input\":{\"@type\":\"PropertyValueSpecification\",\"valueRequired\":true,\"valueName\":\"search_term_string\"}}],\"inLanguage\":\"fr-FR\"},{\"@type\":\"Organization\",\"@id\":\"https:\/\/exotic-whip.com\/#organization\",\"name\":\"Exotic Whip\",\"alternateName\":\"ExoticWhip\",\"url\":\"https:\/\/exotic-whip.com\/\",\"logo\":{\"@type\":\"ImageObject\",\"inLanguage\":\"fr-FR\",\"@id\":\"https:\/\/exotic-whip.com\/#\/schema\/logo\/image\/\",\"url\":\"https:\/\/exoticwhip.com\/wp-content\/uploads\/2021\/07\/exoticwhip-logo.png\",\"contentUrl\":\"https:\/\/exoticwhip.com\/wp-content\/uploads\/2021\/07\/exoticwhip-logo.png\",\"width\":245,\"height\":79,\"caption\":\"Exotic Whip\"},\"image\":{\"@id\":\"https:\/\/exotic-whip.com\/#\/schema\/logo\/image\/\"},\"sameAs\":[\"https:\/\/www.facebook.com\/people\/ExoticWhip\/100067750994767\/\",\"https:\/\/x.com\/exoticwhipcream\",\"https:\/\/www.instagram.com\/exoticwhipofficial\/\",\"https:\/\/www.tiktok.com\/@exoticwhipofficial\",\"https:\/\/www.youtube.com\/channel\/UCsYXBNnMrjeLyK9GsJC9UpQ\"]},{\"@type\":\"Person\",\"@id\":\"https:\/\/exotic-whip.com\/#\/schema\/person\/9d3cd5aa4f5c260fb0cb7110c78a2d4a\",\"name\":\"Olivia Frost\",\"description\":\"Olivia Frost is a seasoned pastry chef and culinary expert, specializing in the art of creating delightful desserts. With a passion for innovation and a keen understanding of kitchen tools, she shares her expertise on whip cream chargers and nitrous oxide cylinders through her engaging blog.\",\"sameAs\":[\"https:\/\/exoticwhip.com\/olivia-frost\/\",\"https:\/\/www.instagram.com\/oliviafrost1990\/\",\"https:\/\/www.linkedin.com\/in\/chef-olivia-frost\/\",\"https:\/\/x.com\/OliviaFrost1990\"],\"url\":\"https:\/\/exoticwhip.com\/fr\/author\/expertmixologist\/\"}]}<\/script>\n<!-- \/ Yoast SEO plugin. -->","yoast_head_json":{"title":"Siphon \u00e0 chantilly Avec Protoxyde d'Azote - Exotic Whip","description":"Les siphons \u00e0 chantilly sont les parfaits auxiliaires de la cuisine. Information sur le siphon chantilly et le protoxyde d'azote.","robots":{"index":"index","follow":"follow","max-snippet":"max-snippet:-1","max-image-preview":"max-image-preview:large","max-video-preview":"max-video-preview:-1"},"canonical":"https:\/\/exoticwhip.com\/fr\/siphon-a-chantilly\/","og_locale":"fr_FR","og_type":"article","og_title":"Siphon \u00e0 chantilly Avec Protoxyde d'Azote - Exotic Whip","og_description":"Les siphons \u00e0 chantilly sont les parfaits auxiliaires de la cuisine. Information sur le siphon chantilly et le protoxyde d'azote.","og_url":"https:\/\/exoticwhip.com\/fr\/siphon-a-chantilly\/","og_site_name":"Exotic Whip","article_publisher":"https:\/\/www.facebook.com\/people\/ExoticWhip\/100067750994767\/","article_modified_time":"2025-08-30T06:29:40+00:00","og_image":[{"width":1200,"height":630,"url":"https:\/\/exoticwhip.com\/wp-content\/uploads\/What-to-Know-About-Exotic-Whip-1.jpg","type":"image\/jpeg"}],"twitter_card":"summary_large_image","twitter_site":"@exoticwhipcream","twitter_misc":{"Dur\u00e9e de lecture estim\u00e9e":"4 minutes"},"schema":{"@context":"https:\/\/schema.org","@graph":[{"@type":["Article","BlogPosting"],"@id":"https:\/\/exoticwhip.com\/fr\/siphon-a-chantilly\/#article","isPartOf":{"@id":"https:\/\/exoticwhip.com\/fr\/siphon-a-chantilly\/"},"author":{"name":"Olivia Frost","@id":"https:\/\/exotic-whip.com\/#\/schema\/person\/9d3cd5aa4f5c260fb0cb7110c78a2d4a"},"headline":"Siphon \u00e0 chantilly","datePublished":"2021-09-24T09:25:06+00:00","dateModified":"2025-08-30T06:29:40+00:00","mainEntityOfPage":{"@id":"https:\/\/exoticwhip.com\/fr\/siphon-a-chantilly\/"},"wordCount":824,"publisher":{"@id":"https:\/\/exotic-whip.com\/#organization"},"inLanguage":"fr-FR"},{"@type":"WebPage","@id":"https:\/\/exoticwhip.com\/fr\/siphon-a-chantilly\/","url":"https:\/\/exoticwhip.com\/fr\/siphon-a-chantilly\/","name":"Siphon \u00e0 chantilly Avec Protoxyde d'Azote - Exotic Whip","isPartOf":{"@id":"https:\/\/exotic-whip.com\/#website"},"datePublished":"2021-09-24T09:25:06+00:00","dateModified":"2025-08-30T06:29:40+00:00","description":"Les siphons \u00e0 chantilly sont les parfaits auxiliaires de la cuisine. Information sur le siphon chantilly et le protoxyde d'azote.","breadcrumb":{"@id":"https:\/\/exoticwhip.com\/fr\/siphon-a-chantilly\/#breadcrumb"},"inLanguage":"fr-FR","potentialAction":[{"@type":"ReadAction","target":["https:\/\/exoticwhip.com\/fr\/siphon-a-chantilly\/"]}]},{"@type":"BreadcrumbList","@id":"https:\/\/exoticwhip.com\/fr\/siphon-a-chantilly\/#breadcrumb","itemListElement":[{"@type":"ListItem","position":1,"name":"Home","item":"https:\/\/exoticwhip.com\/fr\/"},{"@type":"ListItem","position":2,"name":"Siphon \u00e0 chantilly"}]},{"@type":"WebSite","@id":"https:\/\/exotic-whip.com\/#website","url":"https:\/\/exotic-whip.com\/","name":"Exotic Whip","description":"Cream Charger N2O Cylinders","publisher":{"@id":"https:\/\/exotic-whip.com\/#organization"},"alternateName":"ExoticWhip","potentialAction":[{"@type":"SearchAction","target":{"@type":"EntryPoint","urlTemplate":"https:\/\/exotic-whip.com\/?s={search_term_string}"},"query-input":{"@type":"PropertyValueSpecification","valueRequired":true,"valueName":"search_term_string"}}],"inLanguage":"fr-FR"},{"@type":"Organization","@id":"https:\/\/exotic-whip.com\/#organization","name":"Exotic Whip","alternateName":"ExoticWhip","url":"https:\/\/exotic-whip.com\/","logo":{"@type":"ImageObject","inLanguage":"fr-FR","@id":"https:\/\/exotic-whip.com\/#\/schema\/logo\/image\/","url":"https:\/\/exoticwhip.com\/wp-content\/uploads\/2021\/07\/exoticwhip-logo.png","contentUrl":"https:\/\/exoticwhip.com\/wp-content\/uploads\/2021\/07\/exoticwhip-logo.png","width":245,"height":79,"caption":"Exotic Whip"},"image":{"@id":"https:\/\/exotic-whip.com\/#\/schema\/logo\/image\/"},"sameAs":["https:\/\/www.facebook.com\/people\/ExoticWhip\/100067750994767\/","https:\/\/x.com\/exoticwhipcream","https:\/\/www.instagram.com\/exoticwhipofficial\/","https:\/\/www.tiktok.com\/@exoticwhipofficial","https:\/\/www.youtube.com\/channel\/UCsYXBNnMrjeLyK9GsJC9UpQ"]},{"@type":"Person","@id":"https:\/\/exotic-whip.com\/#\/schema\/person\/9d3cd5aa4f5c260fb0cb7110c78a2d4a","name":"Olivia Frost","description":"Olivia Frost is a seasoned pastry chef and culinary expert, specializing in the art of creating delightful desserts. With a passion for innovation and a keen understanding of kitchen tools, she shares her expertise on whip cream chargers and nitrous oxide cylinders through her engaging blog.","sameAs":["https:\/\/exoticwhip.com\/olivia-frost\/","https:\/\/www.instagram.com\/oliviafrost1990\/","https:\/\/www.linkedin.com\/in\/chef-olivia-frost\/","https:\/\/x.com\/OliviaFrost1990"],"url":"https:\/\/exoticwhip.com\/fr\/author\/expertmixologist\/"}]}},"_links":{"self":[{"href":"https:\/\/exoticwhip.com\/fr\/wp-json\/wp\/v2\/pages\/2668","targetHints":{"allow":["GET"]}}],"collection":[{"href":"https:\/\/exoticwhip.com\/fr\/wp-json\/wp\/v2\/pages"}],"about":[{"href":"https:\/\/exoticwhip.com\/fr\/wp-json\/wp\/v2\/types\/page"}],"author":[{"embeddable":true,"href":"https:\/\/exoticwhip.com\/fr\/wp-json\/wp\/v2\/users\/2343"}],"replies":[{"embeddable":true,"href":"https:\/\/exoticwhip.com\/fr\/wp-json\/wp\/v2\/comments?post=2668"}],"version-history":[{"count":6,"href":"https:\/\/exoticwhip.com\/fr\/wp-json\/wp\/v2\/pages\/2668\/revisions"}],"predecessor-version":[{"id":36624,"href":"https:\/\/exoticwhip.com\/fr\/wp-json\/wp\/v2\/pages\/2668\/revisions\/36624"}],"wp:attachment":[{"href":"https:\/\/exoticwhip.com\/fr\/wp-json\/wp\/v2\/media?parent=2668"}],"curies":[{"name":"wp","href":"https:\/\/api.w.org\/{rel}","templated":true}]}}