{"id":4325,"date":"2022-02-17T10:01:01","date_gmt":"2022-02-17T10:01:01","guid":{"rendered":"https:\/\/exotic-whip.com\/?page_id=4325"},"modified":"2024-04-23T10:27:23","modified_gmt":"2024-04-23T10:27:23","slug":"protoxyde-dazote","status":"publish","type":"page","link":"https:\/\/exoticwhip.com\/fr\/protoxyde-dazote\/","title":{"rendered":"Protoxyde d&rsquo;azote"},"content":{"rendered":"<h2>Protoxyde d&rsquo;azote<\/h2>\n<p>Quiconque a d\u00e9j\u00e0 assist\u00e9 \u00e0 une grande f\u00eate conna\u00eet la vue d&rsquo;innombrables flottants, qui inspirent petits et grands invit\u00e9s. Mais le <a href=\"https:\/\/exoticwhip.com\/fr\/letat-du-marche-du-n2o-et-comment-devenir-distributeur-de-n20\/\">Protoxyde d&rsquo;azote<\/a> n&rsquo;est pas utilis\u00e9 pour le remplissage des produits, car la chantilly du g\u00e2teau d&rsquo;anniversaire a \u00e9galement \u00e9t\u00e9 d\u00e9cor\u00e9e \u00e0 l&rsquo;aide d&rsquo;une <a href=\"https:\/\/exoticwhip.com\/fr\/cartouches-protoxyde-dazote\/\">cartouche de Protoxyde d&rsquo;azote<\/a>. Avec tant d&rsquo;agitation autour du fun gas, il est important de trouver une source s\u00fbre et fiable lors de l&rsquo;achat de Protoxyde d&rsquo;azote. Jetons donc un coup d&rsquo;\u0153il au sp\u00e9cialiste allemand du protoxyde d&rsquo;azote (le nom scientifique du Protoxyde d&rsquo;azote achat), <a href=\"https:\/\/exoticwhip.com\/fr\/\">ExoticWhip<\/a>.<\/p>\n<p style=\"text-align: center;\"><a class=\"button button--primary hero__button\" style=\"color: #ffffff;\" href=\"https:\/\/exoticwhip.com\/fr\/distributeur\/\">Devenez Distributeur<\/a><\/p>\n<h2 style=\"text-align: center;\">Bonbonne<br \/>\nN2O 640G<\/h2>\n<p style=\"text-align: center;\"><strong>Le plus grand bonbonne N2O du march\u00e9.<\/strong><\/p>\n<h2 style=\"text-align: center;\">Exotic<br \/>\nsirops aromatises<\/h2>\n<p style=\"text-align: center;\"><strong>Ajoutez une touche d&rsquo;exotisme \u00e0 votre cr\u00e8me chantilly.<\/strong><\/p>\n<h2>Protoxyde d&rsquo;azote achat<\/h2>\n<p>D\u00e8s le d\u00e9but, le site attire l&rsquo;attention avec de grandes images et une interface claire.Si vous continuez \u00e0 lire, vous remarquerez imm\u00e9diatement que les op\u00e9rateurs appr\u00e9cient un traitement simple et rapide lors de l&rsquo;achat <a href=\"https:\/\/exoticwhip.com\/fr\/bonbonne-n2o\/\">d&rsquo;agate Protoxyde d&rsquo;azote<\/a>. D&rsquo;une part, le colis est envoy\u00e9 discr\u00e8tement, c&rsquo;est-\u00e0-dire sans publicit\u00e9, et d&rsquo;autre part, des marques de prestige telles que Mosa, Hendy ou Kayser sont toujours en stock et donc pr\u00eates \u00e0 \u00eatre exp\u00e9di\u00e9es presque imm\u00e9diatement. De plus, il est pr\u00e9cis\u00e9 que toutes les cartouches de Protoxyde d&rsquo;azote, chargeurs de cr\u00e8me et autres contenants de gaz ont toujours \u00e9t\u00e9 certifi\u00e9s et rigoureusement test\u00e9s. N\u00e9anmoins, les op\u00e9rateurs de <a href=\"https:\/\/exoticwhip.com\/fr\/\">ExoticWhip<\/a> se soucient \u00e9galement d&rsquo;un prix \u00e9quitable supportable pour la concurrence mais surtout pour le client.<\/p>\n<p>Toute personne ayant une utilit\u00e9 pour le gaz peut y acheter Protoxyde d&rsquo;azote, car une large gamme de produits est destin\u00e9e \u00e0 r\u00e9pondre \u00e0 tous les besoins possibles des clients. Par exemple, les capsules de cr\u00e8me utilis\u00e9es dans un pulv\u00e9risateur sont vendues pour la cr\u00e8me. Les produits sont gonfl\u00e9s \u00e0 l&rsquo;aide de cartouches sp\u00e9ciales d&rsquo;agate Protoxyde d&rsquo;azote, et l&rsquo;inhalation ne pr\u00e9sente aucun risque pour la sant\u00e9, car il est sans danger pour les aliments et absolument pur. La d\u00e9cision d&rsquo;acheter chez Exotic-whip.com est \u00e9galement recommand\u00e9e car la boutique vend depuis l&rsquo;Allemagne et les produits sont donc conformes aux normes de s\u00e9curit\u00e9 allemandes et europ\u00e9ennes.<\/p>\n<h2>Protoxyde d&rsquo;azote possibilit\u00e9s<\/h2>\n<p>Quiconque souhaite acheter du Protoxyde d&rsquo;azote chez doit \u00e9galement savoir que le gaz propos\u00e9 ici est \u00e0 la fois insipide et indiscernable de l&rsquo;air ambiant, du moins \u00e0 l&rsquo;\u0153il nu. Surtout pour une utilisation lors d&rsquo;\u00e9v\u00e9nements ou de f\u00eates d&rsquo;anniversaire d&rsquo;enfants, il est important que ce Protoxyde d&rsquo;azote soit ininflammable et ne pr\u00e9sente donc aucun danger pour les invit\u00e9s. <a href=\"https:\/\/exoticwhip.com\/fr\/siphon-chantilly-le-parfait-equipement-de-cuisine\/\">Les cartouches et capsules restent simples et rapidement pr\u00eates \u00e0 l&#8217;emploi<\/a>.<\/p>\n<p>Pour s&rsquo;en assurer, plusieurs options d&rsquo;exp\u00e9dition et variations de commande sont propos\u00e9es lors de l&rsquo;achat de Protoxyde d&rsquo;azote. On peut r\u00e9sumer que cette boutique veut offrir au client une exp\u00e9rience d&rsquo;achat compl\u00e8te lorsqu&rsquo;il s&rsquo;agit de \u00ab\u00a0Acheter Protoxyde d&rsquo;azote\u00a0\u00bb, et cela \u00e0 bon prix.<\/p>\n<p style=\"text-align: center;\"><a class=\"button button--primary hero__button\" style=\"color: #ffffff;\" href=\"https:\/\/exoticwhip.com\/fr\/distributeur\/\">Devenez Distributeur<\/a><\/p>\n","protected":false},"excerpt":{"rendered":"<p>Protoxyde d&rsquo;azote Quiconque a d\u00e9j\u00e0 assist\u00e9 \u00e0 une grande f\u00eate conna\u00eet la vue d&rsquo;innombrables flottants, qui inspirent petits et grands invit\u00e9s. Mais le Protoxyde d&rsquo;azote n&rsquo;est pas utilis\u00e9 pour le remplissage des produits, car la chantilly du g\u00e2teau d&rsquo;anniversaire a \u00e9galement \u00e9t\u00e9 d\u00e9cor\u00e9e \u00e0 l&rsquo;aide d&rsquo;une cartouche de Protoxyde d&rsquo;azote. Avec tant d&rsquo;agitation autour du [&hellip;]<\/p>\n","protected":false},"author":2343,"featured_media":2131,"parent":0,"menu_order":0,"comment_status":"closed","ping_status":"closed","template":"","meta":{"_acf_changed":false,"footnotes":""},"class_list":["post-4325","page","type-page","status-publish","has-post-thumbnail","hentry"],"acf":[],"yoast_head":"<!-- This site is optimized with the Yoast SEO plugin v27.2 - https:\/\/yoast.com\/product\/yoast-seo-wordpress\/ -->\n<title>Protoxyde d&#039;azote, tout ce que vous devez savoir - Exotic Whip<\/title>\n<meta name=\"description\" content=\"Int\u00e9ressons-nous au sp\u00e9cialiste fran\u00e7ais du protoxyde d&#039;azote (nom scientifique de l&#039;achat de protoxyde d&#039;azote), ExoticWhip.\" \/>\n<meta name=\"robots\" content=\"index, follow, max-snippet:-1, max-image-preview:large, max-video-preview:-1\" \/>\n<link rel=\"canonical\" href=\"https:\/\/exotic-whip.com\/fr\/blog-fr\/bonbonne-protoxyde-d-azote\/\" \/>\n<meta property=\"og:locale\" content=\"fr_FR\" \/>\n<meta property=\"og:type\" content=\"article\" \/>\n<meta property=\"og:title\" content=\"Protoxyde d&#039;azote, tout ce que vous devez savoir - Exotic Whip\" \/>\n<meta property=\"og:description\" content=\"Int\u00e9ressons-nous au sp\u00e9cialiste fran\u00e7ais du protoxyde d&#039;azote (nom scientifique de l&#039;achat de protoxyde d&#039;azote), ExoticWhip.\" \/>\n<meta property=\"og:url\" content=\"https:\/\/exotic-whip.com\/fr\/blog-fr\/bonbonne-protoxyde-d-azote\/\" \/>\n<meta property=\"og:site_name\" content=\"Exotic Whip\" \/>\n<meta property=\"article:publisher\" content=\"https:\/\/www.facebook.com\/people\/ExoticWhip\/100067750994767\/\" \/>\n<meta property=\"article:modified_time\" content=\"2024-04-23T10:27:23+00:00\" \/>\n<meta property=\"og:image\" content=\"https:\/\/exotic-whip.com\/wp-content\/uploads\/2021\/02\/ExoticWhip-LosseFles-Compressed.png\" \/>\n\t<meta property=\"og:image:width\" content=\"1000\" \/>\n\t<meta property=\"og:image:height\" content=\"1000\" \/>\n\t<meta property=\"og:image:type\" content=\"image\/png\" \/>\n<meta name=\"twitter:card\" content=\"summary_large_image\" \/>\n<meta name=\"twitter:site\" content=\"@exoticwhipcream\" \/>\n<meta name=\"twitter:label1\" content=\"Dur\u00e9e de lecture estim\u00e9e\" \/>\n\t<meta name=\"twitter:data1\" content=\"3 minutes\" \/>\n<script type=\"application\/ld+json\" class=\"yoast-schema-graph\">{\"@context\":\"https:\/\/schema.org\",\"@graph\":[{\"@type\":[\"Article\",\"BlogPosting\"],\"@id\":\"https:\/\/exotic-whip.com\/fr\/blog-fr\/bonbonne-protoxyde-d-azote\/#article\",\"isPartOf\":{\"@id\":\"https:\/\/exoticwhip.com\/fr\/protoxyde-dazote\/\"},\"author\":{\"name\":\"Olivia Frost\",\"@id\":\"https:\/\/exotic-whip.com\/#\/schema\/person\/9d3cd5aa4f5c260fb0cb7110c78a2d4a\"},\"headline\":\"Protoxyde d&rsquo;azote\",\"datePublished\":\"2022-02-17T10:01:01+00:00\",\"dateModified\":\"2024-04-23T10:27:23+00:00\",\"mainEntityOfPage\":{\"@id\":\"https:\/\/exoticwhip.com\/fr\/protoxyde-dazote\/\"},\"wordCount\":554,\"publisher\":{\"@id\":\"https:\/\/exotic-whip.com\/#organization\"},\"image\":{\"@id\":\"https:\/\/exotic-whip.com\/fr\/blog-fr\/bonbonne-protoxyde-d-azote\/#primaryimage\"},\"thumbnailUrl\":\"https:\/\/exoticwhip.com\/wp-content\/uploads\/2021\/02\/ExoticWhip-LosseFles-Compressed.png\",\"inLanguage\":\"fr-FR\"},{\"@type\":\"WebPage\",\"@id\":\"https:\/\/exoticwhip.com\/fr\/protoxyde-dazote\/\",\"url\":\"https:\/\/exotic-whip.com\/fr\/blog-fr\/bonbonne-protoxyde-d-azote\/\",\"name\":\"Protoxyde d'azote, tout ce que vous devez savoir - Exotic Whip\",\"isPartOf\":{\"@id\":\"https:\/\/exotic-whip.com\/#website\"},\"primaryImageOfPage\":{\"@id\":\"https:\/\/exotic-whip.com\/fr\/blog-fr\/bonbonne-protoxyde-d-azote\/#primaryimage\"},\"image\":{\"@id\":\"https:\/\/exotic-whip.com\/fr\/blog-fr\/bonbonne-protoxyde-d-azote\/#primaryimage\"},\"thumbnailUrl\":\"https:\/\/exoticwhip.com\/wp-content\/uploads\/2021\/02\/ExoticWhip-LosseFles-Compressed.png\",\"datePublished\":\"2022-02-17T10:01:01+00:00\",\"dateModified\":\"2024-04-23T10:27:23+00:00\",\"description\":\"Int\u00e9ressons-nous au sp\u00e9cialiste fran\u00e7ais du protoxyde d'azote (nom scientifique de l'achat de protoxyde d'azote), ExoticWhip.\",\"breadcrumb\":{\"@id\":\"https:\/\/exotic-whip.com\/fr\/blog-fr\/bonbonne-protoxyde-d-azote\/#breadcrumb\"},\"inLanguage\":\"fr-FR\",\"potentialAction\":[{\"@type\":\"ReadAction\",\"target\":[\"https:\/\/exotic-whip.com\/fr\/blog-fr\/bonbonne-protoxyde-d-azote\/\"]}]},{\"@type\":\"ImageObject\",\"inLanguage\":\"fr-FR\",\"@id\":\"https:\/\/exotic-whip.com\/fr\/blog-fr\/bonbonne-protoxyde-d-azote\/#primaryimage\",\"url\":\"https:\/\/exoticwhip.com\/wp-content\/uploads\/2021\/02\/ExoticWhip-LosseFles-Compressed.png\",\"contentUrl\":\"https:\/\/exoticwhip.com\/wp-content\/uploads\/2021\/02\/ExoticWhip-LosseFles-Compressed.png\",\"width\":1000,\"height\":1000,\"caption\":\"Exotic Whip Cream Charger With 640g Nitrous Oxide\"},{\"@type\":\"BreadcrumbList\",\"@id\":\"https:\/\/exotic-whip.com\/fr\/blog-fr\/bonbonne-protoxyde-d-azote\/#breadcrumb\",\"itemListElement\":[{\"@type\":\"ListItem\",\"position\":1,\"name\":\"Home\",\"item\":\"https:\/\/exoticwhip.com\/fr\/\"},{\"@type\":\"ListItem\",\"position\":2,\"name\":\"Protoxyde d&#8217;azote\"}]},{\"@type\":\"WebSite\",\"@id\":\"https:\/\/exotic-whip.com\/#website\",\"url\":\"https:\/\/exotic-whip.com\/\",\"name\":\"Exotic Whip\",\"description\":\"Cream Charger N2O Cylinders\",\"publisher\":{\"@id\":\"https:\/\/exotic-whip.com\/#organization\"},\"alternateName\":\"ExoticWhip\",\"potentialAction\":[{\"@type\":\"SearchAction\",\"target\":{\"@type\":\"EntryPoint\",\"urlTemplate\":\"https:\/\/exotic-whip.com\/?s={search_term_string}\"},\"query-input\":{\"@type\":\"PropertyValueSpecification\",\"valueRequired\":true,\"valueName\":\"search_term_string\"}}],\"inLanguage\":\"fr-FR\"},{\"@type\":\"Organization\",\"@id\":\"https:\/\/exotic-whip.com\/#organization\",\"name\":\"Exotic Whip\",\"alternateName\":\"ExoticWhip\",\"url\":\"https:\/\/exotic-whip.com\/\",\"logo\":{\"@type\":\"ImageObject\",\"inLanguage\":\"fr-FR\",\"@id\":\"https:\/\/exotic-whip.com\/#\/schema\/logo\/image\/\",\"url\":\"https:\/\/exoticwhip.com\/wp-content\/uploads\/2021\/07\/exoticwhip-logo.png\",\"contentUrl\":\"https:\/\/exoticwhip.com\/wp-content\/uploads\/2021\/07\/exoticwhip-logo.png\",\"width\":245,\"height\":79,\"caption\":\"Exotic Whip\"},\"image\":{\"@id\":\"https:\/\/exotic-whip.com\/#\/schema\/logo\/image\/\"},\"sameAs\":[\"https:\/\/www.facebook.com\/people\/ExoticWhip\/100067750994767\/\",\"https:\/\/x.com\/exoticwhipcream\",\"https:\/\/www.instagram.com\/exoticwhipofficial\/\",\"https:\/\/www.tiktok.com\/@exoticwhipofficial\",\"https:\/\/www.youtube.com\/channel\/UCsYXBNnMrjeLyK9GsJC9UpQ\"]},{\"@type\":\"Person\",\"@id\":\"https:\/\/exotic-whip.com\/#\/schema\/person\/9d3cd5aa4f5c260fb0cb7110c78a2d4a\",\"name\":\"Olivia Frost\",\"description\":\"Olivia Frost is a seasoned pastry chef and culinary expert, specializing in the art of creating delightful desserts. With a passion for innovation and a keen understanding of kitchen tools, she shares her expertise on whip cream chargers and nitrous oxide cylinders through her engaging blog.\",\"sameAs\":[\"https:\/\/exoticwhip.com\/olivia-frost\/\",\"https:\/\/www.instagram.com\/oliviafrost1990\/\",\"https:\/\/www.linkedin.com\/in\/chef-olivia-frost\/\",\"https:\/\/x.com\/OliviaFrost1990\"],\"url\":\"https:\/\/exoticwhip.com\/fr\/author\/expertmixologist\/\"}]}<\/script>\n<!-- \/ Yoast SEO plugin. -->","yoast_head_json":{"title":"Protoxyde d'azote, tout ce que vous devez savoir - Exotic Whip","description":"Int\u00e9ressons-nous au sp\u00e9cialiste fran\u00e7ais du protoxyde d'azote (nom scientifique de l'achat de protoxyde d'azote), ExoticWhip.","robots":{"index":"index","follow":"follow","max-snippet":"max-snippet:-1","max-image-preview":"max-image-preview:large","max-video-preview":"max-video-preview:-1"},"canonical":"https:\/\/exotic-whip.com\/fr\/blog-fr\/bonbonne-protoxyde-d-azote\/","og_locale":"fr_FR","og_type":"article","og_title":"Protoxyde d'azote, tout ce que vous devez savoir - Exotic Whip","og_description":"Int\u00e9ressons-nous au sp\u00e9cialiste fran\u00e7ais du protoxyde d'azote (nom scientifique de l'achat de protoxyde d'azote), ExoticWhip.","og_url":"https:\/\/exotic-whip.com\/fr\/blog-fr\/bonbonne-protoxyde-d-azote\/","og_site_name":"Exotic Whip","article_publisher":"https:\/\/www.facebook.com\/people\/ExoticWhip\/100067750994767\/","article_modified_time":"2024-04-23T10:27:23+00:00","og_image":[{"width":1000,"height":1000,"url":"https:\/\/exotic-whip.com\/wp-content\/uploads\/2021\/02\/ExoticWhip-LosseFles-Compressed.png","type":"image\/png"}],"twitter_card":"summary_large_image","twitter_site":"@exoticwhipcream","twitter_misc":{"Dur\u00e9e de lecture estim\u00e9e":"3 minutes"},"schema":{"@context":"https:\/\/schema.org","@graph":[{"@type":["Article","BlogPosting"],"@id":"https:\/\/exotic-whip.com\/fr\/blog-fr\/bonbonne-protoxyde-d-azote\/#article","isPartOf":{"@id":"https:\/\/exoticwhip.com\/fr\/protoxyde-dazote\/"},"author":{"name":"Olivia Frost","@id":"https:\/\/exotic-whip.com\/#\/schema\/person\/9d3cd5aa4f5c260fb0cb7110c78a2d4a"},"headline":"Protoxyde d&rsquo;azote","datePublished":"2022-02-17T10:01:01+00:00","dateModified":"2024-04-23T10:27:23+00:00","mainEntityOfPage":{"@id":"https:\/\/exoticwhip.com\/fr\/protoxyde-dazote\/"},"wordCount":554,"publisher":{"@id":"https:\/\/exotic-whip.com\/#organization"},"image":{"@id":"https:\/\/exotic-whip.com\/fr\/blog-fr\/bonbonne-protoxyde-d-azote\/#primaryimage"},"thumbnailUrl":"https:\/\/exoticwhip.com\/wp-content\/uploads\/2021\/02\/ExoticWhip-LosseFles-Compressed.png","inLanguage":"fr-FR"},{"@type":"WebPage","@id":"https:\/\/exoticwhip.com\/fr\/protoxyde-dazote\/","url":"https:\/\/exotic-whip.com\/fr\/blog-fr\/bonbonne-protoxyde-d-azote\/","name":"Protoxyde d'azote, tout ce que vous devez savoir - Exotic Whip","isPartOf":{"@id":"https:\/\/exotic-whip.com\/#website"},"primaryImageOfPage":{"@id":"https:\/\/exotic-whip.com\/fr\/blog-fr\/bonbonne-protoxyde-d-azote\/#primaryimage"},"image":{"@id":"https:\/\/exotic-whip.com\/fr\/blog-fr\/bonbonne-protoxyde-d-azote\/#primaryimage"},"thumbnailUrl":"https:\/\/exoticwhip.com\/wp-content\/uploads\/2021\/02\/ExoticWhip-LosseFles-Compressed.png","datePublished":"2022-02-17T10:01:01+00:00","dateModified":"2024-04-23T10:27:23+00:00","description":"Int\u00e9ressons-nous au sp\u00e9cialiste fran\u00e7ais du protoxyde d'azote (nom scientifique de l'achat de protoxyde d'azote), ExoticWhip.","breadcrumb":{"@id":"https:\/\/exotic-whip.com\/fr\/blog-fr\/bonbonne-protoxyde-d-azote\/#breadcrumb"},"inLanguage":"fr-FR","potentialAction":[{"@type":"ReadAction","target":["https:\/\/exotic-whip.com\/fr\/blog-fr\/bonbonne-protoxyde-d-azote\/"]}]},{"@type":"ImageObject","inLanguage":"fr-FR","@id":"https:\/\/exotic-whip.com\/fr\/blog-fr\/bonbonne-protoxyde-d-azote\/#primaryimage","url":"https:\/\/exoticwhip.com\/wp-content\/uploads\/2021\/02\/ExoticWhip-LosseFles-Compressed.png","contentUrl":"https:\/\/exoticwhip.com\/wp-content\/uploads\/2021\/02\/ExoticWhip-LosseFles-Compressed.png","width":1000,"height":1000,"caption":"Exotic Whip Cream Charger With 640g Nitrous Oxide"},{"@type":"BreadcrumbList","@id":"https:\/\/exotic-whip.com\/fr\/blog-fr\/bonbonne-protoxyde-d-azote\/#breadcrumb","itemListElement":[{"@type":"ListItem","position":1,"name":"Home","item":"https:\/\/exoticwhip.com\/fr\/"},{"@type":"ListItem","position":2,"name":"Protoxyde d&#8217;azote"}]},{"@type":"WebSite","@id":"https:\/\/exotic-whip.com\/#website","url":"https:\/\/exotic-whip.com\/","name":"Exotic Whip","description":"Cream Charger N2O Cylinders","publisher":{"@id":"https:\/\/exotic-whip.com\/#organization"},"alternateName":"ExoticWhip","potentialAction":[{"@type":"SearchAction","target":{"@type":"EntryPoint","urlTemplate":"https:\/\/exotic-whip.com\/?s={search_term_string}"},"query-input":{"@type":"PropertyValueSpecification","valueRequired":true,"valueName":"search_term_string"}}],"inLanguage":"fr-FR"},{"@type":"Organization","@id":"https:\/\/exotic-whip.com\/#organization","name":"Exotic Whip","alternateName":"ExoticWhip","url":"https:\/\/exotic-whip.com\/","logo":{"@type":"ImageObject","inLanguage":"fr-FR","@id":"https:\/\/exotic-whip.com\/#\/schema\/logo\/image\/","url":"https:\/\/exoticwhip.com\/wp-content\/uploads\/2021\/07\/exoticwhip-logo.png","contentUrl":"https:\/\/exoticwhip.com\/wp-content\/uploads\/2021\/07\/exoticwhip-logo.png","width":245,"height":79,"caption":"Exotic Whip"},"image":{"@id":"https:\/\/exotic-whip.com\/#\/schema\/logo\/image\/"},"sameAs":["https:\/\/www.facebook.com\/people\/ExoticWhip\/100067750994767\/","https:\/\/x.com\/exoticwhipcream","https:\/\/www.instagram.com\/exoticwhipofficial\/","https:\/\/www.tiktok.com\/@exoticwhipofficial","https:\/\/www.youtube.com\/channel\/UCsYXBNnMrjeLyK9GsJC9UpQ"]},{"@type":"Person","@id":"https:\/\/exotic-whip.com\/#\/schema\/person\/9d3cd5aa4f5c260fb0cb7110c78a2d4a","name":"Olivia Frost","description":"Olivia Frost is a seasoned pastry chef and culinary expert, specializing in the art of creating delightful desserts. With a passion for innovation and a keen understanding of kitchen tools, she shares her expertise on whip cream chargers and nitrous oxide cylinders through her engaging blog.","sameAs":["https:\/\/exoticwhip.com\/olivia-frost\/","https:\/\/www.instagram.com\/oliviafrost1990\/","https:\/\/www.linkedin.com\/in\/chef-olivia-frost\/","https:\/\/x.com\/OliviaFrost1990"],"url":"https:\/\/exoticwhip.com\/fr\/author\/expertmixologist\/"}]}},"_links":{"self":[{"href":"https:\/\/exoticwhip.com\/fr\/wp-json\/wp\/v2\/pages\/4325","targetHints":{"allow":["GET"]}}],"collection":[{"href":"https:\/\/exoticwhip.com\/fr\/wp-json\/wp\/v2\/pages"}],"about":[{"href":"https:\/\/exoticwhip.com\/fr\/wp-json\/wp\/v2\/types\/page"}],"author":[{"embeddable":true,"href":"https:\/\/exoticwhip.com\/fr\/wp-json\/wp\/v2\/users\/2343"}],"replies":[{"embeddable":true,"href":"https:\/\/exoticwhip.com\/fr\/wp-json\/wp\/v2\/comments?post=4325"}],"version-history":[{"count":7,"href":"https:\/\/exoticwhip.com\/fr\/wp-json\/wp\/v2\/pages\/4325\/revisions"}],"predecessor-version":[{"id":27884,"href":"https:\/\/exoticwhip.com\/fr\/wp-json\/wp\/v2\/pages\/4325\/revisions\/27884"}],"wp:featuredmedia":[{"embeddable":true,"href":"https:\/\/exoticwhip.com\/fr\/wp-json\/wp\/v2\/media\/2131"}],"wp:attachment":[{"href":"https:\/\/exoticwhip.com\/fr\/wp-json\/wp\/v2\/media?parent=4325"}],"curies":[{"name":"wp","href":"https:\/\/api.w.org\/{rel}","templated":true}]}}