{"id":19229,"date":"2022-10-03T11:48:04","date_gmt":"2022-10-03T11:48:04","guid":{"rendered":"https:\/\/exotic-whip.com\/product\/2000-grams-n2o-cream-charger\/"},"modified":"2025-09-12T10:52:14","modified_gmt":"2025-09-12T10:52:14","slug":"2000-grammes-bonbonne-n2o","status":"publish","type":"product","link":"https:\/\/exoticwhip.com\/fr\/produit\/2000-grammes-bonbonne-n2o\/","title":{"rendered":"Cartouche de Cr\u00e8me Originale ExoticWhip 2000 grammes"},"excerpt":{"rendered":"<p>Notre cartouche de cr\u00e8me de capacit\u00e9 maximale contient l&rsquo;oxyde nitreux de la meilleure qualit\u00e9 europ\u00e9enne. Le design reste \u00e9clatant et la cartouche, produite selon des protocoles de s\u00e9curit\u00e9 stricts, est munie d&rsquo;une sangle pratique.<\/p>\n<p><strong>Le nouveau design inclut un code QR de v\u00e9rification. <a href=\"https:\/\/exoticwhip.com\/fr\/verifiez-votre-bouteille-exotic-whip\/\">Apprenez comment v\u00e9rifier votre bouteille.<\/a><\/strong><\/p>\n<p><strong>*Chaque palette de 2kg contient 162 caisses (1 cartouche par caisse)<\/strong><\/p>\n","protected":false},"featured_media":31828,"template":"","meta":{"_acf_changed":false},"product_brand":[],"product_cat":[66,270],"product_tag":[481,479,480],"class_list":{"0":"post-19229","1":"product","2":"type-product","3":"status-publish","4":"has-post-thumbnail","6":"product_cat-cylinders-fr","7":"product_cat-tous","8":"product_tag-cream-charger-fr","9":"product_tag-exotic-fr","10":"product_tag-whip-fr","12":"first","13":"instock","14":"taxable","15":"shipping-taxable","16":"purchasable","17":"product-type-simple"},"acf":[],"yoast_head":"<!-- This site is optimized with the Yoast SEO plugin v27.2 - https:\/\/yoast.com\/product\/yoast-seo-wordpress\/ -->\n<title>Cartouche de cr\u00e8me N2O Original Exotic Whip - 2000g<\/title>\n<meta name=\"description\" content=\"D\u00e9couvrez la plus grande cartouche de cr\u00e8me d&#039;Exotic Whip : 2000 grammes de N2O de qualit\u00e9 alimentaire premium pour une cr\u00e8me fouett\u00e9e exceptionnelle !\" \/>\n<meta name=\"robots\" content=\"index, follow, max-snippet:-1, max-image-preview:large, max-video-preview:-1\" \/>\n<link rel=\"canonical\" href=\"https:\/\/exoticwhip.com\/fr\/produit\/2000-grammes-bonbonne-n2o\/\" \/>\n<meta property=\"og:locale\" content=\"fr_FR\" \/>\n<meta property=\"og:type\" content=\"article\" \/>\n<meta property=\"og:title\" content=\"Cartouche de cr\u00e8me N2O Original Exotic Whip - 2000g\" \/>\n<meta property=\"og:description\" content=\"D\u00e9couvrez la plus grande cartouche de cr\u00e8me d&#039;Exotic Whip : 2000 grammes de N2O de qualit\u00e9 alimentaire premium pour une cr\u00e8me fouett\u00e9e exceptionnelle !\" \/>\n<meta property=\"og:url\" content=\"https:\/\/exoticwhip.com\/fr\/produit\/2000-grammes-bonbonne-n2o\/\" \/>\n<meta property=\"og:site_name\" content=\"Exotic Whip\" \/>\n<meta property=\"article:publisher\" content=\"https:\/\/www.facebook.com\/people\/ExoticWhip\/100067750994767\/\" \/>\n<meta property=\"article:modified_time\" content=\"2025-09-12T10:52:14+00:00\" \/>\n<meta property=\"og:image\" content=\"https:\/\/exoticwhip.com\/wp-content\/uploads\/2KG-REGULAR.png\" \/>\n\t<meta property=\"og:image:width\" content=\"750\" \/>\n\t<meta property=\"og:image:height\" content=\"750\" \/>\n\t<meta property=\"og:image:type\" content=\"image\/png\" \/>\n<meta name=\"twitter:card\" content=\"summary_large_image\" \/>\n<meta name=\"twitter:site\" content=\"@exoticwhipcream\" \/>\n<meta name=\"twitter:label1\" content=\"Dur\u00e9e de lecture estim\u00e9e\" \/>\n\t<meta name=\"twitter:data1\" content=\"1 minute\" \/>\n<script type=\"application\/ld+json\" class=\"yoast-schema-graph\">{\"@context\":\"https:\/\/schema.org\",\"@graph\":[{\"@type\":\"WebPage\",\"@id\":\"https:\/\/exoticwhip.com\/fr\/produit\/2000-grammes-bonbonne-n2o\/\",\"url\":\"https:\/\/exoticwhip.com\/fr\/produit\/2000-grammes-bonbonne-n2o\/\",\"name\":\"Cartouche de cr\u00e8me N2O Original Exotic Whip - 2000g\",\"isPartOf\":{\"@id\":\"https:\/\/exotic-whip.com\/#website\"},\"primaryImageOfPage\":{\"@id\":\"https:\/\/exoticwhip.com\/fr\/produit\/2000-grammes-bonbonne-n2o\/#primaryimage\"},\"image\":{\"@id\":\"https:\/\/exoticwhip.com\/fr\/produit\/2000-grammes-bonbonne-n2o\/#primaryimage\"},\"thumbnailUrl\":\"https:\/\/exoticwhip.com\/wp-content\/uploads\/2KG-REGULAR.png\",\"datePublished\":\"2022-10-03T11:48:04+00:00\",\"dateModified\":\"2025-09-12T10:52:14+00:00\",\"description\":\"D\u00e9couvrez la plus grande cartouche de cr\u00e8me d'Exotic Whip : 2000 grammes de N2O de qualit\u00e9 alimentaire premium pour une cr\u00e8me fouett\u00e9e exceptionnelle !\",\"breadcrumb\":{\"@id\":\"https:\/\/exoticwhip.com\/fr\/produit\/2000-grammes-bonbonne-n2o\/#breadcrumb\"},\"inLanguage\":\"fr-FR\",\"potentialAction\":[{\"@type\":\"ReadAction\",\"target\":[\"https:\/\/exoticwhip.com\/fr\/produit\/2000-grammes-bonbonne-n2o\/\"]}]},{\"@type\":\"ImageObject\",\"inLanguage\":\"fr-FR\",\"@id\":\"https:\/\/exoticwhip.com\/fr\/produit\/2000-grammes-bonbonne-n2o\/#primaryimage\",\"url\":\"https:\/\/exoticwhip.com\/wp-content\/uploads\/2KG-REGULAR.png\",\"contentUrl\":\"https:\/\/exoticwhip.com\/wp-content\/uploads\/2KG-REGULAR.png\",\"width\":750,\"height\":750},{\"@type\":\"BreadcrumbList\",\"@id\":\"https:\/\/exoticwhip.com\/fr\/produit\/2000-grammes-bonbonne-n2o\/#breadcrumb\",\"itemListElement\":[{\"@type\":\"ListItem\",\"position\":1,\"name\":\"Home\",\"item\":\"https:\/\/exoticwhip.com\/fr\/\"},{\"@type\":\"ListItem\",\"position\":2,\"name\":\"Cartouche de Cr\u00e8me Originale ExoticWhip 2000 grammes\"}]},{\"@type\":\"WebSite\",\"@id\":\"https:\/\/exotic-whip.com\/#website\",\"url\":\"https:\/\/exotic-whip.com\/\",\"name\":\"Exotic Whip\",\"description\":\"Cream Charger N2O Cylinders\",\"publisher\":{\"@id\":\"https:\/\/exotic-whip.com\/#organization\"},\"alternateName\":\"ExoticWhip\",\"potentialAction\":[{\"@type\":\"SearchAction\",\"target\":{\"@type\":\"EntryPoint\",\"urlTemplate\":\"https:\/\/exotic-whip.com\/?s={search_term_string}\"},\"query-input\":{\"@type\":\"PropertyValueSpecification\",\"valueRequired\":true,\"valueName\":\"search_term_string\"}}],\"inLanguage\":\"fr-FR\"},{\"@type\":\"Organization\",\"@id\":\"https:\/\/exotic-whip.com\/#organization\",\"name\":\"Exotic Whip\",\"alternateName\":\"ExoticWhip\",\"url\":\"https:\/\/exotic-whip.com\/\",\"logo\":{\"@type\":\"ImageObject\",\"inLanguage\":\"fr-FR\",\"@id\":\"https:\/\/exotic-whip.com\/#\/schema\/logo\/image\/\",\"url\":\"https:\/\/exoticwhip.com\/wp-content\/uploads\/2021\/07\/exoticwhip-logo.png\",\"contentUrl\":\"https:\/\/exoticwhip.com\/wp-content\/uploads\/2021\/07\/exoticwhip-logo.png\",\"width\":245,\"height\":79,\"caption\":\"Exotic Whip\"},\"image\":{\"@id\":\"https:\/\/exotic-whip.com\/#\/schema\/logo\/image\/\"},\"sameAs\":[\"https:\/\/www.facebook.com\/people\/ExoticWhip\/100067750994767\/\",\"https:\/\/x.com\/exoticwhipcream\",\"https:\/\/www.instagram.com\/exoticwhipofficial\/\",\"https:\/\/www.tiktok.com\/@exoticwhipofficial\",\"https:\/\/www.youtube.com\/channel\/UCsYXBNnMrjeLyK9GsJC9UpQ\"]}]}<\/script>\n<!-- \/ Yoast SEO plugin. -->","yoast_head_json":{"title":"Cartouche de cr\u00e8me N2O Original Exotic Whip - 2000g","description":"D\u00e9couvrez la plus grande cartouche de cr\u00e8me d'Exotic Whip : 2000 grammes de N2O de qualit\u00e9 alimentaire premium pour une cr\u00e8me fouett\u00e9e exceptionnelle !","robots":{"index":"index","follow":"follow","max-snippet":"max-snippet:-1","max-image-preview":"max-image-preview:large","max-video-preview":"max-video-preview:-1"},"canonical":"https:\/\/exoticwhip.com\/fr\/produit\/2000-grammes-bonbonne-n2o\/","og_locale":"fr_FR","og_type":"article","og_title":"Cartouche de cr\u00e8me N2O Original Exotic Whip - 2000g","og_description":"D\u00e9couvrez la plus grande cartouche de cr\u00e8me d'Exotic Whip : 2000 grammes de N2O de qualit\u00e9 alimentaire premium pour une cr\u00e8me fouett\u00e9e exceptionnelle !","og_url":"https:\/\/exoticwhip.com\/fr\/produit\/2000-grammes-bonbonne-n2o\/","og_site_name":"Exotic Whip","article_publisher":"https:\/\/www.facebook.com\/people\/ExoticWhip\/100067750994767\/","article_modified_time":"2025-09-12T10:52:14+00:00","og_image":[{"width":750,"height":750,"url":"https:\/\/exoticwhip.com\/wp-content\/uploads\/2KG-REGULAR.png","type":"image\/png"}],"twitter_card":"summary_large_image","twitter_site":"@exoticwhipcream","twitter_misc":{"Dur\u00e9e de lecture estim\u00e9e":"1 minute"},"schema":{"@context":"https:\/\/schema.org","@graph":[{"@type":"WebPage","@id":"https:\/\/exoticwhip.com\/fr\/produit\/2000-grammes-bonbonne-n2o\/","url":"https:\/\/exoticwhip.com\/fr\/produit\/2000-grammes-bonbonne-n2o\/","name":"Cartouche de cr\u00e8me N2O Original Exotic Whip - 2000g","isPartOf":{"@id":"https:\/\/exotic-whip.com\/#website"},"primaryImageOfPage":{"@id":"https:\/\/exoticwhip.com\/fr\/produit\/2000-grammes-bonbonne-n2o\/#primaryimage"},"image":{"@id":"https:\/\/exoticwhip.com\/fr\/produit\/2000-grammes-bonbonne-n2o\/#primaryimage"},"thumbnailUrl":"https:\/\/exoticwhip.com\/wp-content\/uploads\/2KG-REGULAR.png","datePublished":"2022-10-03T11:48:04+00:00","dateModified":"2025-09-12T10:52:14+00:00","description":"D\u00e9couvrez la plus grande cartouche de cr\u00e8me d'Exotic Whip : 2000 grammes de N2O de qualit\u00e9 alimentaire premium pour une cr\u00e8me fouett\u00e9e exceptionnelle !","breadcrumb":{"@id":"https:\/\/exoticwhip.com\/fr\/produit\/2000-grammes-bonbonne-n2o\/#breadcrumb"},"inLanguage":"fr-FR","potentialAction":[{"@type":"ReadAction","target":["https:\/\/exoticwhip.com\/fr\/produit\/2000-grammes-bonbonne-n2o\/"]}]},{"@type":"ImageObject","inLanguage":"fr-FR","@id":"https:\/\/exoticwhip.com\/fr\/produit\/2000-grammes-bonbonne-n2o\/#primaryimage","url":"https:\/\/exoticwhip.com\/wp-content\/uploads\/2KG-REGULAR.png","contentUrl":"https:\/\/exoticwhip.com\/wp-content\/uploads\/2KG-REGULAR.png","width":750,"height":750},{"@type":"BreadcrumbList","@id":"https:\/\/exoticwhip.com\/fr\/produit\/2000-grammes-bonbonne-n2o\/#breadcrumb","itemListElement":[{"@type":"ListItem","position":1,"name":"Home","item":"https:\/\/exoticwhip.com\/fr\/"},{"@type":"ListItem","position":2,"name":"Cartouche de Cr\u00e8me Originale ExoticWhip 2000 grammes"}]},{"@type":"WebSite","@id":"https:\/\/exotic-whip.com\/#website","url":"https:\/\/exotic-whip.com\/","name":"Exotic Whip","description":"Cream Charger N2O Cylinders","publisher":{"@id":"https:\/\/exotic-whip.com\/#organization"},"alternateName":"ExoticWhip","potentialAction":[{"@type":"SearchAction","target":{"@type":"EntryPoint","urlTemplate":"https:\/\/exotic-whip.com\/?s={search_term_string}"},"query-input":{"@type":"PropertyValueSpecification","valueRequired":true,"valueName":"search_term_string"}}],"inLanguage":"fr-FR"},{"@type":"Organization","@id":"https:\/\/exotic-whip.com\/#organization","name":"Exotic Whip","alternateName":"ExoticWhip","url":"https:\/\/exotic-whip.com\/","logo":{"@type":"ImageObject","inLanguage":"fr-FR","@id":"https:\/\/exotic-whip.com\/#\/schema\/logo\/image\/","url":"https:\/\/exoticwhip.com\/wp-content\/uploads\/2021\/07\/exoticwhip-logo.png","contentUrl":"https:\/\/exoticwhip.com\/wp-content\/uploads\/2021\/07\/exoticwhip-logo.png","width":245,"height":79,"caption":"Exotic Whip"},"image":{"@id":"https:\/\/exotic-whip.com\/#\/schema\/logo\/image\/"},"sameAs":["https:\/\/www.facebook.com\/people\/ExoticWhip\/100067750994767\/","https:\/\/x.com\/exoticwhipcream","https:\/\/www.instagram.com\/exoticwhipofficial\/","https:\/\/www.tiktok.com\/@exoticwhipofficial","https:\/\/www.youtube.com\/channel\/UCsYXBNnMrjeLyK9GsJC9UpQ"]}]}},"_links":{"self":[{"href":"https:\/\/exoticwhip.com\/fr\/wp-json\/wp\/v2\/product\/19229","targetHints":{"allow":["GET"]}}],"collection":[{"href":"https:\/\/exoticwhip.com\/fr\/wp-json\/wp\/v2\/product"}],"about":[{"href":"https:\/\/exoticwhip.com\/fr\/wp-json\/wp\/v2\/types\/product"}],"wp:featuredmedia":[{"embeddable":true,"href":"https:\/\/exoticwhip.com\/fr\/wp-json\/wp\/v2\/media\/31828"}],"wp:attachment":[{"href":"https:\/\/exoticwhip.com\/fr\/wp-json\/wp\/v2\/media?parent=19229"}],"wp:term":[{"taxonomy":"product_brand","embeddable":true,"href":"https:\/\/exoticwhip.com\/fr\/wp-json\/wp\/v2\/product_brand?post=19229"},{"taxonomy":"product_cat","embeddable":true,"href":"https:\/\/exoticwhip.com\/fr\/wp-json\/wp\/v2\/product_cat?post=19229"},{"taxonomy":"product_tag","embeddable":true,"href":"https:\/\/exoticwhip.com\/fr\/wp-json\/wp\/v2\/product_tag?post=19229"}],"curies":[{"name":"wp","href":"https:\/\/api.w.org\/{rel}","templated":true}]}}