{"id":2151,"date":"2021-08-27T12:12:14","date_gmt":"2021-08-27T12:12:14","guid":{"rendered":"https:\/\/exotic-whip.com\/product\/cream-siphon\/"},"modified":"2025-07-01T11:34:13","modified_gmt":"2025-07-01T11:34:13","slug":"cream-siphon","status":"publish","type":"product","link":"https:\/\/exoticwhip.com\/fr\/produit\/cream-siphon\/","title":{"rendered":"Siphon \u00e0 Cr\u00e8me Exotic Whip"},"excerpt":{"rendered":"<p>Le siphon \u00e0 cr\u00e8me Exotic Whip est con\u00e7u pour d\u00e9livrer le produit final : cr\u00e8mes fouett\u00e9es, espumas et mousses sur vos cr\u00e9ations culinaires ou de bar. Nous fournissons un <a class=\"waffle-rich-text-link\" href=\"https:\/\/exoticwhip.com\/fr\/blog-fr\/utilisation-dune-bouteille-de-n2o-avec-un-regulateur-de-pression\/\">guide complet<\/a> sur comment utiliser ce distributeur de cr\u00e8me pratique.<\/p>\n<p>Compatible avec le cr\u00e9mier Exotic Whip et le r\u00e9gulateur de pression Exotic Whip ainsi qu&rsquo;avec la plupart des standards de l&rsquo;industrie.<\/p>\n<p>Uniquement adapt\u00e9 pour les m\u00e9langes froids.<\/p>\n","protected":false},"featured_media":34747,"template":"","meta":{"_acf_changed":false},"product_brand":[],"product_cat":[67,270],"product_tag":[],"class_list":{"0":"post-2151","1":"product","2":"type-product","3":"status-publish","4":"has-post-thumbnail","6":"product_cat-accessories-fr","7":"product_cat-tous","9":"first","10":"outofstock","11":"taxable","12":"shipping-taxable","13":"purchasable","14":"product-type-simple"},"acf":[],"yoast_head":"<!-- This site is optimized with the Yoast SEO plugin v27.2 - https:\/\/yoast.com\/product\/yoast-seo-wordpress\/ -->\n<title>Siphon \u00e0 cr\u00e8me Exotic Whip<\/title>\n<meta name=\"description\" content=\"Avec notre siphon \u00e0 cr\u00e8me fouett\u00e9e Exotic Whip, vous pouvez facilement et rapidement lib\u00e9rer une d\u00e9licieuse cr\u00e8me fouett\u00e9e sur vos p\u00e2tisseries et g\u00e2teaux.\" \/>\n<meta name=\"robots\" content=\"index, follow, max-snippet:-1, max-image-preview:large, max-video-preview:-1\" \/>\n<link rel=\"canonical\" href=\"https:\/\/exoticwhip.com\/fr\/produit\/cream-siphon\/\" \/>\n<meta property=\"og:locale\" content=\"fr_FR\" \/>\n<meta property=\"og:type\" content=\"article\" \/>\n<meta property=\"og:title\" content=\"Siphon \u00e0 cr\u00e8me Exotic Whip\" \/>\n<meta property=\"og:description\" content=\"Avec notre siphon \u00e0 cr\u00e8me fouett\u00e9e Exotic Whip, vous pouvez facilement et rapidement lib\u00e9rer une d\u00e9licieuse cr\u00e8me fouett\u00e9e sur vos p\u00e2tisseries et g\u00e2teaux.\" \/>\n<meta property=\"og:url\" content=\"https:\/\/exoticwhip.com\/fr\/produit\/cream-siphon\/\" \/>\n<meta property=\"og:site_name\" content=\"Exotic Whip\" \/>\n<meta property=\"article:publisher\" content=\"https:\/\/www.facebook.com\/people\/ExoticWhip\/100067750994767\/\" \/>\n<meta property=\"article:modified_time\" content=\"2025-07-01T11:34:13+00:00\" \/>\n<meta property=\"og:image\" content=\"https:\/\/exotic-whip.com\/wp-content\/uploads\/EW-Siphon.png\" \/>\n\t<meta property=\"og:image:width\" content=\"1000\" \/>\n\t<meta property=\"og:image:height\" content=\"1000\" \/>\n\t<meta property=\"og:image:type\" content=\"image\/png\" \/>\n<meta name=\"twitter:card\" content=\"summary_large_image\" \/>\n<meta name=\"twitter:site\" content=\"@exoticwhipcream\" \/>\n<meta name=\"twitter:label1\" content=\"Dur\u00e9e de lecture estim\u00e9e\" \/>\n\t<meta name=\"twitter:data1\" content=\"1 minute\" \/>\n<script type=\"application\/ld+json\" class=\"yoast-schema-graph\">{\"@context\":\"https:\/\/schema.org\",\"@graph\":[{\"@type\":\"WebPage\",\"@id\":\"https:\/\/exoticwhip.com\/fr\/produit\/cream-siphon\/\",\"url\":\"https:\/\/exoticwhip.com\/fr\/produit\/cream-siphon\/\",\"name\":\"Siphon \u00e0 cr\u00e8me Exotic Whip\",\"isPartOf\":{\"@id\":\"https:\/\/exotic-whip.com\/#website\"},\"primaryImageOfPage\":{\"@id\":\"https:\/\/exoticwhip.com\/fr\/produit\/cream-siphon\/#primaryimage\"},\"image\":{\"@id\":\"https:\/\/exoticwhip.com\/fr\/produit\/cream-siphon\/#primaryimage\"},\"thumbnailUrl\":\"https:\/\/exoticwhip.com\/wp-content\/uploads\/EW-Siphon.png\",\"datePublished\":\"2021-08-27T12:12:14+00:00\",\"dateModified\":\"2025-07-01T11:34:13+00:00\",\"description\":\"Avec notre siphon \u00e0 cr\u00e8me fouett\u00e9e Exotic Whip, vous pouvez facilement et rapidement lib\u00e9rer une d\u00e9licieuse cr\u00e8me fouett\u00e9e sur vos p\u00e2tisseries et g\u00e2teaux.\",\"breadcrumb\":{\"@id\":\"https:\/\/exoticwhip.com\/fr\/produit\/cream-siphon\/#breadcrumb\"},\"inLanguage\":\"fr-FR\",\"potentialAction\":[{\"@type\":\"ReadAction\",\"target\":[\"https:\/\/exoticwhip.com\/fr\/produit\/cream-siphon\/\"]}]},{\"@type\":\"ImageObject\",\"inLanguage\":\"fr-FR\",\"@id\":\"https:\/\/exoticwhip.com\/fr\/produit\/cream-siphon\/#primaryimage\",\"url\":\"https:\/\/exoticwhip.com\/wp-content\/uploads\/EW-Siphon.png\",\"contentUrl\":\"https:\/\/exoticwhip.com\/wp-content\/uploads\/EW-Siphon.png\",\"width\":1000,\"height\":1000},{\"@type\":\"BreadcrumbList\",\"@id\":\"https:\/\/exoticwhip.com\/fr\/produit\/cream-siphon\/#breadcrumb\",\"itemListElement\":[{\"@type\":\"ListItem\",\"position\":1,\"name\":\"Home\",\"item\":\"https:\/\/exoticwhip.com\/fr\/\"},{\"@type\":\"ListItem\",\"position\":2,\"name\":\"Siphon \u00e0 Cr\u00e8me Exotic Whip\"}]},{\"@type\":\"WebSite\",\"@id\":\"https:\/\/exotic-whip.com\/#website\",\"url\":\"https:\/\/exotic-whip.com\/\",\"name\":\"Exotic Whip\",\"description\":\"Cream Charger N2O Cylinders\",\"publisher\":{\"@id\":\"https:\/\/exotic-whip.com\/#organization\"},\"alternateName\":\"ExoticWhip\",\"potentialAction\":[{\"@type\":\"SearchAction\",\"target\":{\"@type\":\"EntryPoint\",\"urlTemplate\":\"https:\/\/exotic-whip.com\/?s={search_term_string}\"},\"query-input\":{\"@type\":\"PropertyValueSpecification\",\"valueRequired\":true,\"valueName\":\"search_term_string\"}}],\"inLanguage\":\"fr-FR\"},{\"@type\":\"Organization\",\"@id\":\"https:\/\/exotic-whip.com\/#organization\",\"name\":\"Exotic Whip\",\"alternateName\":\"ExoticWhip\",\"url\":\"https:\/\/exotic-whip.com\/\",\"logo\":{\"@type\":\"ImageObject\",\"inLanguage\":\"fr-FR\",\"@id\":\"https:\/\/exotic-whip.com\/#\/schema\/logo\/image\/\",\"url\":\"https:\/\/exoticwhip.com\/wp-content\/uploads\/2021\/07\/exoticwhip-logo.png\",\"contentUrl\":\"https:\/\/exoticwhip.com\/wp-content\/uploads\/2021\/07\/exoticwhip-logo.png\",\"width\":245,\"height\":79,\"caption\":\"Exotic Whip\"},\"image\":{\"@id\":\"https:\/\/exotic-whip.com\/#\/schema\/logo\/image\/\"},\"sameAs\":[\"https:\/\/www.facebook.com\/people\/ExoticWhip\/100067750994767\/\",\"https:\/\/x.com\/exoticwhipcream\",\"https:\/\/www.instagram.com\/exoticwhipofficial\/\",\"https:\/\/www.tiktok.com\/@exoticwhipofficial\",\"https:\/\/www.youtube.com\/channel\/UCsYXBNnMrjeLyK9GsJC9UpQ\"]}]}<\/script>\n<!-- \/ Yoast SEO plugin. -->","yoast_head_json":{"title":"Siphon \u00e0 cr\u00e8me Exotic Whip","description":"Avec notre siphon \u00e0 cr\u00e8me fouett\u00e9e Exotic Whip, vous pouvez facilement et rapidement lib\u00e9rer une d\u00e9licieuse cr\u00e8me fouett\u00e9e sur vos p\u00e2tisseries et g\u00e2teaux.","robots":{"index":"index","follow":"follow","max-snippet":"max-snippet:-1","max-image-preview":"max-image-preview:large","max-video-preview":"max-video-preview:-1"},"canonical":"https:\/\/exoticwhip.com\/fr\/produit\/cream-siphon\/","og_locale":"fr_FR","og_type":"article","og_title":"Siphon \u00e0 cr\u00e8me Exotic Whip","og_description":"Avec notre siphon \u00e0 cr\u00e8me fouett\u00e9e Exotic Whip, vous pouvez facilement et rapidement lib\u00e9rer une d\u00e9licieuse cr\u00e8me fouett\u00e9e sur vos p\u00e2tisseries et g\u00e2teaux.","og_url":"https:\/\/exoticwhip.com\/fr\/produit\/cream-siphon\/","og_site_name":"Exotic Whip","article_publisher":"https:\/\/www.facebook.com\/people\/ExoticWhip\/100067750994767\/","article_modified_time":"2025-07-01T11:34:13+00:00","og_image":[{"width":1000,"height":1000,"url":"https:\/\/exotic-whip.com\/wp-content\/uploads\/EW-Siphon.png","type":"image\/png"}],"twitter_card":"summary_large_image","twitter_site":"@exoticwhipcream","twitter_misc":{"Dur\u00e9e de lecture estim\u00e9e":"1 minute"},"schema":{"@context":"https:\/\/schema.org","@graph":[{"@type":"WebPage","@id":"https:\/\/exoticwhip.com\/fr\/produit\/cream-siphon\/","url":"https:\/\/exoticwhip.com\/fr\/produit\/cream-siphon\/","name":"Siphon \u00e0 cr\u00e8me Exotic Whip","isPartOf":{"@id":"https:\/\/exotic-whip.com\/#website"},"primaryImageOfPage":{"@id":"https:\/\/exoticwhip.com\/fr\/produit\/cream-siphon\/#primaryimage"},"image":{"@id":"https:\/\/exoticwhip.com\/fr\/produit\/cream-siphon\/#primaryimage"},"thumbnailUrl":"https:\/\/exoticwhip.com\/wp-content\/uploads\/EW-Siphon.png","datePublished":"2021-08-27T12:12:14+00:00","dateModified":"2025-07-01T11:34:13+00:00","description":"Avec notre siphon \u00e0 cr\u00e8me fouett\u00e9e Exotic Whip, vous pouvez facilement et rapidement lib\u00e9rer une d\u00e9licieuse cr\u00e8me fouett\u00e9e sur vos p\u00e2tisseries et g\u00e2teaux.","breadcrumb":{"@id":"https:\/\/exoticwhip.com\/fr\/produit\/cream-siphon\/#breadcrumb"},"inLanguage":"fr-FR","potentialAction":[{"@type":"ReadAction","target":["https:\/\/exoticwhip.com\/fr\/produit\/cream-siphon\/"]}]},{"@type":"ImageObject","inLanguage":"fr-FR","@id":"https:\/\/exoticwhip.com\/fr\/produit\/cream-siphon\/#primaryimage","url":"https:\/\/exoticwhip.com\/wp-content\/uploads\/EW-Siphon.png","contentUrl":"https:\/\/exoticwhip.com\/wp-content\/uploads\/EW-Siphon.png","width":1000,"height":1000},{"@type":"BreadcrumbList","@id":"https:\/\/exoticwhip.com\/fr\/produit\/cream-siphon\/#breadcrumb","itemListElement":[{"@type":"ListItem","position":1,"name":"Home","item":"https:\/\/exoticwhip.com\/fr\/"},{"@type":"ListItem","position":2,"name":"Siphon \u00e0 Cr\u00e8me Exotic Whip"}]},{"@type":"WebSite","@id":"https:\/\/exotic-whip.com\/#website","url":"https:\/\/exotic-whip.com\/","name":"Exotic Whip","description":"Cream Charger N2O Cylinders","publisher":{"@id":"https:\/\/exotic-whip.com\/#organization"},"alternateName":"ExoticWhip","potentialAction":[{"@type":"SearchAction","target":{"@type":"EntryPoint","urlTemplate":"https:\/\/exotic-whip.com\/?s={search_term_string}"},"query-input":{"@type":"PropertyValueSpecification","valueRequired":true,"valueName":"search_term_string"}}],"inLanguage":"fr-FR"},{"@type":"Organization","@id":"https:\/\/exotic-whip.com\/#organization","name":"Exotic Whip","alternateName":"ExoticWhip","url":"https:\/\/exotic-whip.com\/","logo":{"@type":"ImageObject","inLanguage":"fr-FR","@id":"https:\/\/exotic-whip.com\/#\/schema\/logo\/image\/","url":"https:\/\/exoticwhip.com\/wp-content\/uploads\/2021\/07\/exoticwhip-logo.png","contentUrl":"https:\/\/exoticwhip.com\/wp-content\/uploads\/2021\/07\/exoticwhip-logo.png","width":245,"height":79,"caption":"Exotic Whip"},"image":{"@id":"https:\/\/exotic-whip.com\/#\/schema\/logo\/image\/"},"sameAs":["https:\/\/www.facebook.com\/people\/ExoticWhip\/100067750994767\/","https:\/\/x.com\/exoticwhipcream","https:\/\/www.instagram.com\/exoticwhipofficial\/","https:\/\/www.tiktok.com\/@exoticwhipofficial","https:\/\/www.youtube.com\/channel\/UCsYXBNnMrjeLyK9GsJC9UpQ"]}]}},"_links":{"self":[{"href":"https:\/\/exoticwhip.com\/fr\/wp-json\/wp\/v2\/product\/2151","targetHints":{"allow":["GET"]}}],"collection":[{"href":"https:\/\/exoticwhip.com\/fr\/wp-json\/wp\/v2\/product"}],"about":[{"href":"https:\/\/exoticwhip.com\/fr\/wp-json\/wp\/v2\/types\/product"}],"wp:featuredmedia":[{"embeddable":true,"href":"https:\/\/exoticwhip.com\/fr\/wp-json\/wp\/v2\/media\/34747"}],"wp:attachment":[{"href":"https:\/\/exoticwhip.com\/fr\/wp-json\/wp\/v2\/media?parent=2151"}],"wp:term":[{"taxonomy":"product_brand","embeddable":true,"href":"https:\/\/exoticwhip.com\/fr\/wp-json\/wp\/v2\/product_brand?post=2151"},{"taxonomy":"product_cat","embeddable":true,"href":"https:\/\/exoticwhip.com\/fr\/wp-json\/wp\/v2\/product_cat?post=2151"},{"taxonomy":"product_tag","embeddable":true,"href":"https:\/\/exoticwhip.com\/fr\/wp-json\/wp\/v2\/product_tag?post=2151"}],"curies":[{"name":"wp","href":"https:\/\/api.w.org\/{rel}","templated":true}]}}