{"id":24755,"date":"2023-09-06T10:20:39","date_gmt":"2023-09-06T10:20:39","guid":{"rendered":"https:\/\/exotic-whip.com\/product\/original-cream-charger-640-gram\/"},"modified":"2025-09-11T09:07:10","modified_gmt":"2025-09-11T09:07:10","slug":"670g-cream-charger","status":"publish","type":"product","link":"https:\/\/exoticwhip.com\/fr\/produit\/670g-cream-charger\/","title":{"rendered":"Cartouche de Cr\u00e8me Originale ExoticWhip 670 grammes"},"excerpt":{"rendered":"<p>La cartouche classique de 670g est remplie avec du protoxyde d&rsquo;azote de qualit\u00e9 europ\u00e9enne sup\u00e9rieure. Gr\u00e2ce \u00e0 nos normes de compression, notre cartouche classique de 670g est la cartouche de plus grande capacit\u00e9 sur le march\u00e9 pour sa taille et, comme toujours, dans un design qui nous distingue.<\/p>\n<p><strong>Le nouveau design inclut un code QR de v\u00e9rification. <a href=\"https:\/\/exoticwhip.com\/fr\/verifiez-votre-bouteille-exotic-whip\/\">Apprenez comment v\u00e9rifier votre bouteille.<\/a><\/strong><\/p>\n<p><strong>*Chaque palette de 670g contient 75 caisses (6 cartouches par caisse)<\/strong><\/p>\n","protected":false},"featured_media":31572,"template":"","meta":{"_acf_changed":false},"product_brand":[],"product_cat":[66,270],"product_tag":[481,479,480],"class_list":{"0":"post-24755","1":"product","2":"type-product","3":"status-publish","4":"has-post-thumbnail","6":"product_cat-cylinders-fr","7":"product_cat-tous","8":"product_tag-cream-charger-fr","9":"product_tag-exotic-fr","10":"product_tag-whip-fr","12":"first","13":"instock","14":"taxable","15":"shipping-taxable","16":"purchasable","17":"product-type-simple"},"acf":[],"yoast_head":"<!-- This site is optimized with the Yoast SEO plugin v27.2 - https:\/\/yoast.com\/product\/yoast-seo-wordpress\/ -->\n<title>Cartouche de cr\u00e8me N2O Original Exotic Whip - 670g<\/title>\n<meta name=\"description\" content=\"Achetez la cartouche de cr\u00e8me Original Exotic Whip 670g pour une excellence culinaire in\u00e9gal\u00e9e. Rehaussez vos cr\u00e9ations avec pr\u00e9cision et go\u00fbt. Commandez maintenant !\" \/>\n<meta name=\"robots\" content=\"index, follow, max-snippet:-1, max-image-preview:large, max-video-preview:-1\" \/>\n<link rel=\"canonical\" href=\"https:\/\/exoticwhip.com\/fr\/produit\/670g-cream-charger\/\" \/>\n<meta property=\"og:locale\" content=\"fr_FR\" \/>\n<meta property=\"og:type\" content=\"article\" \/>\n<meta property=\"og:title\" content=\"Cartouche de cr\u00e8me N2O Original Exotic Whip - 670g\" \/>\n<meta property=\"og:description\" content=\"Achetez la cartouche de cr\u00e8me Original Exotic Whip 670g pour une excellence culinaire in\u00e9gal\u00e9e. Rehaussez vos cr\u00e9ations avec pr\u00e9cision et go\u00fbt. Commandez maintenant !\" \/>\n<meta property=\"og:url\" content=\"https:\/\/exoticwhip.com\/fr\/produit\/670g-cream-charger\/\" \/>\n<meta property=\"og:site_name\" content=\"Exotic Whip\" \/>\n<meta property=\"article:publisher\" content=\"https:\/\/www.facebook.com\/people\/ExoticWhip\/100067750994767\/\" \/>\n<meta property=\"article:modified_time\" content=\"2025-09-11T09:07:10+00:00\" \/>\n<meta property=\"og:image\" content=\"https:\/\/exoticwhip.com\/wp-content\/uploads\/REGULAR-1.png\" \/>\n\t<meta property=\"og:image:width\" content=\"750\" \/>\n\t<meta property=\"og:image:height\" content=\"750\" \/>\n\t<meta property=\"og:image:type\" content=\"image\/png\" \/>\n<meta name=\"twitter:card\" content=\"summary_large_image\" \/>\n<meta name=\"twitter:site\" content=\"@exoticwhipcream\" \/>\n<meta name=\"twitter:label1\" content=\"Dur\u00e9e de lecture estim\u00e9e\" \/>\n\t<meta name=\"twitter:data1\" content=\"1 minute\" \/>\n<script type=\"application\/ld+json\" class=\"yoast-schema-graph\">{\"@context\":\"https:\/\/schema.org\",\"@graph\":[{\"@type\":\"WebPage\",\"@id\":\"https:\/\/exoticwhip.com\/fr\/produit\/670g-cream-charger\/\",\"url\":\"https:\/\/exoticwhip.com\/fr\/produit\/670g-cream-charger\/\",\"name\":\"Cartouche de cr\u00e8me N2O Original Exotic Whip - 670g\",\"isPartOf\":{\"@id\":\"https:\/\/exotic-whip.com\/#website\"},\"primaryImageOfPage\":{\"@id\":\"https:\/\/exoticwhip.com\/fr\/produit\/670g-cream-charger\/#primaryimage\"},\"image\":{\"@id\":\"https:\/\/exoticwhip.com\/fr\/produit\/670g-cream-charger\/#primaryimage\"},\"thumbnailUrl\":\"https:\/\/exoticwhip.com\/wp-content\/uploads\/REGULAR-1.png\",\"datePublished\":\"2023-09-06T10:20:39+00:00\",\"dateModified\":\"2025-09-11T09:07:10+00:00\",\"description\":\"Achetez la cartouche de cr\u00e8me Original Exotic Whip 670g pour une excellence culinaire in\u00e9gal\u00e9e. Rehaussez vos cr\u00e9ations avec pr\u00e9cision et go\u00fbt. Commandez maintenant !\",\"breadcrumb\":{\"@id\":\"https:\/\/exoticwhip.com\/fr\/produit\/670g-cream-charger\/#breadcrumb\"},\"inLanguage\":\"fr-FR\",\"potentialAction\":[{\"@type\":\"ReadAction\",\"target\":[\"https:\/\/exoticwhip.com\/fr\/produit\/670g-cream-charger\/\"]}]},{\"@type\":\"ImageObject\",\"inLanguage\":\"fr-FR\",\"@id\":\"https:\/\/exoticwhip.com\/fr\/produit\/670g-cream-charger\/#primaryimage\",\"url\":\"https:\/\/exoticwhip.com\/wp-content\/uploads\/REGULAR-1.png\",\"contentUrl\":\"https:\/\/exoticwhip.com\/wp-content\/uploads\/REGULAR-1.png\",\"width\":750,\"height\":750},{\"@type\":\"BreadcrumbList\",\"@id\":\"https:\/\/exoticwhip.com\/fr\/produit\/670g-cream-charger\/#breadcrumb\",\"itemListElement\":[{\"@type\":\"ListItem\",\"position\":1,\"name\":\"Home\",\"item\":\"https:\/\/exoticwhip.com\/fr\/\"},{\"@type\":\"ListItem\",\"position\":2,\"name\":\"Cartouche de Cr\u00e8me Originale ExoticWhip 670 grammes\"}]},{\"@type\":\"WebSite\",\"@id\":\"https:\/\/exotic-whip.com\/#website\",\"url\":\"https:\/\/exotic-whip.com\/\",\"name\":\"Exotic Whip\",\"description\":\"Cream Charger N2O Cylinders\",\"publisher\":{\"@id\":\"https:\/\/exotic-whip.com\/#organization\"},\"alternateName\":\"ExoticWhip\",\"potentialAction\":[{\"@type\":\"SearchAction\",\"target\":{\"@type\":\"EntryPoint\",\"urlTemplate\":\"https:\/\/exotic-whip.com\/?s={search_term_string}\"},\"query-input\":{\"@type\":\"PropertyValueSpecification\",\"valueRequired\":true,\"valueName\":\"search_term_string\"}}],\"inLanguage\":\"fr-FR\"},{\"@type\":\"Organization\",\"@id\":\"https:\/\/exotic-whip.com\/#organization\",\"name\":\"Exotic Whip\",\"alternateName\":\"ExoticWhip\",\"url\":\"https:\/\/exotic-whip.com\/\",\"logo\":{\"@type\":\"ImageObject\",\"inLanguage\":\"fr-FR\",\"@id\":\"https:\/\/exotic-whip.com\/#\/schema\/logo\/image\/\",\"url\":\"https:\/\/exoticwhip.com\/wp-content\/uploads\/2021\/07\/exoticwhip-logo.png\",\"contentUrl\":\"https:\/\/exoticwhip.com\/wp-content\/uploads\/2021\/07\/exoticwhip-logo.png\",\"width\":245,\"height\":79,\"caption\":\"Exotic Whip\"},\"image\":{\"@id\":\"https:\/\/exotic-whip.com\/#\/schema\/logo\/image\/\"},\"sameAs\":[\"https:\/\/www.facebook.com\/people\/ExoticWhip\/100067750994767\/\",\"https:\/\/x.com\/exoticwhipcream\",\"https:\/\/www.instagram.com\/exoticwhipofficial\/\",\"https:\/\/www.tiktok.com\/@exoticwhipofficial\",\"https:\/\/www.youtube.com\/channel\/UCsYXBNnMrjeLyK9GsJC9UpQ\"]}]}<\/script>\n<!-- \/ Yoast SEO plugin. -->","yoast_head_json":{"title":"Cartouche de cr\u00e8me N2O Original Exotic Whip - 670g","description":"Achetez la cartouche de cr\u00e8me Original Exotic Whip 670g pour une excellence culinaire in\u00e9gal\u00e9e. Rehaussez vos cr\u00e9ations avec pr\u00e9cision et go\u00fbt. Commandez maintenant !","robots":{"index":"index","follow":"follow","max-snippet":"max-snippet:-1","max-image-preview":"max-image-preview:large","max-video-preview":"max-video-preview:-1"},"canonical":"https:\/\/exoticwhip.com\/fr\/produit\/670g-cream-charger\/","og_locale":"fr_FR","og_type":"article","og_title":"Cartouche de cr\u00e8me N2O Original Exotic Whip - 670g","og_description":"Achetez la cartouche de cr\u00e8me Original Exotic Whip 670g pour une excellence culinaire in\u00e9gal\u00e9e. Rehaussez vos cr\u00e9ations avec pr\u00e9cision et go\u00fbt. Commandez maintenant !","og_url":"https:\/\/exoticwhip.com\/fr\/produit\/670g-cream-charger\/","og_site_name":"Exotic Whip","article_publisher":"https:\/\/www.facebook.com\/people\/ExoticWhip\/100067750994767\/","article_modified_time":"2025-09-11T09:07:10+00:00","og_image":[{"width":750,"height":750,"url":"https:\/\/exoticwhip.com\/wp-content\/uploads\/REGULAR-1.png","type":"image\/png"}],"twitter_card":"summary_large_image","twitter_site":"@exoticwhipcream","twitter_misc":{"Dur\u00e9e de lecture estim\u00e9e":"1 minute"},"schema":{"@context":"https:\/\/schema.org","@graph":[{"@type":"WebPage","@id":"https:\/\/exoticwhip.com\/fr\/produit\/670g-cream-charger\/","url":"https:\/\/exoticwhip.com\/fr\/produit\/670g-cream-charger\/","name":"Cartouche de cr\u00e8me N2O Original Exotic Whip - 670g","isPartOf":{"@id":"https:\/\/exotic-whip.com\/#website"},"primaryImageOfPage":{"@id":"https:\/\/exoticwhip.com\/fr\/produit\/670g-cream-charger\/#primaryimage"},"image":{"@id":"https:\/\/exoticwhip.com\/fr\/produit\/670g-cream-charger\/#primaryimage"},"thumbnailUrl":"https:\/\/exoticwhip.com\/wp-content\/uploads\/REGULAR-1.png","datePublished":"2023-09-06T10:20:39+00:00","dateModified":"2025-09-11T09:07:10+00:00","description":"Achetez la cartouche de cr\u00e8me Original Exotic Whip 670g pour une excellence culinaire in\u00e9gal\u00e9e. Rehaussez vos cr\u00e9ations avec pr\u00e9cision et go\u00fbt. Commandez maintenant !","breadcrumb":{"@id":"https:\/\/exoticwhip.com\/fr\/produit\/670g-cream-charger\/#breadcrumb"},"inLanguage":"fr-FR","potentialAction":[{"@type":"ReadAction","target":["https:\/\/exoticwhip.com\/fr\/produit\/670g-cream-charger\/"]}]},{"@type":"ImageObject","inLanguage":"fr-FR","@id":"https:\/\/exoticwhip.com\/fr\/produit\/670g-cream-charger\/#primaryimage","url":"https:\/\/exoticwhip.com\/wp-content\/uploads\/REGULAR-1.png","contentUrl":"https:\/\/exoticwhip.com\/wp-content\/uploads\/REGULAR-1.png","width":750,"height":750},{"@type":"BreadcrumbList","@id":"https:\/\/exoticwhip.com\/fr\/produit\/670g-cream-charger\/#breadcrumb","itemListElement":[{"@type":"ListItem","position":1,"name":"Home","item":"https:\/\/exoticwhip.com\/fr\/"},{"@type":"ListItem","position":2,"name":"Cartouche de Cr\u00e8me Originale ExoticWhip 670 grammes"}]},{"@type":"WebSite","@id":"https:\/\/exotic-whip.com\/#website","url":"https:\/\/exotic-whip.com\/","name":"Exotic Whip","description":"Cream Charger N2O Cylinders","publisher":{"@id":"https:\/\/exotic-whip.com\/#organization"},"alternateName":"ExoticWhip","potentialAction":[{"@type":"SearchAction","target":{"@type":"EntryPoint","urlTemplate":"https:\/\/exotic-whip.com\/?s={search_term_string}"},"query-input":{"@type":"PropertyValueSpecification","valueRequired":true,"valueName":"search_term_string"}}],"inLanguage":"fr-FR"},{"@type":"Organization","@id":"https:\/\/exotic-whip.com\/#organization","name":"Exotic Whip","alternateName":"ExoticWhip","url":"https:\/\/exotic-whip.com\/","logo":{"@type":"ImageObject","inLanguage":"fr-FR","@id":"https:\/\/exotic-whip.com\/#\/schema\/logo\/image\/","url":"https:\/\/exoticwhip.com\/wp-content\/uploads\/2021\/07\/exoticwhip-logo.png","contentUrl":"https:\/\/exoticwhip.com\/wp-content\/uploads\/2021\/07\/exoticwhip-logo.png","width":245,"height":79,"caption":"Exotic Whip"},"image":{"@id":"https:\/\/exotic-whip.com\/#\/schema\/logo\/image\/"},"sameAs":["https:\/\/www.facebook.com\/people\/ExoticWhip\/100067750994767\/","https:\/\/x.com\/exoticwhipcream","https:\/\/www.instagram.com\/exoticwhipofficial\/","https:\/\/www.tiktok.com\/@exoticwhipofficial","https:\/\/www.youtube.com\/channel\/UCsYXBNnMrjeLyK9GsJC9UpQ"]}]}},"_links":{"self":[{"href":"https:\/\/exoticwhip.com\/fr\/wp-json\/wp\/v2\/product\/24755","targetHints":{"allow":["GET"]}}],"collection":[{"href":"https:\/\/exoticwhip.com\/fr\/wp-json\/wp\/v2\/product"}],"about":[{"href":"https:\/\/exoticwhip.com\/fr\/wp-json\/wp\/v2\/types\/product"}],"wp:featuredmedia":[{"embeddable":true,"href":"https:\/\/exoticwhip.com\/fr\/wp-json\/wp\/v2\/media\/31572"}],"wp:attachment":[{"href":"https:\/\/exoticwhip.com\/fr\/wp-json\/wp\/v2\/media?parent=24755"}],"wp:term":[{"taxonomy":"product_brand","embeddable":true,"href":"https:\/\/exoticwhip.com\/fr\/wp-json\/wp\/v2\/product_brand?post=24755"},{"taxonomy":"product_cat","embeddable":true,"href":"https:\/\/exoticwhip.com\/fr\/wp-json\/wp\/v2\/product_cat?post=24755"},{"taxonomy":"product_tag","embeddable":true,"href":"https:\/\/exoticwhip.com\/fr\/wp-json\/wp\/v2\/product_tag?post=24755"}],"curies":[{"name":"wp","href":"https:\/\/api.w.org\/{rel}","templated":true}]}}