{"id":27613,"date":"2024-04-10T11:44:44","date_gmt":"2024-04-10T11:44:44","guid":{"rendered":"https:\/\/exotic-whip.com\/product\/new-exotic-whip-original-cream-charger-1350-grams\/"},"modified":"2025-08-29T14:40:43","modified_gmt":"2025-08-29T14:40:43","slug":"1350g-chargeur-de-creme-original","status":"publish","type":"product","link":"https:\/\/exoticwhip.com\/fr\/produit\/1350g-chargeur-de-creme-original\/","title":{"rendered":"ExoticWhip Chargeur de cr\u00e8me original 1350 grammes"},"excerpt":{"rendered":"<p>La cartouche de cr\u00e8me de 1350g est notre taille la plus pratique \u00e0 ce jour. Juste entre les deux en termes de taille, la 1350g est leader du march\u00e9 en capacit\u00e9 d&rsquo;oxyde nitreux pour sa taille. Elle contient de l&rsquo;N2O de la plus haute qualit\u00e9 fabriqu\u00e9 en UE.<\/p>\n<p><strong>Le nouveau design inclut un code QR de v\u00e9rification. <a href=\"https:\/\/exoticwhip.com\/fr\/verifiez-votre-bouteille-exotic-whip\/\">Apprenez comment v\u00e9rifier votre bouteille.<\/a><\/strong><\/p>\n<p><strong>*Chaque palette de 1350g contient 60 caisses (4 cartouches par caisse)<\/strong><\/p>\n","protected":false},"featured_media":31652,"template":"","meta":{"_acf_changed":false},"product_brand":[],"product_cat":[66,270],"product_tag":[481,479,480],"class_list":{"0":"post-27613","1":"product","2":"type-product","3":"status-publish","4":"has-post-thumbnail","6":"product_cat-cylinders-fr","7":"product_cat-tous","8":"product_tag-cream-charger-fr","9":"product_tag-exotic-fr","10":"product_tag-whip-fr","12":"first","13":"instock","14":"taxable","15":"shipping-taxable","16":"purchasable","17":"product-type-simple"},"acf":[],"yoast_head":"<!-- This site is optimized with the Yoast SEO plugin v27.2 - https:\/\/yoast.com\/product\/yoast-seo-wordpress\/ -->\n<title>Cartouche de cr\u00e8me N2O Original Exotic Whip - 1350g<\/title>\n<meta name=\"description\" content=\"Achetez la cartouche de cr\u00e8me Original Exotic Whip 1350g pour une excellence culinaire in\u00e9gal\u00e9e. Rehaussez vos cr\u00e9ations avec pr\u00e9cision et go\u00fbt. Commandez maintenant !\" \/>\n<meta name=\"robots\" content=\"index, follow, max-snippet:-1, max-image-preview:large, max-video-preview:-1\" \/>\n<link rel=\"canonical\" href=\"https:\/\/exoticwhip.com\/fr\/produit\/1350g-chargeur-de-creme-original\/\" \/>\n<meta property=\"og:locale\" content=\"fr_FR\" \/>\n<meta property=\"og:type\" content=\"article\" \/>\n<meta property=\"og:title\" content=\"Cartouche de cr\u00e8me N2O Original Exotic Whip - 1350g\" \/>\n<meta property=\"og:description\" content=\"Achetez la cartouche de cr\u00e8me Original Exotic Whip 1350g pour une excellence culinaire in\u00e9gal\u00e9e. Rehaussez vos cr\u00e9ations avec pr\u00e9cision et go\u00fbt. Commandez maintenant !\" \/>\n<meta property=\"og:url\" content=\"https:\/\/exoticwhip.com\/fr\/produit\/1350g-chargeur-de-creme-original\/\" \/>\n<meta property=\"og:site_name\" content=\"Exotic Whip\" \/>\n<meta property=\"article:publisher\" content=\"https:\/\/www.facebook.com\/people\/ExoticWhip\/100067750994767\/\" \/>\n<meta property=\"article:modified_time\" content=\"2025-08-29T14:40:43+00:00\" \/>\n<meta property=\"og:image\" content=\"https:\/\/exoticwhip.com\/wp-content\/uploads\/4-copy.png\" \/>\n\t<meta property=\"og:image:width\" content=\"750\" \/>\n\t<meta property=\"og:image:height\" content=\"750\" \/>\n\t<meta property=\"og:image:type\" content=\"image\/png\" \/>\n<meta name=\"twitter:card\" content=\"summary_large_image\" \/>\n<meta name=\"twitter:site\" content=\"@exoticwhipcream\" \/>\n<meta name=\"twitter:label1\" content=\"Dur\u00e9e de lecture estim\u00e9e\" \/>\n\t<meta name=\"twitter:data1\" content=\"1 minute\" \/>\n<script type=\"application\/ld+json\" class=\"yoast-schema-graph\">{\"@context\":\"https:\/\/schema.org\",\"@graph\":[{\"@type\":\"WebPage\",\"@id\":\"https:\/\/exoticwhip.com\/fr\/produit\/1350g-chargeur-de-creme-original\/\",\"url\":\"https:\/\/exoticwhip.com\/fr\/produit\/1350g-chargeur-de-creme-original\/\",\"name\":\"Cartouche de cr\u00e8me N2O Original Exotic Whip - 1350g\",\"isPartOf\":{\"@id\":\"https:\/\/exotic-whip.com\/#website\"},\"primaryImageOfPage\":{\"@id\":\"https:\/\/exoticwhip.com\/fr\/produit\/1350g-chargeur-de-creme-original\/#primaryimage\"},\"image\":{\"@id\":\"https:\/\/exoticwhip.com\/fr\/produit\/1350g-chargeur-de-creme-original\/#primaryimage\"},\"thumbnailUrl\":\"https:\/\/exoticwhip.com\/wp-content\/uploads\/4-copy.png\",\"datePublished\":\"2024-04-10T11:44:44+00:00\",\"dateModified\":\"2025-08-29T14:40:43+00:00\",\"description\":\"Achetez la cartouche de cr\u00e8me Original Exotic Whip 1350g pour une excellence culinaire in\u00e9gal\u00e9e. Rehaussez vos cr\u00e9ations avec pr\u00e9cision et go\u00fbt. Commandez maintenant !\",\"breadcrumb\":{\"@id\":\"https:\/\/exoticwhip.com\/fr\/produit\/1350g-chargeur-de-creme-original\/#breadcrumb\"},\"inLanguage\":\"fr-FR\",\"potentialAction\":[{\"@type\":\"ReadAction\",\"target\":[\"https:\/\/exoticwhip.com\/fr\/produit\/1350g-chargeur-de-creme-original\/\"]}]},{\"@type\":\"ImageObject\",\"inLanguage\":\"fr-FR\",\"@id\":\"https:\/\/exoticwhip.com\/fr\/produit\/1350g-chargeur-de-creme-original\/#primaryimage\",\"url\":\"https:\/\/exoticwhip.com\/wp-content\/uploads\/4-copy.png\",\"contentUrl\":\"https:\/\/exoticwhip.com\/wp-content\/uploads\/4-copy.png\",\"width\":750,\"height\":750},{\"@type\":\"BreadcrumbList\",\"@id\":\"https:\/\/exoticwhip.com\/fr\/produit\/1350g-chargeur-de-creme-original\/#breadcrumb\",\"itemListElement\":[{\"@type\":\"ListItem\",\"position\":1,\"name\":\"Home\",\"item\":\"https:\/\/exoticwhip.com\/fr\/\"},{\"@type\":\"ListItem\",\"position\":2,\"name\":\"ExoticWhip Chargeur de cr\u00e8me original 1350 grammes\"}]},{\"@type\":\"WebSite\",\"@id\":\"https:\/\/exotic-whip.com\/#website\",\"url\":\"https:\/\/exotic-whip.com\/\",\"name\":\"Exotic Whip\",\"description\":\"Cream Charger N2O Cylinders\",\"publisher\":{\"@id\":\"https:\/\/exotic-whip.com\/#organization\"},\"alternateName\":\"ExoticWhip\",\"potentialAction\":[{\"@type\":\"SearchAction\",\"target\":{\"@type\":\"EntryPoint\",\"urlTemplate\":\"https:\/\/exotic-whip.com\/?s={search_term_string}\"},\"query-input\":{\"@type\":\"PropertyValueSpecification\",\"valueRequired\":true,\"valueName\":\"search_term_string\"}}],\"inLanguage\":\"fr-FR\"},{\"@type\":\"Organization\",\"@id\":\"https:\/\/exotic-whip.com\/#organization\",\"name\":\"Exotic Whip\",\"alternateName\":\"ExoticWhip\",\"url\":\"https:\/\/exotic-whip.com\/\",\"logo\":{\"@type\":\"ImageObject\",\"inLanguage\":\"fr-FR\",\"@id\":\"https:\/\/exotic-whip.com\/#\/schema\/logo\/image\/\",\"url\":\"https:\/\/exoticwhip.com\/wp-content\/uploads\/2021\/07\/exoticwhip-logo.png\",\"contentUrl\":\"https:\/\/exoticwhip.com\/wp-content\/uploads\/2021\/07\/exoticwhip-logo.png\",\"width\":245,\"height\":79,\"caption\":\"Exotic Whip\"},\"image\":{\"@id\":\"https:\/\/exotic-whip.com\/#\/schema\/logo\/image\/\"},\"sameAs\":[\"https:\/\/www.facebook.com\/people\/ExoticWhip\/100067750994767\/\",\"https:\/\/x.com\/exoticwhipcream\",\"https:\/\/www.instagram.com\/exoticwhipofficial\/\",\"https:\/\/www.tiktok.com\/@exoticwhipofficial\",\"https:\/\/www.youtube.com\/channel\/UCsYXBNnMrjeLyK9GsJC9UpQ\"]}]}<\/script>\n<!-- \/ Yoast SEO plugin. -->","yoast_head_json":{"title":"Cartouche de cr\u00e8me N2O Original Exotic Whip - 1350g","description":"Achetez la cartouche de cr\u00e8me Original Exotic Whip 1350g pour une excellence culinaire in\u00e9gal\u00e9e. Rehaussez vos cr\u00e9ations avec pr\u00e9cision et go\u00fbt. Commandez maintenant !","robots":{"index":"index","follow":"follow","max-snippet":"max-snippet:-1","max-image-preview":"max-image-preview:large","max-video-preview":"max-video-preview:-1"},"canonical":"https:\/\/exoticwhip.com\/fr\/produit\/1350g-chargeur-de-creme-original\/","og_locale":"fr_FR","og_type":"article","og_title":"Cartouche de cr\u00e8me N2O Original Exotic Whip - 1350g","og_description":"Achetez la cartouche de cr\u00e8me Original Exotic Whip 1350g pour une excellence culinaire in\u00e9gal\u00e9e. Rehaussez vos cr\u00e9ations avec pr\u00e9cision et go\u00fbt. Commandez maintenant !","og_url":"https:\/\/exoticwhip.com\/fr\/produit\/1350g-chargeur-de-creme-original\/","og_site_name":"Exotic Whip","article_publisher":"https:\/\/www.facebook.com\/people\/ExoticWhip\/100067750994767\/","article_modified_time":"2025-08-29T14:40:43+00:00","og_image":[{"width":750,"height":750,"url":"https:\/\/exoticwhip.com\/wp-content\/uploads\/4-copy.png","type":"image\/png"}],"twitter_card":"summary_large_image","twitter_site":"@exoticwhipcream","twitter_misc":{"Dur\u00e9e de lecture estim\u00e9e":"1 minute"},"schema":{"@context":"https:\/\/schema.org","@graph":[{"@type":"WebPage","@id":"https:\/\/exoticwhip.com\/fr\/produit\/1350g-chargeur-de-creme-original\/","url":"https:\/\/exoticwhip.com\/fr\/produit\/1350g-chargeur-de-creme-original\/","name":"Cartouche de cr\u00e8me N2O Original Exotic Whip - 1350g","isPartOf":{"@id":"https:\/\/exotic-whip.com\/#website"},"primaryImageOfPage":{"@id":"https:\/\/exoticwhip.com\/fr\/produit\/1350g-chargeur-de-creme-original\/#primaryimage"},"image":{"@id":"https:\/\/exoticwhip.com\/fr\/produit\/1350g-chargeur-de-creme-original\/#primaryimage"},"thumbnailUrl":"https:\/\/exoticwhip.com\/wp-content\/uploads\/4-copy.png","datePublished":"2024-04-10T11:44:44+00:00","dateModified":"2025-08-29T14:40:43+00:00","description":"Achetez la cartouche de cr\u00e8me Original Exotic Whip 1350g pour une excellence culinaire in\u00e9gal\u00e9e. Rehaussez vos cr\u00e9ations avec pr\u00e9cision et go\u00fbt. Commandez maintenant !","breadcrumb":{"@id":"https:\/\/exoticwhip.com\/fr\/produit\/1350g-chargeur-de-creme-original\/#breadcrumb"},"inLanguage":"fr-FR","potentialAction":[{"@type":"ReadAction","target":["https:\/\/exoticwhip.com\/fr\/produit\/1350g-chargeur-de-creme-original\/"]}]},{"@type":"ImageObject","inLanguage":"fr-FR","@id":"https:\/\/exoticwhip.com\/fr\/produit\/1350g-chargeur-de-creme-original\/#primaryimage","url":"https:\/\/exoticwhip.com\/wp-content\/uploads\/4-copy.png","contentUrl":"https:\/\/exoticwhip.com\/wp-content\/uploads\/4-copy.png","width":750,"height":750},{"@type":"BreadcrumbList","@id":"https:\/\/exoticwhip.com\/fr\/produit\/1350g-chargeur-de-creme-original\/#breadcrumb","itemListElement":[{"@type":"ListItem","position":1,"name":"Home","item":"https:\/\/exoticwhip.com\/fr\/"},{"@type":"ListItem","position":2,"name":"ExoticWhip Chargeur de cr\u00e8me original 1350 grammes"}]},{"@type":"WebSite","@id":"https:\/\/exotic-whip.com\/#website","url":"https:\/\/exotic-whip.com\/","name":"Exotic Whip","description":"Cream Charger N2O Cylinders","publisher":{"@id":"https:\/\/exotic-whip.com\/#organization"},"alternateName":"ExoticWhip","potentialAction":[{"@type":"SearchAction","target":{"@type":"EntryPoint","urlTemplate":"https:\/\/exotic-whip.com\/?s={search_term_string}"},"query-input":{"@type":"PropertyValueSpecification","valueRequired":true,"valueName":"search_term_string"}}],"inLanguage":"fr-FR"},{"@type":"Organization","@id":"https:\/\/exotic-whip.com\/#organization","name":"Exotic Whip","alternateName":"ExoticWhip","url":"https:\/\/exotic-whip.com\/","logo":{"@type":"ImageObject","inLanguage":"fr-FR","@id":"https:\/\/exotic-whip.com\/#\/schema\/logo\/image\/","url":"https:\/\/exoticwhip.com\/wp-content\/uploads\/2021\/07\/exoticwhip-logo.png","contentUrl":"https:\/\/exoticwhip.com\/wp-content\/uploads\/2021\/07\/exoticwhip-logo.png","width":245,"height":79,"caption":"Exotic Whip"},"image":{"@id":"https:\/\/exotic-whip.com\/#\/schema\/logo\/image\/"},"sameAs":["https:\/\/www.facebook.com\/people\/ExoticWhip\/100067750994767\/","https:\/\/x.com\/exoticwhipcream","https:\/\/www.instagram.com\/exoticwhipofficial\/","https:\/\/www.tiktok.com\/@exoticwhipofficial","https:\/\/www.youtube.com\/channel\/UCsYXBNnMrjeLyK9GsJC9UpQ"]}]}},"_links":{"self":[{"href":"https:\/\/exoticwhip.com\/fr\/wp-json\/wp\/v2\/product\/27613","targetHints":{"allow":["GET"]}}],"collection":[{"href":"https:\/\/exoticwhip.com\/fr\/wp-json\/wp\/v2\/product"}],"about":[{"href":"https:\/\/exoticwhip.com\/fr\/wp-json\/wp\/v2\/types\/product"}],"wp:featuredmedia":[{"embeddable":true,"href":"https:\/\/exoticwhip.com\/fr\/wp-json\/wp\/v2\/media\/31652"}],"wp:attachment":[{"href":"https:\/\/exoticwhip.com\/fr\/wp-json\/wp\/v2\/media?parent=27613"}],"wp:term":[{"taxonomy":"product_brand","embeddable":true,"href":"https:\/\/exoticwhip.com\/fr\/wp-json\/wp\/v2\/product_brand?post=27613"},{"taxonomy":"product_cat","embeddable":true,"href":"https:\/\/exoticwhip.com\/fr\/wp-json\/wp\/v2\/product_cat?post=27613"},{"taxonomy":"product_tag","embeddable":true,"href":"https:\/\/exoticwhip.com\/fr\/wp-json\/wp\/v2\/product_tag?post=27613"}],"curies":[{"name":"wp","href":"https:\/\/api.w.org\/{rel}","templated":true}]}}