{"id":3261,"date":"2021-10-25T12:17:21","date_gmt":"2021-10-25T12:17:21","guid":{"rendered":"https:\/\/exotic-whip.com\/nitrous-oxide-market-in-2021\/"},"modified":"2024-06-21T09:50:20","modified_gmt":"2024-06-21T09:50:20","slug":"nitroso-ossido-mercato-in-2021","status":"publish","type":"page","link":"https:\/\/exoticwhip.com\/it\/nitroso-ossido-mercato-in-2021\/","title":{"rendered":"Il mercato del protossido di azoto nel 2026"},"content":{"rendered":"<h2>Lo stato del mercato del protossido di azoto e come diventare un distributore<\/h2>\n<p>Il mercato del <a href=\"https:\/\/exoticwhip.com\/it\/blog-it\/cos-e-il-protossido-di-azoto\/\">protossido di azoto (N2O)<\/a> \u00e8 in espansione e in continuo cambiamento. La domanda di protossido di azoto in varie industrie \u00e8 alle stelle, e quindi il mercato continua a crescere. Secondo Grand View Research, Inc. la stima delle entrate nel 2025 \u00e8 di 1,47 miliardi di dollari, rispetto al market cap di 805,1 milioni di dollari nel 2016. Questo \u00e8 gi\u00e0 un enorme aumento, ma il mercato ha ancora molto spazio per la crescita e le possibilit\u00e0 per i consumatori di diventare <a href=\"https:\/\/exoticwhip.com\/it\/distributore\/\">distributori di protossido di azoto<\/a> e guadagnare una fetta della torta.<\/p>\n<p>Il mercato ha avuto un aumento cos\u00ec grande perch\u00e9 c&#8217;\u00e8 una crescente domanda di protossido di azoto da parte delle industrie alimentari, delle bevande, automobilistiche, elettroniche e mediche. \u00c8 un mercato duro e competitivo che comporta un sacco di regolamenti. E quindi \u00e8 anche pi\u00f9 difficile per una nuova azienda entrare nel mercato. State pensando di entrare nel mercato dell&#8217;N2O? Bene, allora sei fortunato perch\u00e9 abbiamo scritto alcuni consigli su come diventare un distributore di protossido di azoto proprio qui.<\/p>\n<p style=\"text-align: center;\"><a class=\"button button--primary hero__button\" style=\"color: #ffffff;\" href=\"https:\/\/exoticwhip.com\/it\/distributore\/\">Diventa un Distributore<\/a><\/p>\n<h2>L&#8217;aspetto dell&#8217;offerta del mercato del protossido di azoto<\/h2>\n<p>Poich\u00e9 \u00e8 difficile trovare un buon produttore e mettere in ordine le forniture, alcune aziende si accontentano di prodotti di bassa qualit\u00e0 che si possono comprare all&#8217;estero. \u00c8 difficile per queste aziende rimanere a galla perch\u00e9 \u00e8 necessario aderire agli standard di fabbrica e alle certificazioni CE per essere in grado di controllare in definitiva la qualit\u00e0. Quindi \u00e8 importante trovare un fornitore affidabile dove \u00e8 possibile testare accuratamente il prodotto in anticipo per mantenere la vostra attivit\u00e0 in futuro.<\/p>\n<p>Da notare che spesso il gas non certificato viene acquistato in Cina e non soddisfa gli obblighi normativi che si \u00e8 obbligati a rispettare in Europa.<\/p>\n<p>Il gas protossido di azoto venduto da Exotic Whip \u00e8 un prodotto europeo e aderisce a tutti i diversi obblighi normativi sia in Europa che in America.<\/p>\n<h2>La logistica del mercato del protossido di azoto<\/h2>\n<p>Si risparmia molto spazio in termini di trasporto e stoccaggio quando si acquistano bombole di protossido di azoto pi\u00f9 grandi invece di cartucce di crema piccole, sfuse e monouso. Le piccole cartucce di protossido di azoto contengono circa 8 grammi fino a 16 grammi di protossido di azoto e un <a href=\"https:\/\/exoticwhip.com\/it\/product-categorie\/cylinders-it\/\">caricatore di crema Exotic Whip contiene 640 grammi di protossido di azoto<\/a>. Che \u00e8 quindi equivalente a 80 cartucce. Ci possono essere circa 25.000 cartucce individuali in 500 scatole da 50 su un pallet. A causa del maggior volume di ordini, puoi facilmente risparmiare i costi sull&#8217;aspetto logistico dell&#8217;equazione, specialmente in volumi cos\u00ec grandi questo si somma facilmente e pu\u00f2 farti risparmiare migliaia di dollari nel lungo periodo una volta che sei diventato un <a href=\"https:\/\/exoticwhip.com\/it\/distributore\/\">distributore di protossido di azoto<\/a>.<\/p>\n<p>Dal punto di vista del consumatore, ha anche alcuni vantaggi, a parte il risparmio di costi come consumatore si pu\u00f2 anche risparmiare su un sacco di tempo utilizzando caricabatterie crema invece di cartucce di crema solo che devono essere installati ogni volta dopo aver utilizzato una singola carica.<\/p>\n<h2>Guida passo dopo passo su come diventare un distributore di protossido di azoto per il marchio Exotic Whip<\/h2>\n<p>Se sei arrivato fino a questo punto del post, ovviamente sei interessato a diventare un distributore di protossido di azoto o sei curioso delle potenziali opportunit\u00e0 di business.<\/p>\n<p>I nostri rappresentanti di vendita possono aiutarvi attraverso l&#8217;intero processo dall&#8217;inizio alla fine e aiutarvi a impostare il vostro nuovo business di protossido di azoto, il primo passo \u00e8 quello di compilare il <a href=\"https:\/\/exoticwhip.com\/it\/distributore\/\">modulo distributore di protossido di azoto<\/a> che potete trovare sul nostro sito web. Dopo aver compilato il modulo di distributore, il nostro rappresentante di vendita si metter\u00e0 in contatto con te e partir\u00e0 da l\u00ec.<\/p>\n<p style=\"text-align: center;\"><a class=\"button button--primary hero__button\" style=\"color: #ffffff;\" href=\"https:\/\/exoticwhip.com\/it\/distributore\/\">Diventa un Distributore<\/a><\/p>\n","protected":false},"excerpt":{"rendered":"<p>Lo stato del mercato del protossido di azoto e come diventare un distributore Il mercato del protossido di azoto (N2O) \u00e8 in espansione e in continuo cambiamento. La domanda di protossido di azoto in varie industrie \u00e8 alle stelle, e quindi il mercato continua a crescere. Secondo Grand View Research, Inc. la stima delle entrate [&hellip;]<\/p>\n","protected":false},"author":2343,"featured_media":2639,"parent":0,"menu_order":0,"comment_status":"closed","ping_status":"closed","template":"","meta":{"_acf_changed":false,"footnotes":""},"class_list":["post-3261","page","type-page","status-publish","has-post-thumbnail","hentry"],"acf":[],"yoast_head":"<!-- This site is optimized with the Yoast SEO plugin v27.2 - https:\/\/yoast.com\/product\/yoast-seo-wordpress\/ -->\n<title>Il mercato del protossido di azoto nel 2026 - Exotic Whip<\/title>\n<meta name=\"description\" content=\"Il mercato del protossido di azoto (N2O) \u00e8 in espansione e la domanda aumenta continuamente, e tu puoi averne un pezzo.\" \/>\n<meta name=\"robots\" content=\"index, follow, max-snippet:-1, max-image-preview:large, max-video-preview:-1\" \/>\n<link rel=\"canonical\" href=\"https:\/\/exoticwhip.com\/it\/nitroso-ossido-mercato-in-2021\/\" \/>\n<meta property=\"og:locale\" content=\"it_IT\" \/>\n<meta property=\"og:type\" content=\"article\" \/>\n<meta property=\"og:title\" content=\"Il mercato del protossido di azoto nel 2026 - Exotic Whip\" \/>\n<meta property=\"og:description\" content=\"Il mercato del protossido di azoto (N2O) \u00e8 in espansione e la domanda aumenta continuamente, e tu puoi averne un pezzo.\" \/>\n<meta property=\"og:url\" content=\"https:\/\/exoticwhip.com\/it\/nitroso-ossido-mercato-in-2021\/\" \/>\n<meta property=\"og:site_name\" content=\"Exotic Whip\" \/>\n<meta property=\"article:publisher\" content=\"https:\/\/www.facebook.com\/people\/ExoticWhip\/100067750994767\/\" \/>\n<meta property=\"article:modified_time\" content=\"2024-06-21T09:50:20+00:00\" \/>\n<meta property=\"og:image\" content=\"https:\/\/exotic-whip.com\/wp-content\/uploads\/2021\/09\/ExoticWhipExoticFlavorsCreamCharger.jpg\" \/>\n\t<meta property=\"og:image:width\" content=\"1800\" \/>\n\t<meta property=\"og:image:height\" content=\"1200\" \/>\n\t<meta property=\"og:image:type\" content=\"image\/jpeg\" \/>\n<meta name=\"twitter:card\" content=\"summary_large_image\" \/>\n<meta name=\"twitter:site\" content=\"@exoticwhipcream\" \/>\n<meta name=\"twitter:label1\" content=\"Tempo di lettura stimato\" \/>\n\t<meta name=\"twitter:data1\" content=\"3 minuti\" \/>\n<script type=\"application\/ld+json\" class=\"yoast-schema-graph\">{\"@context\":\"https:\/\/schema.org\",\"@graph\":[{\"@type\":[\"Article\",\"BlogPosting\"],\"@id\":\"https:\/\/exoticwhip.com\/it\/nitroso-ossido-mercato-in-2021\/#article\",\"isPartOf\":{\"@id\":\"https:\/\/exoticwhip.com\/it\/nitroso-ossido-mercato-in-2021\/\"},\"author\":{\"name\":\"Olivia Frost\",\"@id\":\"https:\/\/exotic-whip.com\/#\/schema\/person\/9d3cd5aa4f5c260fb0cb7110c78a2d4a\"},\"headline\":\"Il mercato del protossido di azoto nel 2026\",\"datePublished\":\"2021-10-25T12:17:21+00:00\",\"dateModified\":\"2024-06-21T09:50:20+00:00\",\"mainEntityOfPage\":{\"@id\":\"https:\/\/exoticwhip.com\/it\/nitroso-ossido-mercato-in-2021\/\"},\"wordCount\":627,\"publisher\":{\"@id\":\"https:\/\/exotic-whip.com\/#organization\"},\"image\":{\"@id\":\"https:\/\/exoticwhip.com\/it\/nitroso-ossido-mercato-in-2021\/#primaryimage\"},\"thumbnailUrl\":\"https:\/\/exoticwhip.com\/wp-content\/uploads\/2021\/09\/ExoticWhipExoticFlavorsCreamCharger.jpg\",\"inLanguage\":\"it-IT\"},{\"@type\":\"WebPage\",\"@id\":\"https:\/\/exoticwhip.com\/it\/nitroso-ossido-mercato-in-2021\/\",\"url\":\"https:\/\/exoticwhip.com\/it\/nitroso-ossido-mercato-in-2021\/\",\"name\":\"Il mercato del protossido di azoto nel 2026 - Exotic Whip\",\"isPartOf\":{\"@id\":\"https:\/\/exotic-whip.com\/#website\"},\"primaryImageOfPage\":{\"@id\":\"https:\/\/exoticwhip.com\/it\/nitroso-ossido-mercato-in-2021\/#primaryimage\"},\"image\":{\"@id\":\"https:\/\/exoticwhip.com\/it\/nitroso-ossido-mercato-in-2021\/#primaryimage\"},\"thumbnailUrl\":\"https:\/\/exoticwhip.com\/wp-content\/uploads\/2021\/09\/ExoticWhipExoticFlavorsCreamCharger.jpg\",\"datePublished\":\"2021-10-25T12:17:21+00:00\",\"dateModified\":\"2024-06-21T09:50:20+00:00\",\"description\":\"Il mercato del protossido di azoto (N2O) \u00e8 in espansione e la domanda aumenta continuamente, e tu puoi averne un pezzo.\",\"breadcrumb\":{\"@id\":\"https:\/\/exoticwhip.com\/it\/nitroso-ossido-mercato-in-2021\/#breadcrumb\"},\"inLanguage\":\"it-IT\",\"potentialAction\":[{\"@type\":\"ReadAction\",\"target\":[\"https:\/\/exoticwhip.com\/it\/nitroso-ossido-mercato-in-2021\/\"]}]},{\"@type\":\"ImageObject\",\"inLanguage\":\"it-IT\",\"@id\":\"https:\/\/exoticwhip.com\/it\/nitroso-ossido-mercato-in-2021\/#primaryimage\",\"url\":\"https:\/\/exoticwhip.com\/wp-content\/uploads\/2021\/09\/ExoticWhipExoticFlavorsCreamCharger.jpg\",\"contentUrl\":\"https:\/\/exoticwhip.com\/wp-content\/uploads\/2021\/09\/ExoticWhipExoticFlavorsCreamCharger.jpg\",\"width\":1800,\"height\":1200,\"caption\":\"The Nitrous Oxide Market | How to Become a Nitrous Oxide Distributor?\"},{\"@type\":\"BreadcrumbList\",\"@id\":\"https:\/\/exoticwhip.com\/it\/nitroso-ossido-mercato-in-2021\/#breadcrumb\",\"itemListElement\":[{\"@type\":\"ListItem\",\"position\":1,\"name\":\"Home\",\"item\":\"https:\/\/exoticwhip.com\/it\/\"},{\"@type\":\"ListItem\",\"position\":2,\"name\":\"Il mercato del protossido di azoto nel 2024\"}]},{\"@type\":\"WebSite\",\"@id\":\"https:\/\/exotic-whip.com\/#website\",\"url\":\"https:\/\/exotic-whip.com\/\",\"name\":\"Exotic Whip\",\"description\":\"Cream Charger N2O Cylinders\",\"publisher\":{\"@id\":\"https:\/\/exotic-whip.com\/#organization\"},\"alternateName\":\"ExoticWhip\",\"potentialAction\":[{\"@type\":\"SearchAction\",\"target\":{\"@type\":\"EntryPoint\",\"urlTemplate\":\"https:\/\/exotic-whip.com\/?s={search_term_string}\"},\"query-input\":{\"@type\":\"PropertyValueSpecification\",\"valueRequired\":true,\"valueName\":\"search_term_string\"}}],\"inLanguage\":\"it-IT\"},{\"@type\":\"Organization\",\"@id\":\"https:\/\/exotic-whip.com\/#organization\",\"name\":\"Exotic Whip\",\"alternateName\":\"ExoticWhip\",\"url\":\"https:\/\/exotic-whip.com\/\",\"logo\":{\"@type\":\"ImageObject\",\"inLanguage\":\"it-IT\",\"@id\":\"https:\/\/exotic-whip.com\/#\/schema\/logo\/image\/\",\"url\":\"https:\/\/exoticwhip.com\/wp-content\/uploads\/2021\/07\/exoticwhip-logo.png\",\"contentUrl\":\"https:\/\/exoticwhip.com\/wp-content\/uploads\/2021\/07\/exoticwhip-logo.png\",\"width\":245,\"height\":79,\"caption\":\"Exotic Whip\"},\"image\":{\"@id\":\"https:\/\/exotic-whip.com\/#\/schema\/logo\/image\/\"},\"sameAs\":[\"https:\/\/www.facebook.com\/people\/ExoticWhip\/100067750994767\/\",\"https:\/\/x.com\/exoticwhipcream\",\"https:\/\/www.instagram.com\/exoticwhipofficial\/\",\"https:\/\/www.tiktok.com\/@exoticwhipofficial\",\"https:\/\/www.youtube.com\/channel\/UCsYXBNnMrjeLyK9GsJC9UpQ\"]},{\"@type\":\"Person\",\"@id\":\"https:\/\/exotic-whip.com\/#\/schema\/person\/9d3cd5aa4f5c260fb0cb7110c78a2d4a\",\"name\":\"Olivia Frost\",\"description\":\"Olivia Frost is a seasoned pastry chef and culinary expert, specializing in the art of creating delightful desserts. With a passion for innovation and a keen understanding of kitchen tools, she shares her expertise on whip cream chargers and nitrous oxide cylinders through her engaging blog.\",\"sameAs\":[\"https:\/\/exoticwhip.com\/olivia-frost\/\",\"https:\/\/www.instagram.com\/oliviafrost1990\/\",\"https:\/\/www.linkedin.com\/in\/chef-olivia-frost\/\",\"https:\/\/x.com\/OliviaFrost1990\"],\"url\":\"https:\/\/exoticwhip.com\/it\/author\/expertmixologist\/\"}]}<\/script>\n<!-- \/ Yoast SEO plugin. -->","yoast_head_json":{"title":"Il mercato del protossido di azoto nel 2026 - Exotic Whip","description":"Il mercato del protossido di azoto (N2O) \u00e8 in espansione e la domanda aumenta continuamente, e tu puoi averne un pezzo.","robots":{"index":"index","follow":"follow","max-snippet":"max-snippet:-1","max-image-preview":"max-image-preview:large","max-video-preview":"max-video-preview:-1"},"canonical":"https:\/\/exoticwhip.com\/it\/nitroso-ossido-mercato-in-2021\/","og_locale":"it_IT","og_type":"article","og_title":"Il mercato del protossido di azoto nel 2026 - Exotic Whip","og_description":"Il mercato del protossido di azoto (N2O) \u00e8 in espansione e la domanda aumenta continuamente, e tu puoi averne un pezzo.","og_url":"https:\/\/exoticwhip.com\/it\/nitroso-ossido-mercato-in-2021\/","og_site_name":"Exotic Whip","article_publisher":"https:\/\/www.facebook.com\/people\/ExoticWhip\/100067750994767\/","article_modified_time":"2024-06-21T09:50:20+00:00","og_image":[{"width":1800,"height":1200,"url":"https:\/\/exotic-whip.com\/wp-content\/uploads\/2021\/09\/ExoticWhipExoticFlavorsCreamCharger.jpg","type":"image\/jpeg"}],"twitter_card":"summary_large_image","twitter_site":"@exoticwhipcream","twitter_misc":{"Tempo di lettura stimato":"3 minuti"},"schema":{"@context":"https:\/\/schema.org","@graph":[{"@type":["Article","BlogPosting"],"@id":"https:\/\/exoticwhip.com\/it\/nitroso-ossido-mercato-in-2021\/#article","isPartOf":{"@id":"https:\/\/exoticwhip.com\/it\/nitroso-ossido-mercato-in-2021\/"},"author":{"name":"Olivia Frost","@id":"https:\/\/exotic-whip.com\/#\/schema\/person\/9d3cd5aa4f5c260fb0cb7110c78a2d4a"},"headline":"Il mercato del protossido di azoto nel 2026","datePublished":"2021-10-25T12:17:21+00:00","dateModified":"2024-06-21T09:50:20+00:00","mainEntityOfPage":{"@id":"https:\/\/exoticwhip.com\/it\/nitroso-ossido-mercato-in-2021\/"},"wordCount":627,"publisher":{"@id":"https:\/\/exotic-whip.com\/#organization"},"image":{"@id":"https:\/\/exoticwhip.com\/it\/nitroso-ossido-mercato-in-2021\/#primaryimage"},"thumbnailUrl":"https:\/\/exoticwhip.com\/wp-content\/uploads\/2021\/09\/ExoticWhipExoticFlavorsCreamCharger.jpg","inLanguage":"it-IT"},{"@type":"WebPage","@id":"https:\/\/exoticwhip.com\/it\/nitroso-ossido-mercato-in-2021\/","url":"https:\/\/exoticwhip.com\/it\/nitroso-ossido-mercato-in-2021\/","name":"Il mercato del protossido di azoto nel 2026 - Exotic Whip","isPartOf":{"@id":"https:\/\/exotic-whip.com\/#website"},"primaryImageOfPage":{"@id":"https:\/\/exoticwhip.com\/it\/nitroso-ossido-mercato-in-2021\/#primaryimage"},"image":{"@id":"https:\/\/exoticwhip.com\/it\/nitroso-ossido-mercato-in-2021\/#primaryimage"},"thumbnailUrl":"https:\/\/exoticwhip.com\/wp-content\/uploads\/2021\/09\/ExoticWhipExoticFlavorsCreamCharger.jpg","datePublished":"2021-10-25T12:17:21+00:00","dateModified":"2024-06-21T09:50:20+00:00","description":"Il mercato del protossido di azoto (N2O) \u00e8 in espansione e la domanda aumenta continuamente, e tu puoi averne un pezzo.","breadcrumb":{"@id":"https:\/\/exoticwhip.com\/it\/nitroso-ossido-mercato-in-2021\/#breadcrumb"},"inLanguage":"it-IT","potentialAction":[{"@type":"ReadAction","target":["https:\/\/exoticwhip.com\/it\/nitroso-ossido-mercato-in-2021\/"]}]},{"@type":"ImageObject","inLanguage":"it-IT","@id":"https:\/\/exoticwhip.com\/it\/nitroso-ossido-mercato-in-2021\/#primaryimage","url":"https:\/\/exoticwhip.com\/wp-content\/uploads\/2021\/09\/ExoticWhipExoticFlavorsCreamCharger.jpg","contentUrl":"https:\/\/exoticwhip.com\/wp-content\/uploads\/2021\/09\/ExoticWhipExoticFlavorsCreamCharger.jpg","width":1800,"height":1200,"caption":"The Nitrous Oxide Market | How to Become a Nitrous Oxide Distributor?"},{"@type":"BreadcrumbList","@id":"https:\/\/exoticwhip.com\/it\/nitroso-ossido-mercato-in-2021\/#breadcrumb","itemListElement":[{"@type":"ListItem","position":1,"name":"Home","item":"https:\/\/exoticwhip.com\/it\/"},{"@type":"ListItem","position":2,"name":"Il mercato del protossido di azoto nel 2024"}]},{"@type":"WebSite","@id":"https:\/\/exotic-whip.com\/#website","url":"https:\/\/exotic-whip.com\/","name":"Exotic Whip","description":"Cream Charger N2O Cylinders","publisher":{"@id":"https:\/\/exotic-whip.com\/#organization"},"alternateName":"ExoticWhip","potentialAction":[{"@type":"SearchAction","target":{"@type":"EntryPoint","urlTemplate":"https:\/\/exotic-whip.com\/?s={search_term_string}"},"query-input":{"@type":"PropertyValueSpecification","valueRequired":true,"valueName":"search_term_string"}}],"inLanguage":"it-IT"},{"@type":"Organization","@id":"https:\/\/exotic-whip.com\/#organization","name":"Exotic Whip","alternateName":"ExoticWhip","url":"https:\/\/exotic-whip.com\/","logo":{"@type":"ImageObject","inLanguage":"it-IT","@id":"https:\/\/exotic-whip.com\/#\/schema\/logo\/image\/","url":"https:\/\/exoticwhip.com\/wp-content\/uploads\/2021\/07\/exoticwhip-logo.png","contentUrl":"https:\/\/exoticwhip.com\/wp-content\/uploads\/2021\/07\/exoticwhip-logo.png","width":245,"height":79,"caption":"Exotic Whip"},"image":{"@id":"https:\/\/exotic-whip.com\/#\/schema\/logo\/image\/"},"sameAs":["https:\/\/www.facebook.com\/people\/ExoticWhip\/100067750994767\/","https:\/\/x.com\/exoticwhipcream","https:\/\/www.instagram.com\/exoticwhipofficial\/","https:\/\/www.tiktok.com\/@exoticwhipofficial","https:\/\/www.youtube.com\/channel\/UCsYXBNnMrjeLyK9GsJC9UpQ"]},{"@type":"Person","@id":"https:\/\/exotic-whip.com\/#\/schema\/person\/9d3cd5aa4f5c260fb0cb7110c78a2d4a","name":"Olivia Frost","description":"Olivia Frost is a seasoned pastry chef and culinary expert, specializing in the art of creating delightful desserts. With a passion for innovation and a keen understanding of kitchen tools, she shares her expertise on whip cream chargers and nitrous oxide cylinders through her engaging blog.","sameAs":["https:\/\/exoticwhip.com\/olivia-frost\/","https:\/\/www.instagram.com\/oliviafrost1990\/","https:\/\/www.linkedin.com\/in\/chef-olivia-frost\/","https:\/\/x.com\/OliviaFrost1990"],"url":"https:\/\/exoticwhip.com\/it\/author\/expertmixologist\/"}]}},"_links":{"self":[{"href":"https:\/\/exoticwhip.com\/it\/wp-json\/wp\/v2\/pages\/3261","targetHints":{"allow":["GET"]}}],"collection":[{"href":"https:\/\/exoticwhip.com\/it\/wp-json\/wp\/v2\/pages"}],"about":[{"href":"https:\/\/exoticwhip.com\/it\/wp-json\/wp\/v2\/types\/page"}],"author":[{"embeddable":true,"href":"https:\/\/exoticwhip.com\/it\/wp-json\/wp\/v2\/users\/2343"}],"replies":[{"embeddable":true,"href":"https:\/\/exoticwhip.com\/it\/wp-json\/wp\/v2\/comments?post=3261"}],"version-history":[{"count":8,"href":"https:\/\/exoticwhip.com\/it\/wp-json\/wp\/v2\/pages\/3261\/revisions"}],"predecessor-version":[{"id":29048,"href":"https:\/\/exoticwhip.com\/it\/wp-json\/wp\/v2\/pages\/3261\/revisions\/29048"}],"wp:featuredmedia":[{"embeddable":true,"href":"https:\/\/exoticwhip.com\/it\/wp-json\/wp\/v2\/media\/2639"}],"wp:attachment":[{"href":"https:\/\/exoticwhip.com\/it\/wp-json\/wp\/v2\/media?parent=3261"}],"curies":[{"name":"wp","href":"https:\/\/api.w.org\/{rel}","templated":true}]}}