{"id":24757,"date":"2023-09-06T10:20:39","date_gmt":"2023-09-06T10:20:39","guid":{"rendered":"https:\/\/exotic-whip.com\/product\/original-cream-charger-640-gram\/"},"modified":"2025-09-11T09:24:26","modified_gmt":"2025-09-11T09:24:26","slug":"670g-bomboletta-di-panna-originale","status":"publish","type":"product","link":"https:\/\/exoticwhip.com\/it\/prodotto\/670g-bomboletta-di-panna-originale\/","title":{"rendered":"Bomboletta di Panna Originale ExoticWhip da 670 grammi"},"excerpt":{"rendered":"<p>La classica bomboletta da 670g \u00e8 riempita con ossido di azoto di premium qualit\u00e0 UE. Grazie ai nostri standard di compressione, la nostra classica da 670g ha la pi\u00f9 alta capacit\u00e0 del mercato per le sue dimensioni e, come sempre, in un design che ci distingue.<\/p>\n<p><strong>Il nuovo design include un codice QR per la verifica. <a href=\"https:\/\/exoticwhip.com\/it\/verifica-la-tua-bottiglia-exotic-whip\/\">Scopri come verificare la tua bottiglia.<\/a><\/strong><\/p>\n<p><strong>*Ogni pallet di 670g contiene 75 scatole (6 bombole per scatola)<\/strong><\/p>\n","protected":false},"featured_media":31575,"template":"","meta":{"_acf_changed":false},"product_brand":[],"product_cat":[90,272],"product_tag":[466,467,468],"class_list":{"0":"post-24757","1":"product","2":"type-product","3":"status-publish","4":"has-post-thumbnail","6":"product_cat-cylinders-it","7":"product_cat-tutti","8":"product_tag-cream-charger-it","9":"product_tag-exotic-it","10":"product_tag-whip-it","12":"first","13":"instock","14":"taxable","15":"shipping-taxable","16":"purchasable","17":"product-type-simple"},"acf":[],"yoast_head":"<!-- This site is optimized with the Yoast SEO plugin v27.2 - https:\/\/yoast.com\/product\/yoast-seo-wordpress\/ -->\n<title>Ricarica Originale di Panna N2O Exotic Whip - 670g<\/title>\n<meta name=\"description\" content=\"Acquista la Ricarica Originale Exotic Whip da 670g per un&#039;eccellenza culinaria senza pari. Innalza le tue creazioni con precisione e gusto. Ordina ora!\" \/>\n<meta name=\"robots\" content=\"index, follow, max-snippet:-1, max-image-preview:large, max-video-preview:-1\" \/>\n<link rel=\"canonical\" href=\"https:\/\/exoticwhip.com\/it\/prodotto\/670g-bomboletta-di-panna-originale\/\" \/>\n<meta property=\"og:locale\" content=\"it_IT\" \/>\n<meta property=\"og:type\" content=\"article\" \/>\n<meta property=\"og:title\" content=\"Ricarica Originale di Panna N2O Exotic Whip - 670g\" \/>\n<meta property=\"og:description\" content=\"Acquista la Ricarica Originale Exotic Whip da 670g per un&#039;eccellenza culinaria senza pari. Innalza le tue creazioni con precisione e gusto. Ordina ora!\" \/>\n<meta property=\"og:url\" content=\"https:\/\/exoticwhip.com\/it\/prodotto\/670g-bomboletta-di-panna-originale\/\" \/>\n<meta property=\"og:site_name\" content=\"Exotic Whip\" \/>\n<meta property=\"article:publisher\" content=\"https:\/\/www.facebook.com\/people\/ExoticWhip\/100067750994767\/\" \/>\n<meta property=\"article:modified_time\" content=\"2025-09-11T09:24:26+00:00\" \/>\n<meta property=\"og:image\" content=\"https:\/\/exoticwhip.com\/wp-content\/uploads\/REGULAR-1.png\" \/>\n\t<meta property=\"og:image:width\" content=\"750\" \/>\n\t<meta property=\"og:image:height\" content=\"750\" \/>\n\t<meta property=\"og:image:type\" content=\"image\/png\" \/>\n<meta name=\"twitter:card\" content=\"summary_large_image\" \/>\n<meta name=\"twitter:site\" content=\"@exoticwhipcream\" \/>\n<meta name=\"twitter:label1\" content=\"Tempo di lettura stimato\" \/>\n\t<meta name=\"twitter:data1\" content=\"1 minuto\" \/>\n<script type=\"application\/ld+json\" class=\"yoast-schema-graph\">{\"@context\":\"https:\/\/schema.org\",\"@graph\":[{\"@type\":\"WebPage\",\"@id\":\"https:\/\/exoticwhip.com\/it\/prodotto\/670g-bomboletta-di-panna-originale\/\",\"url\":\"https:\/\/exoticwhip.com\/it\/prodotto\/670g-bomboletta-di-panna-originale\/\",\"name\":\"Ricarica Originale di Panna N2O Exotic Whip - 670g\",\"isPartOf\":{\"@id\":\"https:\/\/exotic-whip.com\/#website\"},\"primaryImageOfPage\":{\"@id\":\"https:\/\/exoticwhip.com\/it\/prodotto\/670g-bomboletta-di-panna-originale\/#primaryimage\"},\"image\":{\"@id\":\"https:\/\/exoticwhip.com\/it\/prodotto\/670g-bomboletta-di-panna-originale\/#primaryimage\"},\"thumbnailUrl\":\"https:\/\/exoticwhip.com\/wp-content\/uploads\/REGULAR-1.png\",\"datePublished\":\"2023-09-06T10:20:39+00:00\",\"dateModified\":\"2025-09-11T09:24:26+00:00\",\"description\":\"Acquista la Ricarica Originale Exotic Whip da 670g per un'eccellenza culinaria senza pari. Innalza le tue creazioni con precisione e gusto. Ordina ora!\",\"breadcrumb\":{\"@id\":\"https:\/\/exoticwhip.com\/it\/prodotto\/670g-bomboletta-di-panna-originale\/#breadcrumb\"},\"inLanguage\":\"it-IT\",\"potentialAction\":[{\"@type\":\"ReadAction\",\"target\":[\"https:\/\/exoticwhip.com\/it\/prodotto\/670g-bomboletta-di-panna-originale\/\"]}]},{\"@type\":\"ImageObject\",\"inLanguage\":\"it-IT\",\"@id\":\"https:\/\/exoticwhip.com\/it\/prodotto\/670g-bomboletta-di-panna-originale\/#primaryimage\",\"url\":\"https:\/\/exoticwhip.com\/wp-content\/uploads\/REGULAR-1.png\",\"contentUrl\":\"https:\/\/exoticwhip.com\/wp-content\/uploads\/REGULAR-1.png\",\"width\":750,\"height\":750},{\"@type\":\"BreadcrumbList\",\"@id\":\"https:\/\/exoticwhip.com\/it\/prodotto\/670g-bomboletta-di-panna-originale\/#breadcrumb\",\"itemListElement\":[{\"@type\":\"ListItem\",\"position\":1,\"name\":\"Home\",\"item\":\"https:\/\/exoticwhip.com\/it\/\"},{\"@type\":\"ListItem\",\"position\":2,\"name\":\"Bomboletta di Panna Originale ExoticWhip da 670 grammi\"}]},{\"@type\":\"WebSite\",\"@id\":\"https:\/\/exotic-whip.com\/#website\",\"url\":\"https:\/\/exotic-whip.com\/\",\"name\":\"Exotic Whip\",\"description\":\"Cream Charger N2O Cylinders\",\"publisher\":{\"@id\":\"https:\/\/exotic-whip.com\/#organization\"},\"alternateName\":\"ExoticWhip\",\"potentialAction\":[{\"@type\":\"SearchAction\",\"target\":{\"@type\":\"EntryPoint\",\"urlTemplate\":\"https:\/\/exotic-whip.com\/?s={search_term_string}\"},\"query-input\":{\"@type\":\"PropertyValueSpecification\",\"valueRequired\":true,\"valueName\":\"search_term_string\"}}],\"inLanguage\":\"it-IT\"},{\"@type\":\"Organization\",\"@id\":\"https:\/\/exotic-whip.com\/#organization\",\"name\":\"Exotic Whip\",\"alternateName\":\"ExoticWhip\",\"url\":\"https:\/\/exotic-whip.com\/\",\"logo\":{\"@type\":\"ImageObject\",\"inLanguage\":\"it-IT\",\"@id\":\"https:\/\/exotic-whip.com\/#\/schema\/logo\/image\/\",\"url\":\"https:\/\/exoticwhip.com\/wp-content\/uploads\/2021\/07\/exoticwhip-logo.png\",\"contentUrl\":\"https:\/\/exoticwhip.com\/wp-content\/uploads\/2021\/07\/exoticwhip-logo.png\",\"width\":245,\"height\":79,\"caption\":\"Exotic Whip\"},\"image\":{\"@id\":\"https:\/\/exotic-whip.com\/#\/schema\/logo\/image\/\"},\"sameAs\":[\"https:\/\/www.facebook.com\/people\/ExoticWhip\/100067750994767\/\",\"https:\/\/x.com\/exoticwhipcream\",\"https:\/\/www.instagram.com\/exoticwhipofficial\/\",\"https:\/\/www.tiktok.com\/@exoticwhipofficial\",\"https:\/\/www.youtube.com\/channel\/UCsYXBNnMrjeLyK9GsJC9UpQ\"]}]}<\/script>\n<!-- \/ Yoast SEO plugin. -->","yoast_head_json":{"title":"Ricarica Originale di Panna N2O Exotic Whip - 670g","description":"Acquista la Ricarica Originale Exotic Whip da 670g per un'eccellenza culinaria senza pari. Innalza le tue creazioni con precisione e gusto. Ordina ora!","robots":{"index":"index","follow":"follow","max-snippet":"max-snippet:-1","max-image-preview":"max-image-preview:large","max-video-preview":"max-video-preview:-1"},"canonical":"https:\/\/exoticwhip.com\/it\/prodotto\/670g-bomboletta-di-panna-originale\/","og_locale":"it_IT","og_type":"article","og_title":"Ricarica Originale di Panna N2O Exotic Whip - 670g","og_description":"Acquista la Ricarica Originale Exotic Whip da 670g per un'eccellenza culinaria senza pari. Innalza le tue creazioni con precisione e gusto. Ordina ora!","og_url":"https:\/\/exoticwhip.com\/it\/prodotto\/670g-bomboletta-di-panna-originale\/","og_site_name":"Exotic Whip","article_publisher":"https:\/\/www.facebook.com\/people\/ExoticWhip\/100067750994767\/","article_modified_time":"2025-09-11T09:24:26+00:00","og_image":[{"width":750,"height":750,"url":"https:\/\/exoticwhip.com\/wp-content\/uploads\/REGULAR-1.png","type":"image\/png"}],"twitter_card":"summary_large_image","twitter_site":"@exoticwhipcream","twitter_misc":{"Tempo di lettura stimato":"1 minuto"},"schema":{"@context":"https:\/\/schema.org","@graph":[{"@type":"WebPage","@id":"https:\/\/exoticwhip.com\/it\/prodotto\/670g-bomboletta-di-panna-originale\/","url":"https:\/\/exoticwhip.com\/it\/prodotto\/670g-bomboletta-di-panna-originale\/","name":"Ricarica Originale di Panna N2O Exotic Whip - 670g","isPartOf":{"@id":"https:\/\/exotic-whip.com\/#website"},"primaryImageOfPage":{"@id":"https:\/\/exoticwhip.com\/it\/prodotto\/670g-bomboletta-di-panna-originale\/#primaryimage"},"image":{"@id":"https:\/\/exoticwhip.com\/it\/prodotto\/670g-bomboletta-di-panna-originale\/#primaryimage"},"thumbnailUrl":"https:\/\/exoticwhip.com\/wp-content\/uploads\/REGULAR-1.png","datePublished":"2023-09-06T10:20:39+00:00","dateModified":"2025-09-11T09:24:26+00:00","description":"Acquista la Ricarica Originale Exotic Whip da 670g per un'eccellenza culinaria senza pari. Innalza le tue creazioni con precisione e gusto. Ordina ora!","breadcrumb":{"@id":"https:\/\/exoticwhip.com\/it\/prodotto\/670g-bomboletta-di-panna-originale\/#breadcrumb"},"inLanguage":"it-IT","potentialAction":[{"@type":"ReadAction","target":["https:\/\/exoticwhip.com\/it\/prodotto\/670g-bomboletta-di-panna-originale\/"]}]},{"@type":"ImageObject","inLanguage":"it-IT","@id":"https:\/\/exoticwhip.com\/it\/prodotto\/670g-bomboletta-di-panna-originale\/#primaryimage","url":"https:\/\/exoticwhip.com\/wp-content\/uploads\/REGULAR-1.png","contentUrl":"https:\/\/exoticwhip.com\/wp-content\/uploads\/REGULAR-1.png","width":750,"height":750},{"@type":"BreadcrumbList","@id":"https:\/\/exoticwhip.com\/it\/prodotto\/670g-bomboletta-di-panna-originale\/#breadcrumb","itemListElement":[{"@type":"ListItem","position":1,"name":"Home","item":"https:\/\/exoticwhip.com\/it\/"},{"@type":"ListItem","position":2,"name":"Bomboletta di Panna Originale ExoticWhip da 670 grammi"}]},{"@type":"WebSite","@id":"https:\/\/exotic-whip.com\/#website","url":"https:\/\/exotic-whip.com\/","name":"Exotic Whip","description":"Cream Charger N2O Cylinders","publisher":{"@id":"https:\/\/exotic-whip.com\/#organization"},"alternateName":"ExoticWhip","potentialAction":[{"@type":"SearchAction","target":{"@type":"EntryPoint","urlTemplate":"https:\/\/exotic-whip.com\/?s={search_term_string}"},"query-input":{"@type":"PropertyValueSpecification","valueRequired":true,"valueName":"search_term_string"}}],"inLanguage":"it-IT"},{"@type":"Organization","@id":"https:\/\/exotic-whip.com\/#organization","name":"Exotic Whip","alternateName":"ExoticWhip","url":"https:\/\/exotic-whip.com\/","logo":{"@type":"ImageObject","inLanguage":"it-IT","@id":"https:\/\/exotic-whip.com\/#\/schema\/logo\/image\/","url":"https:\/\/exoticwhip.com\/wp-content\/uploads\/2021\/07\/exoticwhip-logo.png","contentUrl":"https:\/\/exoticwhip.com\/wp-content\/uploads\/2021\/07\/exoticwhip-logo.png","width":245,"height":79,"caption":"Exotic Whip"},"image":{"@id":"https:\/\/exotic-whip.com\/#\/schema\/logo\/image\/"},"sameAs":["https:\/\/www.facebook.com\/people\/ExoticWhip\/100067750994767\/","https:\/\/x.com\/exoticwhipcream","https:\/\/www.instagram.com\/exoticwhipofficial\/","https:\/\/www.tiktok.com\/@exoticwhipofficial","https:\/\/www.youtube.com\/channel\/UCsYXBNnMrjeLyK9GsJC9UpQ"]}]}},"_links":{"self":[{"href":"https:\/\/exoticwhip.com\/it\/wp-json\/wp\/v2\/product\/24757","targetHints":{"allow":["GET"]}}],"collection":[{"href":"https:\/\/exoticwhip.com\/it\/wp-json\/wp\/v2\/product"}],"about":[{"href":"https:\/\/exoticwhip.com\/it\/wp-json\/wp\/v2\/types\/product"}],"wp:featuredmedia":[{"embeddable":true,"href":"https:\/\/exoticwhip.com\/it\/wp-json\/wp\/v2\/media\/31575"}],"wp:attachment":[{"href":"https:\/\/exoticwhip.com\/it\/wp-json\/wp\/v2\/media?parent=24757"}],"wp:term":[{"taxonomy":"product_brand","embeddable":true,"href":"https:\/\/exoticwhip.com\/it\/wp-json\/wp\/v2\/product_brand?post=24757"},{"taxonomy":"product_cat","embeddable":true,"href":"https:\/\/exoticwhip.com\/it\/wp-json\/wp\/v2\/product_cat?post=24757"},{"taxonomy":"product_tag","embeddable":true,"href":"https:\/\/exoticwhip.com\/it\/wp-json\/wp\/v2\/product_tag?post=24757"}],"curies":[{"name":"wp","href":"https:\/\/api.w.org\/{rel}","templated":true}]}}