{"id":24439,"date":"2020-11-29T19:57:26","date_gmt":"2020-11-29T19:57:26","guid":{"rendered":"https:\/\/exotic-whip.com\/ecommerce-robust-landing\/"},"modified":"2025-08-29T18:15:04","modified_gmt":"2025-08-29T18:15:04","slug":"ecommerce-robust-landing","status":"publish","type":"page","link":"https:\/\/exoticwhip.com\/ro\/","title":{"rendered":"Home"},"content":{"rendered":"","protected":false},"excerpt":{"rendered":"","protected":false},"author":2343,"featured_media":30356,"parent":0,"menu_order":0,"comment_status":"closed","ping_status":"closed","template":"tpl-flex-content.php","meta":{"_acf_changed":false,"footnotes":""},"class_list":["post-24439","page","type-page","status-publish","has-post-thumbnail","hentry"],"acf":[],"yoast_head":"<!-- This site is optimized with the Yoast SEO plugin v27.2 - https:\/\/yoast.com\/product\/yoast-seo-wordpress\/ -->\n<title>Cartu\u0219e pentru fri\u0219c\u0103 Exotic Whip &amp; Canistre de N2O la Pre\u021buri de Engros<\/title>\n<meta name=\"description\" content=\"Exotic Whip este cel mai bine v\u00e2ndut N2O european de pe pia\u021b\u0103 | Disponibile diferite m\u0103rimi \u0219i arome | Mereu \u00een stoc, livr\u0103m \u00een toat\u0103 lumea\" \/>\n<meta name=\"robots\" content=\"index, follow, max-snippet:-1, max-image-preview:large, max-video-preview:-1\" \/>\n<link rel=\"canonical\" href=\"https:\/\/exoticwhip.com\/ro\/\" \/>\n<meta property=\"og:locale\" content=\"ro_RO\" \/>\n<meta property=\"og:type\" content=\"article\" \/>\n<meta property=\"og:title\" content=\"Cartu\u0219e pentru fri\u0219c\u0103 Exotic Whip &amp; Canistre de N2O la Pre\u021buri de Engros\" \/>\n<meta property=\"og:description\" content=\"Exotic Whip este cel mai bine v\u00e2ndut N2O european de pe pia\u021b\u0103 | Disponibile diferite m\u0103rimi \u0219i arome | Mereu \u00een stoc, livr\u0103m \u00een toat\u0103 lumea\" \/>\n<meta property=\"og:url\" content=\"https:\/\/exoticwhip.com\/ro\/\" \/>\n<meta property=\"og:site_name\" content=\"Exotic Whip\" \/>\n<meta property=\"article:publisher\" content=\"https:\/\/www.facebook.com\/people\/ExoticWhip\/100067750994767\/\" \/>\n<meta property=\"article:modified_time\" content=\"2025-08-29T18:15:04+00:00\" \/>\n<meta property=\"og:image\" content=\"https:\/\/exoticwhip.com\/wp-content\/uploads\/DSC01456-1024x682.jpg\" \/>\n\t<meta property=\"og:image:width\" content=\"1024\" \/>\n\t<meta property=\"og:image:height\" content=\"682\" \/>\n\t<meta property=\"og:image:type\" content=\"image\/jpeg\" \/>\n<meta name=\"twitter:card\" content=\"summary_large_image\" \/>\n<meta name=\"twitter:site\" content=\"@exoticwhipcream\" \/>\n<meta name=\"twitter:label1\" content=\"Timp estimat pentru citire\" \/>\n\t<meta name=\"twitter:data1\" content=\"7 minute\" \/>\n<script type=\"application\/ld+json\" class=\"yoast-schema-graph\">{\"@context\":\"https:\/\/schema.org\",\"@graph\":[{\"@type\":\"WebPage\",\"@id\":\"https:\/\/exoticwhip.com\/ro\/\",\"url\":\"https:\/\/exoticwhip.com\/ro\/\",\"name\":\"Cartu\u0219e pentru fri\u0219c\u0103 Exotic Whip & Canistre de N2O la Pre\u021buri de Engros\",\"isPartOf\":{\"@id\":\"https:\/\/exotic-whip.com\/#website\"},\"primaryImageOfPage\":{\"@id\":\"https:\/\/exoticwhip.com\/ro\/#primaryimage\"},\"image\":{\"@id\":\"https:\/\/exoticwhip.com\/ro\/#primaryimage\"},\"thumbnailUrl\":\"https:\/\/exoticwhip.com\/wp-content\/uploads\/DSC01456.jpg\",\"datePublished\":\"2020-11-29T19:57:26+00:00\",\"dateModified\":\"2025-08-29T18:15:04+00:00\",\"description\":\"Exotic Whip este cel mai bine v\u00e2ndut N2O european de pe pia\u021b\u0103 | Disponibile diferite m\u0103rimi \u0219i arome | Mereu \u00een stoc, livr\u0103m \u00een toat\u0103 lumea\",\"breadcrumb\":{\"@id\":\"https:\/\/exoticwhip.com\/ro\/#breadcrumb\"},\"inLanguage\":\"ro-RO\",\"potentialAction\":[{\"@type\":\"ReadAction\",\"target\":[\"https:\/\/exoticwhip.com\/ro\/\"]}]},{\"@type\":\"ImageObject\",\"inLanguage\":\"ro-RO\",\"@id\":\"https:\/\/exoticwhip.com\/ro\/#primaryimage\",\"url\":\"https:\/\/exoticwhip.com\/wp-content\/uploads\/DSC01456.jpg\",\"contentUrl\":\"https:\/\/exoticwhip.com\/wp-content\/uploads\/DSC01456.jpg\",\"width\":7941,\"height\":5292},{\"@type\":\"BreadcrumbList\",\"@id\":\"https:\/\/exoticwhip.com\/ro\/#breadcrumb\",\"itemListElement\":[{\"@type\":\"ListItem\",\"position\":1,\"name\":\"Home\",\"item\":\"https:\/\/exoticwhip.com\/ro\/\"},{\"@type\":\"ListItem\",\"position\":2,\"name\":\"Home\"}]},{\"@type\":\"WebSite\",\"@id\":\"https:\/\/exotic-whip.com\/#website\",\"url\":\"https:\/\/exotic-whip.com\/\",\"name\":\"Exotic Whip\",\"description\":\"640g N2O Cylinders\",\"publisher\":{\"@id\":\"https:\/\/exotic-whip.com\/#organization\"},\"alternateName\":\"ExoticWhip\",\"potentialAction\":[{\"@type\":\"SearchAction\",\"target\":{\"@type\":\"EntryPoint\",\"urlTemplate\":\"https:\/\/exotic-whip.com\/?s={search_term_string}\"},\"query-input\":{\"@type\":\"PropertyValueSpecification\",\"valueRequired\":true,\"valueName\":\"search_term_string\"}}],\"inLanguage\":\"ro-RO\"},{\"@type\":\"Organization\",\"@id\":\"https:\/\/exotic-whip.com\/#organization\",\"name\":\"Exotic Whip\",\"alternateName\":\"ExoticWhip\",\"url\":\"https:\/\/exotic-whip.com\/\",\"logo\":{\"@type\":\"ImageObject\",\"inLanguage\":\"ro-RO\",\"@id\":\"https:\/\/exotic-whip.com\/#\/schema\/logo\/image\/\",\"url\":\"https:\/\/exoticwhip.com\/wp-content\/uploads\/2021\/07\/exoticwhip-logo.png\",\"contentUrl\":\"https:\/\/exoticwhip.com\/wp-content\/uploads\/2021\/07\/exoticwhip-logo.png\",\"width\":245,\"height\":79,\"caption\":\"Exotic Whip\"},\"image\":{\"@id\":\"https:\/\/exotic-whip.com\/#\/schema\/logo\/image\/\"},\"sameAs\":[\"https:\/\/www.facebook.com\/people\/ExoticWhip\/100067750994767\/\",\"https:\/\/x.com\/exoticwhipcream\",\"https:\/\/www.instagram.com\/exoticwhipofficial\/\",\"https:\/\/www.tiktok.com\/@exoticwhipofficial\",\"https:\/\/www.youtube.com\/channel\/UCsYXBNnMrjeLyK9GsJC9UpQ\"]}]}<\/script>\n<!-- \/ Yoast SEO plugin. -->","yoast_head_json":{"title":"Cartu\u0219e pentru fri\u0219c\u0103 Exotic Whip & Canistre de N2O la Pre\u021buri de Engros","description":"Exotic Whip este cel mai bine v\u00e2ndut N2O european de pe pia\u021b\u0103 | Disponibile diferite m\u0103rimi \u0219i arome | Mereu \u00een stoc, livr\u0103m \u00een toat\u0103 lumea","robots":{"index":"index","follow":"follow","max-snippet":"max-snippet:-1","max-image-preview":"max-image-preview:large","max-video-preview":"max-video-preview:-1"},"canonical":"https:\/\/exoticwhip.com\/ro\/","og_locale":"ro_RO","og_type":"article","og_title":"Cartu\u0219e pentru fri\u0219c\u0103 Exotic Whip & Canistre de N2O la Pre\u021buri de Engros","og_description":"Exotic Whip este cel mai bine v\u00e2ndut N2O european de pe pia\u021b\u0103 | Disponibile diferite m\u0103rimi \u0219i arome | Mereu \u00een stoc, livr\u0103m \u00een toat\u0103 lumea","og_url":"https:\/\/exoticwhip.com\/ro\/","og_site_name":"Exotic Whip","article_publisher":"https:\/\/www.facebook.com\/people\/ExoticWhip\/100067750994767\/","article_modified_time":"2025-08-29T18:15:04+00:00","og_image":[{"width":1024,"height":682,"url":"https:\/\/exoticwhip.com\/wp-content\/uploads\/DSC01456-1024x682.jpg","type":"image\/jpeg"}],"twitter_card":"summary_large_image","twitter_site":"@exoticwhipcream","twitter_misc":{"Timp estimat pentru citire":"7 minute"},"schema":{"@context":"https:\/\/schema.org","@graph":[{"@type":"WebPage","@id":"https:\/\/exoticwhip.com\/ro\/","url":"https:\/\/exoticwhip.com\/ro\/","name":"Cartu\u0219e pentru fri\u0219c\u0103 Exotic Whip & Canistre de N2O la Pre\u021buri de Engros","isPartOf":{"@id":"https:\/\/exotic-whip.com\/#website"},"primaryImageOfPage":{"@id":"https:\/\/exoticwhip.com\/ro\/#primaryimage"},"image":{"@id":"https:\/\/exoticwhip.com\/ro\/#primaryimage"},"thumbnailUrl":"https:\/\/exoticwhip.com\/wp-content\/uploads\/DSC01456.jpg","datePublished":"2020-11-29T19:57:26+00:00","dateModified":"2025-08-29T18:15:04+00:00","description":"Exotic Whip este cel mai bine v\u00e2ndut N2O european de pe pia\u021b\u0103 | Disponibile diferite m\u0103rimi \u0219i arome | Mereu \u00een stoc, livr\u0103m \u00een toat\u0103 lumea","breadcrumb":{"@id":"https:\/\/exoticwhip.com\/ro\/#breadcrumb"},"inLanguage":"ro-RO","potentialAction":[{"@type":"ReadAction","target":["https:\/\/exoticwhip.com\/ro\/"]}]},{"@type":"ImageObject","inLanguage":"ro-RO","@id":"https:\/\/exoticwhip.com\/ro\/#primaryimage","url":"https:\/\/exoticwhip.com\/wp-content\/uploads\/DSC01456.jpg","contentUrl":"https:\/\/exoticwhip.com\/wp-content\/uploads\/DSC01456.jpg","width":7941,"height":5292},{"@type":"BreadcrumbList","@id":"https:\/\/exoticwhip.com\/ro\/#breadcrumb","itemListElement":[{"@type":"ListItem","position":1,"name":"Home","item":"https:\/\/exoticwhip.com\/ro\/"},{"@type":"ListItem","position":2,"name":"Home"}]},{"@type":"WebSite","@id":"https:\/\/exotic-whip.com\/#website","url":"https:\/\/exotic-whip.com\/","name":"Exotic Whip","description":"640g N2O Cylinders","publisher":{"@id":"https:\/\/exotic-whip.com\/#organization"},"alternateName":"ExoticWhip","potentialAction":[{"@type":"SearchAction","target":{"@type":"EntryPoint","urlTemplate":"https:\/\/exotic-whip.com\/?s={search_term_string}"},"query-input":{"@type":"PropertyValueSpecification","valueRequired":true,"valueName":"search_term_string"}}],"inLanguage":"ro-RO"},{"@type":"Organization","@id":"https:\/\/exotic-whip.com\/#organization","name":"Exotic Whip","alternateName":"ExoticWhip","url":"https:\/\/exotic-whip.com\/","logo":{"@type":"ImageObject","inLanguage":"ro-RO","@id":"https:\/\/exotic-whip.com\/#\/schema\/logo\/image\/","url":"https:\/\/exoticwhip.com\/wp-content\/uploads\/2021\/07\/exoticwhip-logo.png","contentUrl":"https:\/\/exoticwhip.com\/wp-content\/uploads\/2021\/07\/exoticwhip-logo.png","width":245,"height":79,"caption":"Exotic Whip"},"image":{"@id":"https:\/\/exotic-whip.com\/#\/schema\/logo\/image\/"},"sameAs":["https:\/\/www.facebook.com\/people\/ExoticWhip\/100067750994767\/","https:\/\/x.com\/exoticwhipcream","https:\/\/www.instagram.com\/exoticwhipofficial\/","https:\/\/www.tiktok.com\/@exoticwhipofficial","https:\/\/www.youtube.com\/channel\/UCsYXBNnMrjeLyK9GsJC9UpQ"]}]}},"_links":{"self":[{"href":"https:\/\/exoticwhip.com\/ro\/wp-json\/wp\/v2\/pages\/24439","targetHints":{"allow":["GET"]}}],"collection":[{"href":"https:\/\/exoticwhip.com\/ro\/wp-json\/wp\/v2\/pages"}],"about":[{"href":"https:\/\/exoticwhip.com\/ro\/wp-json\/wp\/v2\/types\/page"}],"author":[{"embeddable":true,"href":"https:\/\/exoticwhip.com\/ro\/wp-json\/wp\/v2\/users\/2343"}],"replies":[{"embeddable":true,"href":"https:\/\/exoticwhip.com\/ro\/wp-json\/wp\/v2\/comments?post=24439"}],"version-history":[{"count":15,"href":"https:\/\/exoticwhip.com\/ro\/wp-json\/wp\/v2\/pages\/24439\/revisions"}],"predecessor-version":[{"id":36510,"href":"https:\/\/exoticwhip.com\/ro\/wp-json\/wp\/v2\/pages\/24439\/revisions\/36510"}],"wp:featuredmedia":[{"embeddable":true,"href":"https:\/\/exoticwhip.com\/ro\/wp-json\/wp\/v2\/media\/30356"}],"wp:attachment":[{"href":"https:\/\/exoticwhip.com\/ro\/wp-json\/wp\/v2\/media?parent=24439"}],"curies":[{"name":"wp","href":"https:\/\/api.w.org\/{rel}","templated":true}]}}