{"id":30901,"date":"2024-10-08T15:06:08","date_gmt":"2024-10-08T15:06:08","guid":{"rendered":"https:\/\/exotic-whip.com\/verify-your-exoticwhip-bottle\/\/"},"modified":"2026-01-20T11:20:26","modified_gmt":"2026-01-20T11:20:26","slug":"verifica-ti-sticla-exotic-whip","status":"publish","type":"page","link":"https:\/\/exoticwhip.com\/ro\/verifica-ti-sticla-exotic-whip\/","title":{"rendered":"Verifica\u021bi sticla ExoticWhip"},"content":{"rendered":"","protected":false},"excerpt":{"rendered":"","protected":false},"author":2000,"featured_media":0,"parent":0,"menu_order":0,"comment_status":"closed","ping_status":"closed","template":"tpl-ew-qr.php","meta":{"_acf_changed":false,"footnotes":""},"class_list":["post-30901","page","type-page","status-publish","hentry"],"acf":[],"yoast_head":"<!-- This site is optimized with the Yoast SEO plugin v27.2 - https:\/\/yoast.com\/product\/yoast-seo-wordpress\/ -->\n<title>Verifica\u021bi sticla ExoticWhip - Exotic Whip<\/title>\n<meta name=\"description\" content=\"Verifica\u021bi sticlele de rezerv\u0103 pentru frisca ExoticWhip pentru a v\u0103 asigura c\u0103 sunt originale! Autentifica\u021bi folosind codul QR \u0219i raporta\u021bi orice contrafaceri!\" \/>\n<meta name=\"robots\" content=\"index, follow, max-snippet:-1, max-image-preview:large, max-video-preview:-1\" \/>\n<link rel=\"canonical\" href=\"https:\/\/exoticwhip.com\/ro\/verifica-ti-sticla-exotic-whip\/\" \/>\n<meta property=\"og:locale\" content=\"ro_RO\" \/>\n<meta property=\"og:type\" content=\"article\" \/>\n<meta property=\"og:title\" content=\"Verifica\u021bi sticla ExoticWhip - Exotic Whip\" \/>\n<meta property=\"og:description\" content=\"Verifica\u021bi sticlele de rezerv\u0103 pentru frisca ExoticWhip pentru a v\u0103 asigura c\u0103 sunt originale! Autentifica\u021bi folosind codul QR \u0219i raporta\u021bi orice contrafaceri!\" \/>\n<meta property=\"og:url\" content=\"https:\/\/exoticwhip.com\/ro\/verifica-ti-sticla-exotic-whip\/\" \/>\n<meta property=\"og:site_name\" content=\"Exotic Whip\" \/>\n<meta property=\"article:publisher\" content=\"https:\/\/www.facebook.com\/people\/ExoticWhip\/100067750994767\/\" \/>\n<meta property=\"article:modified_time\" content=\"2026-01-20T11:20:26+00:00\" \/>\n<meta property=\"og:image\" content=\"https:\/\/exoticwhip.com\/wp-content\/uploads\/What-to-Know-About-Exotic-Whip-1.jpg\" \/>\n\t<meta property=\"og:image:width\" content=\"1200\" \/>\n\t<meta property=\"og:image:height\" content=\"630\" \/>\n\t<meta property=\"og:image:type\" content=\"image\/jpeg\" \/>\n<meta name=\"twitter:card\" content=\"summary_large_image\" \/>\n<meta name=\"twitter:site\" content=\"@exoticwhipcream\" \/>\n<meta name=\"twitter:label1\" content=\"Timp estimat pentru citire\" \/>\n\t<meta name=\"twitter:data1\" content=\"2 minute\" \/>\n<script type=\"application\/ld+json\" class=\"yoast-schema-graph\">{\"@context\":\"https:\/\/schema.org\",\"@graph\":[{\"@type\":\"WebPage\",\"@id\":\"https:\/\/exoticwhip.com\/ro\/verifica-ti-sticla-exotic-whip\/\",\"url\":\"https:\/\/exoticwhip.com\/ro\/verifica-ti-sticla-exotic-whip\/\",\"name\":\"Verifica\u021bi sticla ExoticWhip - Exotic Whip\",\"isPartOf\":{\"@id\":\"https:\/\/exotic-whip.com\/#website\"},\"datePublished\":\"2024-10-08T15:06:08+00:00\",\"dateModified\":\"2026-01-20T11:20:26+00:00\",\"description\":\"Verifica\u021bi sticlele de rezerv\u0103 pentru frisca ExoticWhip pentru a v\u0103 asigura c\u0103 sunt originale! Autentifica\u021bi folosind codul QR \u0219i raporta\u021bi orice contrafaceri!\",\"breadcrumb\":{\"@id\":\"https:\/\/exoticwhip.com\/ro\/verifica-ti-sticla-exotic-whip\/#breadcrumb\"},\"inLanguage\":\"ro-RO\",\"potentialAction\":[{\"@type\":\"ReadAction\",\"target\":[\"https:\/\/exoticwhip.com\/ro\/verifica-ti-sticla-exotic-whip\/\"]}]},{\"@type\":\"BreadcrumbList\",\"@id\":\"https:\/\/exoticwhip.com\/ro\/verifica-ti-sticla-exotic-whip\/#breadcrumb\",\"itemListElement\":[{\"@type\":\"ListItem\",\"position\":1,\"name\":\"Home\",\"item\":\"https:\/\/exoticwhip.com\/ro\/\"},{\"@type\":\"ListItem\",\"position\":2,\"name\":\"Verifica\u021bi sticla ExoticWhip\"}]},{\"@type\":\"WebSite\",\"@id\":\"https:\/\/exotic-whip.com\/#website\",\"url\":\"https:\/\/exotic-whip.com\/\",\"name\":\"Exotic Whip\",\"description\":\"640g N2O Cylinders\",\"publisher\":{\"@id\":\"https:\/\/exotic-whip.com\/#organization\"},\"alternateName\":\"ExoticWhip\",\"potentialAction\":[{\"@type\":\"SearchAction\",\"target\":{\"@type\":\"EntryPoint\",\"urlTemplate\":\"https:\/\/exotic-whip.com\/?s={search_term_string}\"},\"query-input\":{\"@type\":\"PropertyValueSpecification\",\"valueRequired\":true,\"valueName\":\"search_term_string\"}}],\"inLanguage\":\"ro-RO\"},{\"@type\":\"Organization\",\"@id\":\"https:\/\/exotic-whip.com\/#organization\",\"name\":\"Exotic Whip\",\"alternateName\":\"ExoticWhip\",\"url\":\"https:\/\/exotic-whip.com\/\",\"logo\":{\"@type\":\"ImageObject\",\"inLanguage\":\"ro-RO\",\"@id\":\"https:\/\/exotic-whip.com\/#\/schema\/logo\/image\/\",\"url\":\"https:\/\/exoticwhip.com\/wp-content\/uploads\/2021\/07\/exoticwhip-logo.png\",\"contentUrl\":\"https:\/\/exoticwhip.com\/wp-content\/uploads\/2021\/07\/exoticwhip-logo.png\",\"width\":245,\"height\":79,\"caption\":\"Exotic Whip\"},\"image\":{\"@id\":\"https:\/\/exotic-whip.com\/#\/schema\/logo\/image\/\"},\"sameAs\":[\"https:\/\/www.facebook.com\/people\/ExoticWhip\/100067750994767\/\",\"https:\/\/x.com\/exoticwhipcream\",\"https:\/\/www.instagram.com\/exoticwhipofficial\/\",\"https:\/\/www.tiktok.com\/@exoticwhipofficial\",\"https:\/\/www.youtube.com\/channel\/UCsYXBNnMrjeLyK9GsJC9UpQ\"]}]}<\/script>\n<!-- \/ Yoast SEO plugin. -->","yoast_head_json":{"title":"Verifica\u021bi sticla ExoticWhip - Exotic Whip","description":"Verifica\u021bi sticlele de rezerv\u0103 pentru frisca ExoticWhip pentru a v\u0103 asigura c\u0103 sunt originale! Autentifica\u021bi folosind codul QR \u0219i raporta\u021bi orice contrafaceri!","robots":{"index":"index","follow":"follow","max-snippet":"max-snippet:-1","max-image-preview":"max-image-preview:large","max-video-preview":"max-video-preview:-1"},"canonical":"https:\/\/exoticwhip.com\/ro\/verifica-ti-sticla-exotic-whip\/","og_locale":"ro_RO","og_type":"article","og_title":"Verifica\u021bi sticla ExoticWhip - Exotic Whip","og_description":"Verifica\u021bi sticlele de rezerv\u0103 pentru frisca ExoticWhip pentru a v\u0103 asigura c\u0103 sunt originale! Autentifica\u021bi folosind codul QR \u0219i raporta\u021bi orice contrafaceri!","og_url":"https:\/\/exoticwhip.com\/ro\/verifica-ti-sticla-exotic-whip\/","og_site_name":"Exotic Whip","article_publisher":"https:\/\/www.facebook.com\/people\/ExoticWhip\/100067750994767\/","article_modified_time":"2026-01-20T11:20:26+00:00","og_image":[{"width":1200,"height":630,"url":"https:\/\/exoticwhip.com\/wp-content\/uploads\/What-to-Know-About-Exotic-Whip-1.jpg","type":"image\/jpeg"}],"twitter_card":"summary_large_image","twitter_site":"@exoticwhipcream","twitter_misc":{"Timp estimat pentru citire":"2 minute"},"schema":{"@context":"https:\/\/schema.org","@graph":[{"@type":"WebPage","@id":"https:\/\/exoticwhip.com\/ro\/verifica-ti-sticla-exotic-whip\/","url":"https:\/\/exoticwhip.com\/ro\/verifica-ti-sticla-exotic-whip\/","name":"Verifica\u021bi sticla ExoticWhip - Exotic Whip","isPartOf":{"@id":"https:\/\/exotic-whip.com\/#website"},"datePublished":"2024-10-08T15:06:08+00:00","dateModified":"2026-01-20T11:20:26+00:00","description":"Verifica\u021bi sticlele de rezerv\u0103 pentru frisca ExoticWhip pentru a v\u0103 asigura c\u0103 sunt originale! Autentifica\u021bi folosind codul QR \u0219i raporta\u021bi orice contrafaceri!","breadcrumb":{"@id":"https:\/\/exoticwhip.com\/ro\/verifica-ti-sticla-exotic-whip\/#breadcrumb"},"inLanguage":"ro-RO","potentialAction":[{"@type":"ReadAction","target":["https:\/\/exoticwhip.com\/ro\/verifica-ti-sticla-exotic-whip\/"]}]},{"@type":"BreadcrumbList","@id":"https:\/\/exoticwhip.com\/ro\/verifica-ti-sticla-exotic-whip\/#breadcrumb","itemListElement":[{"@type":"ListItem","position":1,"name":"Home","item":"https:\/\/exoticwhip.com\/ro\/"},{"@type":"ListItem","position":2,"name":"Verifica\u021bi sticla ExoticWhip"}]},{"@type":"WebSite","@id":"https:\/\/exotic-whip.com\/#website","url":"https:\/\/exotic-whip.com\/","name":"Exotic Whip","description":"640g N2O Cylinders","publisher":{"@id":"https:\/\/exotic-whip.com\/#organization"},"alternateName":"ExoticWhip","potentialAction":[{"@type":"SearchAction","target":{"@type":"EntryPoint","urlTemplate":"https:\/\/exotic-whip.com\/?s={search_term_string}"},"query-input":{"@type":"PropertyValueSpecification","valueRequired":true,"valueName":"search_term_string"}}],"inLanguage":"ro-RO"},{"@type":"Organization","@id":"https:\/\/exotic-whip.com\/#organization","name":"Exotic Whip","alternateName":"ExoticWhip","url":"https:\/\/exotic-whip.com\/","logo":{"@type":"ImageObject","inLanguage":"ro-RO","@id":"https:\/\/exotic-whip.com\/#\/schema\/logo\/image\/","url":"https:\/\/exoticwhip.com\/wp-content\/uploads\/2021\/07\/exoticwhip-logo.png","contentUrl":"https:\/\/exoticwhip.com\/wp-content\/uploads\/2021\/07\/exoticwhip-logo.png","width":245,"height":79,"caption":"Exotic Whip"},"image":{"@id":"https:\/\/exotic-whip.com\/#\/schema\/logo\/image\/"},"sameAs":["https:\/\/www.facebook.com\/people\/ExoticWhip\/100067750994767\/","https:\/\/x.com\/exoticwhipcream","https:\/\/www.instagram.com\/exoticwhipofficial\/","https:\/\/www.tiktok.com\/@exoticwhipofficial","https:\/\/www.youtube.com\/channel\/UCsYXBNnMrjeLyK9GsJC9UpQ"]}]}},"_links":{"self":[{"href":"https:\/\/exoticwhip.com\/ro\/wp-json\/wp\/v2\/pages\/30901","targetHints":{"allow":["GET"]}}],"collection":[{"href":"https:\/\/exoticwhip.com\/ro\/wp-json\/wp\/v2\/pages"}],"about":[{"href":"https:\/\/exoticwhip.com\/ro\/wp-json\/wp\/v2\/types\/page"}],"author":[{"embeddable":true,"href":"https:\/\/exoticwhip.com\/ro\/wp-json\/wp\/v2\/users\/2000"}],"replies":[{"embeddable":true,"href":"https:\/\/exoticwhip.com\/ro\/wp-json\/wp\/v2\/comments?post=30901"}],"version-history":[{"count":9,"href":"https:\/\/exoticwhip.com\/ro\/wp-json\/wp\/v2\/pages\/30901\/revisions"}],"predecessor-version":[{"id":38427,"href":"https:\/\/exoticwhip.com\/ro\/wp-json\/wp\/v2\/pages\/30901\/revisions\/38427"}],"wp:attachment":[{"href":"https:\/\/exoticwhip.com\/ro\/wp-json\/wp\/v2\/media?parent=30901"}],"curies":[{"name":"wp","href":"https:\/\/api.w.org\/{rel}","templated":true}]}}