{"id":19256,"date":"2022-10-03T11:48:04","date_gmt":"2022-10-03T11:48:04","guid":{"rendered":"https:\/\/exotic-whip.com\/product\/2000-grams-n2o-cream-charger\/"},"modified":"2025-09-12T10:59:36","modified_gmt":"2025-09-12T10:59:36","slug":"2000g-incarcator-crema-original","status":"publish","type":"product","link":"https:\/\/exoticwhip.com\/ro\/produs\/2000g-incarcator-crema-original\/","title":{"rendered":"Cartu\u0219 Original pentru Frisca Exotic Whip de 2000 de grame"},"excerpt":{"rendered":"<p>Cel mai mare cartu\u0219 de sm\u00e2nt\u00e2n\u0103 din gama noastr\u0103 con\u021bine oxid de azot de cea mai bun\u0103 calitate din UE. Designul r\u0103m\u00e2ne atr\u0103g\u0103tor, iar recipientul, produs \u00een conformitate cu protocoale stricte de siguran\u021b\u0103, este prev\u0103zut cu o curea convenabil\u0103.<\/p>\n<p><strong>Noul design include un cod QR de verificare. <a href=\"https:\/\/exoticwhip.com\/ro\/verifica-ti-sticla-exotic-whip\/\">Afl\u0103 cum s\u0103 \u00ee\u021bi verifici recipientul.<\/a><\/strong><\/p>\n<p><strong>*Fiecare palet\u0103 de 2kg con\u021bine 162 de cutii (1 cartu\u0219 per cutie)<\/strong><\/p>\n","protected":false},"featured_media":31825,"template":"","meta":{"_acf_changed":false},"product_brand":[],"product_cat":[91,273],"product_tag":[469,470,471],"class_list":{"0":"post-19256","1":"product","2":"type-product","3":"status-publish","4":"has-post-thumbnail","6":"product_cat-cylinders-ro","7":"product_cat-toate","8":"product_tag-cream-charger-ro","9":"product_tag-exotic-ro","10":"product_tag-whip-ro","12":"first","13":"instock","14":"taxable","15":"shipping-taxable","16":"purchasable","17":"product-type-simple"},"acf":[],"yoast_head":"<!-- This site is optimized with the Yoast SEO plugin v27.2 - https:\/\/yoast.com\/product\/yoast-seo-wordpress\/ -->\n<title>Cartu\u0219 Original de N2O pentru Fri\u0219c\u0103 Exotic Whip - 2000g<\/title>\n<meta name=\"description\" content=\"Experimenteaz\u0103 cel mai mare cartu\u0219 pentru fri\u0219c\u0103 de la Exotic Whip: 2000 de grame de N2O de calitate alimentar\u0103 premium pentru o fri\u0219c\u0103 excep\u021bional\u0103!\" \/>\n<meta name=\"robots\" content=\"index, follow, max-snippet:-1, max-image-preview:large, max-video-preview:-1\" \/>\n<link rel=\"canonical\" href=\"https:\/\/exoticwhip.com\/ro\/produs\/2000g-incarcator-crema-original\/\" \/>\n<meta property=\"og:locale\" content=\"ro_RO\" \/>\n<meta property=\"og:type\" content=\"article\" \/>\n<meta property=\"og:title\" content=\"Cartu\u0219 Original de N2O pentru Fri\u0219c\u0103 Exotic Whip - 2000g\" \/>\n<meta property=\"og:description\" content=\"Experimenteaz\u0103 cel mai mare cartu\u0219 pentru fri\u0219c\u0103 de la Exotic Whip: 2000 de grame de N2O de calitate alimentar\u0103 premium pentru o fri\u0219c\u0103 excep\u021bional\u0103!\" \/>\n<meta property=\"og:url\" content=\"https:\/\/exoticwhip.com\/ro\/produs\/2000g-incarcator-crema-original\/\" \/>\n<meta property=\"og:site_name\" content=\"Exotic Whip\" \/>\n<meta property=\"article:publisher\" content=\"https:\/\/www.facebook.com\/people\/ExoticWhip\/100067750994767\/\" \/>\n<meta property=\"article:modified_time\" content=\"2025-09-12T10:59:36+00:00\" \/>\n<meta property=\"og:image\" content=\"https:\/\/exoticwhip.com\/wp-content\/uploads\/2KG-REGULAR.png\" \/>\n\t<meta property=\"og:image:width\" content=\"750\" \/>\n\t<meta property=\"og:image:height\" content=\"750\" \/>\n\t<meta property=\"og:image:type\" content=\"image\/png\" \/>\n<meta name=\"twitter:card\" content=\"summary_large_image\" \/>\n<meta name=\"twitter:site\" content=\"@exoticwhipcream\" \/>\n<meta name=\"twitter:label1\" content=\"Timp estimat pentru citire\" \/>\n\t<meta name=\"twitter:data1\" content=\"1 minut\" \/>\n<script type=\"application\/ld+json\" class=\"yoast-schema-graph\">{\"@context\":\"https:\/\/schema.org\",\"@graph\":[{\"@type\":\"WebPage\",\"@id\":\"https:\/\/exoticwhip.com\/ro\/produs\/2000g-incarcator-crema-original\/\",\"url\":\"https:\/\/exoticwhip.com\/ro\/produs\/2000g-incarcator-crema-original\/\",\"name\":\"Cartu\u0219 Original de N2O pentru Fri\u0219c\u0103 Exotic Whip - 2000g\",\"isPartOf\":{\"@id\":\"https:\/\/exotic-whip.com\/#website\"},\"primaryImageOfPage\":{\"@id\":\"https:\/\/exoticwhip.com\/ro\/produs\/2000g-incarcator-crema-original\/#primaryimage\"},\"image\":{\"@id\":\"https:\/\/exoticwhip.com\/ro\/produs\/2000g-incarcator-crema-original\/#primaryimage\"},\"thumbnailUrl\":\"https:\/\/exoticwhip.com\/wp-content\/uploads\/2KG-REGULAR.png\",\"datePublished\":\"2022-10-03T11:48:04+00:00\",\"dateModified\":\"2025-09-12T10:59:36+00:00\",\"description\":\"Experimenteaz\u0103 cel mai mare cartu\u0219 pentru fri\u0219c\u0103 de la Exotic Whip: 2000 de grame de N2O de calitate alimentar\u0103 premium pentru o fri\u0219c\u0103 excep\u021bional\u0103!\",\"breadcrumb\":{\"@id\":\"https:\/\/exoticwhip.com\/ro\/produs\/2000g-incarcator-crema-original\/#breadcrumb\"},\"inLanguage\":\"ro-RO\",\"potentialAction\":[{\"@type\":\"ReadAction\",\"target\":[\"https:\/\/exoticwhip.com\/ro\/produs\/2000g-incarcator-crema-original\/\"]}]},{\"@type\":\"ImageObject\",\"inLanguage\":\"ro-RO\",\"@id\":\"https:\/\/exoticwhip.com\/ro\/produs\/2000g-incarcator-crema-original\/#primaryimage\",\"url\":\"https:\/\/exoticwhip.com\/wp-content\/uploads\/2KG-REGULAR.png\",\"contentUrl\":\"https:\/\/exoticwhip.com\/wp-content\/uploads\/2KG-REGULAR.png\",\"width\":750,\"height\":750},{\"@type\":\"BreadcrumbList\",\"@id\":\"https:\/\/exoticwhip.com\/ro\/produs\/2000g-incarcator-crema-original\/#breadcrumb\",\"itemListElement\":[{\"@type\":\"ListItem\",\"position\":1,\"name\":\"Home\",\"item\":\"https:\/\/exoticwhip.com\/ro\/\"},{\"@type\":\"ListItem\",\"position\":2,\"name\":\"Cartu\u0219 Original pentru Frisca Exotic Whip de 2000 de grame\"}]},{\"@type\":\"WebSite\",\"@id\":\"https:\/\/exotic-whip.com\/#website\",\"url\":\"https:\/\/exotic-whip.com\/\",\"name\":\"Exotic Whip\",\"description\":\"640g N2O Cylinders\",\"publisher\":{\"@id\":\"https:\/\/exotic-whip.com\/#organization\"},\"alternateName\":\"ExoticWhip\",\"potentialAction\":[{\"@type\":\"SearchAction\",\"target\":{\"@type\":\"EntryPoint\",\"urlTemplate\":\"https:\/\/exotic-whip.com\/?s={search_term_string}\"},\"query-input\":{\"@type\":\"PropertyValueSpecification\",\"valueRequired\":true,\"valueName\":\"search_term_string\"}}],\"inLanguage\":\"ro-RO\"},{\"@type\":\"Organization\",\"@id\":\"https:\/\/exotic-whip.com\/#organization\",\"name\":\"Exotic Whip\",\"alternateName\":\"ExoticWhip\",\"url\":\"https:\/\/exotic-whip.com\/\",\"logo\":{\"@type\":\"ImageObject\",\"inLanguage\":\"ro-RO\",\"@id\":\"https:\/\/exotic-whip.com\/#\/schema\/logo\/image\/\",\"url\":\"https:\/\/exoticwhip.com\/wp-content\/uploads\/2021\/07\/exoticwhip-logo.png\",\"contentUrl\":\"https:\/\/exoticwhip.com\/wp-content\/uploads\/2021\/07\/exoticwhip-logo.png\",\"width\":245,\"height\":79,\"caption\":\"Exotic Whip\"},\"image\":{\"@id\":\"https:\/\/exotic-whip.com\/#\/schema\/logo\/image\/\"},\"sameAs\":[\"https:\/\/www.facebook.com\/people\/ExoticWhip\/100067750994767\/\",\"https:\/\/x.com\/exoticwhipcream\",\"https:\/\/www.instagram.com\/exoticwhipofficial\/\",\"https:\/\/www.tiktok.com\/@exoticwhipofficial\",\"https:\/\/www.youtube.com\/channel\/UCsYXBNnMrjeLyK9GsJC9UpQ\"]}]}<\/script>\n<!-- \/ Yoast SEO plugin. -->","yoast_head_json":{"title":"Cartu\u0219 Original de N2O pentru Fri\u0219c\u0103 Exotic Whip - 2000g","description":"Experimenteaz\u0103 cel mai mare cartu\u0219 pentru fri\u0219c\u0103 de la Exotic Whip: 2000 de grame de N2O de calitate alimentar\u0103 premium pentru o fri\u0219c\u0103 excep\u021bional\u0103!","robots":{"index":"index","follow":"follow","max-snippet":"max-snippet:-1","max-image-preview":"max-image-preview:large","max-video-preview":"max-video-preview:-1"},"canonical":"https:\/\/exoticwhip.com\/ro\/produs\/2000g-incarcator-crema-original\/","og_locale":"ro_RO","og_type":"article","og_title":"Cartu\u0219 Original de N2O pentru Fri\u0219c\u0103 Exotic Whip - 2000g","og_description":"Experimenteaz\u0103 cel mai mare cartu\u0219 pentru fri\u0219c\u0103 de la Exotic Whip: 2000 de grame de N2O de calitate alimentar\u0103 premium pentru o fri\u0219c\u0103 excep\u021bional\u0103!","og_url":"https:\/\/exoticwhip.com\/ro\/produs\/2000g-incarcator-crema-original\/","og_site_name":"Exotic Whip","article_publisher":"https:\/\/www.facebook.com\/people\/ExoticWhip\/100067750994767\/","article_modified_time":"2025-09-12T10:59:36+00:00","og_image":[{"width":750,"height":750,"url":"https:\/\/exoticwhip.com\/wp-content\/uploads\/2KG-REGULAR.png","type":"image\/png"}],"twitter_card":"summary_large_image","twitter_site":"@exoticwhipcream","twitter_misc":{"Timp estimat pentru citire":"1 minut"},"schema":{"@context":"https:\/\/schema.org","@graph":[{"@type":"WebPage","@id":"https:\/\/exoticwhip.com\/ro\/produs\/2000g-incarcator-crema-original\/","url":"https:\/\/exoticwhip.com\/ro\/produs\/2000g-incarcator-crema-original\/","name":"Cartu\u0219 Original de N2O pentru Fri\u0219c\u0103 Exotic Whip - 2000g","isPartOf":{"@id":"https:\/\/exotic-whip.com\/#website"},"primaryImageOfPage":{"@id":"https:\/\/exoticwhip.com\/ro\/produs\/2000g-incarcator-crema-original\/#primaryimage"},"image":{"@id":"https:\/\/exoticwhip.com\/ro\/produs\/2000g-incarcator-crema-original\/#primaryimage"},"thumbnailUrl":"https:\/\/exoticwhip.com\/wp-content\/uploads\/2KG-REGULAR.png","datePublished":"2022-10-03T11:48:04+00:00","dateModified":"2025-09-12T10:59:36+00:00","description":"Experimenteaz\u0103 cel mai mare cartu\u0219 pentru fri\u0219c\u0103 de la Exotic Whip: 2000 de grame de N2O de calitate alimentar\u0103 premium pentru o fri\u0219c\u0103 excep\u021bional\u0103!","breadcrumb":{"@id":"https:\/\/exoticwhip.com\/ro\/produs\/2000g-incarcator-crema-original\/#breadcrumb"},"inLanguage":"ro-RO","potentialAction":[{"@type":"ReadAction","target":["https:\/\/exoticwhip.com\/ro\/produs\/2000g-incarcator-crema-original\/"]}]},{"@type":"ImageObject","inLanguage":"ro-RO","@id":"https:\/\/exoticwhip.com\/ro\/produs\/2000g-incarcator-crema-original\/#primaryimage","url":"https:\/\/exoticwhip.com\/wp-content\/uploads\/2KG-REGULAR.png","contentUrl":"https:\/\/exoticwhip.com\/wp-content\/uploads\/2KG-REGULAR.png","width":750,"height":750},{"@type":"BreadcrumbList","@id":"https:\/\/exoticwhip.com\/ro\/produs\/2000g-incarcator-crema-original\/#breadcrumb","itemListElement":[{"@type":"ListItem","position":1,"name":"Home","item":"https:\/\/exoticwhip.com\/ro\/"},{"@type":"ListItem","position":2,"name":"Cartu\u0219 Original pentru Frisca Exotic Whip de 2000 de grame"}]},{"@type":"WebSite","@id":"https:\/\/exotic-whip.com\/#website","url":"https:\/\/exotic-whip.com\/","name":"Exotic Whip","description":"640g N2O Cylinders","publisher":{"@id":"https:\/\/exotic-whip.com\/#organization"},"alternateName":"ExoticWhip","potentialAction":[{"@type":"SearchAction","target":{"@type":"EntryPoint","urlTemplate":"https:\/\/exotic-whip.com\/?s={search_term_string}"},"query-input":{"@type":"PropertyValueSpecification","valueRequired":true,"valueName":"search_term_string"}}],"inLanguage":"ro-RO"},{"@type":"Organization","@id":"https:\/\/exotic-whip.com\/#organization","name":"Exotic Whip","alternateName":"ExoticWhip","url":"https:\/\/exotic-whip.com\/","logo":{"@type":"ImageObject","inLanguage":"ro-RO","@id":"https:\/\/exotic-whip.com\/#\/schema\/logo\/image\/","url":"https:\/\/exoticwhip.com\/wp-content\/uploads\/2021\/07\/exoticwhip-logo.png","contentUrl":"https:\/\/exoticwhip.com\/wp-content\/uploads\/2021\/07\/exoticwhip-logo.png","width":245,"height":79,"caption":"Exotic Whip"},"image":{"@id":"https:\/\/exotic-whip.com\/#\/schema\/logo\/image\/"},"sameAs":["https:\/\/www.facebook.com\/people\/ExoticWhip\/100067750994767\/","https:\/\/x.com\/exoticwhipcream","https:\/\/www.instagram.com\/exoticwhipofficial\/","https:\/\/www.tiktok.com\/@exoticwhipofficial","https:\/\/www.youtube.com\/channel\/UCsYXBNnMrjeLyK9GsJC9UpQ"]}]}},"_links":{"self":[{"href":"https:\/\/exoticwhip.com\/ro\/wp-json\/wp\/v2\/product\/19256","targetHints":{"allow":["GET"]}}],"collection":[{"href":"https:\/\/exoticwhip.com\/ro\/wp-json\/wp\/v2\/product"}],"about":[{"href":"https:\/\/exoticwhip.com\/ro\/wp-json\/wp\/v2\/types\/product"}],"wp:featuredmedia":[{"embeddable":true,"href":"https:\/\/exoticwhip.com\/ro\/wp-json\/wp\/v2\/media\/31825"}],"wp:attachment":[{"href":"https:\/\/exoticwhip.com\/ro\/wp-json\/wp\/v2\/media?parent=19256"}],"wp:term":[{"taxonomy":"product_brand","embeddable":true,"href":"https:\/\/exoticwhip.com\/ro\/wp-json\/wp\/v2\/product_brand?post=19256"},{"taxonomy":"product_cat","embeddable":true,"href":"https:\/\/exoticwhip.com\/ro\/wp-json\/wp\/v2\/product_cat?post=19256"},{"taxonomy":"product_tag","embeddable":true,"href":"https:\/\/exoticwhip.com\/ro\/wp-json\/wp\/v2\/product_tag?post=19256"}],"curies":[{"name":"wp","href":"https:\/\/api.w.org\/{rel}","templated":true}]}}