{"id":24758,"date":"2023-09-06T10:20:39","date_gmt":"2023-09-06T10:20:39","guid":{"rendered":"https:\/\/exotic-whip.com\/product\/original-cream-charger-640-gram\/"},"modified":"2025-09-19T07:09:41","modified_gmt":"2025-09-19T07:09:41","slug":"670g-incarcator-crema-original","status":"publish","type":"product","link":"https:\/\/exoticwhip.com\/ro\/produs\/670g-incarcator-crema-original\/","title":{"rendered":"Cartu\u0219 Original pentru Frisca Exotic Whip de 670 de grame"},"excerpt":{"rendered":"<p>Clasicul cartu\u0219 de 670g este umplut cu oxid de azot de cea mai \u00eenalt\u0103 calitate din UE. Datorit\u0103 standardelor noastre de compresie, \u00eenc\u0103rc\u0103torul nostru clasic de 670g are cea mai mare capacitate de pe pia\u021b\u0103 pentru dimensiunea sa \u0219i, ca \u00eentotdeauna, vine \u00eentr-un design care ne diferen\u021biaz\u0103.<\/p>\n<p><strong>Noul design include un cod QR de verificare. <a href=\"https:\/\/exoticwhip.com\/ro\/verifica-ti-sticla-exotic-whip\/\">Afl\u0103 cum s\u0103 \u00ee\u021bi verifici recipientul.<\/a><\/strong><\/p>\n<p><strong>*Fiecare palet\u0103 de 670g con\u021bine 75 de cutii (6 cartu\u0219e per cutie)<\/strong><\/p>\n","protected":false},"featured_media":31576,"template":"","meta":{"_acf_changed":false},"product_brand":[],"product_cat":[91,273],"product_tag":[469,470,471],"class_list":{"0":"post-24758","1":"product","2":"type-product","3":"status-publish","4":"has-post-thumbnail","6":"product_cat-cylinders-ro","7":"product_cat-toate","8":"product_tag-cream-charger-ro","9":"product_tag-exotic-ro","10":"product_tag-whip-ro","12":"first","13":"instock","14":"taxable","15":"shipping-taxable","16":"purchasable","17":"product-type-simple"},"acf":[],"yoast_head":"<!-- This site is optimized with the Yoast SEO plugin v27.2 - https:\/\/yoast.com\/product\/yoast-seo-wordpress\/ -->\n<title>Cartu\u0219 Original de N2O pentru Fri\u0219c\u0103 Exotic Whip - 670g<\/title>\n<meta name=\"description\" content=\"Cump\u0103r\u0103 cartu\u0219ul original pentru fri\u0219c\u0103 Exotic Whip de 670g pentru o excelen\u021b\u0103 culinar\u0103 f\u0103r\u0103 egal. \u00cembun\u0103t\u0103\u021be\u0219te-\u021bi crea\u021biile cu precizie \u0219i gust. Comand\u0103 acum!\" \/>\n<meta name=\"robots\" content=\"index, follow, max-snippet:-1, max-image-preview:large, max-video-preview:-1\" \/>\n<link rel=\"canonical\" href=\"https:\/\/exoticwhip.com\/ro\/produs\/670g-incarcator-crema-original\/\" \/>\n<meta property=\"og:locale\" content=\"ro_RO\" \/>\n<meta property=\"og:type\" content=\"article\" \/>\n<meta property=\"og:title\" content=\"Cartu\u0219 Original de N2O pentru Fri\u0219c\u0103 Exotic Whip - 670g\" \/>\n<meta property=\"og:description\" content=\"Cump\u0103r\u0103 cartu\u0219ul original pentru fri\u0219c\u0103 Exotic Whip de 670g pentru o excelen\u021b\u0103 culinar\u0103 f\u0103r\u0103 egal. \u00cembun\u0103t\u0103\u021be\u0219te-\u021bi crea\u021biile cu precizie \u0219i gust. Comand\u0103 acum!\" \/>\n<meta property=\"og:url\" content=\"https:\/\/exoticwhip.com\/ro\/produs\/670g-incarcator-crema-original\/\" \/>\n<meta property=\"og:site_name\" content=\"Exotic Whip\" \/>\n<meta property=\"article:publisher\" content=\"https:\/\/www.facebook.com\/people\/ExoticWhip\/100067750994767\/\" \/>\n<meta property=\"article:modified_time\" content=\"2025-09-19T07:09:41+00:00\" \/>\n<meta property=\"og:image\" content=\"https:\/\/exoticwhip.com\/wp-content\/uploads\/REGULAR-1.png\" \/>\n\t<meta property=\"og:image:width\" content=\"750\" \/>\n\t<meta property=\"og:image:height\" content=\"750\" \/>\n\t<meta property=\"og:image:type\" content=\"image\/png\" \/>\n<meta name=\"twitter:card\" content=\"summary_large_image\" \/>\n<meta name=\"twitter:site\" content=\"@exoticwhipcream\" \/>\n<meta name=\"twitter:label1\" content=\"Timp estimat pentru citire\" \/>\n\t<meta name=\"twitter:data1\" content=\"1 minut\" \/>\n<script type=\"application\/ld+json\" class=\"yoast-schema-graph\">{\"@context\":\"https:\/\/schema.org\",\"@graph\":[{\"@type\":\"WebPage\",\"@id\":\"https:\/\/exoticwhip.com\/ro\/produs\/670g-incarcator-crema-original\/\",\"url\":\"https:\/\/exoticwhip.com\/ro\/produs\/670g-incarcator-crema-original\/\",\"name\":\"Cartu\u0219 Original de N2O pentru Fri\u0219c\u0103 Exotic Whip - 670g\",\"isPartOf\":{\"@id\":\"https:\/\/exotic-whip.com\/#website\"},\"primaryImageOfPage\":{\"@id\":\"https:\/\/exoticwhip.com\/ro\/produs\/670g-incarcator-crema-original\/#primaryimage\"},\"image\":{\"@id\":\"https:\/\/exoticwhip.com\/ro\/produs\/670g-incarcator-crema-original\/#primaryimage\"},\"thumbnailUrl\":\"https:\/\/exoticwhip.com\/wp-content\/uploads\/REGULAR-1.png\",\"datePublished\":\"2023-09-06T10:20:39+00:00\",\"dateModified\":\"2025-09-19T07:09:41+00:00\",\"description\":\"Cump\u0103r\u0103 cartu\u0219ul original pentru fri\u0219c\u0103 Exotic Whip de 670g pentru o excelen\u021b\u0103 culinar\u0103 f\u0103r\u0103 egal. \u00cembun\u0103t\u0103\u021be\u0219te-\u021bi crea\u021biile cu precizie \u0219i gust. Comand\u0103 acum!\",\"breadcrumb\":{\"@id\":\"https:\/\/exoticwhip.com\/ro\/produs\/670g-incarcator-crema-original\/#breadcrumb\"},\"inLanguage\":\"ro-RO\",\"potentialAction\":[{\"@type\":\"ReadAction\",\"target\":[\"https:\/\/exoticwhip.com\/ro\/produs\/670g-incarcator-crema-original\/\"]}]},{\"@type\":\"ImageObject\",\"inLanguage\":\"ro-RO\",\"@id\":\"https:\/\/exoticwhip.com\/ro\/produs\/670g-incarcator-crema-original\/#primaryimage\",\"url\":\"https:\/\/exoticwhip.com\/wp-content\/uploads\/REGULAR-1.png\",\"contentUrl\":\"https:\/\/exoticwhip.com\/wp-content\/uploads\/REGULAR-1.png\",\"width\":750,\"height\":750},{\"@type\":\"BreadcrumbList\",\"@id\":\"https:\/\/exoticwhip.com\/ro\/produs\/670g-incarcator-crema-original\/#breadcrumb\",\"itemListElement\":[{\"@type\":\"ListItem\",\"position\":1,\"name\":\"Home\",\"item\":\"https:\/\/exoticwhip.com\/ro\/\"},{\"@type\":\"ListItem\",\"position\":2,\"name\":\"Cartu\u0219 Original pentru Frisca Exotic Whip de 670 de grame\"}]},{\"@type\":\"WebSite\",\"@id\":\"https:\/\/exotic-whip.com\/#website\",\"url\":\"https:\/\/exotic-whip.com\/\",\"name\":\"Exotic Whip\",\"description\":\"640g N2O Cylinders\",\"publisher\":{\"@id\":\"https:\/\/exotic-whip.com\/#organization\"},\"alternateName\":\"ExoticWhip\",\"potentialAction\":[{\"@type\":\"SearchAction\",\"target\":{\"@type\":\"EntryPoint\",\"urlTemplate\":\"https:\/\/exotic-whip.com\/?s={search_term_string}\"},\"query-input\":{\"@type\":\"PropertyValueSpecification\",\"valueRequired\":true,\"valueName\":\"search_term_string\"}}],\"inLanguage\":\"ro-RO\"},{\"@type\":\"Organization\",\"@id\":\"https:\/\/exotic-whip.com\/#organization\",\"name\":\"Exotic Whip\",\"alternateName\":\"ExoticWhip\",\"url\":\"https:\/\/exotic-whip.com\/\",\"logo\":{\"@type\":\"ImageObject\",\"inLanguage\":\"ro-RO\",\"@id\":\"https:\/\/exotic-whip.com\/#\/schema\/logo\/image\/\",\"url\":\"https:\/\/exoticwhip.com\/wp-content\/uploads\/2021\/07\/exoticwhip-logo.png\",\"contentUrl\":\"https:\/\/exoticwhip.com\/wp-content\/uploads\/2021\/07\/exoticwhip-logo.png\",\"width\":245,\"height\":79,\"caption\":\"Exotic Whip\"},\"image\":{\"@id\":\"https:\/\/exotic-whip.com\/#\/schema\/logo\/image\/\"},\"sameAs\":[\"https:\/\/www.facebook.com\/people\/ExoticWhip\/100067750994767\/\",\"https:\/\/x.com\/exoticwhipcream\",\"https:\/\/www.instagram.com\/exoticwhipofficial\/\",\"https:\/\/www.tiktok.com\/@exoticwhipofficial\",\"https:\/\/www.youtube.com\/channel\/UCsYXBNnMrjeLyK9GsJC9UpQ\"]}]}<\/script>\n<!-- \/ Yoast SEO plugin. -->","yoast_head_json":{"title":"Cartu\u0219 Original de N2O pentru Fri\u0219c\u0103 Exotic Whip - 670g","description":"Cump\u0103r\u0103 cartu\u0219ul original pentru fri\u0219c\u0103 Exotic Whip de 670g pentru o excelen\u021b\u0103 culinar\u0103 f\u0103r\u0103 egal. \u00cembun\u0103t\u0103\u021be\u0219te-\u021bi crea\u021biile cu precizie \u0219i gust. Comand\u0103 acum!","robots":{"index":"index","follow":"follow","max-snippet":"max-snippet:-1","max-image-preview":"max-image-preview:large","max-video-preview":"max-video-preview:-1"},"canonical":"https:\/\/exoticwhip.com\/ro\/produs\/670g-incarcator-crema-original\/","og_locale":"ro_RO","og_type":"article","og_title":"Cartu\u0219 Original de N2O pentru Fri\u0219c\u0103 Exotic Whip - 670g","og_description":"Cump\u0103r\u0103 cartu\u0219ul original pentru fri\u0219c\u0103 Exotic Whip de 670g pentru o excelen\u021b\u0103 culinar\u0103 f\u0103r\u0103 egal. \u00cembun\u0103t\u0103\u021be\u0219te-\u021bi crea\u021biile cu precizie \u0219i gust. Comand\u0103 acum!","og_url":"https:\/\/exoticwhip.com\/ro\/produs\/670g-incarcator-crema-original\/","og_site_name":"Exotic Whip","article_publisher":"https:\/\/www.facebook.com\/people\/ExoticWhip\/100067750994767\/","article_modified_time":"2025-09-19T07:09:41+00:00","og_image":[{"width":750,"height":750,"url":"https:\/\/exoticwhip.com\/wp-content\/uploads\/REGULAR-1.png","type":"image\/png"}],"twitter_card":"summary_large_image","twitter_site":"@exoticwhipcream","twitter_misc":{"Timp estimat pentru citire":"1 minut"},"schema":{"@context":"https:\/\/schema.org","@graph":[{"@type":"WebPage","@id":"https:\/\/exoticwhip.com\/ro\/produs\/670g-incarcator-crema-original\/","url":"https:\/\/exoticwhip.com\/ro\/produs\/670g-incarcator-crema-original\/","name":"Cartu\u0219 Original de N2O pentru Fri\u0219c\u0103 Exotic Whip - 670g","isPartOf":{"@id":"https:\/\/exotic-whip.com\/#website"},"primaryImageOfPage":{"@id":"https:\/\/exoticwhip.com\/ro\/produs\/670g-incarcator-crema-original\/#primaryimage"},"image":{"@id":"https:\/\/exoticwhip.com\/ro\/produs\/670g-incarcator-crema-original\/#primaryimage"},"thumbnailUrl":"https:\/\/exoticwhip.com\/wp-content\/uploads\/REGULAR-1.png","datePublished":"2023-09-06T10:20:39+00:00","dateModified":"2025-09-19T07:09:41+00:00","description":"Cump\u0103r\u0103 cartu\u0219ul original pentru fri\u0219c\u0103 Exotic Whip de 670g pentru o excelen\u021b\u0103 culinar\u0103 f\u0103r\u0103 egal. \u00cembun\u0103t\u0103\u021be\u0219te-\u021bi crea\u021biile cu precizie \u0219i gust. Comand\u0103 acum!","breadcrumb":{"@id":"https:\/\/exoticwhip.com\/ro\/produs\/670g-incarcator-crema-original\/#breadcrumb"},"inLanguage":"ro-RO","potentialAction":[{"@type":"ReadAction","target":["https:\/\/exoticwhip.com\/ro\/produs\/670g-incarcator-crema-original\/"]}]},{"@type":"ImageObject","inLanguage":"ro-RO","@id":"https:\/\/exoticwhip.com\/ro\/produs\/670g-incarcator-crema-original\/#primaryimage","url":"https:\/\/exoticwhip.com\/wp-content\/uploads\/REGULAR-1.png","contentUrl":"https:\/\/exoticwhip.com\/wp-content\/uploads\/REGULAR-1.png","width":750,"height":750},{"@type":"BreadcrumbList","@id":"https:\/\/exoticwhip.com\/ro\/produs\/670g-incarcator-crema-original\/#breadcrumb","itemListElement":[{"@type":"ListItem","position":1,"name":"Home","item":"https:\/\/exoticwhip.com\/ro\/"},{"@type":"ListItem","position":2,"name":"Cartu\u0219 Original pentru Frisca Exotic Whip de 670 de grame"}]},{"@type":"WebSite","@id":"https:\/\/exotic-whip.com\/#website","url":"https:\/\/exotic-whip.com\/","name":"Exotic Whip","description":"640g N2O Cylinders","publisher":{"@id":"https:\/\/exotic-whip.com\/#organization"},"alternateName":"ExoticWhip","potentialAction":[{"@type":"SearchAction","target":{"@type":"EntryPoint","urlTemplate":"https:\/\/exotic-whip.com\/?s={search_term_string}"},"query-input":{"@type":"PropertyValueSpecification","valueRequired":true,"valueName":"search_term_string"}}],"inLanguage":"ro-RO"},{"@type":"Organization","@id":"https:\/\/exotic-whip.com\/#organization","name":"Exotic Whip","alternateName":"ExoticWhip","url":"https:\/\/exotic-whip.com\/","logo":{"@type":"ImageObject","inLanguage":"ro-RO","@id":"https:\/\/exotic-whip.com\/#\/schema\/logo\/image\/","url":"https:\/\/exoticwhip.com\/wp-content\/uploads\/2021\/07\/exoticwhip-logo.png","contentUrl":"https:\/\/exoticwhip.com\/wp-content\/uploads\/2021\/07\/exoticwhip-logo.png","width":245,"height":79,"caption":"Exotic Whip"},"image":{"@id":"https:\/\/exotic-whip.com\/#\/schema\/logo\/image\/"},"sameAs":["https:\/\/www.facebook.com\/people\/ExoticWhip\/100067750994767\/","https:\/\/x.com\/exoticwhipcream","https:\/\/www.instagram.com\/exoticwhipofficial\/","https:\/\/www.tiktok.com\/@exoticwhipofficial","https:\/\/www.youtube.com\/channel\/UCsYXBNnMrjeLyK9GsJC9UpQ"]}]}},"_links":{"self":[{"href":"https:\/\/exoticwhip.com\/ro\/wp-json\/wp\/v2\/product\/24758","targetHints":{"allow":["GET"]}}],"collection":[{"href":"https:\/\/exoticwhip.com\/ro\/wp-json\/wp\/v2\/product"}],"about":[{"href":"https:\/\/exoticwhip.com\/ro\/wp-json\/wp\/v2\/types\/product"}],"wp:featuredmedia":[{"embeddable":true,"href":"https:\/\/exoticwhip.com\/ro\/wp-json\/wp\/v2\/media\/31576"}],"wp:attachment":[{"href":"https:\/\/exoticwhip.com\/ro\/wp-json\/wp\/v2\/media?parent=24758"}],"wp:term":[{"taxonomy":"product_brand","embeddable":true,"href":"https:\/\/exoticwhip.com\/ro\/wp-json\/wp\/v2\/product_brand?post=24758"},{"taxonomy":"product_cat","embeddable":true,"href":"https:\/\/exoticwhip.com\/ro\/wp-json\/wp\/v2\/product_cat?post=24758"},{"taxonomy":"product_tag","embeddable":true,"href":"https:\/\/exoticwhip.com\/ro\/wp-json\/wp\/v2\/product_tag?post=24758"}],"curies":[{"name":"wp","href":"https:\/\/api.w.org\/{rel}","templated":true}]}}